{"id":37992,"date":"2021-06-28T14:47:18","date_gmt":"2021-06-28T14:47:18","guid":{"rendered":"https:\/\/www.sisinternational.com\/?page_id=37992"},"modified":"2025-09-14T18:30:41","modified_gmt":"2025-09-14T22:30:41","slug":"frachtmarktforschung-2","status":"publish","type":"page","link":"https:\/\/www.sisinternational.com\/de\/sachverstand\/frachtmarktforschung-2\/","title":{"rendered":"Frachtmarktforschung \u2014 Spedition und Schifffahrt"},"content":{"rendered":"<h1 class=\"wp-block-heading\">Speditionsmarktforschung<\/h1>\n\n\n\n<figure class=\"gb-block-image gb-block-image-7bde6564\"><img loading=\"lazy\" decoding=\"async\" width=\"1456\" height=\"816\" class=\"gb-image gb-image-7bde6564\" src=\"https:\/\/www.sisinternational.com\/wp-content\/uploads\/2025\/08\/Freight-8.jpg\" alt=\"SIS International Marktforschung &amp; Strategie\" title=\"Freight (8)\" srcset=\"https:\/\/www.sisinternational.com\/wp-content\/uploads\/2025\/08\/Freight-8.jpg 1456w, https:\/\/www.sisinternational.com\/wp-content\/uploads\/2025\/08\/Freight-8-300x168.jpg 300w, https:\/\/www.sisinternational.com\/wp-content\/uploads\/2025\/08\/Freight-8-1024x574.jpg 1024w, https:\/\/www.sisinternational.com\/wp-content\/uploads\/2025\/08\/Freight-8-768x430.jpg 768w, https:\/\/www.sisinternational.com\/wp-content\/uploads\/2025\/08\/Freight-8-18x10.jpg 18w\" sizes=\"auto, (max-width: 1456px) 100vw, 1456px\"><\/figure>\n\n\n\n<p><\/p>\n\n\n\n<p>Um die Vorteile der Frachtmarktforschung besser zu verstehen, muss man zun\u00e4chst verstehen, was Fracht ist und warum sie so wichtig ist.<\/p>\n\n\n\n<h2 class=\"wp-block-heading\">Was ist Fracht?<\/h2>\n\n\n\n<p>Fracht ist der Transport und die Verteilung von Masseng\u00fctern per LKW, Bahn, Schiff oder Flugzeug. Der ordnungsgem\u00e4\u00dfe Transport von Fracht ist f\u00fcr den Erfolg der globalen Wirtschaft von entscheidender Bedeutung \u2013 er erm\u00f6glicht die weltweite Verteilung von Industrieg\u00fctern, Lebensmitteln, nat\u00fcrlichen Ressourcen und mehr.<\/p>\n\n\n\n<p>Fortschritte im G\u00fcterverkehr haben es Unternehmen erm\u00f6glicht, interkontinentale Lieferketten aufzubauen, die Lagerbest\u00e4nde effektiv zu reduzieren und die Auftragsabwicklung zu optimieren. E-Commerce, internationaler Handel und Expressversand wurden alle durch die Entwicklung der Frachtindustrie m\u00f6glich.<\/p>\n\n\n\n<h2 class=\"wp-block-heading\">Was ist die Frachtindustrie?<\/h2>\n\n\n\n<p>Die Frachtbranche ist ein Konglomerat aus Transportmethoden, Frachtmaklern, Lieferketten, Vertriebszentren, Rechenzentren und Menschen. Diese Unternehmen arbeiten im In- und Ausland zusammen, um die Lieferung von Waren zu verfolgen, zu \u00fcberwachen und zu verwalten.<\/p>\n\n\n\n<p>Die Frachtindustrie steigert den Wert von G\u00fctern, indem sie diese an Orte verlagert, an denen Nachfrage und Wert wesentlich h\u00f6her sind, und f\u00f6rdert durch die Ausweitung der r\u00e4umlichen Grenzen der Waren- und Arbeitsm\u00e4rkte mehr Wettbewerb und Produktivit\u00e4t.<\/p>\n\n\n\n<h2 class=\"wp-block-heading\">Warum ist die Frachtindustrie wichtig?<\/h2>\n\n\n\n<p>Die Frachtindustrie besch\u00e4ftigt weltweit Millionen von Menschen und ist zu einem wichtigen Faktor f\u00fcr den Fortschritt der Menschheit geworden. Nahezu jeder Gegenstand, den jemand besitzt, mit Ausnahme der lokal produzierten, ist durch die H\u00e4nde eines Frachtunternehmens gegangen.<\/p>\n\n\n\n<p>Die Frachtindustrie stimuliert die Wirtschaft, indem sie Investitionen in die Infrastruktur fordert, neue Technologien einf\u00fchrt und die Abl\u00e4ufe in der Lieferkette vereinfacht. Dar\u00fcber hinaus inspiriert sie Innovationen hin zu effektiverem Datenmanagement, saubereren Kraftstoffen und neuen Transportmethoden.<\/p>\n\n\n\n<h2 class=\"wp-block-heading\">Trends in der Frachtindustrie<\/h2>\n\n\n\n<p>Der Erfolg in der Frachtbranche h\u00e4ngt in hohem Ma\u00dfe von der F\u00e4higkeit eines Frachtunternehmens ab, Waren sicher und effizient zu verfolgen, zu \u00fcberwachen und auszuliefern.<\/p>\n\n\n\n<h3 class=\"wp-block-heading\">Physische und digitale Infrastruktur<\/h3>\n\n\n\n<p>Viele Frachtunternehmen haben sich darauf konzentriert, veraltete Infrastrukturen zu ersetzen, um Lieferungen zu optimieren und Unsicherheiten bei der Planung zu reduzieren. Alte Stra\u00dfen, unn\u00f6tiges Containergewicht und ineffizienter Kraftstoffverbrauch k\u00f6nnen sich jedoch negativ auf das Endergebnis auswirken.<\/p>\n\n\n\n<p>Dank Investitionen in die digitale Infrastruktur konnten Frachtunternehmen die Abholung und Auslieferung von Bestellungen viel effektiver verfolgen. Dar\u00fcber hinaus konnten Unternehmen Lieferzeiten besser kommunizieren, Diebst\u00e4hle reduzieren und der steigenden Nachfrage gerecht werden.<\/p>\n\n\n\n<h3 class=\"wp-block-heading\">Technologische Fortschritte<\/h3>\n\n\n\n<p>Dank verbesserter M\u00f6glichkeiten im Datenmanagement und bei der Auftragsverfolgung konnten Frachtunternehmen f\u00fcr mehr Transparenz und Sicherheit bei der Warenlieferung sorgen.<\/p>\n\n\n\n<p>Das rasante Wachstum der E-Commerce-Branche hat Frachtanbieter gezwungen, in Kapazit\u00e4ten zu investieren, die schnelle und zuverl\u00e4ssige Lieferungen erm\u00f6glichen. Die Speditions- und Eisenbahnbranche haben bei diesem Prozess eine entscheidende Rolle gespielt.<\/p>\n\n\n\n<h3 class=\"wp-block-heading\">Sauberer verbrennende Kraftstoffe<\/h3>\n\n\n\n<p>Adopting cleaner-burning <a href=\"https:\/\/www.sisinternational.com\/de\/sachverstand\/branchen\/marktforschung-fur-den-kraftstofftransport\/\" title=\"Marktforschung f\u00fcr den Kraftstofftransport\"  data-wpil-monitor-id=\"11294\">fuels has led to more efficient transportation<\/a> methods, which ultimately lowers transport prices and increases the bottom line.<\/p>\n\n\n\n<p>Freight companies have initiated the transition to renewable energies, cleaner-burning, and sustainable <a href=\"https:\/\/www.sisinternational.com\/de\/losungen\/fintech-strategieberatung-forschung\/regulierungstechnologieforschung\/\" title=\"Regulation Technology Market Research\"  data-wpil-monitor-id=\"11279\">technologies to meet increasing environmental regulations<\/a>.<\/p>\n\n\n\n<h3 class=\"wp-block-heading\">Fusionen<\/h3>\n\n\n\n<p>Um der steigenden Nachfrage nach schnellen, effizienten Lieferungen gerecht zu werden, haben viele Unternehmen Fusionen durchgef\u00fchrt, um ihre Kapazit\u00e4ten zu erh\u00f6hen und ihre F\u00e4higkeiten optimal zu nutzen.<\/p>\n\n\n\n<p>A high number of collaborations in this space has allowed freight <a href=\"https:\/\/www.sisinternational.com\/de\/sachverstand\/branchen\/auftragsforschungsinstitute-marktforschung\/\" title=\"Auftragsforschungsinstitute Marktforschung\"  data-wpil-monitor-id=\"11296\">organizations to withstand market<\/a> fluctuations. Companies are diversifying to overcome possible supply shortages, regulatory restrictions, and territory constraints.<\/p>\n\n\n\n<h2 class=\"wp-block-heading\">Herausforderungen in der Frachtindustrie<\/h2>\n\n\n\n<figure class=\"gb-block-image gb-block-image-4de66556\"><img loading=\"lazy\" decoding=\"async\" width=\"1456\" height=\"816\" class=\"gb-image gb-image-4de66556\" src=\"https:\/\/www.sisinternational.com\/wp-content\/uploads\/2025\/08\/Freight-5.jpg\" alt=\"SIS International Marktforschung &amp; Strategie\" title=\"Freight (5)\" srcset=\"https:\/\/www.sisinternational.com\/wp-content\/uploads\/2025\/08\/Freight-5.jpg 1456w, https:\/\/www.sisinternational.com\/wp-content\/uploads\/2025\/08\/Freight-5-300x168.jpg 300w, https:\/\/www.sisinternational.com\/wp-content\/uploads\/2025\/08\/Freight-5-1024x574.jpg 1024w, https:\/\/www.sisinternational.com\/wp-content\/uploads\/2025\/08\/Freight-5-768x430.jpg 768w, https:\/\/www.sisinternational.com\/wp-content\/uploads\/2025\/08\/Freight-5-18x10.jpg 18w\" sizes=\"auto, (max-width: 1456px) 100vw, 1456px\"><\/figure>\n\n\n\n<p><\/p>\n\n\n\n<h3 class=\"wp-block-heading\">Gewicht<\/h3>\n\n\n\n<p>Schwere G\u00fcter verringern die Transporteffizienz und wirken sich auf den Kraftstoffverbrauch aus. In der Frachtbranche k\u00f6nnen selbst Gramm einen Kostenunterschied ausmachen.<\/p>\n\n\n\n<p>Frachtanbieter haben Schwierigkeiten, innovative L\u00f6sungen f\u00fcr den Transport schwerer G\u00fcter zu finden, die weiterhin rentabel sind.<\/p>\n\n\n\n<h3 class=\"wp-block-heading\">Sicherheit<\/h3>\n\n\n\n<p>Asset management is essential to the success of a freight company. Freight companies must protect their customers&#8217; assets at all costs, but <a href=\"https:\/\/www.sisinternational.com\/de\/losungen\/strategieberatung\/unternehmensberatungen\/\" title=\"Globales Management-Beratungsunternehmen\"  data-wpil-monitor-id=\"11283\">managing several transportation channels and global<\/a> distribution processes can be a challenging experience.<\/p>\n\n\n\n<p>Unternehmen, denen ein robustes Bestandsverwaltungssystem und die M\u00f6glichkeit zur Auftragsverfolgung fehlen, setzen sich selbst und ihre Kunden einem Risiko aus.<\/p>\n\n\n\n<h3 class=\"wp-block-heading\">Vorschriften<\/h3>\n\n\n\n<p>Staatliche und nichtstaatliche Organisationen haben Vorschriften f\u00fcr den Transport von G\u00fctern \u00fcber Luftraum, Gew\u00e4sser und Land erlassen. Diese Vorschriften werden regelm\u00e4\u00dfig aktualisiert und k\u00f6nnen f\u00fcr Frachtunternehmen, die ihre Anforderungen nicht erf\u00fcllen, kostspielig sein.<\/p>\n\n\n\n<h3 class=\"wp-block-heading\">Steigende Anforderungen<\/h3>\n\n\n\n<p>Die steigende Nachfrage nach G\u00fctern setzt Frachtunternehmen zunehmend unter Druck, Wege zu finden, um profitabel zu bleiben. Der Druck, die Lieferraten zu erh\u00f6hen, bedeutet einen h\u00f6heren Kraftstoffverbrauch, weniger Zeit f\u00fcr die Vorbereitung, weniger Spielraum f\u00fcr Fehler und weniger Zeit f\u00fcr die Aufr\u00fcstung der Kapazit\u00e4ten.<\/p>\n\n\n\n<h2 class=\"wp-block-heading\">Chancen in der Frachtindustrie<\/h2>\n\n\n\n<ul class=\"wp-block-list\">\n<li>Durch Investitionen in die Datenanalyse k\u00f6nnen Frachtanbieter Ineffizienzen in ihren aktuellen Betriebsabl\u00e4ufen erkennen und Wege zu deren Beseitigung finden.<\/li>\n\n\n\n<li>Die Urbanisierung l\u00e4ndlicher Gemeinden auf der ganzen Welt wird Frachtunternehmen neue Transportwege, M\u00e4rkte und Wirtschaftsr\u00e4ume er\u00f6ffnen.<\/li>\n\n\n\n<li>Rising fuel costs will further push the trend toward cleaner or renewable solutions for transportation. <a href=\"https:\/\/www.sisinternational.com\/de\/omnichannel-marketingkampagne-fur-ein-weltweit-fuhrendes-unternehmen-fur-tiermanagementlosungen\/\" title=\"Multikulturelle Werbedienstleistungen f\u00fcr ein weltweit f\u00fchrendes Unternehmen f\u00fcr Tiermanagementl\u00f6sungen\"  data-wpil-monitor-id=\"11286\">Companies that adopt these solutions<\/a> early will position themselves for future success.<\/li>\n\n\n\n<li>Durch die Verlagerung der Produktionsstandorte k\u00f6nnen Speditionen neue Gebiete bedienen und neue Kunden gewinnen.<\/li>\n<\/ul>\n\n\n\n<h2 class=\"wp-block-heading\">Neue Technologien in der Frachtindustrie<\/h2>\n\n\n\n<ul class=\"wp-block-list\">\n<li><a href=\"https:\/\/www.shippingandfreightresource.com\/5-technologies-shaking-freight-industry\/\" target=\"_blank\" rel=\"noopener\">Automatisierte Bestandsverwaltung und Auftragsverfolgung<\/a><\/li>\n\n\n\n<li>Kundenupdates zum Lieferstatus in Echtzeit<\/li>\n\n\n\n<li><a href=\"https:\/\/www.sisinternational.com\/de\/sachverstand\/branchen\/marktforschung-fur-elektrofahrzeuge\/\" title=\"Marktforschung f\u00fcr Elektrofahrzeuge\" data-wpil-monitor-id=\"11297\">Elektrische und autonome Fahrzeuge<\/a><\/li>\n\n\n\n<li>Drohnenlieferungen<\/li>\n\n\n\n<li>Roboterautomatisierung<\/li>\n\n\n\n<li><a href=\"https:\/\/www.shippingandfreightresource.com\/5-technologies-shaking-freight-industry\/\" target=\"_blank\" rel=\"noopener\">Big Data-Analyse<\/a><\/li>\n\n\n\n<li>Blockchain<\/li>\n\n\n\n<li><a href=\"https:\/\/www.shippingandfreightresource.com\/5-technologies-shaking-freight-industry\/\" target=\"_blank\" rel=\"noopener\">K\u00fcnstliche Intelligenz<\/a><\/li>\n\n\n\n<li>3d Drucken<\/li>\n\n\n\n<li><a href=\"https:\/\/www.shippingandfreightresource.com\/5-technologies-shaking-freight-industry\/\" target=\"_blank\" rel=\"noopener\">IoT (Internet der Dinge)<\/a><\/li>\n<\/ul>\n\n\n\n<h2 class=\"wp-block-heading\">Die Rolle der Blockchain in der Frachtindustrie<\/h2>\n\n\n\n<p><a href=\"https:\/\/www.sisinternational.com\/de\/losungen\/sis-blockchain-consulting\/\">Blockchain ist eine Distributive-Ledger-Technologie<\/a> das die manipulationssichere Verkn\u00fcpfung digitaler Assets innerhalb eines Netzwerks erm\u00f6glicht. Es fungiert als digitales Dateisystem, das bei jeder Transaktion umfangreicher wird. Dadurch besitzen alle Netzwerkteilnehmer eine vollst\u00e4ndige Kopie des Hauptbuchs, was vollst\u00e4ndige Transparenz und einen leichteren Informationsaustausch erm\u00f6glicht.<\/p>\n\n\n\n<h3 class=\"wp-block-heading\">Was kann Blockchain f\u00fcr die Frachtbranche leisten?<\/h3>\n\n\n\n<ul class=\"wp-block-list\">\n<li>Blockchain kann einen schnellen Informationsaustausch erleichtern, indem es den Austausch per Papier, E-Mail, Fax oder Post \u00fcberfl\u00fcssig macht.<\/li>\n\n\n\n<li>Blockchain bietet mehr Privatsph\u00e4re, indem es den Peer-to-Peer-Informationsaustausch in einem privatisierten, verschl\u00fcsselten Netzwerk erm\u00f6glicht. Jede Transaktion in einer Blockchain tr\u00e4gt zu einer Pr\u00fcfspur der Sendungen bei und gew\u00e4hrleistet die Vertraulichkeit der Benutzeridentit\u00e4ten.<\/li>\n\n\n\n<li>Hafenbeh\u00f6rden, Transportunternehmen und Speditionen k\u00f6nnen die Blockchain-basierte Systemverfolgung in Echtzeit einsehen und so ihre Logistikkapazit\u00e4ten steigern, indem sie Einblick in den gesamten Versandprozess erhalten.<\/li>\n\n\n\n<li>Blockchain-Aufzeichnungen sind irreversibel und k\u00f6nnen nicht ge\u00e4ndert werden, wodurch das Betrugsrisiko bei einer Transaktion erheblich reduziert wird.<\/li>\n<\/ul>\n\n\n\n<h2 class=\"wp-block-heading\">Frachtmarktforschung?<\/h2>\n\n\n\n<p>Freight market research is the study and analysis of key trends, opportunities, insights, and challenges within the freight industry. It allows critical decision-makers and business leaders in the freight industry to make data-driven decisions when navigating the vast market of the freight industry. These insights are crucial to long-term success and enable companies to <a href=\"https:\/\/www.sisinternational.com\/de\/losungen\/branding-und-kundenforschungslosungen\/markendifferenzierung-marktforschung\/\" title=\"Marktforschung zur Markendifferenzierung\" data-wpil-monitor-id=\"11292\">differentiate themselves in a crowded market<\/a>. Freight market research carries no boundaries in its execution and, when conducted correctly, can provide particular insights that an organization deems essential.<\/p>\n\n\n\n<p>Qualitative research in the <a href=\"https:\/\/www.sisinternational.com\/de\/sachverstand\/branchen\/schifffahrts-und-logistikmarktforschung\/\" title=\"Marktforschung f\u00fcr Schifffahrt und Logistik\" data-wpil-monitor-id=\"3508\">Fracht<\/a> industry can enable businesses to capture the voice of their customer and leverage it for tailored marketing tactics, new market opportunities, and product development. It can also provide detailed sentiment around specific offerings, allowing companies to enhance their pre-existing solutions.<\/p>\n\n\n\n<p>Companies can leverage quantitative insights to guide fact-based decision-making at any level of the organization. Quantitative data provides a numerical system for decision-making, allowing businesses to <a href=\"https:\/\/www.sisinternational.com\/de\/abdeckung\/marktforschung-asien\/kundensegmentierungsforschung-in-asien\/\" title=\"Kundensegmentierungsforschung in Asien\" data-wpil-monitor-id=\"11298\">segment their customer<\/a> profiles, understand competitive positioning, and gain statistically significant understandings of satisfaction with a product or service.<\/p>\n\n\n\n<p>Frachtunternehmen k\u00f6nnen au\u00dferdem von der Wettbewerbslandschaft, der Einsch\u00e4tzung der Marktgr\u00f6\u00dfe und Trendanalysen profitieren \u2013 all dies verschafft ihnen einen Wettbewerbsvorteil bei der Erschlie\u00dfung neuer M\u00e4rkte, der Bereitstellung neuer Produkte oder der Entwicklung branchenspezifischer Marketingkampagnen.<\/p>\n\n\n\n<p><\/p>","protected":false},"excerpt":{"rendered":"<p>Qualitative Forschung in der Frachtbranche erm\u00f6glicht es Unternehmen, die Stimme ihrer Kunden zu erfassen und f\u00fcr ma\u00dfgeschneidertes Marketing zu nutzen.<\/p>","protected":false},"author":1,"featured_media":63821,"parent":14514,"menu_order":70,"comment_status":"closed","ping_status":"closed","template":"","meta":{"footnotes":""},"class_list":["post-37992","page","type-page","status-publish","has-post-thumbnail"],"_links":{"self":[{"href":"https:\/\/www.sisinternational.com\/de\/wp-json\/wp\/v2\/pages\/37992","targetHints":{"allow":["GET"]}}],"collection":[{"href":"https:\/\/www.sisinternational.com\/de\/wp-json\/wp\/v2\/pages"}],"about":[{"href":"https:\/\/www.sisinternational.com\/de\/wp-json\/wp\/v2\/types\/page"}],"author":[{"embeddable":true,"href":"https:\/\/www.sisinternational.com\/de\/wp-json\/wp\/v2\/users\/1"}],"replies":[{"embeddable":true,"href":"https:\/\/www.sisinternational.com\/de\/wp-json\/wp\/v2\/comments?post=37992"}],"version-history":[{"count":5,"href":"https:\/\/www.sisinternational.com\/de\/wp-json\/wp\/v2\/pages\/37992\/revisions"}],"predecessor-version":[{"id":81840,"href":"https:\/\/www.sisinternational.com\/de\/wp-json\/wp\/v2\/pages\/37992\/revisions\/81840"}],"up":[{"embeddable":true,"href":"https:\/\/www.sisinternational.com\/de\/wp-json\/wp\/v2\/pages\/14514"}],"wp:featuredmedia":[{"embeddable":true,"href":"https:\/\/www.sisinternational.com\/de\/wp-json\/wp\/v2\/media\/63821"}],"wp:attachment":[{"href":"https:\/\/www.sisinternational.com\/de\/wp-json\/wp\/v2\/media?parent=37992"}],"curies":[{"name":"wp","href":"https:\/\/api.w.org\/{rel}","templated":true}]}}