{"id":37921,"date":"2021-06-25T16:56:31","date_gmt":"2021-06-25T16:56:31","guid":{"rendered":"https:\/\/www.sisinternational.com\/?page_id=37921"},"modified":"2026-01-24T21:21:35","modified_gmt":"2026-01-25T02:21:35","slug":"buyer-persona-marktforschung","status":"publish","type":"page","link":"https:\/\/www.sisinternational.com\/de\/losungen\/qualitative-quantitative-forschungslosungen\/buyer-persona-marktforschung\/","title":{"rendered":"L\u00f6sungen und Methoden zur Buyer Persona-Marktforschung"},"content":{"rendered":"<h1 class=\"gb-headline gb-headline-cc0d1502 gb-headline-text\">Buyer Persona Marktforschung<\/h1>\n\n\n\n<figure class=\"gb-block-image gb-block-image-386fd99c\"><img loading=\"lazy\" decoding=\"async\" width=\"1456\" height=\"816\" class=\"gb-image gb-image-386fd99c\" src=\"https:\/\/www.sisinternational.com\/wp-content\/uploads\/2025\/08\/Strategy-consulting-24.jpg\" alt=\"SIS International Marktforschung &amp; Strategie\" title=\"Strategy consulting (24)\" srcset=\"https:\/\/www.sisinternational.com\/wp-content\/uploads\/2025\/08\/Strategy-consulting-24.jpg 1456w, https:\/\/www.sisinternational.com\/wp-content\/uploads\/2025\/08\/Strategy-consulting-24-300x168.jpg 300w, https:\/\/www.sisinternational.com\/wp-content\/uploads\/2025\/08\/Strategy-consulting-24-1024x574.jpg 1024w, https:\/\/www.sisinternational.com\/wp-content\/uploads\/2025\/08\/Strategy-consulting-24-768x430.jpg 768w, https:\/\/www.sisinternational.com\/wp-content\/uploads\/2025\/08\/Strategy-consulting-24-18x10.jpg 18w\" sizes=\"auto, (max-width: 1456px) 100vw, 1456px\"><\/figure>\n\n\n\n<p><\/p>\n\n\n\n<hr class=\"wp-block-separator has-alpha-channel-opacity\"\/>\n\n\n\n<h2 class=\"wp-block-heading\">Was ist Buyer-Persona-Marktforschung?<\/h2>\n\n\n\n<p>Bei der Marktforschung zu Buyer Personas handelt es sich um eine halbfiktionale Darstellung eines idealen Kunden. Dabei geht es darum, die Bed\u00fcrfnisse der Kunden zu kennen, was Ihnen erm\u00f6glicht, die richtigen Leute anzusprechen.<\/p>\n\n\n\n<h2 class=\"wp-block-heading\">Warum ist die Marktforschung zu Buyer Personas wichtig?<\/h2>\n\n\n\n<p>This type of market research is crucial because it helps you understand your customers. It also helps you to get to know your prospective customers better. Plus, it helps you to tailor your content, message, and product development. It allows you to understand the different motivations and purchasing habits of customers. It also makes adjusting your services easier. In that way, you can meet customers&#8217; specific needs, concerns, and behaviors.<\/p>\n\n\n\n<p>Buyer <a href=\"https:\/\/www.sisinternational.com\/de\/sachverstand\/branchen\/extreme-persona-forschung\/\" title=\"Extreme Persona-Forschung\"  data-wpil-monitor-id=\"3361\">Persona Market Research<\/a> is also necessary for market segmentation. With segmentation, the <a href=\"https:\/\/www.sisinternational.com\/de\/abdeckung\/die-amerikaner\/marktforschung-in-der-karibik\/marktforschung-st-kitts-und-nevis\/\" title=\"Marktforschung in St. Kitts und Nevis\"  data-wpil-monitor-id=\"3299\">researcher divides a market<\/a> of potential customers into groups based on different characteristics. The customers respond to messages you send. So, you must ensure that your market uses the voice of your buyers. That\u2019s why you invest in proper keyword research to ensure you speak the customer\u2019s language.<\/p>\n\n\n\n<h2 class=\"wp-block-heading\">How is Buyer Persona Market Research&nbsp;Done<\/h2>\n\n\n\n<p>Companies do Buyer <a href=\"https:\/\/www.sisinternational.com\/de\/sachverstand\/branchen\/digitale-persona-marktforschung\/\" title=\"Marktforschung f\u00fcr digitale Personen\"  data-wpil-monitor-id=\"6223\">Persona Market Research<\/a> through surveys, focus groups, and interviews.<\/p>\n\n\n\n<p>Research involves searching through your contacts database to discover trends that show how specific consumers find and use your content.<\/p>\n\n\n\n<p>Bei Umfragen werden Formulare mit bestimmten Feldern verwendet. Diese Felder erfassen wichtige Informationen zu den verschiedenen K\u00e4uferpers\u00f6nlichkeiten auf Ihrer Website. Bei Umfragen wird auch das Feedback Ihres Vertriebsteams ber\u00fccksichtigt. Sie geben Ihnen Informationen zu den Leads, mit denen sie am h\u00e4ufigsten verkehren. Sie treffen auch allgemeine Aussagen \u00fcber die verschiedenen Kundentypen.<\/p>\n\n\n\n<p>Through Focus Groups, you and your team can interview prospects and customers. Focus Groups help you to find out what they love and enjoy about your product offering. Once you\u2019ve gone through the research process, you&#8217;ll have raw data, which gives you insights into your potential and current customers. The next step is to identify patterns from the answers to your interview questions. Thus, you develop a main primary persona and share that persona with the rest of the company.<\/p>\n\n\n\n<h2 class=\"wp-block-heading\">Erforderliche Schritte<\/h2>\n\n\n\n<ul class=\"wp-block-list\">\n<li>Definieren Sie Ihre K\u00e4uferpers\u00f6nlichkeiten und Ihren Zielmarkt. Dieser Schritt erm\u00f6glicht es Ihnen, Ihre Zielgruppe zu entdecken und ihr Verhalten zu interpretieren. Es beginnt mit der Erstellung einer fiktiven Darstellung Ihrer potenziellen Kunden, beispielsweise nach Altersgruppe, Standort und Art der Arbeit. Dies hilft dabei, ihre Kaufpr\u00e4ferenzen zu verstehen.<\/li>\n<\/ul>\n\n\n\n<ul class=\"wp-block-list\">\n<li>Engaging with your audience. You\u2019ll be able to get similar opinions about your products and services from customers. You can also get them from potentials. Engaging customers who recently purchased from you is ideal. They can relay their experience to you. Another tactic is to use your social media accounts to get various customers.<\/li>\n\n\n\n<li>Bestimmen Sie die besten Methoden, um die Bed\u00fcrfnisse der Kunden zu erf\u00fcllen. Produktbranding ist entscheidend. Das Erscheinungsbild und die Pers\u00f6nlichkeit Ihrer Marke bestimmen Ihren Erfolg.<\/li>\n\n\n\n<li>Researching your primary competitors. You can use Google and social media to search for industries and companies like your own. Have you identified your competitors? Do a SWOT analysis (strengths, weaknesses, opportunities, and threats) for each business. Take note of your competitors\u2019 pricing. Also, look at and the display of their products and services. Then, do a thorough review of your customers. You will be able to address how your business can compete with other companies in a similar field. You can also identify the industry&#8217;s advantages and what trends you should consider.<\/li>\n<\/ul>\n\n\n\n<h2 class=\"wp-block-heading\">Vorteile<\/h2>\n\n\n\n<figure class=\"gb-block-image gb-block-image-fbafe1a3\"><img loading=\"lazy\" decoding=\"async\" width=\"1456\" height=\"816\" class=\"gb-image gb-image-fbafe1a3\" src=\"https:\/\/www.sisinternational.com\/wp-content\/uploads\/2025\/08\/Retail-12.jpg\" alt=\"SIS International Marktforschung &amp; Strategie\" title=\"Retail (12)\" srcset=\"https:\/\/www.sisinternational.com\/wp-content\/uploads\/2025\/08\/Retail-12.jpg 1456w, https:\/\/www.sisinternational.com\/wp-content\/uploads\/2025\/08\/Retail-12-300x168.jpg 300w, https:\/\/www.sisinternational.com\/wp-content\/uploads\/2025\/08\/Retail-12-1024x574.jpg 1024w, https:\/\/www.sisinternational.com\/wp-content\/uploads\/2025\/08\/Retail-12-768x430.jpg 768w, https:\/\/www.sisinternational.com\/wp-content\/uploads\/2025\/08\/Retail-12-18x10.jpg 18w\" sizes=\"auto, (max-width: 1456px) 100vw, 1456px\"><\/figure>\n\n\n\n<p><\/p>\n\n\n\n<p><a href=\"https:\/\/www.sisinternational.com\/de\/sachverstand\/branchen\/marktforschung-zur-kauferabsicht\/\" title=\"Marktforschung zur K\u00e4uferabsicht\"  data-wpil-monitor-id=\"6251\">Buyer Persona Marktforschung<\/a> helps you understand your audience\u2019s needs. It reveals who the reliant customers are on your product or service.<\/p>\n\n\n\n<p>Another benefit is creating more Personalized Content for consumers. Such marketing personalization has many advantages. Thus, Buyer Persona Market Research plays a crucial role in increasing the effectiveness of your messaging.<\/p>\n\n\n\n<h2 class=\"wp-block-heading\">Was sind die Ergebnisse dieser Art von Forschung?<\/h2>\n\n\n\n<ul class=\"wp-block-list\">\n<li><a href=\"https:\/\/www.linkedin.com\/company\/sisinternationalresearch\" target=\"_blank\" rel=\"noopener\">Marktforschung<\/a> involves analyzing customers&#8217; needs. The company is trying to solve these problems, so input from sources like your sales team and customers provides valuable insights. They show how the products can be better. Even potential customers and competitors can make a valuable contribution to product development.<\/li>\n\n\n\n<li>Kunden sind die prim\u00e4re Zielgruppe Ihrer Produkte. Daher sollten Sie \u00fcberlegen, welche Informationen Kunden f\u00fcr ihre Kaufentscheidung ben\u00f6tigen. Wo k\u00f6nnen Sie diese Kunden erreichen? Sind sie bereit, Ihre Botschaft zu empfangen? Die Antworten auf diese Fragen zu kennen, kann f\u00fcr Marketingkampagnen von entscheidender Bedeutung sein.<\/li>\n\n\n\n<li>Mit der Produktpositionierung verankern Sie sich im Ged\u00e4chtnis Ihrer Kunden. Potenzielle Kunden k\u00f6nnen so verstehen, wer Sie sind und was Ihr Produkt f\u00fcr sie tun kann. Eine erfolgreiche Produktpositionierung steigert den Verkauf von Produkten und Dienstleistungen.<\/li>\n\n\n\n<li>Das Wertversprechen verspricht, dass Ihr Produkt oder Ihre Dienstleistung einem Kunden in sinnvoller Weise hilft. Die Vorteile sollten echt sein. Es sollte Ihr Produkt definieren und zeigen, was Sie von Ihren Mitbewerbern unterscheidet.<\/li>\n<\/ul>\n\n\n\n<h2 class=\"wp-block-heading\">Anwendungsf\u00e4lle<\/h2>\n\n\n\n<p>Buyer Persona Marktforschung hat viele Verwendungsm\u00f6glichkeiten. Sie k\u00f6nnen <a href=\"https:\/\/www.sisinternational.com\/de\/losungen\/qualitative-quantitative-forschungslosungen\/\">Qualitative und Quantitative Forschung<\/a> um Ihre Inhalte auf Ihr Publikum zuzuschneiden. Mithilfe dieser Kennzahlen k\u00f6nnen Sie auch Ihre Werbeausgaben anpassen.<\/p>\n\n\n\n<p>Diese strategischen Forschungsoptionen sind Pfeile in Ihrem K\u00f6cher. Sie k\u00f6nnen sie verwenden, um Ihre Personas zu bewerten. Sie k\u00f6nnen Ihnen helfen, das Beste aus Ihren K\u00e4ufern herauszuholen. Auf diese Weise k\u00f6nnen Sie Ihre Produkte, Dienstleistungen und Rentabilit\u00e4t verbessern.<\/p>\n\n\n\n<h2 class=\"wp-block-heading\">Unser Standort in New York<\/h2>\n\n\n\n<p>\n\n\n\n<iframe loading=\"lazy\" src=\"https:\/\/www.google.com\/maps\/embed?pb=!1m18!1m12!1m3!1d3022.976188376966!2d-73.99130312499956!3d40.740549471389315!2m3!1f0!2f0!3f0!3m2!1i1024!2i768!4f13.1!3m3!1m2!1s0x89c259a15798c731%3A0xd695d09bdd495f25!2s11%20E%2022nd%20St%20FL%202%2C%20New%20York%2C%20NY%2010010%2C%20USA!5e0!3m2!1sen!2spe!4v1726171763526!5m2!1sen!2spe\" width=\"600\" height=\"450\" allowfullscreen=\"allowfullscreen\" data-mce-fragment=\"1\"><\/iframe>\n\n\n\n<\/p>\n\n\n\n<h3 class=\"wp-block-heading\">11 E 22nd Street, Floor 2, New York, NY 10010 T: +1(212) 505-6805<\/h3>\n\n\n\n<hr class=\"wp-block-separator has-alpha-channel-opacity\"\/>\n\n\n\n<h2 class=\"wp-block-heading\"><span style=\"font-weight: 400;\">\u00dcber SIS International<\/span><\/h2>\n\n\n\n<p><a href=\"https:\/\/www.sisinternational.com\/de\/\"><span style=\"font-weight: 400;\">SIS International<\/span><\/a><span style=\"font-weight: 400;\"> bietet quantitative, qualitative und strategische Forschung an. Wir liefern Daten, Tools, Strategien, Berichte und Erkenntnisse zur Entscheidungsfindung. Wir f\u00fchren auch Interviews, Umfragen, Fokusgruppen und andere Methoden und Ans\u00e4tze der Marktforschung durch.<\/span><a href=\"https:\/\/www.sisinternational.com\/de\/uber-sis-international-research\/contact-sis-international-market-research\/\"><span style=\"font-weight: 400;\"> Kontakt<\/span><\/a><span style=\"font-weight: 400;\"> f\u00fcr Ihr n\u00e4chstes Marktforschungsprojekt.<\/span><\/p>","protected":false},"excerpt":{"rendered":"<p>Bei der Marktforschung mit Buyer Personas handelt es sich um eine halbfiktionale Darstellung eines idealen Kunden. Dabei geht es darum, die Bed\u00fcrfnisse der Kunden zu kennen \u2026<\/p>","protected":false},"author":1,"featured_media":62558,"parent":14660,"menu_order":19,"comment_status":"closed","ping_status":"closed","template":"","meta":{"footnotes":""},"class_list":["post-37921","page","type-page","status-publish","has-post-thumbnail"],"_links":{"self":[{"href":"https:\/\/www.sisinternational.com\/de\/wp-json\/wp\/v2\/pages\/37921","targetHints":{"allow":["GET"]}}],"collection":[{"href":"https:\/\/www.sisinternational.com\/de\/wp-json\/wp\/v2\/pages"}],"about":[{"href":"https:\/\/www.sisinternational.com\/de\/wp-json\/wp\/v2\/types\/page"}],"author":[{"embeddable":true,"href":"https:\/\/www.sisinternational.com\/de\/wp-json\/wp\/v2\/users\/1"}],"replies":[{"embeddable":true,"href":"https:\/\/www.sisinternational.com\/de\/wp-json\/wp\/v2\/comments?post=37921"}],"version-history":[{"count":9,"href":"https:\/\/www.sisinternational.com\/de\/wp-json\/wp\/v2\/pages\/37921\/revisions"}],"predecessor-version":[{"id":79836,"href":"https:\/\/www.sisinternational.com\/de\/wp-json\/wp\/v2\/pages\/37921\/revisions\/79836"}],"up":[{"embeddable":true,"href":"https:\/\/www.sisinternational.com\/de\/wp-json\/wp\/v2\/pages\/14660"}],"wp:featuredmedia":[{"embeddable":true,"href":"https:\/\/www.sisinternational.com\/de\/wp-json\/wp\/v2\/media\/62558"}],"wp:attachment":[{"href":"https:\/\/www.sisinternational.com\/de\/wp-json\/wp\/v2\/media?parent=37921"}],"curies":[{"name":"wp","href":"https:\/\/api.w.org\/{rel}","templated":true}]}}