{"id":37919,"date":"2021-06-25T09:37:20","date_gmt":"2021-06-25T09:37:20","guid":{"rendered":"https:\/\/www.sisinternational.com\/?page_id=37919"},"modified":"2025-09-14T17:20:55","modified_gmt":"2025-09-14T21:20:55","slug":"marktforschung-in-mauretanien-afrika","status":"publish","type":"page","link":"https:\/\/www.sisinternational.com\/de\/abdeckung\/marktforschung-afrika\/marktforschung-in-mauretanien-afrika\/","title":{"rendered":"Marktforschung in Mauretanien, Afrika \u2013 ein \u00dcberblick"},"content":{"rendered":"<h1 class=\"wp-block-heading\">Marktforschung in Mauretanien, Afrika<\/h1>\n\n\n\n<figure class=\"gb-block-image gb-block-image-4469e8e6\"><img loading=\"lazy\" decoding=\"async\" width=\"1456\" height=\"816\" class=\"gb-image gb-image-4469e8e6\" src=\"https:\/\/www.sisinternational.com\/wp-content\/uploads\/2025\/08\/Mauritania-2.jpg\" alt=\"SIS International Marktforschung &amp; Strategie\" title=\"Mauritania (2)\" srcset=\"https:\/\/www.sisinternational.com\/wp-content\/uploads\/2025\/08\/Mauritania-2.jpg 1456w, https:\/\/www.sisinternational.com\/wp-content\/uploads\/2025\/08\/Mauritania-2-300x168.jpg 300w, https:\/\/www.sisinternational.com\/wp-content\/uploads\/2025\/08\/Mauritania-2-1024x574.jpg 1024w, https:\/\/www.sisinternational.com\/wp-content\/uploads\/2025\/08\/Mauritania-2-768x430.jpg 768w, https:\/\/www.sisinternational.com\/wp-content\/uploads\/2025\/08\/Mauritania-2-18x10.jpg 18w\" sizes=\"auto, (max-width: 1456px) 100vw, 1456px\"><\/figure>\n\n\n\n<p><\/p>\n\n\n\n<h2 class=\"wp-block-heading\">Nachbarschaften<\/h2>\n\n\n\n<p>Mauretanien liegt im Nordwesten Afrikas und ist eines der \u00e4rmsten L\u00e4nder der Welt. Seine gemischte Bev\u00f6lkerungszusammensetzung macht das Land jedoch einzigartig. Einige Quellen bezeichnen Mauretanien sogar als das Auge Afrikas. Es ist ein riesiges Land und der elftgr\u00f6\u00dfte souver\u00e4ne Staat des Kontinents. Im Westen grenzt es an den Atlantik. Im Osten liegt Mali, im Norden und Nordwesten die Westsahara und im Nordosten Algerien.<\/p>\n\n\n\n<p>Die Hauptstadt Mauretaniens ist Nouakchott, und es ist auch die gr\u00f6\u00dfte Stadt des Landes. Einige der anderen gro\u00dfen St\u00e4dte Mauretaniens sind Nouadhibou, Atar, Kiffa und Rosso. Franz\u00f6sisch ist die Hauptsprache in Mauretanien. Daher sind einige der St\u00e4dtenamen franz\u00f6sisch. Der Name Mauretanien stammt vom alten Berberk\u00f6nigreich. Dieses K\u00f6nigreich existierte vom dritten Jahrhundert v. Chr. bis zum siebten Jahrhundert n. Chr.<\/p>\n\n\n\n<p>Die Hauptreligion in Mauretanien ist der Islam. Fast die gesamte Bev\u00f6lkerung ist muslimisch. Diese Religion hat auch in Marokko, Algerien und anderen Nachbarl\u00e4ndern gro\u00dfen Einfluss.<\/p>\n\n\n\n<p>Am 7. April 2018 erkl\u00e4rte die Regierung Atheismus zu einem Verbrechen, das mit dem Tod bestraft wird. Tats\u00e4chlich ist Mauretanien eines von dreizehn L\u00e4ndern weltweit, in denen Atheismus mit der Todesstrafe bestraft wird.<\/p>\n\n\n\n<p>Mauretanien ist ein W\u00fcstenland. Etwa 90 Prozent des Landes liegen in der Sahara. Die meisten Mauretanier leben daher im S\u00fcden, wo es Wasser gibt.<\/p>\n\n\n\n<p>Aufgrund schwerer, lang anhaltender D\u00fcrreperioden hat sich die W\u00fcste seit Mitte der 1960er Jahre ausgeweitet. Infolgedessen sind viele Mauretanier Nomaden, die von Ort zu Ort ziehen und ihre Herden h\u00fcten. Sie haben also keinen festen Wohnsitz.<\/p>\n\n\n\n<h2 class=\"wp-block-heading\">Schl\u00fcsselindustrien<\/h2>\n\n\n\n<p>Mauretanien verf\u00fcgt \u00fcber reichlich Ressourcen wie Eisen, Fisch und \u00d6l. Dennoch lebt die Mehrheit der Bev\u00f6lkerung Mauretaniens nach wie vor in Armut. Die Wirtschaft des Landes basiert auf Landwirtschaft und Viehzucht, und viele der wichtigsten Industriezweige sind auf die nat\u00fcrlichen Ressourcen des Landes angewiesen.<\/p>\n\n\n\n<p>Mauretanien ist auf Exporte und nat\u00fcrliche Ressourcen angewiesen. Zu ihren nat\u00fcrlichen Ressourcen z\u00e4hlen Gold, Diamanten, Phosphat, Gips, Kupfer und \u00d6l. Leider ist das politische Klima einer der Gr\u00fcnde daf\u00fcr, dass die meisten B\u00fcrger in Armut leben.<\/p>\n\n\n\n<p>Obwohl <a href=\"https:\/\/oec.world\/en\/profile\/country\/mrt\" target=\"_blank\" rel=\"noopener\">Mauretanien importiert<\/a> Das Land verf\u00fcgt \u00fcber ein solides Exportsystem. Einige der wichtigsten Exportg\u00fcter sind:<\/p>\n\n\n\n<ul class=\"wp-block-list\">\n<li>Eisen<\/li>\n\n\n\n<li>Gold<\/li>\n\n\n\n<li>Gefrorener Fisch<\/li>\n<\/ul>\n\n\n\n<p>Mauritania has several trading partners, including China, France, the <a href=\"https:\/\/www.sisinternational.com\/de\/abdeckung\/marktforschung-mittlerer-osten\/marktforschung-in-den-vereinigten-arabischen-emiraten\/\" title=\"Marktforschung in den Vereinigten Arabischen Emiraten\" data-wpil-monitor-id=\"11268\">Vereinigte Arabische Emirate<\/a>, and Spain.<\/p>\n\n\n\n<h2 class=\"wp-block-heading\">Kundenbasis<\/h2>\n\n\n\n<p>Die Bev\u00f6lkerung ist auf importierte Nahrungsmittel wie Weizen, Zucker und Reis angewiesen, obwohl das Land eine hohe Metall- und \u00d6lproduktionsrate aufweist. Mehr als vierzig Prozent der Mauretanier leben unterhalb der Armutsgrenze. Infolgedessen leiden viele Kinder an Unterern\u00e4hrung.<\/p>\n\n\n\n<h2 class=\"wp-block-heading\">Gr\u00fcnde f\u00fcr die Expansion Ihres Unternehmens in Mauretanien<\/h2>\n\n\n\n<figure class=\"gb-block-image gb-block-image-f340ce03\"><img loading=\"lazy\" decoding=\"async\" width=\"1456\" height=\"816\" class=\"gb-image gb-image-f340ce03\" src=\"https:\/\/www.sisinternational.com\/wp-content\/uploads\/2025\/08\/Mauritania-3.jpg\" alt=\"SIS International Marktforschung &amp; Strategie\" title=\"Mauritania (3)\" srcset=\"https:\/\/www.sisinternational.com\/wp-content\/uploads\/2025\/08\/Mauritania-3.jpg 1456w, https:\/\/www.sisinternational.com\/wp-content\/uploads\/2025\/08\/Mauritania-3-300x168.jpg 300w, https:\/\/www.sisinternational.com\/wp-content\/uploads\/2025\/08\/Mauritania-3-1024x574.jpg 1024w, https:\/\/www.sisinternational.com\/wp-content\/uploads\/2025\/08\/Mauritania-3-768x430.jpg 768w, https:\/\/www.sisinternational.com\/wp-content\/uploads\/2025\/08\/Mauritania-3-18x10.jpg 18w\" sizes=\"auto, (max-width: 1456px) 100vw, 1456px\"><\/figure>\n\n\n\n<p><\/p>\n\n\n\n<p>At present, Mauritania faces grinding poverty, and the economic outlook is bleak. However, economists expect this situation to change within the next decade. They forecast that Mauritania will be moving into privatized <a href=\"https:\/\/www.sisinternational.com\/de\/industry-forecast\/it-industry-forecast\/\" title=\"IT Industry Forecast\" data-wpil-monitor-id=\"11276\">industry<\/a>.<\/p>\n\n\n\n<p>In Mauretanien gibt es viel Raum f\u00fcr die Entwicklung der Landwirtschaft und des Tourismus. Dar\u00fcber hinaus werden die Investitionen in die Landwirtschaft die betr\u00e4chtliche Abh\u00e4ngigkeit von importierten Nahrungsmitteln verringern.<\/p>\n\n\n\n<p>Mauretanien ist reich an Fischgr\u00fcnden und Mineralien und wird Ihnen sicherlich profitabel sein. Dar\u00fcber hinaus bietet der Tourismusbereich aufgrund der reichen Kultur des Landes viel Potenzial. Mauretanien verf\u00fcgt auch \u00fcber pr\u00e4historische Ruinen, was ein weiteres Plus f\u00fcr den Tourismus darstellt.<\/p>\n\n\n\n<h2 class=\"wp-block-heading\">Marktforschung in Mauretanien, Afrika<\/h2>\n\n\n\n<p>Are you looking to invest or <a href=\"https:\/\/www.sisinternational.com\/de\/veroffentlichungen\/japans-mittelstandsexporte\/\" title=\"Ausbau Ihres Gesch\u00e4fts in Japan\" data-wpil-monitor-id=\"11272\">grow your business<\/a> in Mauritania? This article has all the information you <a href=\"https:\/\/www.sisinternational.com\/de\/analysis-b2b\/\" title=\"What Business Leaders Need to Know Right Now\" data-wpil-monitor-id=\"11274\">need to know<\/a> about investing in Mauritania. We organize <a href=\"https:\/\/www.sisinternational.com\/de\/losungen\/qualitative-quantitative-forschungslosungen\/\">Quantitativ qualitativ<\/a>, Und <a href=\"https:\/\/www.sisinternational.com\/de\/abdeckung\/die-amerikaner\/usa-berichterstattung\/new-york-market-research-firm\/\" target=\"_blank\" rel=\"noopener\">Strategische Forschung<\/a>. Thus, we can keep you well-informed about which countries are the best bet for your business. This article gives you <a href=\"https:\/\/www.sisinternational.com\/de\/how-to-conduct-in-depth-interviews-for-market-insights\/\" title=\"So f\u00fchren Sie ausf\u00fchrliche Interviews durch, um Markteinblicke zu gewinnen\" data-wpil-monitor-id=\"11270\">insight into the Mauritanian market<\/a>. It shows you the areas that are ripe for investment. We hope that it helps you in your decision-making. We also hope that you will consider investing in Mauritania.<\/p>\n\n\n\n<p><\/p>","protected":false},"excerpt":{"rendered":"<p>Marktforschung in Mauretanien, afrikanische Nachbarschaften Mauretanien liegt im Nordwesten Afrikas und ist eines der \u00e4rmsten L\u00e4nder der Welt. Seine gemischte Bev\u00f6lkerung macht das Land jedoch einzigartig. Tats\u00e4chlich bezeichnen einige Quellen Mauretanien als das Auge Afrikas. Es ist ein riesiges Land, der elftgr\u00f6\u00dfte souver\u00e4ne Staat des Kontinents. Das \u2026 <a title=\"Marktforschung in Mauretanien, Afrika \u2013 ein \u00dcberblick\" class=\"read-more\" href=\"https:\/\/www.sisinternational.com\/de\/abdeckung\/marktforschung-afrika\/marktforschung-in-mauretanien-afrika\/\" aria-label=\"Mehr Informationen \u00fcber Marktforschung in Mauretanien, Afrika \u2013 ein \u00dcberblick\">Weiterlesen \u2026<\/a><\/p>","protected":false},"author":1,"featured_media":65295,"parent":14281,"menu_order":35,"comment_status":"closed","ping_status":"closed","template":"","meta":{"footnotes":""},"class_list":["post-37919","page","type-page","status-publish","has-post-thumbnail"],"_links":{"self":[{"href":"https:\/\/www.sisinternational.com\/de\/wp-json\/wp\/v2\/pages\/37919","targetHints":{"allow":["GET"]}}],"collection":[{"href":"https:\/\/www.sisinternational.com\/de\/wp-json\/wp\/v2\/pages"}],"about":[{"href":"https:\/\/www.sisinternational.com\/de\/wp-json\/wp\/v2\/types\/page"}],"author":[{"embeddable":true,"href":"https:\/\/www.sisinternational.com\/de\/wp-json\/wp\/v2\/users\/1"}],"replies":[{"embeddable":true,"href":"https:\/\/www.sisinternational.com\/de\/wp-json\/wp\/v2\/comments?post=37919"}],"version-history":[{"count":3,"href":"https:\/\/www.sisinternational.com\/de\/wp-json\/wp\/v2\/pages\/37919\/revisions"}],"predecessor-version":[{"id":81839,"href":"https:\/\/www.sisinternational.com\/de\/wp-json\/wp\/v2\/pages\/37919\/revisions\/81839"}],"up":[{"embeddable":true,"href":"https:\/\/www.sisinternational.com\/de\/wp-json\/wp\/v2\/pages\/14281"}],"wp:featuredmedia":[{"embeddable":true,"href":"https:\/\/www.sisinternational.com\/de\/wp-json\/wp\/v2\/media\/65295"}],"wp:attachment":[{"href":"https:\/\/www.sisinternational.com\/de\/wp-json\/wp\/v2\/media?parent=37919"}],"curies":[{"name":"wp","href":"https:\/\/api.w.org\/{rel}","templated":true}]}}