{"id":37917,"date":"2021-06-25T09:30:36","date_gmt":"2021-06-25T09:30:36","guid":{"rendered":"https:\/\/www.sisinternational.com\/?page_id=37917"},"modified":"2025-09-14T17:21:58","modified_gmt":"2025-09-14T21:21:58","slug":"marktforschung-in-mauritius-afrika","status":"publish","type":"page","link":"https:\/\/www.sisinternational.com\/de\/abdeckung\/marktforschung-afrika\/marktforschung-in-mauritius-afrika\/","title":{"rendered":"Marktforschung auf Mauritius \u2013 Insel vor der Ostk\u00fcste Afrikas"},"content":{"rendered":"<h1 class=\"wp-block-heading\">Marktforschung in Mauritius, Afrika<\/h1>\n\n\n\n<figure class=\"gb-block-image gb-block-image-4f3a3bf9\"><img loading=\"lazy\" decoding=\"async\" width=\"1456\" height=\"816\" class=\"gb-image gb-image-4f3a3bf9\" src=\"https:\/\/www.sisinternational.com\/wp-content\/uploads\/2025\/08\/Mauritius-1.jpg\" alt=\"SIS International Marktforschung &amp; Strategie\" title=\"Mauritius (1)\" srcset=\"https:\/\/www.sisinternational.com\/wp-content\/uploads\/2025\/08\/Mauritius-1.jpg 1456w, https:\/\/www.sisinternational.com\/wp-content\/uploads\/2025\/08\/Mauritius-1-300x168.jpg 300w, https:\/\/www.sisinternational.com\/wp-content\/uploads\/2025\/08\/Mauritius-1-1024x574.jpg 1024w, https:\/\/www.sisinternational.com\/wp-content\/uploads\/2025\/08\/Mauritius-1-768x430.jpg 768w, https:\/\/www.sisinternational.com\/wp-content\/uploads\/2025\/08\/Mauritius-1-18x10.jpg 18w\" sizes=\"auto, (max-width: 1456px) 100vw, 1456px\"><\/figure>\n\n\n\n<p><\/p>\n\n\n\n<h2 class=\"wp-block-heading\">Nachbarschaften<\/h2>\n\n\n\n<p>Die Republik Mauritius ist ein Archipel im Indischen Ozean. Der n\u00e4chste Nachbar des Landes ist Madagaskar, 700 Meilen westlich. Die Hauptstadt ist Port Louis. Es ist eine pulsierende Stadt, in der viel verkauft und gekauft wird. Der franz\u00f6sische Gouverneur gr\u00fcndete Port Louis etwa Mitte des 18. Jahrhunderts. Einige andere Gro\u00dfst\u00e4dte mit hoher Bev\u00f6lkerungszahl und wirtschaftlicher Aktivit\u00e4t sind Curepipe, Grand Baie, Beau Bassin-Rose Hill, Quatre Bornes und Vacoas-Phoenix.<\/p>\n\n\n\n<h2 class=\"wp-block-heading\">Trends<\/h2>\n\n\n\n<p>Die Hauptsprache auf Mauritius ist Franz\u00f6sisch, aber die meisten Einwohner sprechen Franz\u00f6sisch-Kreolisch und Englisch. Die Menschen sind vielf\u00e4ltig, ebenso wie die Kultur. Die Hauptreligion auf Mauritius ist der Hinduismus. Weniger als die H\u00e4lfte aller Mauritier sind Christen.<\/p>\n\n\n\n<p>Mauritius ist bekannt f\u00fcr seine Kulturvillen, Sandstr\u00e4nde und t\u00fcrkisfarbenes Wasser. Aufgrund seiner relativen Isolation ist Mauritius ein gro\u00dfartiger Ort f\u00fcr einen Kurzurlaub. Es gibt viele Zuckerrohrfelder und einzigartige, unverwechselbare Pflanzen- und Tierarten. Es ist ber\u00fchmt f\u00fcr den Dodo, einen ausgestorbenen einheimischen Vogel von der Gr\u00f6\u00dfe eines Kaninchens. Dieser Vogel, der Ende des 17. Jahrhunderts f\u00fcr ausgestorben erkl\u00e4rt wurde, war auf Mauritius endemisch.<\/p>\n\n\n\n<p>Diese Inseln sind eine gro\u00dfe Touristenattraktion und bekannt f\u00fcr ihre nat\u00fcrliche Umgebung. Auch ihre kulturelle Architektur zieht Besucher an.<\/p>\n\n\n\n<p>Dennoch hat Mauritius mit \u00dcberbev\u00f6lkerung zu k\u00e4mpfen: Im Jahr 2019 hatte die Insel 1,3 Millionen Einwohner. Dennoch scheinen die Menschen von Mauritius mit den verf\u00fcgbaren Ressourcen gut auszukommen.<\/p>\n\n\n\n<h2 class=\"wp-block-heading\">Schl\u00fcsselindustrien<\/h2>\n\n\n\n<p>The five primary <a href=\"https:\/\/www.sisinternational.com\/de\/losungen\/ai-marktforschung-und-strategieberatung\/ki-einfuhrung-reise-gastgewerbe-tourismusbranche-beratung\/\" title=\"Einf\u00fchrung von KI in der Reise-, Gastgewerbe- und Tourismusbranche \u2013 Beratung\"  data-wpil-monitor-id=\"10968\">industries of Mauritius are Tourism<\/a>, Agriculture, Mining, Services, and Manufacturing.<\/p>\n\n\n\n<p><a href=\"https:\/\/oec.world\/en\/profile\/country\/mus\" target=\"_blank\" rel=\"noopener\">Zu den wichtigsten verarbeitenden Industrien auf Mauritius z\u00e4hlen die Lebensmittelverarbeitung und Bekleidung, Fisch, Textilien und Chemikalien, au\u00dferdem gibt es eine robuste Bergbauindustrie.<\/a>. Dar\u00fcber hinaus wird auf den Inseln in gro\u00dfem Ma\u00dfstab Zucker gemahlen, der in andere L\u00e4nder exportiert wird. Die M\u00fchlen produzieren sowohl Zuckerr\u00fcben- als auch Rohrzucker. Zuckerrohr nimmt 80 Prozent der Landesfl\u00e4che von Mauritius ein.<\/p>\n\n\n\n<p>Mutter Natur hat dieses Land mit atemberaubender Sch\u00f6nheit gesegnet. Diese Sch\u00f6nheit hat im Laufe der Jahrhunderte Besucher angelockt. Daher ist es nicht verwunderlich, dass der Tourismus eine wichtige S\u00e4ule der mauritischen Wirtschaft ist. Infolgedessen ist die Zahl der Touristen im Laufe der Jahre gestiegen.<\/p>\n\n\n\n<h2 class=\"wp-block-heading\">Kundenbasis<\/h2>\n\n\n\n<p>Die Importe von Mauritius sind h\u00f6her als die Exporte. Die Inseln importieren Waren aus dem Ausland, wie raffiniertes Erd\u00f6l und Autos.<\/p>\n\n\n\n<p>Auch Lebensmittel aus Frankreich machen einen erheblichen Anteil der Importe von Mauritius aus. Indien, Australien und S\u00fcdafrika sind weitere L\u00e4nder, aus denen Mauritius importiert. Ein weiterer Handelspartner sind die Vereinigten Staaten. Mauritius importiert Lebensmittel wie Fleisch, Kaffee und Milchprodukte aus den USA. Es bezieht auch gefrorenes Gem\u00fcse und Obst wie Orangen aus diesem Land. Das Land importiert auch Kleidung aus den Vereinigten Staaten und Europa.<\/p>\n\n\n\n<h2 class=\"wp-block-heading\">Gr\u00fcnde, Ihr Gesch\u00e4ft auf Mauritius auszubauen<\/h2>\n\n\n\n<figure class=\"gb-block-image gb-block-image-df70ab1f\"><img loading=\"lazy\" decoding=\"async\" width=\"1456\" height=\"816\" class=\"gb-image gb-image-df70ab1f\" src=\"https:\/\/www.sisinternational.com\/wp-content\/uploads\/2025\/08\/Mauritius-4.jpg\" alt=\"SIS International Marktforschung &amp; Strategie\" title=\"Mauritius (4)\" srcset=\"https:\/\/www.sisinternational.com\/wp-content\/uploads\/2025\/08\/Mauritius-4.jpg 1456w, https:\/\/www.sisinternational.com\/wp-content\/uploads\/2025\/08\/Mauritius-4-300x168.jpg 300w, https:\/\/www.sisinternational.com\/wp-content\/uploads\/2025\/08\/Mauritius-4-1024x574.jpg 1024w, https:\/\/www.sisinternational.com\/wp-content\/uploads\/2025\/08\/Mauritius-4-768x430.jpg 768w, https:\/\/www.sisinternational.com\/wp-content\/uploads\/2025\/08\/Mauritius-4-18x10.jpg 18w\" sizes=\"auto, (max-width: 1456px) 100vw, 1456px\"><\/figure>\n\n\n\n<p><\/p>\n\n\n\n<p>Investitionen auf Mauritius k\u00f6nnen sich lohnen, da Anleger dort einen niedrigen Steuersatz genie\u00dfen. Au\u00dferdem wird keine Erbschaftssteuer erhoben, was eine gute Nachricht ist, wenn Sie Eigentum geerbt haben. Sie m\u00fcssen au\u00dferdem weder Mehrwertsteuer noch Zollgeb\u00fchren auf Ger\u00e4te zahlen, die Sie f\u00fcr Ihr Unternehmen importieren.<\/p>\n\n\n\n<p>Mauritius is a well-off country. Its exports of sugar have been of real value to the country. Moreover, many economists consider it to be one of the developed countries in Africa. As a result, Mauritius is an excellent country to <a href=\"https:\/\/www.sisinternational.com\/de\/veroffentlichungen\/japans-mittelstandsexporte\/\" title=\"Ausbau Ihres Gesch\u00e4fts in Japan\" data-wpil-monitor-id=\"10969\">grow your business<\/a>.<\/p>\n\n\n\n<h2 class=\"wp-block-heading\">Marktforschung auf Mauritius<\/h2>\n\n\n\n<p>Sind Sie ein Unternehmer, der an Investitionen in Mauritius interessiert ist? Auf unserer Website finden Sie zahlreiche Informationen, die Ihnen bei Ihrer Suche helfen k\u00f6nnen. Mauritius ist ein gut entwickeltes Land, das f\u00fcr jeden suchenden Investor interessant sein wird. Wir sammeln <a href=\"https:\/\/www.sisinternational.com\/de\/losungen\/qualitative-quantitative-forschungslosungen\/\">Qualitative und quantitative Daten<\/a> und TU <a href=\"https:\/\/www.sisinternational.com\/de\/losungen\/strategieberatung\/\">Strategie Forschung<\/a>Wir hoffen, dass Sie in diesem Artikel alle Informationen finden, die Sie f\u00fcr Ihre Entscheidung ben\u00f6tigen. Eine Investition in Mauritius ist eine ausgezeichnete Wahl, die Ihr Kapital vervielfachen wird.<\/p>","protected":false},"excerpt":{"rendered":"<p>Marktforschung auf Mauritius. Unsere Website bietet zahlreiche Informationen, die Ihnen bei Ihrer Suche behilflich sein k\u00f6nnen. Qualitative und quantitative Daten.<\/p>","protected":false},"author":1,"featured_media":65298,"parent":14281,"menu_order":34,"comment_status":"closed","ping_status":"closed","template":"","meta":{"footnotes":""},"class_list":["post-37917","page","type-page","status-publish","has-post-thumbnail"],"_links":{"self":[{"href":"https:\/\/www.sisinternational.com\/de\/wp-json\/wp\/v2\/pages\/37917","targetHints":{"allow":["GET"]}}],"collection":[{"href":"https:\/\/www.sisinternational.com\/de\/wp-json\/wp\/v2\/pages"}],"about":[{"href":"https:\/\/www.sisinternational.com\/de\/wp-json\/wp\/v2\/types\/page"}],"author":[{"embeddable":true,"href":"https:\/\/www.sisinternational.com\/de\/wp-json\/wp\/v2\/users\/1"}],"replies":[{"embeddable":true,"href":"https:\/\/www.sisinternational.com\/de\/wp-json\/wp\/v2\/comments?post=37917"}],"version-history":[{"count":3,"href":"https:\/\/www.sisinternational.com\/de\/wp-json\/wp\/v2\/pages\/37917\/revisions"}],"predecessor-version":[{"id":81795,"href":"https:\/\/www.sisinternational.com\/de\/wp-json\/wp\/v2\/pages\/37917\/revisions\/81795"}],"up":[{"embeddable":true,"href":"https:\/\/www.sisinternational.com\/de\/wp-json\/wp\/v2\/pages\/14281"}],"wp:featuredmedia":[{"embeddable":true,"href":"https:\/\/www.sisinternational.com\/de\/wp-json\/wp\/v2\/media\/65298"}],"wp:attachment":[{"href":"https:\/\/www.sisinternational.com\/de\/wp-json\/wp\/v2\/media?parent=37917"}],"curies":[{"name":"wp","href":"https:\/\/api.w.org\/{rel}","templated":true}]}}