{"id":37915,"date":"2021-06-25T09:26:26","date_gmt":"2021-06-25T09:26:26","guid":{"rendered":"https:\/\/www.sisinternational.com\/?page_id=37915"},"modified":"2026-01-25T18:45:31","modified_gmt":"2026-01-25T23:45:31","slug":"marktforschung-in-marokko-nordafrika","status":"publish","type":"page","link":"https:\/\/www.sisinternational.com\/de\/abdeckung\/marktforschung-afrika\/marktforschung-in-marokko-nordafrika\/","title":{"rendered":"Marktforschung in Marokko, Nordwestafrikanischer Kontinent"},"content":{"rendered":"<h1 class=\"wp-block-heading\">Marktforschung in Marokko, Nordafrika<\/h1>\n\n\n\n<figure class=\"gb-block-image gb-block-image-d8651a8f\"><img loading=\"lazy\" decoding=\"async\" width=\"1456\" height=\"816\" class=\"gb-image gb-image-d8651a8f\" src=\"https:\/\/www.sisinternational.com\/wp-content\/uploads\/2025\/08\/Morocco-2.jpg\" alt=\"SIS International Marktforschung &amp; Strategie\" title=\"Morocco (2)\" srcset=\"https:\/\/www.sisinternational.com\/wp-content\/uploads\/2025\/08\/Morocco-2.jpg 1456w, https:\/\/www.sisinternational.com\/wp-content\/uploads\/2025\/08\/Morocco-2-300x168.jpg 300w, https:\/\/www.sisinternational.com\/wp-content\/uploads\/2025\/08\/Morocco-2-1024x574.jpg 1024w, https:\/\/www.sisinternational.com\/wp-content\/uploads\/2025\/08\/Morocco-2-768x430.jpg 768w, https:\/\/www.sisinternational.com\/wp-content\/uploads\/2025\/08\/Morocco-2-18x10.jpg 18w\" sizes=\"auto, (max-width: 1456px) 100vw, 1456px\"><\/figure>\n\n\n\n<p><\/p>\n\n\n\n<p>Das K\u00f6nigreich Marokko ist ein nordwestafrikanisches Land. Im Norden liegt das Mittelmeer und im Westen der Atlantik. Es grenzt au\u00dferdem an die Westsahara und Algerien. Die vorherrschende Religion ist der Islam und die Menschen in Marokko sprechen Berberisch und Arabisch. Dar\u00fcber hinaus ist Marokko eine lebendige Mischung aus europ\u00e4ischer, arabischer und berberischer Kultur. Die Hauptstadt ist Rabat und die gr\u00f6\u00dfte Stadt ist Casablanca.<\/p>\n\n\n\n<h2 class=\"wp-block-heading\">Market Research in Morocco:&nbsp;Key Industries<\/h2>\n\n\n\n<p>Marokko hat im Allgemeinen eine freie Marktwirtschaft, die von den Gesetzen von Angebot und Nachfrage bestimmt wird. Seit 1993 verfolgt das Land jedoch eine Privatisierungsstrategie. Bisher wurden bestimmte Bereiche der staatlichen Wirtschaft privatisiert.<\/p>\n\n\n\n<p>Marokko ist ein wichtiger Akteur in der afrikanischen Wirtschaft und gemessen am BIP (KKP) die f\u00fcnftgr\u00f6\u00dfte Volkswirtschaft Afrikas. Ein weiterer wichtiger Punkt ist seine Platzierung im Lebensqualit\u00e4tsindex der marokkanischen Economist Intelligence Unit. Dieser Organisation zufolge war es das erste afrikanische Land, das S\u00fcdafrika \u00fcberholte. Inzwischen ist es jedoch auf Platz 4 abgerutscht.<\/p>\n\n\n\n<p>Mehr als die H\u00e4lfte des BIP kommt aus dem Dienstleistungssektor. Die wichtigsten Branchen sind dementsprechend Telekommunikation, Textilien, Tourismus und Informationstechnologie.<\/p>\n\n\n\n<p>Der Tourismus ist der wichtigste Bereich der marokkanischen Wirtschaft und er ist gut entwickelt. Insgesamt konzentriert sich der marokkanische Tourismus auf die Geschichte, die K\u00fcste und die Kultur des Landes.<\/p>\n\n\n\n<p>In der marokkanischen Landwirtschaft sind etwa 40 Prozent der Arbeitskr\u00e4fte des Landes besch\u00e4ftigt. Damit ist sie der gr\u00f6\u00dfte Arbeitgeber des Landes. Gerste, Weizen und andere Feldfr\u00fcchte k\u00f6nnen beispielsweise ohne Bew\u00e4sserung angebaut werden. Daher bauen marokkanische Bauern diese Feldfr\u00fcchte in den regenreicheren Regionen des Nordwestens an. In den weiten Ebenen entlang der Atlantikk\u00fcste bauen sie auch Oliven, Zitrusfr\u00fcchte und Weintrauben an. Tats\u00e4chlich nutzen sie f\u00fcr den Betrieb ihrer Farmen das Wasser aus artesischen Brunnen.<\/p>\n\n\n\n<h2 class=\"wp-block-heading\">Nachbarschaften<\/h2>\n\n\n\n<p>Die Hauptstadt Marokkos ist Rabat, das am Atlantik und am Fluss Bouregreg liegt. Rabat ist vor allem f\u00fcr seine Monumente bekannt, die sein franz\u00f6sisches Kolonial- und islamisches Erbe widerspiegeln, wie zum Beispiel das Schloss Udayas. Diese k\u00f6nigliche Festung aus der Berberzeit ist von einem formellen, franz\u00f6sisch gestalteten Garten mit Blick auf das Meer umgeben.<\/p>\n\n\n\n<p>Casablanca, die gr\u00f6\u00dfte Stadt Marokkos, ist auch f\u00fcr ihren Hafen und ihr Handelszentrum bekannt. Das franz\u00f6sische Kolonialerbe der Stadt ist in den Geb\u00e4uden im Zentrum von Mauresque zu sehen, in deren Innenstadtarchitektur sich maurischer Stil und europ\u00e4ischer Art Deco vereinen. Ein weiteres Beispiel ist die riesige Hassan-II.-Moschee, die teilweise \u00fcber dem Wasser liegt und deren Minarett mit Lasern nach Mekka gerichtet ist.<\/p>\n\n\n\n<h2 class=\"wp-block-heading\">Trends und Verbraucherbasis<\/h2>\n\n\n\n<p>Aufgrund der Pandemie und des Agrarschocks geriet die marokkanische Wirtschaft 2020 in eine Rezession. Die Regierung reagierte jedoch schnell und plante eine stetige Erholung.<\/p>\n\n\n\n<p>Die ersten F\u00e4lle von Covid-19 traten in Marokko Anfang 2020 auf. Seitdem hat sich das Verbraucherverhalten \u00fcberraschend ver\u00e4ndert. Diese Situation spiegelt auch das wider, was in einigen anderen L\u00e4ndern passiert ist. So begannen sich in Lebensmittelgesch\u00e4ften lange Schlangen aufgeregter Kunden zu bilden, die nach lebensnotwendigen G\u00fctern suchten. Infolgedessen mussten diese Unternehmen ihre Arbeitsmodelle \u00fcberdenken. Aus dem gleichen Grund f\u00fchrte dies dazu, dass sie sich grunds\u00e4tzlich f\u00fcr den E-Commerce entschieden. Dar\u00fcber hinaus trug diese Entscheidung dazu bei, das Risiko f\u00fcr die Kunden w\u00e4hrend der Covid-19-Pandemie zu begrenzen.<\/p>\n\n\n\n<h2 class=\"wp-block-heading\">St\u00e4rken des Marktes<\/h2>\n\n\n\n<ol class=\"wp-block-list\">\n<li>Der Kapitalmarkt ist gut entwickelt.<\/li>\n<\/ol>\n\n\n\n<p>Die marokkanische Regierung weist ein hohes Haushaltsdefizit auf. Ein einigerma\u00dfen entwickelter regionaler Kapitalmarkt konnte dieses Defizit jedoch verringern.<\/p>\n\n\n\n<ol start=\"2\" class=\"wp-block-list\">\n<li>Der K\u00f6nig ist ein stabilisierender Faktor der politischen Stabilit\u00e4t.<\/li>\n<\/ol>\n\n\n\n<p>Die Monarchie erfreut sich in Marokko gro\u00dfer Beliebtheit und deshalb k\u00f6nnen Konflikte zwischen den Parteien leichter gel\u00f6st werden.<\/p>\n\n\n\n<h2 class=\"wp-block-heading\">Gr\u00fcnde f\u00fcr den Ausbau Ihres Gesch\u00e4fts in Marokko<\/h2>\n\n\n\n<ol class=\"wp-block-list\">\n<li>Ausl\u00e4ndische Investoren haben einen gro\u00dfen Vorteil, da Marokkaner mehrere Sprachen sprechen.<\/li>\n\n\n\n<li>Marokko bietet das richtige Umfeld f\u00fcr die Gesch\u00e4ftsentwicklung.<\/li>\n\n\n\n<li>Marokko betrachtet Investitionen weiterhin als treibende Kraft. F\u00fcr nachhaltiges Wachstum braucht es Investitionen. Daher vereinfacht das Land Verfahren und bem\u00fcht sich, die Bedingungen f\u00fcr Investoren zu verbessern.<\/li>\n\n\n\n<li>Morocco is an exceptional <a href=\"https:\/\/www.sisinternational.com\/de\/abdeckung\/marktforschung-afrika\/marktforschung-in-sambia-afrika\/\" title=\"Marktforschung in Sambia, Afrika\"  data-wpil-monitor-id=\"5128\">market in Africa<\/a>.<\/li>\n<\/ol>\n\n\n\n<h2 class=\"wp-block-heading\">Marktforschung in Marokko, Nordafrika<\/h2>\n\n\n\n<p>Marktforschung kann ein hilfreiches Instrument f\u00fcr Ihren Gesch\u00e4ftserfolg sein. Durch die Erforschung Marokkos k\u00f6nnen Sie die richtigen Investitionsm\u00f6glichkeiten finden. Wir k\u00f6nnen Fokusgruppen, Umfragen und Interviews f\u00fcr Sie durchf\u00fchren. Wir bieten auch <a href=\"https:\/\/www.sisinternational.com\/de\/losungen\/qualitative-quantitative-forschungslosungen\/\">Qualitativ quantitativ<\/a>, Und <a href=\"https:\/\/www.sisinternational.com\/de\/losungen\/strategieberatung\/\">Strategie Forschung<\/a> \u00fcber den marokkanischen Markt. Diese Erkenntnisse werden den Erfolg Ihres Unternehmens erm\u00f6glichen.<\/p>\n\n\n\n<p>Wir sind hier, um Ihnen und Ihrem Unternehmen zum Erfolg in Marokko zu verhelfen.<\/p>\n\n\n\n<p><\/p>","protected":false},"excerpt":{"rendered":"<p>Marktforschung in Marokko: Durch Marktforschung k\u00f6nnen Sie die richtigen Investitionsm\u00f6glichkeiten finden. Wir sind hier, um Ihrem Unternehmen zum Erfolg zu verhelfen.<\/p>","protected":false},"author":1,"featured_media":65303,"parent":14281,"menu_order":33,"comment_status":"closed","ping_status":"closed","template":"","meta":{"footnotes":""},"class_list":["post-37915","page","type-page","status-publish","has-post-thumbnail"],"_links":{"self":[{"href":"https:\/\/www.sisinternational.com\/de\/wp-json\/wp\/v2\/pages\/37915","targetHints":{"allow":["GET"]}}],"collection":[{"href":"https:\/\/www.sisinternational.com\/de\/wp-json\/wp\/v2\/pages"}],"about":[{"href":"https:\/\/www.sisinternational.com\/de\/wp-json\/wp\/v2\/types\/page"}],"author":[{"embeddable":true,"href":"https:\/\/www.sisinternational.com\/de\/wp-json\/wp\/v2\/users\/1"}],"replies":[{"embeddable":true,"href":"https:\/\/www.sisinternational.com\/de\/wp-json\/wp\/v2\/comments?post=37915"}],"version-history":[{"count":6,"href":"https:\/\/www.sisinternational.com\/de\/wp-json\/wp\/v2\/pages\/37915\/revisions"}],"predecessor-version":[{"id":79003,"href":"https:\/\/www.sisinternational.com\/de\/wp-json\/wp\/v2\/pages\/37915\/revisions\/79003"}],"up":[{"embeddable":true,"href":"https:\/\/www.sisinternational.com\/de\/wp-json\/wp\/v2\/pages\/14281"}],"wp:featuredmedia":[{"embeddable":true,"href":"https:\/\/www.sisinternational.com\/de\/wp-json\/wp\/v2\/media\/65303"}],"wp:attachment":[{"href":"https:\/\/www.sisinternational.com\/de\/wp-json\/wp\/v2\/media?parent=37915"}],"curies":[{"name":"wp","href":"https:\/\/api.w.org\/{rel}","templated":true}]}}