{"id":37913,"date":"2021-06-25T09:17:44","date_gmt":"2021-06-25T09:17:44","guid":{"rendered":"https:\/\/www.sisinternational.com\/?page_id=37913"},"modified":"2025-09-14T17:24:47","modified_gmt":"2025-09-14T21:24:47","slug":"marktforschung-in-niger-afrika","status":"publish","type":"page","link":"https:\/\/www.sisinternational.com\/de\/abdeckung\/marktforschung-afrika\/marktforschung-in-niger-afrika\/","title":{"rendered":"Marktforschung in Niger, Afrika"},"content":{"rendered":"<h1 class=\"wp-block-heading\">Marktforschung in Niger<\/h1>\n\n\n\n<figure class=\"gb-block-image gb-block-image-67074810\"><img loading=\"lazy\" decoding=\"async\" width=\"1456\" height=\"816\" class=\"gb-image gb-image-67074810\" src=\"https:\/\/www.sisinternational.com\/wp-content\/uploads\/2025\/08\/Niger-1.jpg\" alt=\"SIS International Marktforschung &amp; Strategie\" title=\"Niger (1)\" srcset=\"https:\/\/www.sisinternational.com\/wp-content\/uploads\/2025\/08\/Niger-1.jpg 1456w, https:\/\/www.sisinternational.com\/wp-content\/uploads\/2025\/08\/Niger-1-300x168.jpg 300w, https:\/\/www.sisinternational.com\/wp-content\/uploads\/2025\/08\/Niger-1-1024x574.jpg 1024w, https:\/\/www.sisinternational.com\/wp-content\/uploads\/2025\/08\/Niger-1-768x430.jpg 768w, https:\/\/www.sisinternational.com\/wp-content\/uploads\/2025\/08\/Niger-1-18x10.jpg 18w\" sizes=\"auto, (max-width: 1456px) 100vw, 1456px\"><\/figure>\n\n\n\n<p><\/p>\n\n\n\n<p><a href=\"https:\/\/oec.world\/en\/profile\/country\/ner\" target=\"_blank\" rel=\"noopener\">Niger (official name: the Republic of Niger)<\/a> ist ein westafrikanischer Binnenstaat. Tats\u00e4chlich hat er seinen Namen vom Fluss Niger, der durch sein s\u00fcdwestliches Territorium flie\u00dft. Seine Hauptstadt ist Niamey. Algerien grenzt im Nordwesten, Libyen im Nordosten, der Tschad im Osten, Nigeria und Benin im S\u00fcden und Burkina Faso und Mali im Westen.<\/p>\n\n\n\n<p>Die Amtssprache ist Franz\u00f6sisch. Dar\u00fcber hinaus wird am h\u00e4ufigsten Hausa gesprochen, gefolgt von Songhai, Fula, Tamashek und Kanuri. Die Menschen sprechen auch Arabisch und Teda.<\/p>\n\n\n\n<p>Die Mehrheit bekennt sich zum sunnitischen Islam. Das Christentum ist nach wie vor eine Religion in den St\u00e4dten, insbesondere in Niamey. In einigen l\u00e4ndlichen Gebieten wird dagegen weiterhin die traditionelle animistische Religion der Schwarzafrikaner gepflegt.<\/p>\n\n\n\n<p>Die Niederschlagsmenge ist entscheidend daf\u00fcr, ob Nigers Nahrungsmittel- und Viehbestandsautark bleiben kann. Dar\u00fcber hinaus leidet das Land unter D\u00fcrren, die den Bedarf an Nahrungsmittelimporten und -hilfen erh\u00f6hen. Dennoch hat die Regierung in Bew\u00e4sserungsprojekte und ein \u201eProgramm f\u00fcr Anbau au\u00dferhalb der Saison\u201c investiert. Dieses Programm umfasst kleinma\u00dfst\u00e4bliche Produktions- und Bew\u00e4sserungsma\u00dfnahmen, um die D\u00fcrren zu umgehen.<\/p>\n\n\n\n<p>Die drei Hauptziele Nigers sind:<\/p>\n\n\n\n<ul class=\"wp-block-list\">\n<li>Die Wahrung der nationalen Einheit.<\/li>\n\n\n\n<li>Die Erh\u00f6hung des Lebensstandards.<\/li>\n\n\n\n<li>Wirtschaftliche Unabh\u00e4ngigkeit.<\/li>\n<\/ul>\n\n\n\n<h2 class=\"wp-block-heading\">Schl\u00fcsselindustrien in Niger<\/h2>\n\n\n\n<p>Landwirtschaft, Bergbau und Export sind in Niger von entscheidender Bedeutung.<\/p>\n\n\n\n<p>Landwirtschaft und landwirtschaftliche Produkte bilden den gr\u00f6\u00dften Sektor der nigrischen Wirtschaft, besch\u00e4ftigen die meisten Menschen und stellen den h\u00f6chsten Anteil am Bruttosozialprodukt dar. Zu den wichtigsten Nutzpflanzen z\u00e4hlen Hirse, Sorghum und Maniok, zusammen mit Zuckerrohr und Reis, die alle im Nigertal wachsen.<\/p>\n\n\n\n<p>Vieh und Fisch sind ebenfalls wichtige Exportg\u00fcter, und Tierz\u00fcchter z\u00fcchten Rinder, Schafe und Ziegen f\u00fcr Fleisch, Milch und Felle. Dar\u00fcber hinaus verwenden Kunsthandwerker die H\u00e4ute von Strau\u00dfen, Krokodilen und Schlangen f\u00fcr Kunsthandwerk. Der Hauptmarkt f\u00fcr dieses Kunsthandwerk ist Europa.<\/p>\n\n\n\n<p>Niger geh\u00f6rt zu den weltweit gr\u00f6\u00dften Uranproduzenten. Die meisten Uranvorkommen liegen in Zentralniger und die Produktion schwankt je nach Marktnachfrage.<\/p>\n\n\n\n<p>Investoren haben mehrere Fertigungsindustrien gegr\u00fcndet, die meisten davon in Niamey. Diese Industrien produzieren Chemikalien, Lebensmittel, Textilien, landwirtschaftliche Ger\u00e4te und Metallm\u00f6bel. Die Erd\u00f6lraffinerie befindet sich in einer anderen Stadt, Zinder.<\/p>\n\n\n\n<p>Der private Sektor besteht zum Teil aus vielen Kleinunternehmen, zum Teil aber auch aus Unternehmen gro\u00dfer franz\u00f6sischer oder internationaler Konzerne.<\/p>\n\n\n\n<h2 class=\"wp-block-heading\">Nachbarschaften<\/h2>\n\n\n\n<p>Niger hat vier Hauptst\u00e4dte: Niamey, Zinder, Maradi und Tahoua. Niamey, die Hauptstadt Nigers, liegt am Fluss Niger im S\u00fcdwesten der Republik. Die Ureinwohner gr\u00fcndeten Niamey als landwirtschaftliches Dorf. Es wurde 1926 zur Hauptstadt und wuchs nach dem Zweiten Weltkrieg.<\/p>\n\n\n\n<p>Niamey hat einen kosmopolitischen Charakter und schwankt zwischen europ\u00e4ischer und afrikanischer l\u00e4ndlicher \u00c4sthetik. Es gibt einen internationalen Flughafen. Stra\u00dfen verbinden Niamey auch mit Atlantikh\u00e4fen in Benin und Nigeria.<\/p>\n\n\n\n<p>Heute leben in Niamey H\u00e4ndler, Kaufleute, Beamte und Handwerker. Sie kommen aus Niger, aber auch aus Nigeria, Benin und Togo. Die meisten Menschen in Niamey arbeiten im Dienstleistungssektor.<\/p>\n\n\n\n<p>Etwa ein F\u00fcnftel der Bev\u00f6lkerung lebt in St\u00e4dten, doch viele der Landbewohner sind Nomaden. Niger hat etwa 10.000 D\u00f6rfer, von denen fast die H\u00e4lfte nur wenige hundert Einwohner hat. In der W\u00fcstenzone gibt es keine D\u00f6rfer.<\/p>\n\n\n\n<h2 class=\"wp-block-heading\">Trends in Niger<\/h2>\n\n\n\n<p>Die Zahl der Internetnutzer in Niger ist im Jahr 2021 gestiegen.<\/p>\n\n\n\n<p>Aufgrund der COVID-19-Pandemie ging das Wirtschaftswachstum zur\u00fcck. In den letzten Jahren kam es auch in Niger zu gewaltt\u00e4tigen Terroranschl\u00e4gen. \u00d6konomen prognostizieren jedoch eine wirtschaftliche Trendwende. Die nigerianische Grenze wurde wieder ge\u00f6ffnet und bedeutende Investitionsprojekte wurden wieder aufgenommen. Auch die Lieferketten haben sich wieder normalisiert.<\/p>\n\n\n\n<h2 class=\"wp-block-heading\">Vorteile und St\u00e4rken des Marktes<\/h2>\n\n\n\n<p>Als Entwicklungsland mit vielen Rohstoffen bietet Niger Investitionspotenzial. Es verf\u00fcgt \u00fcber riesige Landfl\u00e4chen, die sich f\u00fcr eine intensive Agrarwirtschaft eignen. Diese L\u00e4ndereien eignen sich auch ideal f\u00fcr die Viehzucht.<\/p>\n\n\n\n<p>Niger ist ein f\u00fchrender Uranproduzent. Sein Boden ist reich an Mineralvorkommen wie Uran, \u00d6l und Gas, Gold, Eisen und Phosphaten. Au\u00dferdem liefert es Kohle, Kalkstein, Gips und Kassiterit.<\/p>\n\n\n\n<p>Niger hat viele Handelspartner. Zu den wichtigsten z\u00e4hlen Nigeria, Frankreich und China.<\/p>\n\n\n\n<h2 class=\"wp-block-heading\">Verbraucherbasis in Niger<\/h2>\n\n\n\n<p>Niger hat eine niedrige Alphabetisierungsrate bei Erwachsenen: eine der niedrigsten in Westafrika. Verschiedene Organisationen f\u00fchren Alphabetisierungsprogramme in den f\u00fcnf wichtigsten afrikanischen Sprachen durch.<\/p>\n\n\n\n<p>Die Schulbildung ist in Niger kostenlos, doch nur ein verschwindender Anteil der Kinder besucht die Schule.<\/p>\n\n\n\n<p>Niger weist eine hohe Geburten- und Bev\u00f6lkerungswachstumsrate auf, die zu den h\u00f6chsten weltweit z\u00e4hlt. Die Sterberate des Landes geh\u00f6rt zu den h\u00f6chsten in Afrika. Die Lebenserwartung betr\u00e4gt f\u00fcr M\u00e4nner etwa 58 und f\u00fcr Frauen 61 Jahre. Nigers Bev\u00f6lkerung ist insgesamt jung. Fast die H\u00e4lfte der Menschen ist unter 15 Jahre alt und etwa ein Viertel ist zwischen 15 und 29 Jahre alt.<\/p>\n\n\n\n<h2 class=\"wp-block-heading\">Warum sollten Sie Ihr Gesch\u00e4ft auf dem nigrischen Markt ausbauen?<\/h2>\n\n\n\n<p>Das Potenzial des Landes voll auszusch\u00f6pfen, kann sich als lohnenswert erweisen. Eine M\u00f6glichkeit besteht darin, in die Expansion und Entwicklung der nigrischen Industrie zu investieren.<\/p>\n\n\n\n<p>Niger f\u00f6rdert die Wirtschaftsbeziehungen zwischen afrikanischen L\u00e4ndern. Neben seiner Mitgliedschaft in der Afrikanischen Union ist Niger auch Mitglied regionaler Gruppen, die zu seiner Entwicklung beitragen. Dazu geh\u00f6ren der Conseil de L&#039;Enfant und die Wirtschaftsgemeinschaft westafrikanischer Staaten. Niger ist auch Mitglied der Afrikanischen Kontinentalen Freihandelszone. Diese letzte Gruppe unterst\u00fctzt die Entwicklung des Landes, der Infrastruktur und der Wirtschaft.<\/p>\n\n\n\n<h2 class=\"wp-block-heading\">\u00dcber Marktforschung in Niger<\/h2>\n\n\n\n<p>Umfragen, die eine breite Palette von Nigrern ansprechen, k\u00f6nnen dabei helfen, den \u00dcberblick \u00fcber aktuelle Trends und Grundbed\u00fcrfnisse zu behalten. Gut platzierte Fokusgruppen und Marktforschung k\u00f6nnen dabei helfen, herauszufinden, wie man am besten in Niger investiert.<\/p>\n\n\n\n<p><a href=\"https:\/\/www.sisinternational.com\/de\/was-ist-qualitative-forschung\/\" target=\"_blank\" rel=\"noopener\">Qualitativ<\/a>, <a href=\"https:\/\/www.sisinternational.com\/de\/was-ist-quantitative-forschung-2\/\" target=\"_blank\" rel=\"noopener\">Quantitativ<\/a>, Und <a href=\"https:\/\/www.sisinternational.com\/de\/losungen\/strategieberatung\/wie-strategieforschung-ihre-leistung-steigern-kann\/\" target=\"_blank\" rel=\"noopener\">Strategie Forschung<\/a> ist ebenfalls wichtig. Es hilft potenziellen Investoren, sich f\u00fcr bessere und effizientere Infrastrukturen und Systeme zu entscheiden. Es zeigt ihnen auch, welche Produkte f\u00fcr Niger besser geeignet sind und h\u00f6here Renditen erm\u00f6glichen.<\/p>\n\n\n\n<p><\/p>","protected":false},"excerpt":{"rendered":"<p>Niger ist ein f\u00fchrender Uranproduzent. Sein Boden ist reich an Mineralvorkommen wie Uran, \u00d6l und Gas, Gold, Eisen und Phosphaten. <\/p>","protected":false},"author":1,"featured_media":65321,"parent":14281,"menu_order":32,"comment_status":"closed","ping_status":"closed","template":"","meta":{"_uag_custom_page_level_css":"","footnotes":""},"class_list":["post-37913","page","type-page","status-publish","has-post-thumbnail"],"uagb_featured_image_src":{"full":["https:\/\/www.sisinternational.com\/wp-content\/uploads\/2025\/08\/Niger-1.jpg",1456,816,false],"thumbnail":["https:\/\/www.sisinternational.com\/wp-content\/uploads\/2025\/08\/Niger-1-150x150.jpg",150,150,true],"medium":["https:\/\/www.sisinternational.com\/wp-content\/uploads\/2025\/08\/Niger-1-300x168.jpg",300,168,true],"medium_large":["https:\/\/www.sisinternational.com\/wp-content\/uploads\/2025\/08\/Niger-1-768x430.jpg",768,430,true],"large":["https:\/\/www.sisinternational.com\/wp-content\/uploads\/2025\/08\/Niger-1-1024x574.jpg",1024,574,true],"1536x1536":["https:\/\/www.sisinternational.com\/wp-content\/uploads\/2025\/08\/Niger-1.jpg",1456,816,false],"2048x2048":["https:\/\/www.sisinternational.com\/wp-content\/uploads\/2025\/08\/Niger-1.jpg",1456,816,false],"trp-custom-language-flag":["https:\/\/www.sisinternational.com\/wp-content\/uploads\/2025\/08\/Niger-1-18x10.jpg",18,10,true]},"uagb_author_info":{"display_name":"Ruth Stanat","author_link":"https:\/\/www.sisinternational.com\/de\/author\/expert\/"},"uagb_comment_info":0,"uagb_excerpt":"Niger is a leading producer of uranium. Its soil is rich in mineral deposits such as uranium, oil and gas, gold, iron, and phosphates.","_links":{"self":[{"href":"https:\/\/www.sisinternational.com\/de\/wp-json\/wp\/v2\/pages\/37913","targetHints":{"allow":["GET"]}}],"collection":[{"href":"https:\/\/www.sisinternational.com\/de\/wp-json\/wp\/v2\/pages"}],"about":[{"href":"https:\/\/www.sisinternational.com\/de\/wp-json\/wp\/v2\/types\/page"}],"author":[{"embeddable":true,"href":"https:\/\/www.sisinternational.com\/de\/wp-json\/wp\/v2\/users\/1"}],"replies":[{"embeddable":true,"href":"https:\/\/www.sisinternational.com\/de\/wp-json\/wp\/v2\/comments?post=37913"}],"version-history":[{"count":2,"href":"https:\/\/www.sisinternational.com\/de\/wp-json\/wp\/v2\/pages\/37913\/revisions"}],"predecessor-version":[{"id":68546,"href":"https:\/\/www.sisinternational.com\/de\/wp-json\/wp\/v2\/pages\/37913\/revisions\/68546"}],"up":[{"embeddable":true,"href":"https:\/\/www.sisinternational.com\/de\/wp-json\/wp\/v2\/pages\/14281"}],"wp:featuredmedia":[{"embeddable":true,"href":"https:\/\/www.sisinternational.com\/de\/wp-json\/wp\/v2\/media\/65321"}],"wp:attachment":[{"href":"https:\/\/www.sisinternational.com\/de\/wp-json\/wp\/v2\/media?parent=37913"}],"curies":[{"name":"wp","href":"https:\/\/api.w.org\/{rel}","templated":true}]}}