{"id":37911,"date":"2021-06-25T08:50:15","date_gmt":"2021-06-25T08:50:15","guid":{"rendered":"https:\/\/www.sisinternational.com\/?page_id=37911"},"modified":"2025-09-14T17:30:59","modified_gmt":"2025-09-14T21:30:59","slug":"marktforschung-in-ruanda-afrika","status":"publish","type":"page","link":"https:\/\/www.sisinternational.com\/de\/abdeckung\/marktforschung-afrika\/marktforschung-in-ruanda-afrika\/","title":{"rendered":"Marktforschung in Ruanda, Afrika"},"content":{"rendered":"<h1 class=\"wp-block-heading\">Marktforschung in Ruanda<\/h1>\n\n\n\n<figure class=\"gb-block-image gb-block-image-0ad5b177\"><img loading=\"lazy\" decoding=\"async\" width=\"1456\" height=\"816\" class=\"gb-image gb-image-0ad5b177\" src=\"https:\/\/www.sisinternational.com\/wp-content\/uploads\/2025\/08\/Rwanda-1.jpg\" alt=\"SIS International Marktforschung &amp; Strategie\" title=\"Rwanda, (1)\" srcset=\"https:\/\/www.sisinternational.com\/wp-content\/uploads\/2025\/08\/Rwanda-1.jpg 1456w, https:\/\/www.sisinternational.com\/wp-content\/uploads\/2025\/08\/Rwanda-1-300x168.jpg 300w, https:\/\/www.sisinternational.com\/wp-content\/uploads\/2025\/08\/Rwanda-1-1024x574.jpg 1024w, https:\/\/www.sisinternational.com\/wp-content\/uploads\/2025\/08\/Rwanda-1-768x430.jpg 768w, https:\/\/www.sisinternational.com\/wp-content\/uploads\/2025\/08\/Rwanda-1-18x10.jpg 18w\" sizes=\"auto, (max-width: 1456px) 100vw, 1456px\"><\/figure>\n\n\n\n<p><\/p>\n\n\n\n<h2 class=\"wp-block-heading\">Nachbarschaften<\/h2>\n\n\n\n<p><a href=\"https:\/\/oec.world\/en\/profile\/country\/rwa\" target=\"_blank\" rel=\"noopener\">Ruanda ist ein kleines Binnenland<\/a> entlang des Gro\u00dfen Afrikanischen Grabenbruchs. Es erstreckt sich \u00fcber etwas mehr als 16.000 Quadratkilometer und hat eine Bev\u00f6lkerung von 12 Millionen Menschen.<\/p>\n\n\n\n<p>Zu Ruandas Nachbarl\u00e4ndern z\u00e4hlen die Vereinigte Republik Tansania, Burundi, Uganda und die Demokratische Republik Kongo. Da diese Nachbarl\u00e4nder Ruanda umgeben, ist eine seiner Herausforderungen der fehlende Zugang zum Indischen Ozean. Der demografische Druck ist auch eine gro\u00dfe Herausforderung f\u00fcr Ruanda.<\/p>\n\n\n\n<p>1994 w\u00fctete der Hutu-Stamm und massakrierte etwa eine Million Tutsi. Trotz dieses V\u00f6lkermords hat Ruanda in den letzten Jahren einen bemerkenswerten wirtschaftlichen Wandel erlebt. Heute geh\u00f6rt es zu den erfolgreichsten wissensbasierten Volkswirtschaften des Kontinents. Manche bezeichnen seine Erfolge sogar als geradezu ein Wunder.<\/p>\n\n\n\n<h2 class=\"wp-block-heading\">Trends<\/h2>\n\n\n\n<p>Ruanda hat Probleme mit \u00dcberbev\u00f6lkerung und eine sehr hohe Bev\u00f6lkerungsdichte \u2013 eine der h\u00f6chsten in Afrika. Zudem leben hier durchschnittlich 1.000 Menschen pro Quadratmeile, und die Ressourcen reichen kaum f\u00fcr alle. Infolgedessen ersticken die landwirtschaftlichen Ressourcen seit vielen Jahren.<\/p>\n\n\n\n<p>Ruanda besteht zu 97 Prozent aus Land und zu 3 Prozent aus Wasser. Str\u00e4nde gibt es in Ruanda nur wenige, die meisten sind im Vergleich zu anderen afrikanischen L\u00e4ndern nicht sehr sch\u00f6n.<\/p>\n\n\n\n<p>Der ruandische Markt ist der eines wirtschaftlichen Entwicklungslandes, das Experten als Dritte-Welt-Land mit Erstwelt-Kennzahlen bezeichnen. Sie erwarten, dass Ruanda bald ein extremes Wirtschaftswachstum erleben wird.<\/p>\n\n\n\n<p>Mit aufgeschlossenen Investoren k\u00f6nnte Ruanda zu einem Land der Oberschicht werden. Dar\u00fcber hinaus kann Ruanda mit einigen der am weitesten entwickelten L\u00e4nder der Welt konkurrieren, wenn es um die Leichtigkeit der Gesch\u00e4ftsabwicklung geht. Im Korruptionsindex schneidet das Land ebenfalls schlecht ab.<\/p>\n\n\n\n<h2 class=\"wp-block-heading\">Schl\u00fcsselindustrien<\/h2>\n\n\n\n<p>Zu den wichtigsten Industriezweigen Ruandas z\u00e4hlen Landwirtschaft, Gastgewerbe und Handel. Dar\u00fcber hinaus gibt es in den verschiedenen Sektoren Ruandas zahlreiche Gesch\u00e4ftsm\u00f6glichkeiten.<\/p>\n\n\n\n<p>Ruandas Exportprodukte sind Kaffee, Kassiterit und Zinn. In j\u00fcngster Zeit ist ein deutlicher Anstieg der Diamantenexporte zu verzeichnen.<\/p>\n\n\n\n<p>Ihre wichtigsten Exportpartner sind:<\/p>\n\n\n\n<ul class=\"wp-block-list\">\n<li>Deutschland<\/li>\n\n\n\n<li>Kenia<\/li>\n\n\n\n<li>Belgien<\/li>\n\n\n\n<li>Brasilien<\/li>\n\n\n\n<li>Pakistan<\/li>\n<\/ul>\n\n\n\n<h2 class=\"wp-block-heading\">Verbraucherbasis<\/h2>\n\n\n\n<p>Ruandas Hauptimportg\u00fcter sind Rohzucker, raffiniertes Erd\u00f6l und Gold. Nat\u00fcrlich darf man nicht vergessen, dass Ruanda ein Entwicklungsland ist und die Bev\u00f6lkerung nicht viel zum Leben hat. Dennoch sind die aktuellen Wirtschaftswachstumsraten des Landes vielversprechend. Experten erwarten, dass dieses Wachstum mehr Arbeitspl\u00e4tze schaffen wird. Au\u00dferdem d\u00fcrfte es die Armutsquote senken.<\/p>\n\n\n\n<p>Die Mehrheit der Bev\u00f6lkerung in Ruanda kann sich Ihre Produkte und Dienstleistungen m\u00f6glicherweise nicht leisten. Doch auf lange Sicht werden sich ihre wirtschaftlichen Aussichten verbessern und Sie werden einen robusteren Markt haben. Nat\u00fcrlich h\u00e4ngt diese Prognose von bestimmten Faktoren ab. Sie sind zum Beispiel auf die Nachfrage nach bestimmten Waren und Dienstleistungen angewiesen.<\/p>\n\n\n\n<h2 class=\"wp-block-heading\">Gr\u00fcnde f\u00fcr den Ausbau Ihres Gesch\u00e4fts in Ruanda<\/h2>\n\n\n\n<p>Ruanda ist heute ein stabiles Land. Im Vergleich zu anderen L\u00e4ndern Afrikas herrscht hier Frieden und es gibt dort nur sehr wenig Gewalt. Au\u00dferdem sind die Ruander liebensw\u00fcrdige Menschen und helfen gern denen, die Hilfe brauchen.<\/p>\n\n\n\n<p>Ruanda hat in letzter Zeit ein anhaltendes Wirtschaftswachstum erlebt. Dieses Wachstum ist ein weiterer Grund, warum Sie erw\u00e4gen sollten, dort Ihr Gesch\u00e4ft zu er\u00f6ffnen. Es hat jetzt eine schnell wachsende Wirtschaft mit einem hohen BIP. Es ist eine perfekte Investitionsm\u00f6glichkeit, die Ihre \u00dcberlegung definitiv wert ist.<\/p>\n\n\n\n<p>Da COVID-19 eine Bedrohung f\u00fcr die Menschheit darstellt, hat Ruanda seine Ma\u00dfnahmen gut im Griff. Das Gesundheitsministerium hat Regeln und Vorschriften erlassen, um die Ausbreitung des Virus zu verhindern. Diese Ma\u00dfnahme f\u00fchrte zu einer geringen Zahl von Infektionen, was das Land trotz der Pandemie zu einem der besten Investitionsl\u00e4nder macht.<\/p>\n\n\n\n<h2 class=\"wp-block-heading\">\u00dcber Marktforschung in Ruanda<\/h2>\n\n\n\n<p>M\u00f6chten Sie Ihr Gesch\u00e4ft in Ruanda ausbauen? Sind Sie an der j\u00fcngsten epischen Wirtschaftswachstumsrate interessiert? Wir sind hier, um Ihnen die besten Informationen zu liefern, die Sie ben\u00f6tigen. So k\u00f6nnen Sie sich Ihrer Entscheidung hundertprozentig bewusst sein und sicher sein. Wir tun <a href=\"https:\/\/www.sisinternational.com\/de\/was-ist-qualitative-forschung\/\" target=\"_blank\" rel=\"noopener\">Qualitativ<\/a>, <a href=\"https:\/\/www.sisinternational.com\/de\/was-ist-quantitative-forschung-2\/\" target=\"_blank\" rel=\"noopener\">Quantitativ<\/a>, Und <a href=\"https:\/\/www.sisinternational.com\/de\/losungen\/strategieberatung\/wie-strategieforschung-ihre-leistung-steigern-kann\/\" target=\"_blank\" rel=\"noopener\">Strategie Forschung<\/a> unter Verwendung einer Reihe zuverl\u00e4ssiger Quellen.<\/p>\n\n\n\n<p>Wir hoffen, dass dieser Artikel Ihnen Antworten auf Ihre Fragen zum Investieren in Ruanda gegeben hat.<\/p>\n\n\n\n<p><\/p>","protected":false},"excerpt":{"rendered":"<p>Ruanda importiert vor allem Rohzucker, raffiniertes Erd\u00f6l und Gold. Zu den wichtigsten Industriezweigen Ruandas z\u00e4hlen Landwirtschaft, Gastgewerbe und Handel.<\/p>","protected":false},"author":1,"featured_media":65349,"parent":14281,"menu_order":31,"comment_status":"closed","ping_status":"closed","template":"","meta":{"footnotes":""},"class_list":["post-37911","page","type-page","status-publish","has-post-thumbnail"],"_links":{"self":[{"href":"https:\/\/www.sisinternational.com\/de\/wp-json\/wp\/v2\/pages\/37911","targetHints":{"allow":["GET"]}}],"collection":[{"href":"https:\/\/www.sisinternational.com\/de\/wp-json\/wp\/v2\/pages"}],"about":[{"href":"https:\/\/www.sisinternational.com\/de\/wp-json\/wp\/v2\/types\/page"}],"author":[{"embeddable":true,"href":"https:\/\/www.sisinternational.com\/de\/wp-json\/wp\/v2\/users\/1"}],"replies":[{"embeddable":true,"href":"https:\/\/www.sisinternational.com\/de\/wp-json\/wp\/v2\/comments?post=37911"}],"version-history":[{"count":2,"href":"https:\/\/www.sisinternational.com\/de\/wp-json\/wp\/v2\/pages\/37911\/revisions"}],"predecessor-version":[{"id":68551,"href":"https:\/\/www.sisinternational.com\/de\/wp-json\/wp\/v2\/pages\/37911\/revisions\/68551"}],"up":[{"embeddable":true,"href":"https:\/\/www.sisinternational.com\/de\/wp-json\/wp\/v2\/pages\/14281"}],"wp:featuredmedia":[{"embeddable":true,"href":"https:\/\/www.sisinternational.com\/de\/wp-json\/wp\/v2\/media\/65349"}],"wp:attachment":[{"href":"https:\/\/www.sisinternational.com\/de\/wp-json\/wp\/v2\/media?parent=37911"}],"curies":[{"name":"wp","href":"https:\/\/api.w.org\/{rel}","templated":true}]}}