{"id":37909,"date":"2021-06-25T08:13:35","date_gmt":"2021-06-25T08:13:35","guid":{"rendered":"https:\/\/www.sisinternational.com\/?page_id=37909"},"modified":"2025-09-14T17:29:21","modified_gmt":"2025-09-14T21:29:21","slug":"marktforschung-im-senegal-afrika","status":"publish","type":"page","link":"https:\/\/www.sisinternational.com\/de\/abdeckung\/marktforschung-afrika\/marktforschung-im-senegal-afrika\/","title":{"rendered":"Marktforschung im Senegal, Afrika"},"content":{"rendered":"<h1 class=\"wp-block-heading\">Marktforschung im Senegal<\/h1>\n\n\n\n<figure class=\"gb-block-image gb-block-image-c0d25b66\"><img loading=\"lazy\" decoding=\"async\" width=\"1456\" height=\"816\" class=\"gb-image gb-image-c0d25b66\" src=\"https:\/\/www.sisinternational.com\/wp-content\/uploads\/2025\/08\/Senegal-3.jpg\" alt=\"SIS International Marktforschung &amp; Strategie\" title=\"Senegal, (3)\" srcset=\"https:\/\/www.sisinternational.com\/wp-content\/uploads\/2025\/08\/Senegal-3.jpg 1456w, https:\/\/www.sisinternational.com\/wp-content\/uploads\/2025\/08\/Senegal-3-300x168.jpg 300w, https:\/\/www.sisinternational.com\/wp-content\/uploads\/2025\/08\/Senegal-3-1024x574.jpg 1024w, https:\/\/www.sisinternational.com\/wp-content\/uploads\/2025\/08\/Senegal-3-768x430.jpg 768w, https:\/\/www.sisinternational.com\/wp-content\/uploads\/2025\/08\/Senegal-3-18x10.jpg 18w\" sizes=\"auto, (max-width: 1456px) 100vw, 1456px\"><\/figure>\n\n\n\n<p><\/p>\n\n\n\n<p>Gambia umgibt teilweise die <a href=\"https:\/\/oec.world\/en\/profile\/country\/sen\" target=\"_blank\" rel=\"noopener\">Westafrikanische Republik Senegal<\/a> im Norden, S\u00fcden und Westen. Guinea und Guinea-Bissau liegen s\u00fcdlich von Senegal, und Mali grenzt im Osten an. Die Amtssprache Senegals ist Franz\u00f6sisch.<\/p>\n\n\n\n<h2 class=\"wp-block-heading\">Schl\u00fcsselindustrien<\/h2>\n\n\n\n<p>Zu den wichtigsten Industriezweigen Senegals z\u00e4hlen Landwirtschaft, Fertigung, Lebensmittel und Getr\u00e4nke, Textil, Bauwesen und Werkstoffe. Weitere wichtige Industriezweige sind die Chemie-, Energie-, Bergbau- und Kohlenwasserstoffbranche.<\/p>\n\n\n\n<p>Der Agrarsektor ist der wichtigste Wirtschaftszweig. Er ist nicht nur f\u00fcr das \u00dcberleben eines Gro\u00dfteils der Bev\u00f6lkerung von entscheidender Bedeutung, er ist auch f\u00fcr den Gro\u00dfteil des ausl\u00e4ndischen Kapitals im Senegal verantwortlich. Er tr\u00e4gt auch einen gro\u00dfen Teil zum BIP bei und besch\u00e4ftigt etwa ein Drittel aller Arbeitnehmer.<\/p>\n\n\n\n<p>Der Industriesektor tr\u00e4gt ebenfalls stark zum BIP bei und besch\u00e4ftigt einen Gro\u00dfteil der Arbeitskr\u00e4fte. Er ist mit der Verarbeitung landwirtschaftlicher Produkte wie Erdnuss\u00f6l und der Verpackung von Meeresfr\u00fcchten befasst.<\/p>\n\n\n\n<p>Von entscheidender Bedeutung ist auch der Dienstleistungssektor, zu dem unter anderem die wachsende Telekommunikations- und Tourismusbranche z\u00e4hlt.<\/p>\n\n\n\n<h2 class=\"wp-block-heading\">Stadtteile in Senegal<\/h2>\n\n\n\n<h3 class=\"wp-block-heading\">Dakar<\/h3>\n\n\n\n<p>Die Hauptstadt und wichtigste Stadt Senegals (sowohl hinsichtlich der Einwohnerzahl als auch der Gesamtfl\u00e4che) ist Dakar. Dakar ist ein strategischer Ausgangspunkt f\u00fcr den europ\u00e4ischen Handel. Es bietet Attraktionen wie Moscheen, M\u00e4rkte, das IFAN-Museum und die Insel Gor\u00e9e.<\/p>\n\n\n\n<h3 class=\"wp-block-heading\">Touba<\/h3>\n\n\n\n<p>Touba liegt im Zentrum Senegals und ist derzeit die zweitgr\u00f6\u00dfte Stadt hinsichtlich der Einwohnerzahl. Die Muslime in Touba veranstalten jedes Jahr eine Pilgerfahrt namens Grand Magai, an der jedes Jahr Millionen von Einheimischen und Ausl\u00e4ndern teilnehmen.<\/p>\n\n\n\n<h3 class=\"wp-block-heading\">Rufisque<\/h3>\n\n\n\n<p>Rufisque ist eine Stadt und ein kleiner Hafen \u00f6stlich von Dakar, ein h\u00e4ufig genutzter Verkehrsknotenpunkt der Eisenbahnstrecken Dakar-Niger und Dakar-Saint-Louis. Es gibt dort eine Leichtindustrie mit \u00d6l-, Kalk- und Zementwerken. Dar\u00fcber hinaus gibt es in der Stadt viele M\u00e4rkte und ein Handwerkerdorf mit wundersch\u00f6nen Str\u00e4nden.<\/p>\n\n\n\n<h2 class=\"wp-block-heading\">Trends<\/h2>\n\n\n\n<p>Obwohl Senegal eine wachsende Wirtschaft hat, hat die j\u00fcngste Pandemie sein \u00dcberleben beeintr\u00e4chtigt. Aufgrund von COVID-19 ist es zu einem R\u00fcckgang im Tourismus- und Dienstleistungssektor der Wirtschaft gekommen. Senegal geht davon aus, dass sich die Wirtschaft fr\u00fcher oder sp\u00e4ter durch privaten Konsum und Investitionen erholen wird.<\/p>\n\n\n\n<p>Die senegalesische Regierung plant, das ungenutzte landwirtschaftliche Potenzial des Landes zu nutzen. Dieser Schritt soll die Ern\u00e4hrungssicherheit erh\u00f6hen und die Ern\u00e4hrung der Bev\u00f6lkerung verbessern.<\/p>\n\n\n\n<h2 class=\"wp-block-heading\">Vorteile und St\u00e4rken des Marktes<\/h2>\n\n\n\n<p>Der Agrarsektor ist Senegals ganzer Stolz und das Land z\u00e4hlt zu den gr\u00f6\u00dften Erdnussproduzenten der Welt. Dar\u00fcber hinaus verf\u00fcgt es \u00fcber mineralreiche B\u00f6den und ein ausgezeichnetes Klima. Ein weiterer wichtiger Punkt ist, dass der senegalesische Markt zug\u00e4nglich ist und Unternehmen enorme Gewinne erzielen k\u00f6nnen.<\/p>\n\n\n\n<h2 class=\"wp-block-heading\">Verbraucherbasis im Senegal<\/h2>\n\n\n\n<p>Senegals Wirtschaft w\u00e4chst. Allerdings hat dieses Wirtschaftswachstum keine Arbeitspl\u00e4tze f\u00fcr die Jugend geschaffen. Die Alphabetisierungsrate ist nach wie vor auf einem historischen Tiefstand. Der Gro\u00dfteil der Bev\u00f6lkerung ist entweder arbeitslos oder arbeitet f\u00fcr den Mindestlohn. Leider f\u00fchren diese Faktoren nicht zu einem starken Verbrauchermarkt unter den Senegalesen.<\/p>\n\n\n\n<h2 class=\"wp-block-heading\">Gr\u00fcnde f\u00fcr den Ausbau Ihres Gesch\u00e4fts im Senegal<\/h2>\n\n\n\n<p>Senegal ist ein Land mit vielen Einfl\u00fcssen. Jeder Investor, unabh\u00e4ngig von seiner Herkunft, kann in Senegal sicherlich erfolgreich sein. Da es ein liberales Land ist, mangelt es nie an Unterst\u00fctzung durch die Beh\u00f6rden und Politiker. Dar\u00fcber hinaus dient es als wichtiges Tor zu wichtigen Exportm\u00e4rkten in Europa, Asien und Amerika.<\/p>\n\n\n\n<h2 class=\"wp-block-heading\">\u00dcber Marktforschung im Senegal<\/h2>\n\n\n\n<p>Bei jedem Vorsto\u00df in einen neuen Markt ist es wichtig, <a href=\"https:\/\/www.sisinternational.com\/de\/was-ist-quantitative-forschung-2\/\" target=\"_blank\" rel=\"noopener\">Quantitativ<\/a>, <a href=\"https:\/\/www.sisinternational.com\/de\/was-ist-qualitative-forschung\/\" target=\"_blank\" rel=\"noopener\">Qualitativ<\/a>, Und <a href=\"https:\/\/www.sisinternational.com\/de\/losungen\/strategieberatung\/wie-strategieforschung-ihre-leistung-steigern-kann\/\" target=\"_blank\" rel=\"noopener\">Strategieforschung<\/a>. Dar\u00fcber hinaus vermitteln Interaktionen mit den Verbrauchern ein tieferes Verst\u00e4ndnis des Marktes. Sie k\u00f6nnen Ihrem Unternehmen auch dabei helfen, potenzielle Partner zu gewinnen.<\/p>\n\n\n\n<p>Marktforschung kann auch Fokusgruppen, Interviews und Umfragen umfassen. Jede dieser Methoden hat ihre Vorz\u00fcge, und zusammen k\u00f6nnen sie Ihr Unternehmen zu einem st\u00e4rkeren Akteur auf dem senegalesischen Markt machen.<\/p>\n\n\n\n<p><\/p>","protected":false},"excerpt":{"rendered":"<p>Der Agrarsektor ist Senegals ganzer Stolz und das Land gilt als einer der gr\u00f6\u00dften Erdnussproduzenten der Welt.<\/p>","protected":false},"author":1,"featured_media":65209,"parent":14281,"menu_order":30,"comment_status":"closed","ping_status":"closed","template":"","meta":{"footnotes":""},"class_list":["post-37909","page","type-page","status-publish","has-post-thumbnail"],"_links":{"self":[{"href":"https:\/\/www.sisinternational.com\/de\/wp-json\/wp\/v2\/pages\/37909","targetHints":{"allow":["GET"]}}],"collection":[{"href":"https:\/\/www.sisinternational.com\/de\/wp-json\/wp\/v2\/pages"}],"about":[{"href":"https:\/\/www.sisinternational.com\/de\/wp-json\/wp\/v2\/types\/page"}],"author":[{"embeddable":true,"href":"https:\/\/www.sisinternational.com\/de\/wp-json\/wp\/v2\/users\/1"}],"replies":[{"embeddable":true,"href":"https:\/\/www.sisinternational.com\/de\/wp-json\/wp\/v2\/comments?post=37909"}],"version-history":[{"count":3,"href":"https:\/\/www.sisinternational.com\/de\/wp-json\/wp\/v2\/pages\/37909\/revisions"}],"predecessor-version":[{"id":68550,"href":"https:\/\/www.sisinternational.com\/de\/wp-json\/wp\/v2\/pages\/37909\/revisions\/68550"}],"up":[{"embeddable":true,"href":"https:\/\/www.sisinternational.com\/de\/wp-json\/wp\/v2\/pages\/14281"}],"wp:featuredmedia":[{"embeddable":true,"href":"https:\/\/www.sisinternational.com\/de\/wp-json\/wp\/v2\/media\/65209"}],"wp:attachment":[{"href":"https:\/\/www.sisinternational.com\/de\/wp-json\/wp\/v2\/media?parent=37909"}],"curies":[{"name":"wp","href":"https:\/\/api.w.org\/{rel}","templated":true}]}}