{"id":37850,"date":"2021-06-15T07:17:50","date_gmt":"2021-06-15T07:17:50","guid":{"rendered":"https:\/\/www.sisinternational.com\/?page_id=37850"},"modified":"2025-09-08T00:40:47","modified_gmt":"2025-09-08T04:40:47","slug":"marktforschung-in-gambia-afrika","status":"publish","type":"page","link":"https:\/\/www.sisinternational.com\/de\/abdeckung\/marktforschung-afrika\/marktforschung-in-gambia-afrika\/","title":{"rendered":"Marktforschung in Gambia, Afrika"},"content":{"rendered":"<h1 class=\"wp-block-heading\">Marktforschung in Gambia, Afrika<\/h1>\n\n\n\n<figure class=\"gb-block-image gb-block-image-78ebaf4a\"><img loading=\"lazy\" decoding=\"async\" width=\"1456\" height=\"816\" class=\"gb-image gb-image-78ebaf4a\" src=\"https:\/\/www.sisinternational.com\/wp-content\/uploads\/2025\/08\/Gambia-3.jpg\" alt=\"SIS International Marktforschung &amp; Strategie\" title=\"Gambia, (3)\" srcset=\"https:\/\/www.sisinternational.com\/wp-content\/uploads\/2025\/08\/Gambia-3.jpg 1456w, https:\/\/www.sisinternational.com\/wp-content\/uploads\/2025\/08\/Gambia-3-300x168.jpg 300w, https:\/\/www.sisinternational.com\/wp-content\/uploads\/2025\/08\/Gambia-3-1024x574.jpg 1024w, https:\/\/www.sisinternational.com\/wp-content\/uploads\/2025\/08\/Gambia-3-768x430.jpg 768w, https:\/\/www.sisinternational.com\/wp-content\/uploads\/2025\/08\/Gambia-3-18x10.jpg 18w\" sizes=\"auto, (max-width: 1456px) 100vw, 1456px\"><\/figure>\n\n\n\n<p><\/p>\n\n\n\n<p><a href=\"https:\/\/oec.world\/en\/profile\/country\/gmb\" target=\"_blank\" rel=\"noopener\">Gambia liegt an der Westk\u00fcste Afrikas<\/a>, und sein unmittelbarer Nachbar ist Senegal. Es ist das kleinste Land auf dem afrikanischen Festland. Der Gambia-Fluss flie\u00dft direkt durch die Mitte des Landes und m\u00fcndet dann in den Atlantik. Die Amtssprache des Landes ist Englisch. Es gibt jedoch 21 weitere Landessprachen. Dazu geh\u00f6ren Mandinka, Arabisch und Franz\u00f6sisch. In dieser Bev\u00f6lkerung gibt es etwa zehn ethnische Gruppen.<\/p>\n\n\n\n<h2 class=\"wp-block-heading\">Schl\u00fcsselindustrien<\/h2>\n\n\n\n<p>Die Landwirtschaft, insbesondere der Anbau von Erdn\u00fcssen f\u00fcr den lokalen Verbrauch und Export, ist ein wichtiger Wirtschaftszweig. Auch der Tourismus ist ein wichtiger Sektor in Gambia. Die K\u00fcstenlage bietet wundersch\u00f6ne Str\u00e4nde. Gambia ist au\u00dferdem reich an Wildtieren und eine Attraktion f\u00fcr Naturliebhaber und Abenteurer.<\/p>\n\n\n\n<h2 class=\"wp-block-heading\">Nachbarschaften in Gambia<\/h2>\n\n\n\n<p>Serekunda ist das Ergebnis des Zusammenschlusses von neun D\u00f6rfern zu einer st\u00e4dtischen Gemeinschaft und die gr\u00f6\u00dfte Stadt Gambias. Brikama ist eine weitere gro\u00dfe Stadt. Sie ist die Hauptstadt der westlichen Division (eine der f\u00fcnf Hauptdivisionen Gambias). Brikama ist ber\u00fchmt f\u00fcr ihr musikalisches Talent und die k\u00fcnstlerischen F\u00e4higkeiten ihrer Einwohner. Die Stadt Banjul ist die Hauptstadt Gambias. Bakau liegt westlich von Banjul an der Atlantikk\u00fcste. Bakau ist der zweitgr\u00f6\u00dfte Vorort, aber die am weitesten entwickelte Stadt Gambias. Banjul ist die viertgr\u00f6\u00dfte Stadt, hat aber die h\u00f6chste Bev\u00f6lkerungsdichte. Sie ist das Zentrum der Erdnuss- und anderen Nahrungsmittelproduktion sowie des Tourismus. In Banjul gibt es Schulen, Krankenh\u00e4user, Regierungs- und Freizeiteinrichtungen.<\/p>\n\n\n\n<h2 class=\"wp-block-heading\">Trends<\/h2>\n\n\n\n<p>In der Republik Gambia gibt es keine offizielle Religion. Die gro\u00dfe Mehrheit der Gambier ist jedoch Anh\u00e4nger des Islam. \u00dcberall im Land gibt es Moscheen. Muslimische Traditionen und Riten sind ein wesentlicher Bestandteil der Kultur Gambias. Deshalb sprechen so viele Gambier Arabisch. Imame und andere Amtstr\u00e4ger sprechen flie\u00dfend Arabisch, um Gottesdienste und Zeremonien abzuhalten. Gambier halten muslimische Feiertage ein. W\u00e4hrend Gambia also an seiner urspr\u00fcnglichen Kultur und afrikanischen Geschichte festh\u00e4lt, beeinflusst der Islam seine neue Kultur. Es gibt auch Christen in Gambia, von denen die meisten r\u00f6misch-katholisch sind. Das Land hat mehrere katholische Kirchen. Feiertage wie Ostern und Weihnachten werden ebenfalls eingehalten oder respektiert.<\/p>\n\n\n\n<h2 class=\"wp-block-heading\">Verbraucherbasis<\/h2>\n\n\n\n<p>Da Gambia ein kleines Land ist, hat es eine kleine Verbraucherbasis. Seine Gr\u00f6\u00dfe begrenzt die M\u00f6glichkeiten f\u00fcr US-Unternehmen, insbesondere Franchiseunternehmen. Dennoch haben mehrere gambische Unternehmen Interesse an US-Franchises bekundet. US-Markennamen sind sehr gefragt und Gambier assoziieren sie tendenziell mit hoher Qualit\u00e4t.<\/p>\n\n\n\n<h2 class=\"wp-block-heading\">Vorteile und St\u00e4rken des Marktes<\/h2>\n\n\n\n<p>Tourismus und Landwirtschaft sind die Motoren des Wirtschaftswachstums in Gambia. Die Ebola-Krise 2014\/2015 und die D\u00fcrre in der Subregion f\u00fchrten zu einem R\u00fcckgang dieser Sektoren, und auch die COVID-19-Pandemie brachte Gambia vor wirtschaftliche Herausforderungen. In der Zwischenzeit senden Gambier im Ausland h\u00e4ufig Geld an ihre Familienangeh\u00f6rigen. Diese \u00dcberweisungen sind eine wichtige Devisenquelle. Sie tragen zur wirtschaftlichen St\u00e4rkung der gambischen B\u00fcrger bei.<\/p>\n\n\n\n<h2 class=\"wp-block-heading\">Warum sollten Sie in Gambia Gesch\u00e4fte machen?<\/h2>\n\n\n\n<p>Gambia hat das Potenzial, in mehreren Branchen aufzubl\u00fchen. Es braucht nur die richtigen Einrichtungen und Investoren. Die Menschen in Gambia haben ihre Liebe f\u00fcr die Kunst- und Unterhaltungsindustrie gezeigt und sie m\u00f6gen auch Sport (insbesondere Fu\u00dfball) und Mode. Gambia kann jede Branche unterst\u00fctzen, die in einem Entwicklungsland ben\u00f6tigt wird. Nicht nur f\u00fcr die Einheimischen, sondern es w\u00fcrde auch Touristen anlocken, die das Land h\u00e4ufig besuchen. Es besteht Bedarf an neuen Gesichtern im Gesch\u00e4ftssektor und neuen Besch\u00e4ftigungsm\u00f6glichkeiten. Sie k\u00f6nnten derjenige sein, der diesem aufstrebenden Land die erforderlichen Einrichtungen und Schulungen zur Verf\u00fcgung stellt.<\/p>\n\n\n\n<h2 class=\"wp-block-heading\">\u00dcber Marktforschung in Gambia<\/h2>\n\n\n\n<p>Wenn Sie in Gambia Gesch\u00e4fte machen m\u00f6chten, lassen Sie sich von uns helfen. Wir organisieren Fokusgruppen in den verschiedenen afrikanischen M\u00e4rkten. Wir <a href=\"https:\/\/www.sisinternational.com\/de\/was-ist-quantitative-forschung-2\/\" target=\"_blank\" rel=\"noopener\">Quantitativ<\/a>, <a href=\"https:\/\/www.sisinternational.com\/de\/was-ist-qualitative-forschung\/\" target=\"_blank\" rel=\"noopener\">Qualitativ<\/a>, Und <a href=\"https:\/\/www.sisinternational.com\/de\/losungen\/strategieberatung\/wie-strategieforschung-ihre-leistung-steigern-kann\/\" target=\"_blank\" rel=\"noopener\">Strategie Forschung<\/a> f\u00fcr Sie. Bei SIS stellen wir viele Informationen und Erkenntnisse zusammen, die f\u00fcr Sie relevant sind. Wir hoffen, dass dies Ihnen bei Ihrer Entscheidung hilft, in Gambia Gesch\u00e4fte zu machen.<\/p>","protected":false},"excerpt":{"rendered":"<p>SIS bietet quantitative, qualitative und strategische Forschung f\u00fcr Unternehmen in Gambia. US-Markennamen sind sehr gefragt.<\/p>","protected":false},"author":1,"featured_media":65196,"parent":14281,"menu_order":29,"comment_status":"closed","ping_status":"closed","template":"","meta":{"footnotes":""},"class_list":["post-37850","page","type-page","status-publish","has-post-thumbnail"],"_links":{"self":[{"href":"https:\/\/www.sisinternational.com\/de\/wp-json\/wp\/v2\/pages\/37850","targetHints":{"allow":["GET"]}}],"collection":[{"href":"https:\/\/www.sisinternational.com\/de\/wp-json\/wp\/v2\/pages"}],"about":[{"href":"https:\/\/www.sisinternational.com\/de\/wp-json\/wp\/v2\/types\/page"}],"author":[{"embeddable":true,"href":"https:\/\/www.sisinternational.com\/de\/wp-json\/wp\/v2\/users\/1"}],"replies":[{"embeddable":true,"href":"https:\/\/www.sisinternational.com\/de\/wp-json\/wp\/v2\/comments?post=37850"}],"version-history":[{"count":3,"href":"https:\/\/www.sisinternational.com\/de\/wp-json\/wp\/v2\/pages\/37850\/revisions"}],"predecessor-version":[{"id":68534,"href":"https:\/\/www.sisinternational.com\/de\/wp-json\/wp\/v2\/pages\/37850\/revisions\/68534"}],"up":[{"embeddable":true,"href":"https:\/\/www.sisinternational.com\/de\/wp-json\/wp\/v2\/pages\/14281"}],"wp:featuredmedia":[{"embeddable":true,"href":"https:\/\/www.sisinternational.com\/de\/wp-json\/wp\/v2\/media\/65196"}],"wp:attachment":[{"href":"https:\/\/www.sisinternational.com\/de\/wp-json\/wp\/v2\/media?parent=37850"}],"curies":[{"name":"wp","href":"https:\/\/api.w.org\/{rel}","templated":true}]}}