{"id":37848,"date":"2021-06-15T07:13:14","date_gmt":"2021-06-15T07:13:14","guid":{"rendered":"https:\/\/www.sisinternational.com\/?page_id=37848"},"modified":"2025-09-14T17:31:22","modified_gmt":"2025-09-14T21:31:22","slug":"marktforschung-in-malawi-afrika","status":"publish","type":"page","link":"https:\/\/www.sisinternational.com\/de\/abdeckung\/marktforschung-afrika\/marktforschung-in-malawi-afrika\/","title":{"rendered":"Marktforschung in Malawi, Afrika"},"content":{"rendered":"<h1 class=\"wp-block-heading\">Marktforschung in Malawi<\/h1>\n\n\n\n<figure class=\"gb-block-image gb-block-image-db6dceb4\"><img loading=\"lazy\" decoding=\"async\" width=\"1456\" height=\"816\" class=\"gb-image gb-image-db6dceb4\" src=\"https:\/\/www.sisinternational.com\/wp-content\/uploads\/2025\/08\/Malawi-2.jpg\" alt=\"SIS International Marktforschung &amp; Strategie\" title=\"Malawi, (2)\" srcset=\"https:\/\/www.sisinternational.com\/wp-content\/uploads\/2025\/08\/Malawi-2.jpg 1456w, https:\/\/www.sisinternational.com\/wp-content\/uploads\/2025\/08\/Malawi-2-300x168.jpg 300w, https:\/\/www.sisinternational.com\/wp-content\/uploads\/2025\/08\/Malawi-2-1024x574.jpg 1024w, https:\/\/www.sisinternational.com\/wp-content\/uploads\/2025\/08\/Malawi-2-768x430.jpg 768w, https:\/\/www.sisinternational.com\/wp-content\/uploads\/2025\/08\/Malawi-2-18x10.jpg 18w\" sizes=\"auto, (max-width: 1456px) 100vw, 1456px\"><\/figure>\n\n\n\n<p><\/p>\n\n\n\n<p><span class=\"removed_link\" title=\"https:\/\/www.malawi.gov.mw\/\">Die Republik Malawi<\/span> ist ein ostafrikanischer Binnenstaat. Seine Nachbarn sind Sambia, Tansania und Mosambik. Die Amtssprachen sind Englisch und Chewa. Nat\u00fcrlich werden in verschiedenen Regionen auch andere Sprachen gesprochen. Die vorherrschende ethnische Gruppe innerhalb der Bev\u00f6lkerung ist der Chewa-Stamm. Dar\u00fcber hinaus gibt es noch andere kleinere Ethnien wie Lomwe, Yao und Ngoni. Dennoch hat das Land keine offizielle Religion. \u00dcber die H\u00e4lfte der Bev\u00f6lkerung praktiziert das Christentum, insbesondere den Protestantismus. Die W\u00e4hrung ist der Malawi-Kwacha.<\/p>\n\n\n\n<h2 class=\"wp-block-heading\">Schl\u00fcsselindustrien<\/h2>\n\n\n\n<p>Die Landwirtschaft ist der wichtigste Wirtschaftszweig Malawis. Tats\u00e4chlich ist der Gro\u00dfteil der arbeitenden Bev\u00f6lkerung in diesem Sektor besch\u00e4ftigt. Dar\u00fcber hinaus ist Tabak das wichtigste landwirtschaftliche Produkt Malawis, das einen erheblichen Teil der Exporte des Landes ausmacht. Malawische Bauern produzieren auch Tee, Zucker und Baumwolle, allerdings in kleinerem Umfang.<\/p>\n\n\n\n<p>Mais ist das Hauptprodukt, aber es werden auch Bohnen, Erbsen, Erdn\u00fcsse, Maniok, Bananen, H\u00fclsenfr\u00fcchte und Reis angebaut. Viele Malawier z\u00fcchten zum Selbsterhalt auch H\u00fchner, Schafe, Rinder und Ziegen.<\/p>\n\n\n\n<p>Der verarbeitende Sektor arbeitet daran, den Import von Waren und Materialien einzuschr\u00e4nken. So sucht er nach M\u00f6glichkeiten, Textilien, Schuhe, Konserven, Werkzeuge, Radios und Zucker f\u00fcr den lokalen Verbrauch herzustellen.<\/p>\n\n\n\n<h2 class=\"wp-block-heading\">Nachbarschaften<\/h2>\n\n\n\n<p>Lilongwe ist die gr\u00f6\u00dfte und bev\u00f6lkerungsreichste Stadt Malawis und zugleich die Hauptstadt. Tats\u00e4chlich besteht Lilongwe aus zwei Stadtteilen: der Neustadt und der Altstadt. Wie ihre Namen vermuten lassen, gibt es in beiden Stadtteilen moderne und traditionelle Geb\u00e4ude und Gesch\u00e4fte.<\/p>\n\n\n\n<p>Blantyre ist die zweitgr\u00f6\u00dfte Stadt Malawis. Diese Stadt ist auch ber\u00fchmt f\u00fcr ihre Parks und die Bewahrung ihrer Geschichte und Kultur. Sie bewahrt die britische Kolonialarchitektur, verf\u00fcgt aber auch \u00fcber Museen, die die malawische Kultur pr\u00e4sentieren.<\/p>\n\n\n\n<h2 class=\"wp-block-heading\">Trends in Malawi<\/h2>\n\n\n\n<p>Die COVID-19-Pandemie hat zu erheblichen R\u00fcckschl\u00e4gen im sozialen Leben gef\u00fchrt, da \u00fcber verschiedene Zeitr\u00e4ume hinweg soziale Distanzierung und Quarant\u00e4ne in Kraft waren. Die Technologie hat die L\u00fccke gef\u00fcllt, die durch den Mangel an pers\u00f6nlichen Interaktionen entstanden ist, sodass die Zahl der Internetnutzer zwischen 2020 und Januar 2021 um 639.000 gestiegen ist. Das Land Malawi hat endlich die digitale Kultur der Welt erfasst.<\/p>\n\n\n\n<h2 class=\"wp-block-heading\">Vorteile und St\u00e4rken des Marktes in Malawi<\/h2>\n\n\n\n<p>Die St\u00e4rke der Wirtschaft Malawis liegt in seinen Plantagen. Tats\u00e4chlich sind die Tabakexporte ein wichtiger Bestandteil der Handelsbeziehungen Malawis. Obwohl der Tabakanbau im Land floriert, diversifizieren die Plantagenbesitzer ihre Produkte. Auch der Anbau von Zucker, Baumwolle, N\u00fcssen und anderen Nutzpflanzen nimmt Fahrt auf. Dar\u00fcber hinaus verf\u00fcgt Malawi \u00fcber die Bodenbeschaffenheit, die Landfl\u00e4che und die Arbeitskr\u00e4fte, um seine Plantagen zu unterst\u00fctzen. Investitionen in den Agrarsektor werden daher mit Sicherheit florieren.<\/p>\n\n\n\n<h2 class=\"wp-block-heading\">Verbraucherbasis<\/h2>\n\n\n\n<p>Als die Pandemie ausbrach, litt auch die Wirtschaft in Malawi. Viele Verbraucher versuchen noch immer, ihre finanzielle Stabilit\u00e4t wiederherzustellen. Sie kaufen eher einfache Dinge wie Lebensmittel, Haushaltsgegenst\u00e4nde und Kleidung. In eher st\u00e4dtischen Gebieten sind jedoch digitale Ger\u00e4te und Internetdienste der letzte Schrei. Die Menschen verdienen dort mehr, sodass wohlhabende malawische Jugendliche viel Geld f\u00fcr Unterhaltung, Medien und Merchandising ausgeben. Sie verbringen auch viel Zeit und Geld damit, sich \u00fcber die Popkultur zu informieren.<\/p>\n\n\n\n<h2 class=\"wp-block-heading\">Warum Sie Ihr Gesch\u00e4ft auf dem malawischen Markt ausbauen sollten<\/h2>\n\n\n\n<p>Sowohl f\u00fcr einheimische als auch f\u00fcr ausl\u00e4ndische Investoren ist es einfach, sich in Malawi anzumelden und ein Unternehmen zu gr\u00fcnden. Der Prozess ist zudem schnell und erm\u00f6glicht Ihrem Unternehmen einen guten Start. Dar\u00fcber hinaus ist Malawi eines der friedlichsten L\u00e4nder der Welt mit ausgezeichneten Handelsbeziehungen.<\/p>\n\n\n\n<p>Malawis wichtigster Handelspartner ist S\u00fcdafrika. Aber auch gro\u00dfe L\u00e4nder wie China, Indien und sogar die USA z\u00e4hlen zu seinen Handelspartnern. Dar\u00fcber hinaus betreiben auch andere afrikanische L\u00e4nder Handel mit Malawi. Dar\u00fcber hinaus sind die Lage und die ausgezeichneten Handelsbeziehungen dieses Landes ein klares Plus. Sie erm\u00f6glichen Ihrem Unternehmen Zugang zu dem, was Malawi zu bieten hat, und seinen internationalen Verbindungen.<\/p>\n\n\n\n<h2 class=\"wp-block-heading\">\u00dcber Marktforschung in Malawi<\/h2>\n\n\n\n<p>Mit Marktforschung k\u00f6nnen Sie in Malawi viel einfacher Gesch\u00e4fte machen. Wir bieten Fokusgruppen, Interviews und Umfragen an. Wir f\u00fchren auch <a href=\"https:\/\/www.sisinternational.com\/de\/was-ist-quantitative-forschung-2\/\" target=\"_blank\" rel=\"noopener\">Quantitativ<\/a>, <a href=\"https:\/\/www.sisinternational.com\/de\/was-ist-qualitative-forschung\/\" target=\"_blank\" rel=\"noopener\">Qualitativ<\/a>, Und <a href=\"https:\/\/www.sisinternational.com\/de\/losungen\/strategieberatung\/\" target=\"_blank\" rel=\"noopener\">Strategie Forschung<\/a> f\u00fcr den malawischen Markt. Anschlie\u00dfend fassen wir die Ergebnisse zusammen, um Ihnen einen \u00dcberblick \u00fcber Ihre potenzielle Investition zu geben. Wir helfen Ihnen und Ihrem Unternehmen, in Malawi erfolgreich zu sein.<\/p>\n\n\n\n<p><\/p>","protected":false},"excerpt":{"rendered":"<p>SIS bietet Fokusgruppen, Interviews und Umfragen. Wir f\u00fchren auch quantitative, qualitative und strategische Forschung f\u00fcr den malawischen Markt durch.<\/p>","protected":false},"author":1,"featured_media":65286,"parent":14281,"menu_order":28,"comment_status":"closed","ping_status":"closed","template":"","meta":{"footnotes":""},"class_list":["post-37848","page","type-page","status-publish","has-post-thumbnail"],"_links":{"self":[{"href":"https:\/\/www.sisinternational.com\/de\/wp-json\/wp\/v2\/pages\/37848","targetHints":{"allow":["GET"]}}],"collection":[{"href":"https:\/\/www.sisinternational.com\/de\/wp-json\/wp\/v2\/pages"}],"about":[{"href":"https:\/\/www.sisinternational.com\/de\/wp-json\/wp\/v2\/types\/page"}],"author":[{"embeddable":true,"href":"https:\/\/www.sisinternational.com\/de\/wp-json\/wp\/v2\/users\/1"}],"replies":[{"embeddable":true,"href":"https:\/\/www.sisinternational.com\/de\/wp-json\/wp\/v2\/comments?post=37848"}],"version-history":[{"count":4,"href":"https:\/\/www.sisinternational.com\/de\/wp-json\/wp\/v2\/pages\/37848\/revisions"}],"predecessor-version":[{"id":68552,"href":"https:\/\/www.sisinternational.com\/de\/wp-json\/wp\/v2\/pages\/37848\/revisions\/68552"}],"up":[{"embeddable":true,"href":"https:\/\/www.sisinternational.com\/de\/wp-json\/wp\/v2\/pages\/14281"}],"wp:featuredmedia":[{"embeddable":true,"href":"https:\/\/www.sisinternational.com\/de\/wp-json\/wp\/v2\/media\/65286"}],"wp:attachment":[{"href":"https:\/\/www.sisinternational.com\/de\/wp-json\/wp\/v2\/media?parent=37848"}],"curies":[{"name":"wp","href":"https:\/\/api.w.org\/{rel}","templated":true}]}}