{"id":37846,"date":"2021-06-15T07:09:40","date_gmt":"2021-06-15T07:09:40","guid":{"rendered":"https:\/\/www.sisinternational.com\/?page_id=37846"},"modified":"2026-01-24T20:41:05","modified_gmt":"2026-01-25T01:41:05","slug":"marktforschung-in-madagaskar-afrika","status":"publish","type":"page","link":"https:\/\/www.sisinternational.com\/de\/abdeckung\/marktforschung-afrika\/marktforschung-in-madagaskar-afrika\/","title":{"rendered":"Marktforschung in Madagaskar, Afrika"},"content":{"rendered":"<h1 class=\"wp-block-heading\">Marktforschung in Madagaskar<\/h1>\n\n\n\n<figure class=\"gb-block-image gb-block-image-2d4b73e8\"><img loading=\"lazy\" decoding=\"async\" width=\"1456\" height=\"816\" class=\"gb-image gb-image-2d4b73e8\" src=\"https:\/\/www.sisinternational.com\/wp-content\/uploads\/2025\/08\/madagascar-3.jpg\" alt=\"SIS International Marktforschung &amp; Strategie\" title=\"madagascar (3)\" srcset=\"https:\/\/www.sisinternational.com\/wp-content\/uploads\/2025\/08\/madagascar-3.jpg 1456w, https:\/\/www.sisinternational.com\/wp-content\/uploads\/2025\/08\/madagascar-3-300x168.jpg 300w, https:\/\/www.sisinternational.com\/wp-content\/uploads\/2025\/08\/madagascar-3-1024x574.jpg 1024w, https:\/\/www.sisinternational.com\/wp-content\/uploads\/2025\/08\/madagascar-3-768x430.jpg 768w, https:\/\/www.sisinternational.com\/wp-content\/uploads\/2025\/08\/madagascar-3-18x10.jpg 18w\" sizes=\"auto, (max-width: 1456px) 100vw, 1456px\"><\/figure>\n\n\n\n<h2 class=\"wp-block-heading\">Nachbarschaften<\/h2>\n\n\n\n<p><a href=\"https:\/\/oec.world\/en\/profile\/country\/mdg\" target=\"_blank\" rel=\"noopener\">Madagaskar ist ein Inselstaat etwa 250 Meilen vor der K\u00fcste Ostafrikas<\/a>. Dort leben 26 Millionen Menschen. Tats\u00e4chlich leben die meisten dieser Staatsangeh\u00f6rigen in Armut. Nur vier andere L\u00e4nder haben ein niedrigeres BIP pro Kopf als Madagaskar.<\/p>\n\n\n\n<p>Einige der Gr\u00fcnde, warum Madagaskar so arm ist, sind:<\/p>\n\n\n\n<ul class=\"wp-block-list\">\n<li>Die relative Isolation des Landes auf der Landkarte<\/li>\n\n\n\n<li>Jahrelange Korruption und politische Instabilit\u00e4t<\/li>\n<\/ul>\n\n\n\n<h2 class=\"wp-block-heading\">Trends<\/h2>\n\n\n\n<p>Madagascar is the fourth-largest and fifth most impoverished country in Africa. Still, it became a sought-after destination following the release of the animated movie \u2018Madagascar.\u201d<\/p>\n\n\n\n<p>Das Land ist ber\u00fchmt f\u00fcr seine pr\u00e4chtigen Baobab-Wolkenkratzer, die die Landschaft \u00fcberragen. Madagaskar ist au\u00dferdem Heimat von \u00fcber 12.000 Pflanzenarten. Es hat eine gr\u00f6\u00dfere Artenvielfalt als jedes andere Land der Welt. Tats\u00e4chlich gibt es viele der Pflanzen in Madagaskar nirgendwo sonst auf der Erde.<\/p>\n\n\n\n<p>Madagaskar verf\u00fcgt \u00fcber eine einzigartige Tierwelt mit einheimischen Arten. Zu diesen Arten z\u00e4hlen Fossa, Lemuren und Hunderte von V\u00f6geln und Reptilien. Ihr Reichtum k\u00f6nnte auf die Isolation der Landmasse von ihren kontinentalen Nachbarn zur\u00fcckzuf\u00fchren sein.<\/p>\n\n\n\n<h2 class=\"wp-block-heading\">Schl\u00fcsselindustrien in Madagaskar<\/h2>\n\n\n\n<p>Madagaskar ist der weltweit gr\u00f6\u00dfte Vanilleproduzent. Weitere Hauptexportg\u00fcter sind beispielsweise Zucker, Kaffee, Schalentiere, Mineralien, Fasern und Edelsteine.<\/p>\n\n\n\n<p>Der wichtigste Edelstein, der in Madagaskar produziert wird, ist der Saphir. Es ist auch das einzige Kaviar produzierende Land in Afrika. Die Landwirtschaft ist eine der Haupteinnahmequellen in Madagaskar, ebenso wie Fischerei und Holzeinschlag.<\/p>\n\n\n\n<h2 class=\"wp-block-heading\">Verbraucherbasis<\/h2>\n\n\n\n<p>Die Madagassen importieren Erd\u00f6l, Fahrzeuge, Metallprodukte und andere wichtige Industrieg\u00fcter. Tats\u00e4chlich ist \u00d6l einer der wichtigsten Importartikel Madagaskars. Diese enormen Kosten f\u00fcr \u00d6limporte k\u00f6nnten ein Grund daf\u00fcr sein, dass Madagaskar eines der \u00e4rmsten L\u00e4nder Afrikas ist.<\/p>\n\n\n\n<p>Madagaskars Wirtschaft basiert auf dem Anbau von Baumwolle, Tee, Milchprodukten und Reis. Obwohl die Bev\u00f6lkerung jung ist und die meisten Menschen in Armut leben, w\u00e4chst die Wirtschaft. Auch das Bildungsniveau steigt.<\/p>\n\n\n\n<h2 class=\"wp-block-heading\">Gr\u00fcnde f\u00fcr den Ausbau Ihres Gesch\u00e4fts in Madagaskar<\/h2>\n\n\n\n<p>Madagaskar ist ein vielversprechendes Land. Erstens hat es eine einzigartige Natursch\u00f6nheit. Zweitens sind die Menschen gastfreundlich. Unternehmen profitieren also von qualifizierten einheimischen Arbeitskr\u00e4ften.<\/p>\n\n\n\n<p>Madagascar has preferential trade agreements with the United States and the European Union. It also has contracts with the Common <a href=\"https:\/\/www.sisinternational.com\/de\/der-afrikanische-markt-im-wandel\/\" title=\"Marktchancenforschung in Afrika\" data-wpil-monitor-id=\"2798\">Market of Eastern and Southern Africa<\/a>. Similarly, it is a member state of the Southern African Development Community.<\/p>\n\n\n\n<p>Madagaskar bietet viel Raum f\u00fcr Wachstum und zahlreiche Investitionsm\u00f6glichkeiten. Dank der fruchtbaren B\u00f6den besteht ein gro\u00dfes Potenzial f\u00fcr die Landwirtschaft. Madagaskar hat au\u00dferdem das perfekte Klima f\u00fcr viele Nutzpflanzen. Tats\u00e4chlich ist dieses Land f\u00fchrend in der Bio-Lebensmittelproduktion Afrikas.<\/p>\n\n\n\n<p>Madagaskar ist der f\u00fchrende Textilexporteur Ostafrikas nach Europa. Es verf\u00fcgt \u00fcber eine moderne Industrie, in der mehr als zweitausend Facharbeiter besch\u00e4ftigt sind. Diese Arbeiter produzieren hochwertige Textilprodukte zu wettbewerbsf\u00e4higen Preisen.<\/p>\n\n\n\n<p>Exporte aus Madagaskar haben in den letzten Jahren Hunderte Millionen Dollar eingebracht. Tats\u00e4chlich haben einige der f\u00fchrenden Bekleidungsmarken Fabriken in Madagaskar. Diese Marken profitieren also von billigen Arbeitskr\u00e4ften und Zugang zu einem globalen Markt.<\/p>\n\n\n\n<p>Startup costs for investment in Madagascar are low. These low costs are on account of an official exemption from customs duties and taxes for two years. Another benefit to businesses is the modern infrastructure, which is available in several cities in Madagascar.<\/p>\n\n\n\n<h2 class=\"wp-block-heading\">\u00dcber Marktforschung in Madagaskar<\/h2>\n\n\n\n<p>Sind Sie Unternehmer und m\u00f6chten in Madagaskar investieren? Dann ist dieser Artikel genau das Richtige f\u00fcr Sie. Unser Unternehmen stellt auch <a href=\"https:\/\/www.sisinternational.com\/de\/was-ist-qualitative-forschung\/\" target=\"_blank\" rel=\"noopener\">Qualitativ<\/a>, <a href=\"https:\/\/www.sisinternational.com\/de\/was-ist-quantitative-forschung-2\/\" target=\"_blank\" rel=\"noopener\">Quantitativ<\/a>, Und <a href=\"https:\/\/www.sisinternational.com\/de\/losungen\/strategieberatung\/wie-strategieforschung-ihre-leistung-steigern-kann\/\" target=\"_blank\" rel=\"noopener\">Strategieforschung<\/a>. Dar\u00fcber hinaus unterst\u00fctzen wir Sie dabei, die besten Investitionsentscheidungen zu treffen. Wir hoffen, dass die hier bereitgestellten Informationen Ihnen bei Ihrer Entscheidung, in Madagaskar zu investieren, helfen werden.<\/p>\n\n\n\n<p><\/p>","protected":false},"excerpt":{"rendered":"<p>Die Exporte aus Madagaskar haben in den letzten Jahren Hunderte Millionen Dollar eingebracht. Die Anlaufkosten f\u00fcr Investitionen in Madagaskar sind gering.<\/p>","protected":false},"author":1,"featured_media":65377,"parent":14281,"menu_order":27,"comment_status":"closed","ping_status":"closed","template":"","meta":{"_uag_custom_page_level_css":"","footnotes":""},"class_list":["post-37846","page","type-page","status-publish","has-post-thumbnail"],"uagb_featured_image_src":{"full":["https:\/\/www.sisinternational.com\/wp-content\/uploads\/2025\/08\/madagascar-3.jpg",1456,816,false],"thumbnail":["https:\/\/www.sisinternational.com\/wp-content\/uploads\/2025\/08\/madagascar-3-150x150.jpg",150,150,true],"medium":["https:\/\/www.sisinternational.com\/wp-content\/uploads\/2025\/08\/madagascar-3-300x168.jpg",300,168,true],"medium_large":["https:\/\/www.sisinternational.com\/wp-content\/uploads\/2025\/08\/madagascar-3-768x430.jpg",768,430,true],"large":["https:\/\/www.sisinternational.com\/wp-content\/uploads\/2025\/08\/madagascar-3-1024x574.jpg",1024,574,true],"1536x1536":["https:\/\/www.sisinternational.com\/wp-content\/uploads\/2025\/08\/madagascar-3.jpg",1456,816,false],"2048x2048":["https:\/\/www.sisinternational.com\/wp-content\/uploads\/2025\/08\/madagascar-3.jpg",1456,816,false],"trp-custom-language-flag":["https:\/\/www.sisinternational.com\/wp-content\/uploads\/2025\/08\/madagascar-3-18x10.jpg",18,10,true]},"uagb_author_info":{"display_name":"Ruth Stanat","author_link":"https:\/\/www.sisinternational.com\/de\/author\/expert\/"},"uagb_comment_info":0,"uagb_excerpt":"Exports from Madagascar have earned hundreds of millions of dollars in recent years. Startup costs for investment in Madagascar are low.","_links":{"self":[{"href":"https:\/\/www.sisinternational.com\/de\/wp-json\/wp\/v2\/pages\/37846","targetHints":{"allow":["GET"]}}],"collection":[{"href":"https:\/\/www.sisinternational.com\/de\/wp-json\/wp\/v2\/pages"}],"about":[{"href":"https:\/\/www.sisinternational.com\/de\/wp-json\/wp\/v2\/types\/page"}],"author":[{"embeddable":true,"href":"https:\/\/www.sisinternational.com\/de\/wp-json\/wp\/v2\/users\/1"}],"replies":[{"embeddable":true,"href":"https:\/\/www.sisinternational.com\/de\/wp-json\/wp\/v2\/comments?post=37846"}],"version-history":[{"count":4,"href":"https:\/\/www.sisinternational.com\/de\/wp-json\/wp\/v2\/pages\/37846\/revisions"}],"predecessor-version":[{"id":77133,"href":"https:\/\/www.sisinternational.com\/de\/wp-json\/wp\/v2\/pages\/37846\/revisions\/77133"}],"up":[{"embeddable":true,"href":"https:\/\/www.sisinternational.com\/de\/wp-json\/wp\/v2\/pages\/14281"}],"wp:featuredmedia":[{"embeddable":true,"href":"https:\/\/www.sisinternational.com\/de\/wp-json\/wp\/v2\/media\/65377"}],"wp:attachment":[{"href":"https:\/\/www.sisinternational.com\/de\/wp-json\/wp\/v2\/media?parent=37846"}],"curies":[{"name":"wp","href":"https:\/\/api.w.org\/{rel}","templated":true}]}}