{"id":37843,"date":"2021-06-15T06:59:55","date_gmt":"2021-06-15T06:59:55","guid":{"rendered":"https:\/\/www.sisinternational.com\/?page_id=37843"},"modified":"2025-09-14T17:33:07","modified_gmt":"2025-09-14T21:33:07","slug":"marktforschung-in-libyen-afrika","status":"publish","type":"page","link":"https:\/\/www.sisinternational.com\/de\/abdeckung\/marktforschung-afrika\/marktforschung-in-libyen-afrika\/","title":{"rendered":"Marktforschung in Libyen, Afrika"},"content":{"rendered":"<h1 class=\"wp-block-heading\">Marktforschung in Libyen<\/h1>\n\n\n\n<figure class=\"gb-block-image gb-block-image-46af734e\"><img loading=\"lazy\" decoding=\"async\" width=\"1456\" height=\"816\" class=\"gb-image gb-image-46af734e\" src=\"https:\/\/www.sisinternational.com\/wp-content\/uploads\/2025\/08\/Libya-44.jpg\" alt=\"SIS International Marktforschung &amp; Strategie\" title=\"Libya 44\" srcset=\"https:\/\/www.sisinternational.com\/wp-content\/uploads\/2025\/08\/Libya-44.jpg 1456w, https:\/\/www.sisinternational.com\/wp-content\/uploads\/2025\/08\/Libya-44-300x168.jpg 300w, https:\/\/www.sisinternational.com\/wp-content\/uploads\/2025\/08\/Libya-44-1024x574.jpg 1024w, https:\/\/www.sisinternational.com\/wp-content\/uploads\/2025\/08\/Libya-44-768x430.jpg 768w, https:\/\/www.sisinternational.com\/wp-content\/uploads\/2025\/08\/Libya-44-18x10.jpg 18w\" sizes=\"auto, (max-width: 1456px) 100vw, 1456px\"><\/figure>\n\n\n\n<p><\/p>\n\n\n\n<p>Libyen ist ein bekanntes arabischsprachiges nordafrikanisches Land. Es ist auch riesig. Mit mehr als 600.000 Quadratmeilen, <a href=\"https:\/\/oec.world\/en\/profile\/country\/lby\" target=\"_blank\" rel=\"noopener\">Libyen ist das viertgr\u00f6\u00dfte Land Afrikas<\/a> und der sechzehntgr\u00f6\u00dfte der Welt. Es ist fast dreimal gr\u00f6\u00dfer als Texas in den USA.<\/p>\n\n\n\n<p>Libyen erlebte einen B\u00fcrgerkrieg, der 2020 endete. Um es klar zu sagen: Zwei Regierungen k\u00e4mpften um die Vorherrschaft und spielten eine Fraktion gegen die andere aus. Kurz gesagt, jeder wollte einen Teil der Macht haben. Dar\u00fcber hinaus gibt es in Libyen keine Zentralregierung, sodass niemand die Kontrolle hat. Libyen versucht nun, sich neu zu formieren, aber aufgrund seiner enormen Gr\u00f6\u00dfe hat es Schwierigkeiten damit.<\/p>\n\n\n\n<h2 class=\"wp-block-heading\">Schl\u00fcsselindustrien<\/h2>\n\n\n\n<p>Libyen exportiert Erd\u00f6l, Zement, Textilien, Eisen und Stahl.<\/p>\n\n\n\n<p>Das Land verf\u00fcgt au\u00dferdem \u00fcber nachgewiesene \u00d6lreserven von 46 Milliarden Barrel, die gr\u00f6\u00dften in Afrika. Die j\u00e4hrliche \u00d6lproduktion betr\u00e4gt etwa 1,65 Millionen Barrel pro Tag. Aufgrund des j\u00fcngsten Krieges sind die \u00d6lpreise auf ein extrem niedriges Niveau gefallen. \u00d6l und Erdgas machen jedoch noch immer \u00fcber die H\u00e4lfte des libyschen Nationaleinkommens aus. Tats\u00e4chlich kauft Europa etwa 80 Prozent der libyschen \u00d6lexporte.<\/p>\n\n\n\n<h2 class=\"wp-block-heading\">Nachbarschaften in Libyen<\/h2>\n\n\n\n<p>Der Tschad liegt s\u00fcdlich von Libyen, Nigeria im S\u00fcdwesten und der Sudan im S\u00fcdosten. Im Osten grenzt er an \u00c4gypten.<\/p>\n\n\n\n<p>Die Hauptstadt Libyens ist Tripolis, das im Nordwesten an der Mittelmeerk\u00fcste liegt. Tripolis ist die gr\u00f6\u00dfte Stadt Libyens und der Ort, an dem der Gro\u00dfteil des Handels des Landes stattfindet. Mehr als eine Million Menschen leben dort. Tripolis ist auch der wichtigste Hafen Libyens. Weitere gro\u00dfe St\u00e4dte Libyens sind Bengasi, Misrata und Tarhuna. In diesen St\u00e4dten leben die meisten Menschen und sie handeln mit Waren und Dienstleistungen.<\/p>\n\n\n\n<h2 class=\"wp-block-heading\">Verbraucherbasis<\/h2>\n\n\n\n<p>Aufgrund des j\u00fcngsten Krieges sind Libyens Importe h\u00f6her als die anderer afrikanischer L\u00e4nder. Einer der Hauptimporte sind Nahrungsmittel, die das Land aus anderen L\u00e4ndern bezieht. Bohnen, Weizen, Reis, Linsen und Mais sind einige der in Libyen gefragten Nahrungsmittel. Daher ist die Landwirtschaft eine gro\u00dfartige Investitionsm\u00f6glichkeit, um in Libyen Geld zu verdienen.<\/p>\n\n\n\n<p>Mehr als drei Viertel der libyschen Bev\u00f6lkerung leben in St\u00e4dten. Das Land leidet unter akuter Arbeitslosigkeit, die Zahl der gemeldeten Arbeitslosen liegt bei bis zu 50 Prozent. Allerdings leben dort auch viele ausl\u00e4ndische Arbeitskr\u00e4fte aus L\u00e4ndern wie \u00c4gypten, der T\u00fcrkei und Indien. Viele dieser Arbeiter arbeiten in der \u00d6lindustrie und verdienen daher hohe L\u00f6hne.<\/p>\n\n\n\n<h2 class=\"wp-block-heading\">Gr\u00fcnde f\u00fcr die Expansion Ihres Unternehmens in Libyen<\/h2>\n\n\n\n<p>Aufgrund seiner gro\u00dfen Bev\u00f6lkerung ist Libyen ein gro\u00dfartiger Ort, um Ihr Gesch\u00e4ft auszubauen. Es braucht auch Hilfe beim Wirtschaftswachstum. S\u00fcdafrika, Nigeria und \u00c4gypten geh\u00f6ren zu den wohlhabendsten L\u00e4ndern Afrikas, und Libyen hat das Potenzial, sich mit diesen L\u00e4ndern zu messen. \u00d6konomen erwarten, dass Libyen weiterhin an Wohlstand gewinnt. Die \u00d6lproduktion ist ausgezeichnet und das Land verf\u00fcgt \u00fcber riesige unerschlossene Reserven. Aus diesem Grund w\u00e4re eine Investition in Libyen eine hervorragende Idee.<\/p>\n\n\n\n<h2 class=\"wp-block-heading\">\u00dcber Marktforschung in Libyen<\/h2>\n\n\n\n<p>M\u00f6chten Sie in Libyen Gesch\u00e4fte machen? Wir versorgen Sie mit aktuellen Informationen zu Investitionsm\u00f6glichkeiten. Wir sammeln <a href=\"https:\/\/www.sisinternational.com\/de\/was-ist-quantitative-forschung-2\/\" target=\"_blank\" rel=\"noopener\">Quantitativ<\/a>, <a href=\"https:\/\/www.sisinternational.com\/de\/was-ist-qualitative-forschung\/\" target=\"_blank\" rel=\"noopener\">Qualitativ<\/a>, Und <a href=\"https:\/\/www.sisinternational.com\/de\/losungen\/strategieberatung\/wie-strategieforschung-ihre-leistung-steigern-kann\/\" target=\"_blank\" rel=\"noopener\">Strategieforschung<\/a> f\u00fcr Sie oder Ihr Unternehmen. Die zusammengestellten Daten sollen Sie \u00fcber die wirtschaftliche Lage in Libyen informieren. Wir hoffen, dass dieser Artikel f\u00fcr Sie von Nutzen war und dass Sie eine Investition in Libyen in Erw\u00e4gung ziehen.<\/p>\n\n\n\n<p><\/p>","protected":false},"excerpt":{"rendered":"<p>Libyen ist aufgrund seiner gro\u00dfen Bev\u00f6lkerung ein hervorragender Standort f\u00fcr die Expansion Ihres Unternehmens. \u00d6konomen erwarten, dass Libyens Wohlstand weiter wachsen wird.<\/p>","protected":false},"author":1,"featured_media":65375,"parent":14281,"menu_order":26,"comment_status":"closed","ping_status":"closed","template":"","meta":{"footnotes":""},"class_list":["post-37843","page","type-page","status-publish","has-post-thumbnail"],"_links":{"self":[{"href":"https:\/\/www.sisinternational.com\/de\/wp-json\/wp\/v2\/pages\/37843","targetHints":{"allow":["GET"]}}],"collection":[{"href":"https:\/\/www.sisinternational.com\/de\/wp-json\/wp\/v2\/pages"}],"about":[{"href":"https:\/\/www.sisinternational.com\/de\/wp-json\/wp\/v2\/types\/page"}],"author":[{"embeddable":true,"href":"https:\/\/www.sisinternational.com\/de\/wp-json\/wp\/v2\/users\/1"}],"replies":[{"embeddable":true,"href":"https:\/\/www.sisinternational.com\/de\/wp-json\/wp\/v2\/comments?post=37843"}],"version-history":[{"count":2,"href":"https:\/\/www.sisinternational.com\/de\/wp-json\/wp\/v2\/pages\/37843\/revisions"}],"predecessor-version":[{"id":68554,"href":"https:\/\/www.sisinternational.com\/de\/wp-json\/wp\/v2\/pages\/37843\/revisions\/68554"}],"up":[{"embeddable":true,"href":"https:\/\/www.sisinternational.com\/de\/wp-json\/wp\/v2\/pages\/14281"}],"wp:featuredmedia":[{"embeddable":true,"href":"https:\/\/www.sisinternational.com\/de\/wp-json\/wp\/v2\/media\/65375"}],"wp:attachment":[{"href":"https:\/\/www.sisinternational.com\/de\/wp-json\/wp\/v2\/media?parent=37843"}],"curies":[{"name":"wp","href":"https:\/\/api.w.org\/{rel}","templated":true}]}}