{"id":37841,"date":"2021-06-15T06:54:55","date_gmt":"2021-06-15T06:54:55","guid":{"rendered":"https:\/\/www.sisinternational.com\/?page_id=37841"},"modified":"2025-09-14T17:34:07","modified_gmt":"2025-09-14T21:34:07","slug":"marktforschung-in-liberia-afrika","status":"publish","type":"page","link":"https:\/\/www.sisinternational.com\/de\/abdeckung\/marktforschung-afrika\/marktforschung-in-liberia-afrika\/","title":{"rendered":"Marktforschung in Liberia, Afrika"},"content":{"rendered":"<h1 class=\"wp-block-heading\">Marktforschung in Liberia<\/h1>\n\n\n\n<figure class=\"gb-block-image gb-block-image-cc0893d2\"><img loading=\"lazy\" decoding=\"async\" width=\"1456\" height=\"816\" class=\"gb-image gb-image-cc0893d2\" src=\"https:\/\/www.sisinternational.com\/wp-content\/uploads\/2025\/08\/Liberia-1.jpg\" alt=\"SIS International Marktforschung &amp; Strategie\" title=\"Liberia (1)\" srcset=\"https:\/\/www.sisinternational.com\/wp-content\/uploads\/2025\/08\/Liberia-1.jpg 1456w, https:\/\/www.sisinternational.com\/wp-content\/uploads\/2025\/08\/Liberia-1-300x168.jpg 300w, https:\/\/www.sisinternational.com\/wp-content\/uploads\/2025\/08\/Liberia-1-1024x574.jpg 1024w, https:\/\/www.sisinternational.com\/wp-content\/uploads\/2025\/08\/Liberia-1-768x430.jpg 768w, https:\/\/www.sisinternational.com\/wp-content\/uploads\/2025\/08\/Liberia-1-18x10.jpg 18w\" sizes=\"auto, (max-width: 1456px) 100vw, 1456px\"><\/figure>\n\n\n\n<p><\/p>\n\n\n\n<p><a href=\"https:\/\/oec.world\/en\/profile\/country\/lbr\" target=\"_blank\" rel=\"noopener\">Liberia ist ein westafrikanisches Land<\/a> das an die Elfenbeink\u00fcste, Guinea und Sierra Leone grenzt. Wie viele andere afrikanische L\u00e4nder ist es eine hervorragende Investition, da sein Markt noch unerschlossen ist. Das Land hat jedoch viele Probleme, darunter eine Geschichte von B\u00fcrgerkriegen und Unruhen.<\/p>\n\n\n\n<h2 class=\"wp-block-heading\">Schl\u00fcsselindustrien<\/h2>\n\n\n\n<p>Zu den wichtigsten Industriezweigen Liberias geh\u00f6rt der Bergbau (Eisen, Gold, Diamanten und Erze). Weitere bedeutende Industriezweige sind die Palm\u00f6l- und die Gummiverarbeitung.<\/p>\n\n\n\n<p>Liberias Wirtschaft ist unterentwickelt. Diese Sch\u00e4den waren eine Folge des Ersten Liberianischen B\u00fcrgerkriegs, der von 1989 bis 1996 tobte. Seitdem geh\u00f6rt Liberia zu den \u00e4rmsten L\u00e4ndern der Welt.<\/p>\n\n\n\n<p>Der B\u00fcrgerkrieg st\u00fcrzte die amerikanisch-liberianische Minderheit, die das Land regierte. Der Krieg f\u00fchrte auch zu einer Abwanderung von Fachkr\u00e4ften und Kapitalverlust. Folglich weist Liberia das typische Profil einer subsaharischen afrikanischen Wirtschaft auf, mit reichlichen Bodensch\u00e4tzen, W\u00e4ldern und Landwirtschaft. Aber es mangelt an Humankapital, Infrastruktur und Stabilit\u00e4t. Daher ist der Gro\u00dfteil der Bev\u00f6lkerung von der Landwirtschaft abh\u00e4ngig. Im Gegensatz dazu besitzen Ausl\u00e4nder einen Gro\u00dfteil der bestehenden lokalen Fertigungsindustrie.<\/p>\n\n\n\n<h2 class=\"wp-block-heading\">Nachbarschaften in Liberia<\/h2>\n\n\n\n<p>Monrovia ist die Hauptstadt Liberias und liegt an der Atlantikk\u00fcste. Sie hat die gr\u00f6\u00dfte Bev\u00f6lkerung des Landes. Die 1822 gegr\u00fcndete Stadt ist das kulturelle, finanzielle und wirtschaftliche Zentrum des Landes. Ihre Wirtschaft h\u00e4ngt von ihrer Rolle als Hafen und Sitz der liberianischen Regierung ab.<\/p>\n\n\n\n<p>Gbarnga ist eine weitere Gro\u00dfstadt. Sie ist die Hauptstadt des Bonn County und liegt nord\u00f6stlich von Monrovia. Sie spielte eine wichtige Rolle als St\u00fctzpunkt f\u00fcr Charles Taylors Liberianische Nationale Patriotische Front, als diese im ersten B\u00fcrgerkrieg k\u00e4mpfte. Heutzutage spielt Gbarnga eine progressivere Rolle in der Entwicklung Liberias. So ist sie beispielsweise die Heimat des Cuttington College. Dieses College ist eine Privatschule, die einer anglikanischen Kirche in der N\u00e4he der Stadt angeschlossen ist. Auf dem Campus befand sich einst das African American Museum, das im B\u00fcrgerkrieg zerst\u00f6rt wurde.<\/p>\n\n\n\n<h2 class=\"wp-block-heading\">Trends und Verbraucherbasis in Liberia<\/h2>\n\n\n\n<p>Die meisten Liberianer verdienen weniger als 14.500 TP1T pro Monat, was nicht immer f\u00fcr Kleidung, Nahrung und Unterkunft reicht.<\/p>\n\n\n\n<p>Die wichtigsten Importg\u00fcter Liberias sind Industrieerzeugnisse wie etwa Nahrungsmittel, Chemikalien und Brennstoffe.<br>Reis ist ein Grundnahrungsmittel in Liberia. Weitere landwirtschaftliche Produkte sind Maniok, Fisch, Bananen und Zitrusfr\u00fcchte. Liberias Bauern bauen auch Kochbananen, Kokosn\u00fcsse, Okra und S\u00fc\u00dfkartoffeln an.<\/p>\n\n\n\n<h2 class=\"wp-block-heading\">St\u00e4rken im Markt<\/h2>\n\n\n\n<p>Eine der St\u00e4rken Liberias sind seine nat\u00fcrlichen Ressourcen.<\/p>\n\n\n\n<p>Der wichtigste Wirtschaftszweig ist noch immer die Landwirtschaft, in der zwei Drittel der Bev\u00f6lkerung besch\u00e4ftigt sind.<\/p>\n\n\n\n<p>Die Bergbauindustrie in Liberia erholte sich nach dem Zweiten B\u00fcrgerkrieg, der 2003 endete. Neue Bergbaugesetze und Richtlinien zur Mineralienentwicklung sollen ausl\u00e4ndische Investitionen anziehen.<\/p>\n\n\n\n<h2 class=\"wp-block-heading\">Gr\u00fcnde, Ihr Gesch\u00e4ft durch Marktforschung in Liberia auszubauen<\/h2>\n\n\n\n<p><strong>Unterst\u00fctzende Steuerverwaltung<\/strong>;<br>Liberia hat das Investitionsgesetz von 2016 erlassen. Artikel 16 dieses Gesetzes befasst sich mit dem liberianischen Steuersystem. Es bietet besondere finanzielle und nicht-finanzielle Anreize f\u00fcr Investitionen. Diese Investitionen m\u00fcssen in einem der 15 vorrangigen Sektoren erfolgen, darunter Fertigung, Informationstechnologie und Tourismus.<\/p>\n\n\n\n<p><strong>Es gibt keine Mindestumsatzrendite und kein Umtauschlimit.<\/strong><br>Artikel 11 des Investitionsgesetzes von 2010 st\u00e4rkt den Investitionsschutz. Er erlaubt es Investoren, ihr Kapital und ihre Gewinne in ihre Heimatl\u00e4nder zur\u00fcckzuf\u00fchren, einschlie\u00dflich Gewinnen und Dividenden sowie Bargeldtransfers zum Zeitpunkt des Verkaufs oder der Liquidation. Er umfasst auch die R\u00fcckzahlung von Krediten, die bei ausl\u00e4ndischen Banken aufgenommen wurden.<\/p>\n\n\n\n<p><strong>Der lokale Markt f\u00fcr Haushaltswaren und Lebensmittel ist unges\u00e4ttigt.<\/strong><br>Liberia ist auf die Bergbauindustrie angewiesen. Da der Fertigungssektor nicht gut entwickelt ist, importiert das Land die meisten der konsumierten Haushaltswaren. Beispielsweise werden j\u00e4hrlich etwa 901 TP3T des konsumierten Reises importiert. Ebenso werden viele Haushaltsgegenst\u00e4nde importiert. Haushaltsgegenst\u00e4nde w\u00fcrden sich daher als sehr lukratives Gesch\u00e4ft erweisen. Die Regierung ist bestrebt, von einer Wirtschaft, die auf Bergbau und Importe angewiesen ist, zu einer exportorientierten Wirtschaft im Fertigungsbereich \u00fcberzugehen.<\/p>\n\n\n\n<h2 class=\"wp-block-heading\">\u00dcber Marktforschung in Liberia<\/h2>\n\n\n\n<p>M\u00f6chten Sie ein Unternehmen gr\u00fcnden? Klingt Liberia f\u00fcr Sie nach einem gro\u00dfartigen Ort? Dann ist dieser Artikel f\u00fcr Sie. Wir haben Fokusgruppen f\u00fcr den afrikanischen Privatsektor eingerichtet. Wir k\u00f6nnen auch <a href=\"https:\/\/www.sisinternational.com\/de\/was-ist-quantitative-forschung-2\/\" target=\"_blank\" rel=\"noopener\">Quantitativ<\/a>, <a href=\"https:\/\/www.sisinternational.com\/de\/was-ist-qualitative-forschung\/\" target=\"_blank\" rel=\"noopener\">Qualitativ<\/a>, Und <a href=\"https:\/\/www.sisinternational.com\/de\/losungen\/strategieberatung\/wie-strategieforschung-ihre-leistung-steigern-kann\/\" target=\"_blank\" rel=\"noopener\">Strategische Forschung<\/a> f\u00fcr Ihren Verein. So k\u00f6nnen Sie die am besten geeignete Branche f\u00fcr die Gr\u00fcndung eines Unternehmens ausw\u00e4hlen. Wir ergreifen alle diese Ma\u00dfnahmen, um den Erfolg Ihres Unternehmens sicherzustellen.<\/p>\n\n\n\n<p>Dieses Dokument enth\u00e4lt die erforderlichen Hinweise, um den gr\u00f6\u00dftm\u00f6glichen Nutzen aus Ihrer Investition in Liberia zu ziehen.<\/p>\n\n\n\n<p><\/p>","protected":false},"excerpt":{"rendered":"<p>Eine der St\u00e4rken Liberias sind seine nat\u00fcrlichen Ressourcen. Die Landwirtschaft ist noch immer der wichtigste Wirtschaftszweig des Landes und besch\u00e4ftigt zwei Drittel der Bev\u00f6lkerung.<\/p>","protected":false},"author":1,"featured_media":65369,"parent":14281,"menu_order":25,"comment_status":"closed","ping_status":"closed","template":"","meta":{"footnotes":""},"class_list":["post-37841","page","type-page","status-publish","has-post-thumbnail"],"_links":{"self":[{"href":"https:\/\/www.sisinternational.com\/de\/wp-json\/wp\/v2\/pages\/37841","targetHints":{"allow":["GET"]}}],"collection":[{"href":"https:\/\/www.sisinternational.com\/de\/wp-json\/wp\/v2\/pages"}],"about":[{"href":"https:\/\/www.sisinternational.com\/de\/wp-json\/wp\/v2\/types\/page"}],"author":[{"embeddable":true,"href":"https:\/\/www.sisinternational.com\/de\/wp-json\/wp\/v2\/users\/1"}],"replies":[{"embeddable":true,"href":"https:\/\/www.sisinternational.com\/de\/wp-json\/wp\/v2\/comments?post=37841"}],"version-history":[{"count":2,"href":"https:\/\/www.sisinternational.com\/de\/wp-json\/wp\/v2\/pages\/37841\/revisions"}],"predecessor-version":[{"id":68555,"href":"https:\/\/www.sisinternational.com\/de\/wp-json\/wp\/v2\/pages\/37841\/revisions\/68555"}],"up":[{"embeddable":true,"href":"https:\/\/www.sisinternational.com\/de\/wp-json\/wp\/v2\/pages\/14281"}],"wp:featuredmedia":[{"embeddable":true,"href":"https:\/\/www.sisinternational.com\/de\/wp-json\/wp\/v2\/media\/65369"}],"wp:attachment":[{"href":"https:\/\/www.sisinternational.com\/de\/wp-json\/wp\/v2\/media?parent=37841"}],"curies":[{"name":"wp","href":"https:\/\/api.w.org\/{rel}","templated":true}]}}