{"id":37839,"date":"2021-06-15T06:46:00","date_gmt":"2021-06-15T06:46:00","guid":{"rendered":"https:\/\/www.sisinternational.com\/?page_id=37839"},"modified":"2026-01-24T20:41:06","modified_gmt":"2026-01-25T01:41:06","slug":"market-research-in-lesotho-africa","status":"publish","type":"page","link":"https:\/\/www.sisinternational.com\/de\/coverage\/market-research-africa\/market-research-in-lesotho-africa\/","title":{"rendered":"Marktforschung in Lesotho, Afrika"},"content":{"rendered":"<h1 class=\"wp-block-heading\">Marktforschung in Lesotho<\/h1>\n\n\n\n<figure class=\"gb-block-image gb-block-image-8b04ab6e\"><img loading=\"lazy\" decoding=\"async\" width=\"1456\" height=\"816\" class=\"gb-image gb-image-8b04ab6e\" src=\"https:\/\/www.sisinternational.com\/wp-content\/uploads\/2025\/08\/Lesotho-1vv-3.jpg\" alt=\"SIS International Market Research &amp; Strategy\" title=\"Lesotho (1vv) (3)\" srcset=\"https:\/\/www.sisinternational.com\/wp-content\/uploads\/2025\/08\/Lesotho-1vv-3.jpg 1456w, https:\/\/www.sisinternational.com\/wp-content\/uploads\/2025\/08\/Lesotho-1vv-3-300x168.jpg 300w, https:\/\/www.sisinternational.com\/wp-content\/uploads\/2025\/08\/Lesotho-1vv-3-1024x574.jpg 1024w, https:\/\/www.sisinternational.com\/wp-content\/uploads\/2025\/08\/Lesotho-1vv-3-768x430.jpg 768w, https:\/\/www.sisinternational.com\/wp-content\/uploads\/2025\/08\/Lesotho-1vv-3-18x10.jpg 18w\" sizes=\"auto, (max-width: 1456px) 100vw, 1456px\"><\/figure>\n\n\n\n<p><\/p>\n\n\n\n<p>S\u00fcdafrika umgibt die <a href=\"https:\/\/oec.world\/en\/profile\/country\/lso\" target=\"_blank\" rel=\"noopener\">ehemaliges britisches Protektorat, heute Lesotho<\/a> \u2013 eine einzigartige Situation. Lesotho, fr\u00fcher bekannt als Basutoland, erlangte 1966 seine Unabh\u00e4ngigkeit. Heute ist Lesotho eine Monarchie mit integrierter Wirtschaft. Heute leben die meisten Familien von der Landwirtschaft.<\/p>\n\n\n\n<h2 class=\"wp-block-heading\">Schl\u00fcsselindustrien in Lesotho<\/h2>\n\n\n\n<p>Lesothos Wirtschaft konzentriert sich auf Produktion, Landwirtschaft, Bergbau und Viehzucht. Viele Basotho, wie die Menschen aus Lesotho genannt werden, sind auch auf \u00dcberweisungen angewiesen. Obwohl Lesotho von der Landwirtschaft abh\u00e4ngig ist, ist ein Gro\u00dfteil seines Landes nicht bebaubar. Daher gehen viele Basotho nach S\u00fcdafrika, um in Minen zu arbeiten. Diese \u00dcberweisungen stammen von diesen Wanderarbeitern.<\/p>\n\n\n\n<p>Lesothos Hauptexportg\u00fcter sind nat\u00fcrliche Ressourcen und Industrieg\u00fcter. Der Bekleidungssektor ist einer der wichtigsten Industriezweige und besch\u00e4ftigt viele Frauen.<\/p>\n\n\n\n<h2 class=\"wp-block-heading\">Nachbarschaften<\/h2>\n\n\n\n<p>Die Hauptstadt und gr\u00f6\u00dfte Stadt Lesothos ist Maseru. Sie liegt am Caledon River, direkt an der Grenze zwischen Lesotho und S\u00fcdafrika. Die Stadt war einst ein Polizeilager und wurde zur Hauptstadt, nachdem Lesotho 1869 ein britisches Protektorat wurde. Maseru blieb auch 1966 die Hauptstadt, nachdem das Land seine Unabh\u00e4ngigkeit erlangt hatte. Der Name der Stadt bedeutet \u201eroter Sandstein\u201c und stammt von einem Sesotho-Wort.<\/p>\n\n\n\n<h2 class=\"wp-block-heading\">Verbraucherbasis in Lesotho<\/h2>\n\n\n\n<p>Der Begriff \u201eMokhoro\u201c bezeichnet den Baustil Lesothos. Viele traditionelle H\u00e4user, vor allem in kleinen D\u00f6rfern und St\u00e4dten, sind im Mokhoro-Stil gehalten. Die Basotho kleben die W\u00e4nde oft auf gro\u00dfe Zementst\u00fccke. Auch Lehmziegel, vor allem Betonbl\u00f6cke, werden heute verwendet. Die Besitzer ersetzen die traditionellen Strohd\u00e4cher oft durch Wellpappe.<\/p>\n\n\n\n<p>Lesotho verf\u00fcgt nur \u00fcber begrenzte Nahrungsmittelressourcen, daher produzieren die meisten Familien Vieh und Nahrungsmittel, um sich selbst zu ern\u00e4hren. Derzeit befindet sich die Wirtschaft im Umbruch. Das Land versucht, seine Abh\u00e4ngigkeit von der Subsistenzlandwirtschaft zu beenden. Daher diversifiziert es langsam, was eine gro\u00dfartige Gelegenheit f\u00fcr Investoren darstellt. Es wird h\u00f6here Einkommen f\u00fcr Basotho bedeuten, sodass der lokale Markt in der Lage sein wird, ein Gesch\u00e4ft aufrechtzuerhalten.<\/p>\n\n\n\n<h2 class=\"wp-block-heading\">St\u00e4rken im Markt<\/h2>\n\n\n\n<p>Lesotho ist ein Land mit vielen Sehensw\u00fcrdigkeiten und einem hervorragenden Tourismusangebot:<\/p>\n\n\n\n<ol class=\"wp-block-list\">\n<li>Afrikanisches Naturerlebnis. Lesotho ist das Reiseziel f\u00fcr anspruchsvolle Reisende und Abenteuerlustige. Es ist perfekt f\u00fcr alle, die mehr als nur einen Gesch\u00e4ftsreiseurlaub machen m\u00f6chten.<\/li>\n\n\n\n<li>Malerische Landschaft. Lesotho ist reich an einzigartiger Tierwelt und hat auch sch\u00f6ne, klare Fl\u00fcsse. Es ist eine der saubersten und unber\u00fchrtesten Naturlandschaften der Region.<\/li>\n\n\n\n<li>In der N\u00e4he von S\u00fcdafrika. Wie bereits erw\u00e4hnt, umgibt S\u00fcdafrika Lesotho. Tats\u00e4chlich bietet diese Situation viele M\u00f6glichkeiten. Erstens hilft es bei der Entwicklung und dem Wachstum der Tourismusbranche in Lesotho. S\u00fcdafrika empf\u00e4ngt viele Touristen, was Lesotho eine einzigartige Chance bietet. Es kann die St\u00e4rken seines Nachbarlandes nutzen. Tats\u00e4chlich kann es sich als internationales Tourismusziel positionieren. S\u00fcdafrika kann somit Lesothos \u201eTor\u201c werden.<\/li>\n<\/ol>\n\n\n\n<h2 class=\"wp-block-heading\">Gr\u00fcnde, Ihr Gesch\u00e4ft auf dem Markt auszubauen<\/h2>\n\n\n\n<ol class=\"wp-block-list\">\n<li>Lesotho ist politisch stabil. Investoren profitieren daher von der politischen Kontinuit\u00e4t. Diese Stabilit\u00e4t erm\u00f6glicht es Unternehmen auch, zu wachsen und zu gedeihen. Investoren k\u00f6nnen langfristig planen, ohne sich \u00fcber Unterbrechungen aufgrund politischer Umw\u00e4lzungen Sorgen machen zu m\u00fcssen.<\/li>\n\n\n\n<li>Die j\u00fcngsten Regierungsreformen hatten einen positiven Effekt auf die Wirtschaft.<\/li>\n\n\n\n<li>Investitionsm\u00f6glichkeiten bestehen in folgenden Bereichen:\n<ol class=\"wp-block-list\">\n<li>Landwirtschaft<\/li>\n\n\n\n<li>Infrastruktur und Bau<\/li>\n\n\n\n<li>Herstellung<\/li>\n\n\n\n<li>IKT<\/li>\n\n\n\n<li>Erneuerbare Energie<\/li>\n\n\n\n<li>Finanzdienstleistungen<\/li>\n\n\n\n<li>Tourismus<\/li>\n\n\n\n<li>Bergbau<\/li>\n<\/ol>\n<\/li>\n\n\n\n<li>Lesothos atemberaubende Landschaft und die schneebedeckten H\u00e4nge eignen sich hervorragend zum Skifahren. Diese Merkmale k\u00f6nnen den Tourismus f\u00f6rdern.<\/li>\n\n\n\n<li>The \u201cAfrican Growth and Opportunity Act\u201d and the Continental Free Trade Area. These agreements provide a broader <a href=\"https:\/\/www.sisinternational.com\/de\/the-changing-african-market\/\" title=\"Marktchancenforschung in Afrika\" data-wpil-monitor-id=\"2802\">market for countries outside of South Africa<\/a>.<\/li>\n<\/ol>\n\n\n\n<h2 class=\"wp-block-heading\">\u00dcber Marktforschung in Lesotho<\/h2>\n\n\n\n<p>Sie m\u00f6chten ein Unternehmen gr\u00fcnden? Klingt Lesotho wie ein idealer Ort? Dann ist dieser Artikel f\u00fcr Sie. Wir richten Fokusgruppen f\u00fcr afrikanische Privatsektoren ein. Wir k\u00f6nnen auch durchf\u00fchren <a href=\"https:\/\/www.sisinternational.com\/de\/what-is-quantitative-research\/\" target=\"_blank\" rel=\"noopener\">Quantitativ<\/a>, <a href=\"https:\/\/www.sisinternational.com\/de\/what-is-qualitative-research\/\" target=\"_blank\" rel=\"noopener\">Qualitativ<\/a>, Und <a href=\"https:\/\/www.sisinternational.com\/de\/solutions\/strategy-consulting\/how-strategy-research-can-boost-your-performance\/\" target=\"_blank\" rel=\"noopener\">Strategieforschung<\/a> f\u00fcr Ihr Unternehmen. So k\u00f6nnen Sie die beste Branche f\u00fcr die Gr\u00fcndung Ihres Unternehmens ausw\u00e4hlen. Kurz gesagt: Unsere Marktforschung kann den Erfolg Ihres Unternehmens sicherstellen.<\/p>\n\n\n\n<p><\/p>","protected":false},"excerpt":{"rendered":"<p>Lesothos St\u00e4rke ist der Tourismus. Lesotho ist eine Monarchie mit integrierter Wirtschaft. Heute leben die meisten Familien von der Landwirtschaft.<\/p>","protected":false},"author":1,"featured_media":65365,"parent":14281,"menu_order":24,"comment_status":"closed","ping_status":"closed","template":"","meta":{"footnotes":""},"class_list":["post-37839","page","type-page","status-publish","has-post-thumbnail"],"_links":{"self":[{"href":"https:\/\/www.sisinternational.com\/de\/wp-json\/wp\/v2\/pages\/37839","targetHints":{"allow":["GET"]}}],"collection":[{"href":"https:\/\/www.sisinternational.com\/de\/wp-json\/wp\/v2\/pages"}],"about":[{"href":"https:\/\/www.sisinternational.com\/de\/wp-json\/wp\/v2\/types\/page"}],"author":[{"embeddable":true,"href":"https:\/\/www.sisinternational.com\/de\/wp-json\/wp\/v2\/users\/1"}],"replies":[{"embeddable":true,"href":"https:\/\/www.sisinternational.com\/de\/wp-json\/wp\/v2\/comments?post=37839"}],"version-history":[{"count":4,"href":"https:\/\/www.sisinternational.com\/de\/wp-json\/wp\/v2\/pages\/37839\/revisions"}],"predecessor-version":[{"id":77137,"href":"https:\/\/www.sisinternational.com\/de\/wp-json\/wp\/v2\/pages\/37839\/revisions\/77137"}],"up":[{"embeddable":true,"href":"https:\/\/www.sisinternational.com\/de\/wp-json\/wp\/v2\/pages\/14281"}],"wp:featuredmedia":[{"embeddable":true,"href":"https:\/\/www.sisinternational.com\/de\/wp-json\/wp\/v2\/media\/65365"}],"wp:attachment":[{"href":"https:\/\/www.sisinternational.com\/de\/wp-json\/wp\/v2\/media?parent=37839"}],"curies":[{"name":"wp","href":"https:\/\/api.w.org\/{rel}","templated":true}]}}