{"id":37837,"date":"2021-06-15T06:31:57","date_gmt":"2021-06-15T06:31:57","guid":{"rendered":"https:\/\/www.sisinternational.com\/?page_id=37837"},"modified":"2026-01-24T20:50:51","modified_gmt":"2026-01-25T01:50:51","slug":"marktforschung-in-kenia-afrika","status":"publish","type":"page","link":"https:\/\/www.sisinternational.com\/de\/abdeckung\/marktforschung-afrika\/marktforschung-in-kenia-afrika\/","title":{"rendered":"Marktforschung in Kenia, Afrika"},"content":{"rendered":"<h1 class=\"wp-block-heading\">Marktforschung in Kenia<\/h1>\n\n\n\n<figure class=\"gb-block-image gb-block-image-87484c04\"><img loading=\"lazy\" decoding=\"async\" width=\"1456\" height=\"816\" class=\"gb-image gb-image-87484c04\" src=\"https:\/\/www.sisinternational.com\/wp-content\/uploads\/2025\/08\/Kenya-2.jpg\" alt=\"SIS International Marktforschung &amp; Strategie\" title=\"Kenya (2)\" srcset=\"https:\/\/www.sisinternational.com\/wp-content\/uploads\/2025\/08\/Kenya-2.jpg 1456w, https:\/\/www.sisinternational.com\/wp-content\/uploads\/2025\/08\/Kenya-2-300x168.jpg 300w, https:\/\/www.sisinternational.com\/wp-content\/uploads\/2025\/08\/Kenya-2-1024x574.jpg 1024w, https:\/\/www.sisinternational.com\/wp-content\/uploads\/2025\/08\/Kenya-2-768x430.jpg 768w, https:\/\/www.sisinternational.com\/wp-content\/uploads\/2025\/08\/Kenya-2-18x10.jpg 18w\" sizes=\"auto, (max-width: 1456px) 100vw, 1456px\"><\/figure>\n\n\n\n<p><\/p>\n\n\n\n<p>Der <a href=\"https:\/\/oec.world\/en\/profile\/country\/ken\" target=\"_blank\" rel=\"noopener\">Republik Kenia<\/a> ist ein ostafrikanisches Land im Norden von Tansania. Es liegt \u00f6stlich von Uganda und s\u00fcd\u00f6stlich von S\u00fcdsudan. \u00c4thiopien liegt im Norden und Somalia im Nordosten. Im S\u00fcdosten liegt der Indische Ozean.<\/p>\n\n\n\n<h2 class=\"wp-block-heading\">Schl\u00fcsselindustrien in Kenia<\/h2>\n\n\n\n<p>Die kenianische Wirtschaft basiert auf der Landwirtschaft. Sie erwirtschaftet etwas mehr als ein Drittel des BIP. Die traditionellen Exportg\u00fcter sind Tee und Kaffee. Kenia verf\u00fcgt auch \u00fcber eine aufstrebende Gartenbauindustrie.<\/p>\n\n\n\n<p>Der Agrarsektor umfasst Pflanzenbau, Gartenbau, Viehzucht, Forstwirtschaft und Fischerei. Der Pflanzenbau und der Gartenbau tragen am meisten zum landwirtschaftlichen BIP bei. Dieser Sektor bildet das R\u00fcckgrat der kenianischen Wirtschaft. Er bietet der Bev\u00f6lkerung auch eine M\u00f6glichkeit, ihren Lebensunterhalt zu verdienen.<\/p>\n\n\n\n<p>The industrial sector is also a huge contributor to the GDP. The country has a well-developed industrial sector, and it is the <a href=\"https:\/\/www.sisinternational.com\/de\/der-afrikanische-markt-im-wandel\/\" title=\"Marktchancenforschung in Afrika\" data-wpil-monitor-id=\"2806\">market leader in East Africa<\/a>. This sector accounts for one-tenth of the GDP, and manufacturing is thriving.<\/p>\n\n\n\n<p>Auch der Bau- und Immobiliensektor w\u00e4chst. Dieses Wachstum ist zum Teil auf staatliche Investitionen in die \u00f6ffentliche Infrastruktur zur\u00fcckzuf\u00fchren. Kenianer investieren auch in Immobilien.<\/p>\n\n\n\n<p>Aufgrund der COVID-19-Pandemie erwarten Experten einen R\u00fcckgang des Wachstums in Kenia. Das Land hat den Handel reduziert. Au\u00dferdem hat das Coronavirus die Lieferketten und die inl\u00e4ndische Produktion gest\u00f6rt. Trotzdem bleibt die Regierung zuversichtlich. Sie f\u00f6rdert weiterhin Bildung, Handel und Investitionen. Sie hofft, dass die Wirtschaft den Aufw\u00e4rtstrend aus der Zeit vor der Pandemie fortsetzen kann.<\/p>\n\n\n\n<h2 class=\"wp-block-heading\">Nachbarschaften in Kenia<\/h2>\n\n\n\n<p>Kenia verf\u00fcgt \u00fcber eine reichhaltige Flora und Fauna, die Teil der nat\u00fcrlichen Sch\u00f6nheit des Landes sind.<\/p>\n\n\n\n<p>Die wichtigsten St\u00e4dte Kenias sind Nairobi, Mombasa und Kisumu. Die Hauptstadt Nairobi ist die gr\u00f6\u00dfte. Diese Stadt erinnert an ihre koloniale Vergangenheit, indem sie viele englische Ortsnamen verwendet. In Nairobi leben die wohlhabenderen Einwohner normalerweise in den westlichen und nordzentralen Regionen. Die europ\u00e4ischen Siedler lebten w\u00e4hrend der Kolonialzeit in diesen Regionen. Im Gegensatz dazu liegen die Viertel mit unterem und oberem mittlerem Einkommen in den nordzentralen Gebieten der Stadt.<\/p>\n\n\n\n<p>Mombasa, die zweitgr\u00f6\u00dfte Stadt, liegt an der S\u00fcdostk\u00fcste Kenias. Sie ist touristisch gepr\u00e4gt und verf\u00fcgt \u00fcber einen internationalen Flughafen. Au\u00dferdem ist hier der drittgr\u00f6\u00dfte Hafen Afrikas angesiedelt.<\/p>\n\n\n\n<p>Kisumu, die drittgr\u00f6\u00dfte Stadt, ist wundersch\u00f6n. Mit einem Stadterneuerungsprojekt haucht die Stadt ihrer Innenstadt und den unteren Stadtteilen neues Leben ein. Das Seeufer wird modernisiert und die Hauptstra\u00dfen werden weniger \u00fcberf\u00fcllt, sodass Fu\u00dfg\u00e4nger sich leichter zurechtfinden.<\/p>\n\n\n\n<h2 class=\"wp-block-heading\">Trends<\/h2>\n\n\n\n<p>Im letzten Jahrzehnt hat Kenia ein starkes Wirtschaftswachstum erlebt. Dieses Wachstum ist den politischen und wirtschaftlichen Reformen zu verdanken, die das Land erreicht hat. Leider hat die anhaltende Pandemie dieses Wachstum beeintr\u00e4chtigt.<\/p>\n\n\n\n<p>Zu den gr\u00f6\u00dften Entwicklungsherausforderungen z\u00e4hlen Armut und Klimawandel. Kenia ist zudem von Ungleichheit in der Gesellschaft gepr\u00e4gt und die Investitionen des Privatsektors sind gering.<\/p>\n\n\n\n<p>Derzeit sind die wirtschaftlichen Aussichten Kenias d\u00fcster. \u00d6konomen erwarten, dass sich das Land nur langsam erholt. Die Pandemie hat Kenias Exporte und Tourismus stark beeintr\u00e4chtigt. Auch andere inl\u00e4ndische Wirtschaftsaktivit\u00e4ten wurden dadurch beeintr\u00e4chtigt. Dennoch verf\u00fcgt Kenia \u00fcber einen langfristigen Entwicklungsplan, der der verarbeitenden Industrie Priorit\u00e4t einr\u00e4umt. Der Plan sieht auch eine allgemeine Gesundheitsversorgung, bezahlbaren Wohnraum und Ern\u00e4hrungssicherheit vor.<\/p>\n\n\n\n<h2 class=\"wp-block-heading\">Vorteile und St\u00e4rken im Markt<\/h2>\n\n\n\n<p>The agricultural sector is the pride and joy of the Kenyan market. Kenya is the third-largest tea producer in the world. The services sector is also expanding. Its economy is crucial to the East-African community. It is <a href=\"https:\/\/www.sisinternational.com\/de\/marktforschung-in-afrika-2\/\" title=\"Marktforschung in Afrika\" data-wpil-monitor-id=\"2945\">Africa\u2019s number-one common market<\/a> and the seventh-largest African economy.<\/p>\n\n\n\n<h2 class=\"wp-block-heading\">Verbraucherbasis in Kenia<\/h2>\n\n\n\n<p>Eine kleine Zahl von Verbrauchern in Kenia hat vom schnellen Wirtschaftswachstum profitiert. Eine viel gr\u00f6\u00dfere Zahl hat jedoch kaum oder gar nichts davon gehabt. Sie leiden daher unter den Auswirkungen der Inflation. Armut und Unterern\u00e4hrung bleiben f\u00fcr viele Kenianer erhebliche Probleme.<\/p>\n\n\n\n<h2 class=\"wp-block-heading\">Gr\u00fcnde, Ihr Gesch\u00e4ft auf dem kenianischen Markt auszubauen<\/h2>\n\n\n\n<p>Die kenianischen M\u00e4rkte bieten Investoren viele g\u00fcnstige M\u00f6glichkeiten. Kenia hat niedrigere Betriebskosten als andere Schwellenm\u00e4rkte, und Investoren haben daher einen Wettbewerbsvorteil bei Miet- und Arbeitskosten.<\/p>\n\n\n\n<p>Kenia hat au\u00dferdem eine hervorragende geografische Lage. Es hat Zugang zu den wichtigsten Schifffahrtsrouten aus Europa und Asien. Und der kenianische Markt ist nicht sehr entwickelt. Neue Unternehmen werden daher w\u00e4hrend der Gr\u00fcndungsphase einen Mangel an Konkurrenz erleben. Diese Situation erh\u00f6ht die M\u00f6glichkeit eines schnellen Wachstums innerhalb kurzer Zeit. Neue Unternehmen k\u00f6nnen mit staatlicher Unterst\u00fctzung rechnen. Die Regierung f\u00f6rdert das Wachstum in verschiedenen Sektoren.<\/p>\n\n\n\n<h2 class=\"wp-block-heading\">\u00dcber Marktforschung in Kenia<\/h2>\n\n\n\n<p>Es ist wichtig zu tun <a href=\"https:\/\/www.sisinternational.com\/de\/was-ist-quantitative-forschung-2\/\" target=\"_blank\" rel=\"noopener\">Quantitativ<\/a>, <a href=\"https:\/\/www.sisinternational.com\/de\/was-ist-qualitative-forschung\/\" target=\"_blank\" rel=\"noopener\">Qualitativ<\/a>, Und <a href=\"https:\/\/www.sisinternational.com\/de\/losungen\/strategieberatung\/wie-strategieforschung-ihre-leistung-steigern-kann\/\" target=\"_blank\" rel=\"noopener\">Strategie Forschung<\/a>. Unternehmen sollten diese Pr\u00fcfungen durchf\u00fchren, bevor sie in einen Markt eintreten. Besonders wichtig ist die Marktforschung in Kenia. Sie hilft neuen Unternehmen dabei, die beste Markteintrittsstrategie zu bestimmen.<\/p>\n\n\n\n<p>Marktforschung kann Marktbesuche beinhalten. Solche Besuche helfen bei der Anwerbung potenzieller lokaler Partner. Sie helfen beim Aufbau von Beziehungen und der Suche nach Marktchancen. Marktforschung kann auch Fokusgruppen, Interviews und Umfragen umfassen.<\/p>\n\n\n\n<p><\/p>","protected":false},"excerpt":{"rendered":"<p>Im letzten Jahrzehnt hat Kenia ein starkes Wirtschaftswachstum erlebt. Der Agrarsektor ist der ganze Stolz des kenianischen Marktes.<\/p>","protected":false},"author":1,"featured_media":65205,"parent":14281,"menu_order":23,"comment_status":"closed","ping_status":"closed","template":"","meta":{"footnotes":""},"class_list":["post-37837","page","type-page","status-publish","has-post-thumbnail"],"_links":{"self":[{"href":"https:\/\/www.sisinternational.com\/de\/wp-json\/wp\/v2\/pages\/37837","targetHints":{"allow":["GET"]}}],"collection":[{"href":"https:\/\/www.sisinternational.com\/de\/wp-json\/wp\/v2\/pages"}],"about":[{"href":"https:\/\/www.sisinternational.com\/de\/wp-json\/wp\/v2\/types\/page"}],"author":[{"embeddable":true,"href":"https:\/\/www.sisinternational.com\/de\/wp-json\/wp\/v2\/users\/1"}],"replies":[{"embeddable":true,"href":"https:\/\/www.sisinternational.com\/de\/wp-json\/wp\/v2\/comments?post=37837"}],"version-history":[{"count":5,"href":"https:\/\/www.sisinternational.com\/de\/wp-json\/wp\/v2\/pages\/37837\/revisions"}],"predecessor-version":[{"id":77272,"href":"https:\/\/www.sisinternational.com\/de\/wp-json\/wp\/v2\/pages\/37837\/revisions\/77272"}],"up":[{"embeddable":true,"href":"https:\/\/www.sisinternational.com\/de\/wp-json\/wp\/v2\/pages\/14281"}],"wp:featuredmedia":[{"embeddable":true,"href":"https:\/\/www.sisinternational.com\/de\/wp-json\/wp\/v2\/media\/65205"}],"wp:attachment":[{"href":"https:\/\/www.sisinternational.com\/de\/wp-json\/wp\/v2\/media?parent=37837"}],"curies":[{"name":"wp","href":"https:\/\/api.w.org\/{rel}","templated":true}]}}