{"id":37835,"date":"2021-06-15T06:23:17","date_gmt":"2021-06-15T06:23:17","guid":{"rendered":"https:\/\/www.sisinternational.com\/?page_id=37835"},"modified":"2025-09-14T16:14:45","modified_gmt":"2025-09-14T20:14:45","slug":"marktforschung-in-guinea-bissau-afrika","status":"publish","type":"page","link":"https:\/\/www.sisinternational.com\/de\/abdeckung\/marktforschung-afrika\/marktforschung-in-guinea-bissau-afrika\/","title":{"rendered":"Marktforschung in Guinea-Bissau, Afrika"},"content":{"rendered":"<h1 class=\"wp-block-heading\">Marktforschung in Guinea-Bissau<\/h1>\n\n\n\n<figure class=\"gb-block-image gb-block-image-74da283f\"><img loading=\"lazy\" decoding=\"async\" width=\"1456\" height=\"816\" class=\"gb-image gb-image-74da283f\" src=\"https:\/\/www.sisinternational.com\/wp-content\/uploads\/2025\/08\/Guinea-Bissau-2.jpg\" alt=\"SIS International Marktforschung &amp; Strategie\" title=\"Guinea-Bissau (2)\" srcset=\"https:\/\/www.sisinternational.com\/wp-content\/uploads\/2025\/08\/Guinea-Bissau-2.jpg 1456w, https:\/\/www.sisinternational.com\/wp-content\/uploads\/2025\/08\/Guinea-Bissau-2-300x168.jpg 300w, https:\/\/www.sisinternational.com\/wp-content\/uploads\/2025\/08\/Guinea-Bissau-2-1024x574.jpg 1024w, https:\/\/www.sisinternational.com\/wp-content\/uploads\/2025\/08\/Guinea-Bissau-2-768x430.jpg 768w, https:\/\/www.sisinternational.com\/wp-content\/uploads\/2025\/08\/Guinea-Bissau-2-18x10.jpg 18w\" sizes=\"auto, (max-width: 1456px) 100vw, 1456px\"><\/figure>\n\n\n\n<p><\/p>\n\n\n\n<p><a href=\"https:\/\/oec.world\/en\/profile\/country\/gnb\" target=\"_blank\" rel=\"noopener\">Guinea-Bissau ist ein tiefliegendes Land in Westafrika<\/a>. Es ist einer der kleinsten afrikanischen Staaten, aber Heimat vieler Tiere und wildlebender Tiere. Seine geografische Zusammensetzung besteht aus Feuchtgebieten, tropischen W\u00e4ldern und Savannen.<\/p>\n\n\n\n<p>Guinea-Bissau grenzt an Senegal, Guinea und den Atlantischen Ozean. Senegal liegt im Norden und Guinea im S\u00fcdosten. Der Atlantische Ozean liegt im Westen.<\/p>\n\n\n\n<h2 class=\"wp-block-heading\">Schl\u00fcsselindustrien in Guinea-Bissau<\/h2>\n\n\n\n<p>Guinea-Bissau ist landwirtschaftlich gepr\u00e4gt. Die Landwirtschaft erwirtschaftet mehr als die H\u00e4lfte des Bruttoinlandsprodukts des Landes. Sie ist eine Einnahmequelle f\u00fcr mehr als drei Viertel der Bev\u00f6lkerung. Cashew ist das wichtigste Exportprodukt, und Bodendecker, Erdn\u00fcsse und Palm\u00f6l sind weitere wichtige Produkte. Das Gleiche gilt f\u00fcr Gummi, Kopra und Hartholz. Die verarbeitende Industrie tr\u00e4gt einen erheblichen Teil zum Bruttoinlandsprodukt des Landes bei.<\/p>\n\n\n\n<p>Ein weiterer wichtiger Wirtschaftszweig ist die Fischerei. Die meisten Exporte Guinea-Bissaus gehen in asiatische L\u00e4nder, was zu Devisengewinnen f\u00fchrt.<\/p>\n\n\n\n<p>Guinea-Bissau hat Potenzial f\u00fcr die Entwicklung der Forstwirtschaft, da W\u00e4lder etwa drei F\u00fcnftel der Landesfl\u00e4che bedecken. Die Einheimischen nutzen einen Gro\u00dfteil dieses Holzes als Brennstoff. Das Land exportiert auch kleine Mengen Schnittholz.<\/p>\n\n\n\n<h2 class=\"wp-block-heading\">Nachbarschaften in Guinea-Bissau<\/h2>\n\n\n\n<p>Die Hauptstadt von Guinea-Bissau ist Bissau. Bissau bedeutet \u201etapfer wie der Jaguar\u201c und liegt am \u00e4u\u00dfersten Westufer des Flusses Geba. Es grenzt an den Atlantischen Ozean.<\/p>\n\n\n\n<p>Bissau, die bev\u00f6lkerungsreichste Stadt des Landes, hat den internationalen Flughafen Osvaldo Vieira und das neue Stadion von Bissau. Der wichtigste Hafen der Stadt ist Port Pidjiguiti. Auf dem Pier steht ein Denkmal in Form einer riesigen schwarzen Faust. Die Faust erinnert an ein Massaker, das 1959 stattfand.<\/p>\n\n\n\n<p>Bissau hat viele Sehensw\u00fcrdigkeiten zu bieten. Dazu geh\u00f6ren der Prim\u00e4rmarkt, der Mercado de Bandim, und das Nationale Ethnografische Museum. Feine Restaurants und einladende Str\u00e4nde bereichern die Stadt. Ein Spiegelbild des B\u00fcrgerkriegs ist der Pr\u00e4sidentenpalast. Besucher sind herzlich eingeladen, durch das Gel\u00e4nde zu spazieren.<\/p>\n\n\n\n<p>Bafat\u00e1 ist eine weitere Stadt in Zentralguinea-Bissau. Diese Stadt ist der Sitz der r\u00f6misch-katholischen Di\u00f6zese Bafat\u00e1. Die Stadt verf\u00fcgt \u00fcber eine Landebahn, den Bafat\u00e1 Airport. Bafat\u00e1 ist ber\u00fchmt f\u00fcr seine Ziegelindustrie und sein Handelszentrum.<\/p>\n\n\n\n<h2 class=\"wp-block-heading\">Trends<\/h2>\n\n\n\n<p>Die Arbeitslosenquote in Guinea-Bissau steigt weiter an. Auch die Zahl der COVID-19-F\u00e4lle nimmt zu. Daher versucht die Regierung, Impfstoffe zu verabreichen. Die Dinge sehen besser aus, denn die Afrikanischen Zentren f\u00fcr Seuchenkontrolle best\u00e4tigten, dass Behandlungsversuche laufen.<\/p>\n\n\n\n<p>Guinea-Bissau verf\u00fcgt \u00fcber eine schnell wachsende Lebensmittelindustrie. Zun\u00e4chst errichteten Investoren eine Reis- und Erdnussverarbeitungsanlage. Sp\u00e4ter errichteten andere Investoren auch eine Zuckerraffinerie, die zur effizienten Produktion von Lebensmitteln beitr\u00e4gt. Sie tr\u00e4gt auch dazu bei, die Wirtschaft des Landes \u00fcber Wasser zu halten.<\/p>\n\n\n\n<h2 class=\"wp-block-heading\">Vorteile und St\u00e4rken im Markt<\/h2>\n\n\n\n<figure class=\"gb-block-image gb-block-image-630a5743\"><img loading=\"lazy\" decoding=\"async\" width=\"1024\" height=\"574\" class=\"gb-image gb-image-630a5743\" src=\"https:\/\/www.sisinternational.com\/wp-content\/uploads\/2025\/08\/Guinea-Bissau-3-1024x574.jpg\" srcset=\"https:\/\/www.sisinternational.com\/wp-content\/uploads\/2025\/08\/Guinea-Bissau-3-1024x574.jpg 1024w, https:\/\/www.sisinternational.com\/wp-content\/uploads\/2025\/08\/Guinea-Bissau-3-300x168.jpg 300w, https:\/\/www.sisinternational.com\/wp-content\/uploads\/2025\/08\/Guinea-Bissau-3-768x430.jpg 768w, https:\/\/www.sisinternational.com\/wp-content\/uploads\/2025\/08\/Guinea-Bissau-3-18x10.jpg 18w, https:\/\/www.sisinternational.com\/wp-content\/uploads\/2025\/08\/Guinea-Bissau-3.jpg 1456w\" sizes=\"auto, (max-width: 1024px) 100vw, 1024px\" alt=\"SIS International Marktforschung &amp; Strategie\"><\/figure>\n\n\n\n<p><\/p>\n\n\n\n<p>Guinea-Bissau verf\u00fcgt \u00fcber ein hervorragendes landwirtschaftliches Potenzial, da das Land fruchtbare B\u00f6den und hohe Niederschl\u00e4ge hat. Die exotische Cashew-Pflanze ist weiterhin die dominierende Pflanze. Sie wird in der Wirtschaft Guinea-Bissaus immer beliebter.<\/p>\n\n\n\n<h2 class=\"wp-block-heading\">Verbraucherbasis in Guinea-Bissau<\/h2>\n\n\n\n<p>Guinea-Bissau ist eines der \u00e4rmsten und fragilsten L\u00e4nder der Welt. Die Wirtschaft des Landes ist landwirtschaftlich gepr\u00e4gt, und viele Einheimische arbeiten in diesem Sektor. Auch die Fischereiindustrie ist f\u00fcr die nationale Wirtschaft von entscheidender Bedeutung. Doch es geht aufw\u00e4rts. Die Wirtschaft w\u00e4chst aufgrund der gestiegenen Cashew-Produktion, was f\u00fcr alle ein h\u00f6heres verf\u00fcgbares Einkommen bedeutet.<\/p>\n\n\n\n<h2 class=\"wp-block-heading\">Gr\u00fcnde, Ihr Gesch\u00e4ft mit Marktforschung in Guinea-Bissau auszubauen<\/h2>\n\n\n\n<p>Da Cashew die wichtigste Nutzpflanze ist, gibt es Bedenken hinsichtlich der Artenvielfalt. \u00d6konomen stellen auch die Nachhaltigkeit und Ern\u00e4hrungssicherheit des Landes in Frage. Das Potenzial liegt also im Anbau anderer Nahrungspflanzen.<\/p>\n\n\n\n<p>Die Mineralproduktion ist ein weiterer wachsender Industriezweig in Guinea-Bissau. Der Abbau von Sand und Kies erfolgt in kleinem Ma\u00dfstab. Das Land m\u00f6chte die Bergbauindustrie jedoch durch ausl\u00e4ndische Investitionen ausbauen. Vor kurzem wurden Bauxitvorkommen entdeckt. Das Unternehmen Bauxite Angola hat sich verpflichtet, Hunderte Millionen Dollar in die Exploration zu investieren. Weitere Investoren sind in der Branche willkommen.<\/p>\n\n\n\n<h2 class=\"wp-block-heading\">\u00dcber Marktforschung in Guinea-Bissau<\/h2>\n\n\n\n<p>Investoren m\u00fcssen den Markt von Guinea-Bissau verstehen. Eine St\u00e4rke des Landes ist, dass es reich an Ressourcen ist. Eine Schw\u00e4che dagegen ist, dass die Wirtschaft des Landes immer noch anf\u00e4llig ist. Ein Gro\u00dfteil dieser Anf\u00e4lligkeit ist auf politische Instabilit\u00e4t zur\u00fcckzuf\u00fchren. Daher spielen Fokusgruppen eine entscheidende Rolle bei der Durchf\u00fchrung von Umfragen \u00fcber das Land, um den Markt zu verstehen. Sie k\u00f6nnen auch Interviews durchf\u00fchren. <a href=\"https:\/\/www.sisinternational.com\/de\/was-ist-qualitative-forschung\/\" target=\"_blank\" rel=\"noopener\">Qualitativ<\/a> Und <a href=\"https:\/\/www.sisinternational.com\/de\/was-ist-quantitative-forschung-2\/\" target=\"_blank\" rel=\"noopener\">Quantitativ<\/a> Research sch\u00fctzt Anleger zus\u00e4tzlich. <a href=\"https:\/\/www.sisinternational.com\/de\/losungen\/strategieberatung\/wie-strategieforschung-ihre-leistung-steigern-kann\/\" target=\"_blank\" rel=\"noopener\">Strategie Forschung<\/a> erm\u00f6glicht es dem Investor, die Wirtschaft des Landes kennenzulernen. Diese Art der Recherche ist eine enorme Hilfe bei der Gesch\u00e4ftsplanung.<\/p>\n\n\n\n<p><\/p>","protected":false},"excerpt":{"rendered":"<p>Guinea-Bissau verf\u00fcgt \u00fcber ein hervorragendes landwirtschaftliches Potenzial. Das Land hat fruchtbare B\u00f6den, hohe Niederschl\u00e4ge und eine schnell wachsende Lebensmittelindustrie.<\/p>","protected":false},"author":1,"featured_media":65202,"parent":14281,"menu_order":22,"comment_status":"closed","ping_status":"closed","template":"","meta":{"_uag_custom_page_level_css":"","footnotes":""},"class_list":["post-37835","page","type-page","status-publish","has-post-thumbnail"],"uagb_featured_image_src":{"full":["https:\/\/www.sisinternational.com\/wp-content\/uploads\/2025\/08\/Guinea-Bissau-2.jpg",1456,816,false],"thumbnail":["https:\/\/www.sisinternational.com\/wp-content\/uploads\/2025\/08\/Guinea-Bissau-2-150x150.jpg",150,150,true],"medium":["https:\/\/www.sisinternational.com\/wp-content\/uploads\/2025\/08\/Guinea-Bissau-2-300x168.jpg",300,168,true],"medium_large":["https:\/\/www.sisinternational.com\/wp-content\/uploads\/2025\/08\/Guinea-Bissau-2-768x430.jpg",768,430,true],"large":["https:\/\/www.sisinternational.com\/wp-content\/uploads\/2025\/08\/Guinea-Bissau-2-1024x574.jpg",1024,574,true],"1536x1536":["https:\/\/www.sisinternational.com\/wp-content\/uploads\/2025\/08\/Guinea-Bissau-2.jpg",1456,816,false],"2048x2048":["https:\/\/www.sisinternational.com\/wp-content\/uploads\/2025\/08\/Guinea-Bissau-2.jpg",1456,816,false],"trp-custom-language-flag":["https:\/\/www.sisinternational.com\/wp-content\/uploads\/2025\/08\/Guinea-Bissau-2-18x10.jpg",18,10,true]},"uagb_author_info":{"display_name":"Ruth Stanat","author_link":"https:\/\/www.sisinternational.com\/de\/author\/expert\/"},"uagb_comment_info":0,"uagb_excerpt":"Guinea-Bissau has excellent agricultural potential. The country has fertile soil, high rainfall, and a fast-growing food processing industry.","_links":{"self":[{"href":"https:\/\/www.sisinternational.com\/de\/wp-json\/wp\/v2\/pages\/37835","targetHints":{"allow":["GET"]}}],"collection":[{"href":"https:\/\/www.sisinternational.com\/de\/wp-json\/wp\/v2\/pages"}],"about":[{"href":"https:\/\/www.sisinternational.com\/de\/wp-json\/wp\/v2\/types\/page"}],"author":[{"embeddable":true,"href":"https:\/\/www.sisinternational.com\/de\/wp-json\/wp\/v2\/users\/1"}],"replies":[{"embeddable":true,"href":"https:\/\/www.sisinternational.com\/de\/wp-json\/wp\/v2\/comments?post=37835"}],"version-history":[{"count":2,"href":"https:\/\/www.sisinternational.com\/de\/wp-json\/wp\/v2\/pages\/37835\/revisions"}],"predecessor-version":[{"id":68518,"href":"https:\/\/www.sisinternational.com\/de\/wp-json\/wp\/v2\/pages\/37835\/revisions\/68518"}],"up":[{"embeddable":true,"href":"https:\/\/www.sisinternational.com\/de\/wp-json\/wp\/v2\/pages\/14281"}],"wp:featuredmedia":[{"embeddable":true,"href":"https:\/\/www.sisinternational.com\/de\/wp-json\/wp\/v2\/media\/65202"}],"wp:attachment":[{"href":"https:\/\/www.sisinternational.com\/de\/wp-json\/wp\/v2\/media?parent=37835"}],"curies":[{"name":"wp","href":"https:\/\/api.w.org\/{rel}","templated":true}]}}