{"id":37833,"date":"2021-06-15T06:17:32","date_gmt":"2021-06-15T06:17:32","guid":{"rendered":"https:\/\/www.sisinternational.com\/?page_id=37833"},"modified":"2025-09-14T16:16:20","modified_gmt":"2025-09-14T20:16:20","slug":"market-research-in-ghana-africa","status":"publish","type":"page","link":"https:\/\/www.sisinternational.com\/de\/coverage\/market-research-africa\/market-research-in-ghana-africa\/","title":{"rendered":"Marktforschung in Ghana, Afrika"},"content":{"rendered":"<h1 class=\"wp-block-heading\">Marktforschung in Ghana, Afrika<\/h1>\n\n\n\n<figure class=\"gb-block-image gb-block-image-c483eb15\"><img loading=\"lazy\" decoding=\"async\" width=\"1456\" height=\"816\" class=\"gb-image gb-image-c483eb15\" src=\"https:\/\/www.sisinternational.com\/wp-content\/uploads\/2025\/08\/Ghana-4.jpg\" alt=\"SIS International Market Research &amp; Strategy\" title=\"Ghana, (4)\" srcset=\"https:\/\/www.sisinternational.com\/wp-content\/uploads\/2025\/08\/Ghana-4.jpg 1456w, https:\/\/www.sisinternational.com\/wp-content\/uploads\/2025\/08\/Ghana-4-300x168.jpg 300w, https:\/\/www.sisinternational.com\/wp-content\/uploads\/2025\/08\/Ghana-4-1024x574.jpg 1024w, https:\/\/www.sisinternational.com\/wp-content\/uploads\/2025\/08\/Ghana-4-768x430.jpg 768w, https:\/\/www.sisinternational.com\/wp-content\/uploads\/2025\/08\/Ghana-4-18x10.jpg 18w\" sizes=\"auto, (max-width: 1456px) 100vw, 1456px\"><\/figure>\n\n\n\n<p><\/p>\n\n\n\n<p><a href=\"https:\/\/oec.world\/en\/profile\/country\/gha\" target=\"_blank\" rel=\"noopener\">Liegt an der K\u00fcste des Golfs von Guinea im Westen Afrikas<\/a>Ghana grenzt im Norden und Nordwesten an Burkina Faso. Im Osten liegt Togo, im Westen die Elfenbeink\u00fcste und im S\u00fcden der Atlantische Ozean. Das Klima ist tropisch. Ghana ist mehrsprachig, die Amtssprache ist jedoch Englisch.<\/p>\n\n\n\n<p>Ghana gilt als eines der f\u00fchrenden L\u00e4nder Afrikas.<\/p>\n\n\n\n<p>Obwohl die Menschen Ghanas zu einer gro\u00dfen Gruppe innerhalb der afrikanischen Familie geh\u00f6ren, gibt es viele Untergruppen. Der Gro\u00dfteil der Bev\u00f6lkerung ist christlich, ein F\u00fcnftel muslimisch. Dar\u00fcber hinaus gibt es einen kleinen Teil, der den traditionellen einheimischen Religionen angeh\u00f6rt.<\/p>\n\n\n\n<h2 class=\"wp-block-heading\">Schl\u00fcsselindustrien in Ghana<\/h2>\n\n\n\n<p>Landwirtschaft, Forstwirtschaft und Fischerei sind wichtige Industriezweige in Ghana. Diese Industriezweige besch\u00e4ftigen einen gro\u00dfen Teil der Bev\u00f6lkerung. Mehr als die H\u00e4lfte der Ackerfl\u00e4che Ghanas wird f\u00fcr den Kakaoanbau genutzt. Dar\u00fcber hinaus ist der Kakaoanbau eine wichtige Einnahmequelle des Landes im Export, und Ghana geh\u00f6rt zu den weltweit f\u00fchrenden Kakaoproduzenten. Holz ist ebenfalls ein wichtiges Exportprodukt. Dar\u00fcber hinaus exportiert Ghana unter anderem Zucker, Kaffee, Palm\u00f6l, Kopra sowie verschiedene Obst- und Gem\u00fcsesorten.<\/p>\n\n\n\n<p>Es gibt eine kleine, aber wichtige Glasindustrie. Neben Glas produziert das Land Zement und Aluminium.<\/p>\n\n\n\n<p>Der Automobilmarkt in Ghana hat im Jahr 2020 enorm an Wert gewonnen. Prognosen gehen davon aus, dass er bis 2026 weiter steigen wird.<\/p>\n\n\n\n<h2 class=\"wp-block-heading\">Nachbarschaften<\/h2>\n\n\n\n<p>Accra liegt an der K\u00fcste und ist die Hauptstadt Ghanas sowie das Handels- und Bildungszentrum des Landes. Die Stadt ist in f\u00fcnf geografische Regionen unterteilt: Nord, West, Ost, Mitte und S\u00fcd. Au\u00dferdem gibt es elf submetropolitane Gebiete, jedes mit einem einzigartigen Merkmal. So ist beispielsweise Zentral der Sitz der Ministerien und der lebendigste Teil Accras.<\/p>\n\n\n\n<p>Kumasi, die Gartenstadt Westafrikas, ist ein bedeutendes Handelszentrum im S\u00fcden Zentralafrikas. Diese Stadt, die Hauptstadt des historischen Ashanti-Reiches, liegt in einer Regenwaldregion.<\/p>\n\n\n\n<p>Die K\u00fcstenzone ist bei weitem die kleinste der Regionen. Hier findet man Fischer und Kleinbauern. Die K\u00fcstenzone hat mehr st\u00e4dtische Zentren als jede andere Region in Ghana.<\/p>\n\n\n\n<h2 class=\"wp-block-heading\">Trends<\/h2>\n\n\n\n<p>Die COVID-19-Pandemie hat Ghana mit Ma\u00dfnahmen wie sozialer Distanzierung getroffen. Dar\u00fcber hinaus wurde Ghana durch die Schlie\u00dfung von Tourismus- und Gastst\u00e4ttenzentren schwer getroffen. Das Virus hat Ghanas Gesundheitssystem \u00fcberfordert.<\/p>\n\n\n\n<p>Ghana kann diese Herausforderungen in Perspektiven und Chancen verwandeln. Die Regierung investiert in die St\u00e4rkung des Gesundheitssektors. Sie unterst\u00fctzt auch KMU. Diese Branchen bieten vielen Ghanaern viele Arbeitspl\u00e4tze.<\/p>\n\n\n\n<h2 class=\"wp-block-heading\">Vorteile und St\u00e4rken des Marktes<\/h2>\n\n\n\n<p>Der ghanaische Markt ist reich an nat\u00fcrlichen Ressourcen wie Gold, Diamanten, Erd\u00f6l und Bauxit. Dar\u00fcber hinaus gibt es Entwicklungsindustrien wie die Filmindustrie.<\/p>\n\n\n\n<p>Ghana m\u00f6chte eines der f\u00fchrenden L\u00e4nder Westafrikas bleiben. Die Regierung unterst\u00fctzt die Entwicklung kleiner und gro\u00dfer Industriezweige. Seit Beginn der Pandemie hat sie die Unterst\u00fctzung sogar noch verst\u00e4rkt. Ein Beispiel daf\u00fcr ist die Verabschiedung des Gesetzes zur Entwicklung und Klassifizierung von Filmen, das die aufstrebende Filmindustrie des Landes voranbringen soll.<\/p>\n\n\n\n<h2 class=\"wp-block-heading\">Verbraucherbasis<\/h2>\n\n\n\n<p>Ghana verf\u00fcgt \u00fcber ein ausgezeichnetes Bildungssystem, eines der besten in Westafrika.<\/p>\n\n\n\n<p>Das Land weist zudem eine hohe Wachstumsrate auf. Etwa zwei Drittel der Ghanaer sind unter 30 Jahre alt. Eine junge Bev\u00f6lkerung bedeutet, dass das hohe Wachstumstempo des Landes noch einige Zeit anhalten wird. Obwohl die Lebenserwartung im weltweiten Vergleich niedrig ist, hat sie sich seit 1960 verbessert. Sie geh\u00f6rt zu den h\u00f6chsten in Westafrika.<\/p>\n\n\n\n<h2 class=\"wp-block-heading\">Gr\u00fcnde, Ihr Gesch\u00e4ft durch Marktforschung in Ghana auszubauen<\/h2>\n\n\n\n<p>Die Regierung investiert in die Industrie, Infrastruktur und Nahrungsmittelsicherheit, die im Rahmen ihrer Vision Ghana Beyond Aid entscheidende Elemente f\u00fcr den wirtschaftlichen Aufschwung sind. Diese Unterst\u00fctzung hilft, lokale Unternehmen zu st\u00e4rken. Sie konzentriert sich auch auf lokale Produktion und Konsum. Investitionen in Ghollywood, die ghanaische Filmindustrie, k\u00f6nnten sich als fruchtbar erweisen.<\/p>\n\n\n\n<p>Es gibt auch eine aufstrebende Industrie in der Automobilproduktion und im Automobilverkauf, die von der Regierung unterst\u00fctzt wird. Sie ist eine der am schnellsten wachsenden Branchen der Welt. Ghana geht davon aus, dass sie bis Ende 2021 einen betr\u00e4chtlichen Anteil am BIP ausmachen wird.<\/p>\n\n\n\n<h2 class=\"wp-block-heading\">\u00dcber Marktforschung in Ghana<\/h2>\n\n\n\n<p><a href=\"https:\/\/www.sisinternational.com\/de\/what-is-qualitative-research\/\" target=\"_blank\" rel=\"noopener\">Qualitativ<\/a> Und <a href=\"https:\/\/www.sisinternational.com\/de\/what-is-quantitative-research\/\" target=\"_blank\" rel=\"noopener\">Quantitativ<\/a> Nachforschungen k\u00f6nnten wichtige Einblicke in Ghana liefern. Angesichts der fr\u00fcheren Betr\u00fcgereien und Korruption in der Regierung sind derartige Nachforschungen unerl\u00e4sslich.<\/p>\n\n\n\n<p>Detaillierte <a href=\"https:\/\/www.sisinternational.com\/de\/solutions\/strategy-consulting\/how-strategy-research-can-boost-your-performance\/\" target=\"_blank\" rel=\"noopener\">Strategische Forschung<\/a> w\u00e4re auch hilfreich, wenn Sie nat\u00fcrliche Ressourcen erschlie\u00dfen m\u00f6chten. Fokusgruppen, Umfragen und Interviews liefern wichtige Erkenntnisse dar\u00fcber, wo der Markt erschlossen werden kann.<\/p>\n\n\n\n<p><\/p>","protected":false},"excerpt":{"rendered":"<p>Ghana gilt als eines der f\u00fchrenden L\u00e4nder Afrikas. Landwirtschaft, Forstwirtschaft und Fischerei sind wichtige Wirtschaftszweige.<\/p>","protected":false},"author":1,"featured_media":65200,"parent":14281,"menu_order":21,"comment_status":"closed","ping_status":"closed","template":"","meta":{"footnotes":""},"class_list":["post-37833","page","type-page","status-publish","has-post-thumbnail"],"_links":{"self":[{"href":"https:\/\/www.sisinternational.com\/de\/wp-json\/wp\/v2\/pages\/37833","targetHints":{"allow":["GET"]}}],"collection":[{"href":"https:\/\/www.sisinternational.com\/de\/wp-json\/wp\/v2\/pages"}],"about":[{"href":"https:\/\/www.sisinternational.com\/de\/wp-json\/wp\/v2\/types\/page"}],"author":[{"embeddable":true,"href":"https:\/\/www.sisinternational.com\/de\/wp-json\/wp\/v2\/users\/1"}],"replies":[{"embeddable":true,"href":"https:\/\/www.sisinternational.com\/de\/wp-json\/wp\/v2\/comments?post=37833"}],"version-history":[{"count":2,"href":"https:\/\/www.sisinternational.com\/de\/wp-json\/wp\/v2\/pages\/37833\/revisions"}],"predecessor-version":[{"id":68519,"href":"https:\/\/www.sisinternational.com\/de\/wp-json\/wp\/v2\/pages\/37833\/revisions\/68519"}],"up":[{"embeddable":true,"href":"https:\/\/www.sisinternational.com\/de\/wp-json\/wp\/v2\/pages\/14281"}],"wp:featuredmedia":[{"embeddable":true,"href":"https:\/\/www.sisinternational.com\/de\/wp-json\/wp\/v2\/media\/65200"}],"wp:attachment":[{"href":"https:\/\/www.sisinternational.com\/de\/wp-json\/wp\/v2\/media?parent=37833"}],"curies":[{"name":"wp","href":"https:\/\/api.w.org\/{rel}","templated":true}]}}