{"id":37831,"date":"2021-06-15T06:04:58","date_gmt":"2021-06-15T06:04:58","guid":{"rendered":"https:\/\/www.sisinternational.com\/?page_id=37831"},"modified":"2025-09-14T16:20:22","modified_gmt":"2025-09-14T20:20:22","slug":"marktforschung-in-gabun-afrika","status":"publish","type":"page","link":"https:\/\/www.sisinternational.com\/de\/abdeckung\/marktforschung-afrika\/marktforschung-in-gabun-afrika\/","title":{"rendered":"Marktforschung in Gabun, Afrika"},"content":{"rendered":"<h1 class=\"wp-block-heading\">Marktforschung in Gabun<\/h1>\n\n\n\n<figure class=\"gb-block-image gb-block-image-820d3f6c\"><img loading=\"lazy\" decoding=\"async\" width=\"1456\" height=\"816\" class=\"gb-image gb-image-820d3f6c\" src=\"https:\/\/www.sisinternational.com\/wp-content\/uploads\/2025\/08\/Gabon-2.jpg\" alt=\"SIS International Marktforschung &amp; Strategie\" title=\"Gabon (2)\" srcset=\"https:\/\/www.sisinternational.com\/wp-content\/uploads\/2025\/08\/Gabon-2.jpg 1456w, https:\/\/www.sisinternational.com\/wp-content\/uploads\/2025\/08\/Gabon-2-300x168.jpg 300w, https:\/\/www.sisinternational.com\/wp-content\/uploads\/2025\/08\/Gabon-2-1024x574.jpg 1024w, https:\/\/www.sisinternational.com\/wp-content\/uploads\/2025\/08\/Gabon-2-768x430.jpg 768w, https:\/\/www.sisinternational.com\/wp-content\/uploads\/2025\/08\/Gabon-2-18x10.jpg 18w\" sizes=\"auto, (max-width: 1456px) 100vw, 1456px\"><\/figure>\n\n\n\n<p><\/p>\n\n\n\n<h2 class=\"wp-block-heading\">Schl\u00fcsselindustrien<\/h2>\n\n\n\n<p>Gabun ist ein Land mit gehobenem mittlerem Einkommen. Erd\u00f6l tr\u00e4gt zum Bruttoinlandsprodukt und zum Devisenaustausch bei, und auch der Bergbau ist ein wichtiger Industriezweig. Gabun ist der f\u00fcnftgr\u00f6\u00dfte \u00d6lproduzent Afrikas und der viertgr\u00f6\u00dfte Manganproduzent der Region. Die Forstwirtschaft tr\u00e4gt ebenfalls zu Gabuns Exporterl\u00f6sen bei. Dasselbe gilt f\u00fcr Kautschuk, Tourismus, Landwirtschaft und Fischerei.<\/p>\n\n\n\n<h2 class=\"wp-block-heading\">Nachbarschaften<\/h2>\n\n\n\n<p><a href=\"https:\/\/oec.world\/en\/profile\/country\/gab\" target=\"_blank\" rel=\"noopener\">Gabun ist ein zentralafrikanisches Land<\/a> liegt an der Atlantikk\u00fcste. Es grenzt an Kamerun, \u00c4quatorialguinea und die Republik Kongo.<\/p>\n\n\n\n<p>Kamerun liegt n\u00f6rdlich von Gabun. \u00c4quatorialguinea liegt im Nordwesten und die Republik Kongo im S\u00fcdosten.<\/p>\n\n\n\n<p>Libreville ist die Hauptstadt Gabuns. Es ist auch die bev\u00f6lkerungsreichste Stadt. Libreville liegt in der N\u00e4he des Golfs von Guinea, an den Ufern des Flusses Komo. In Libreville befindet sich der Palais L\u00e9on M&#039;ba, der Versammlungsort des Parlaments des Landes. Die Stadt beherbergt auch den internationalen Flughafen Libreville. Der Hafen von Libreville hat eine florierende Schiffbauindustrie. Dieser Seehafen dient dem Export von Kakao, Holz und Gummi.<\/p>\n\n\n\n<p>Port-Gentil ist die zweitgr\u00f6\u00dfte Stadt Gabuns und erstreckt sich entlang des Strandes. Hier gibt es riesige \u00d6l- und Gasbohrinseln.<\/p>\n\n\n\n<h2 class=\"wp-block-heading\">Trends in Gabun<\/h2>\n\n\n\n<p>Gabuns Reichtum an nat\u00fcrlichen Ressourcen er\u00f6ffnet neue Gesch\u00e4ftsm\u00f6glichkeiten.<\/p>\n\n\n\n<p>In Gabun werden Harth\u00f6lzer angebaut, von denen einige weltweit stark nachgefragt sind. Beispiele hierf\u00fcr sind Okoum\u00e9, Mahagoni, Ebenholz und Tigerholz. In der Vergangenheit behinderte der Mangel an Transportinfrastruktur die Nutzung der Waldprodukte. Diese Situation \u00e4nderte sich nach dem Bau des Ndjole Bitam Highway und der Trans-Gabun-Eisenbahn. Die gabunische Regierung hat auch die Wiederaufforstung und selektive Ausd\u00fcnnung der B\u00e4ume gef\u00f6rdert.<\/p>\n\n\n\n<h2 class=\"wp-block-heading\">Vorteile und St\u00e4rken im Markt<\/h2>\n\n\n\n<p>Die Zahl der COVID-19-F\u00e4lle in Gabun ist in den letzten Jahren stark angestiegen, was zur Schlie\u00dfung der Landgrenzen mit Ausnahme der von der Regierung genehmigten \u00dcberg\u00e4nge f\u00fchrte. Situationen wie diese k\u00f6nnen den internationalen Verkauf von Erd\u00f6l beeintr\u00e4chtigen.<\/p>\n\n\n\n<p>Die gabunische Regierung unternimmt Schritte, um ihre Wirtschaft zu diversifizieren. Obwohl der Tourismus in Gabun noch unterentwickelt ist, gibt es viele Touristenattraktionen. Dazu geh\u00f6ren Binnenfischereianlagen, Str\u00e4nde, Fl\u00fcsse und Berge. Touristen besuchen gern den Crystal Mountains Nationalpark und die Ogoou\u00e9 River Falls. Au\u00dferdem wird ein Nationalparksystem entwickelt, das den \u00d6kotourismus f\u00f6rdert.<\/p>\n\n\n\n<h2 class=\"wp-block-heading\">Gr\u00fcnde f\u00fcr die Expansion Ihres Unternehmens in Gabun<\/h2>\n\n\n\n<p>Derzeit erkunden mehr als f\u00fcnfzig Unternehmen die W\u00e4lder Gabuns auf der Suche nach M\u00f6glichkeiten in der Holzindustrie. Die Regierung vergibt auch Konzessionen an potenzielle Investoren.<\/p>\n\n\n\n<p>Die Regierung erw\u00e4gt, die Wirtschaft zu diversifizieren. Zu den Ma\u00dfnahmen geh\u00f6ren die Schaffung einer zentralen Anlaufstelle f\u00fcr Investoren sowie die Einf\u00fchrung eines Rahmens f\u00fcr \u00f6ffentlich-private Partnerschaften (\u00d6PP) und eines nationalen Schiedsgerichts.<\/p>\n\n\n\n<p>Gabun bietet inzwischen Richtlinien f\u00fcr die Kohlenwasserstoff- und Bergbauindustrie an, um diese transparenter und investorenfreundlicher zu machen.<\/p>\n\n\n\n<h2 class=\"wp-block-heading\">\u00dcber Marktforschung in Gabun<\/h2>\n\n\n\n<p>Poverty and the unemployment rate in Gabon are significant challenges. These problems are due to high levels of corruption. Thus, Focus Groups have a crucial role in safeguarding investors. That\u2019s why it\u2019s essential to conduct surveys on each country to understand the market. Qualitative and Quantitative Research also helps business owners. Investors can determine if an investment in Gabon\u2019s economy will be worthwhile.<\/p>\n\n\n\n<p>Strategieforschung erm\u00f6glicht es dem Investor auch, eine systematische Untersuchung der Wirtschaft des Landes durchzuf\u00fchren. Ein Investor erw\u00e4gt beispielsweise, in fossile Brennstoffe zu investieren. Dieser Investor muss sich der im Land verf\u00fcgbaren Ressourcen bewusst sein. Er oder sie muss auch wissen, wo sie sich befinden. Der Investor muss auch die Konkurrenz ber\u00fccksichtigen, die in dem jeweiligen Bereich besteht. Die f\u00fcr die Durchf\u00fchrung der Tests erforderliche Ausr\u00fcstung ist eine weitere wichtige strategische Entscheidung. Das Gleiche gilt f\u00fcr die Kenntnis der richtigen Rechtswege.<\/p>\n\n\n\n<p>Sie denken an eine Investition in Gabun? Gerne bieten wir Ihnen <a href=\"https:\/\/www.sisinternational.com\/de\/was-ist-quantitative-forschung-2\/\" target=\"_blank\" rel=\"noopener\">Quantitativ<\/a>, <a href=\"https:\/\/www.sisinternational.com\/de\/was-ist-qualitative-forschung\/\" target=\"_blank\" rel=\"noopener\">Qualitativ<\/a>, Und <a href=\"https:\/\/www.sisinternational.com\/de\/losungen\/strategieberatung\/wie-strategieforschung-ihre-leistung-steigern-kann\/\" target=\"_blank\" rel=\"noopener\">Strategieforschung<\/a>. We can help you decide on your plan of action. Contact us now for a consultation.<\/p>","protected":false},"excerpt":{"rendered":"<p>Gabun unternimmt Schritte zur Diversifizierung seiner Wirtschaft. Es gibt viele Touristenattraktionen mit Angelm\u00f6glichkeiten, Str\u00e4nden, Fl\u00fcssen und Bergen.<\/p>","protected":false},"author":1,"featured_media":65191,"parent":14281,"menu_order":20,"comment_status":"closed","ping_status":"closed","template":"","meta":{"footnotes":""},"class_list":["post-37831","page","type-page","status-publish","has-post-thumbnail"],"_links":{"self":[{"href":"https:\/\/www.sisinternational.com\/de\/wp-json\/wp\/v2\/pages\/37831","targetHints":{"allow":["GET"]}}],"collection":[{"href":"https:\/\/www.sisinternational.com\/de\/wp-json\/wp\/v2\/pages"}],"about":[{"href":"https:\/\/www.sisinternational.com\/de\/wp-json\/wp\/v2\/types\/page"}],"author":[{"embeddable":true,"href":"https:\/\/www.sisinternational.com\/de\/wp-json\/wp\/v2\/users\/1"}],"replies":[{"embeddable":true,"href":"https:\/\/www.sisinternational.com\/de\/wp-json\/wp\/v2\/comments?post=37831"}],"version-history":[{"count":2,"href":"https:\/\/www.sisinternational.com\/de\/wp-json\/wp\/v2\/pages\/37831\/revisions"}],"predecessor-version":[{"id":68520,"href":"https:\/\/www.sisinternational.com\/de\/wp-json\/wp\/v2\/pages\/37831\/revisions\/68520"}],"up":[{"embeddable":true,"href":"https:\/\/www.sisinternational.com\/de\/wp-json\/wp\/v2\/pages\/14281"}],"wp:featuredmedia":[{"embeddable":true,"href":"https:\/\/www.sisinternational.com\/de\/wp-json\/wp\/v2\/media\/65191"}],"wp:attachment":[{"href":"https:\/\/www.sisinternational.com\/de\/wp-json\/wp\/v2\/media?parent=37831"}],"curies":[{"name":"wp","href":"https:\/\/api.w.org\/{rel}","templated":true}]}}