{"id":37829,"date":"2021-06-15T06:00:03","date_gmt":"2021-06-15T06:00:03","guid":{"rendered":"https:\/\/www.sisinternational.com\/?page_id=37829"},"modified":"2026-01-27T15:24:05","modified_gmt":"2026-01-27T20:24:05","slug":"marktforschung-in-athiopien-afrika","status":"publish","type":"page","link":"https:\/\/www.sisinternational.com\/de\/abdeckung\/marktforschung-afrika\/marktforschung-in-athiopien-afrika\/","title":{"rendered":"Marktforschung in \u00c4thiopien, Afrika"},"content":{"rendered":"<h1 class=\"wp-block-heading\">Marktforschung in \u00c4thiopien<\/h1>\n\n\n\n<figure class=\"gb-block-image gb-block-image-9b9ae45b\"><img loading=\"lazy\" decoding=\"async\" width=\"1456\" height=\"816\" class=\"gb-image gb-image-9b9ae45b\" src=\"https:\/\/www.sisinternational.com\/wp-content\/uploads\/2025\/08\/Ethiopia-2.jpg\" alt=\"SIS International Marktforschung &amp; Strategie\" title=\"Ethiopia (2)\" srcset=\"https:\/\/www.sisinternational.com\/wp-content\/uploads\/2025\/08\/Ethiopia-2.jpg 1456w, https:\/\/www.sisinternational.com\/wp-content\/uploads\/2025\/08\/Ethiopia-2-300x168.jpg 300w, https:\/\/www.sisinternational.com\/wp-content\/uploads\/2025\/08\/Ethiopia-2-1024x574.jpg 1024w, https:\/\/www.sisinternational.com\/wp-content\/uploads\/2025\/08\/Ethiopia-2-768x430.jpg 768w, https:\/\/www.sisinternational.com\/wp-content\/uploads\/2025\/08\/Ethiopia-2-18x10.jpg 18w\" sizes=\"auto, (max-width: 1456px) 100vw, 1456px\"><\/figure>\n\n\n\n<p><\/p>\n\n\n\n<h2 class=\"wp-block-heading\">Schl\u00fcsselindustrien<\/h2>\n\n\n\n<p><a href=\"https:\/\/oec.world\/en\/profile\/country\/eth\" target=\"_blank\" rel=\"noopener\">\u00c4thiopien hat einen gemischten Markt mit einem riesigen \u00f6ffentlichen Sektor<\/a>, therefore, it is&nbsp;moving toward a market economy and is privatizing several of its state-owned enterprises. Government-owned companies dominate the telecommunication, banking, and transportation sectors of the economy.<\/p>\n\n\n\n<p>\u00c4thiopien produziert die gr\u00f6\u00dfte Kaffeemenge auf dem afrikanischen Kontinent. Das Land hat einen hohen Viehbestand und liegt daher beim Viehbestand auf Platz f\u00fcnf. Weitere Exportg\u00fcter sind Lederprodukte, Khat, \u00d6lsaaten und Gold. \u00c4thiopien hat vor kurzem seinen Blumenzuchtsektor ausgebaut und k\u00f6nnte bald weltweit an der Spitze der Pflanzen- und Blumenexporteure stehen.<\/p>\n\n\n\n<h2 class=\"wp-block-heading\">Nachbarschaften<\/h2>\n\n\n\n<p>Die gr\u00f6\u00dfte und zugleich Hauptstadt \u00c4thiopiens ist Addis Abeba. Sie liegt auf einem von Bergen umgebenen Plateau. Addis Abeba liegt im geografischen Zentrum des Landes.<\/p>\n\n\n\n<p>Addis Abeba ist seit dem sp\u00e4ten 19. Jahrhundert die Hauptstadt \u00c4thiopiens. In den ersten Jahren glich es eher einem Milit\u00e4rlager als einer Stadt. Der Kaiserpalast stand im Mittelpunkt; es gab nur eine Armee, die den Palast bewachte. Seitdem ist die Bev\u00f6lkerung gewachsen. Die Stadt ist wundersch\u00f6n und das einzigartige Merkmal der aus Australien importierten Eukalyptusb\u00e4ume, die das Stadtbild schm\u00fccken.<\/p>\n\n\n\n<h2 class=\"wp-block-heading\">Trends, Verbraucherbasis in \u00c4thiopien<\/h2>\n\n\n\n<p>In den letzten Jahren hat der bilaterale Handel zwischen \u00c4thiopien und China zugenommen, wodurch \u00c4thiopien zu einem der am schnellsten wachsenden afrikanischen L\u00e4nder geworden ist. Der Handel mit China hat ein schnelles und anhaltendes Wachstum gezeigt. Es gab viele Exporte von China nach \u00c4thiopien.<\/p>\n\n\n\n<p>Another trend is in the light industry, textiles, and apparel products, as a result, these products have a large share of <a href=\"https:\/\/www.sisinternational.com\/de\/marktforschung-im-nahen-osten\/\" title=\"Marktforschung im Nahen Osten\" data-wpil-monitor-id=\"7337\">middle and low-end markets<\/a> in Ethiopia.<\/p>\n\n\n\n<p>Es ist zu einem starken Anstieg der K\u00e4ufe von Konsumg\u00fctern wie Haushaltsger\u00e4ten, elektronischen Maschinen und Hochtechnologieprodukten gekommen.<\/p>\n\n\n\n<h2 class=\"wp-block-heading\">Sport<\/h2>\n\n\n\n<p>Die wichtigsten Sportarten in \u00c4thiopien sind Fu\u00dfball und Leichtathletik (insbesondere Langstreckenlauf).<\/p>\n\n\n\n<h2 class=\"wp-block-heading\">K\u00fcche in \u00c4thiopien<\/h2>\n\n\n\n<p>Das bekannteste \u00e4thiopische Gericht ist Injera. \u00c4thiopier servieren dieses gro\u00dfe Fladenbrot aus Sauerteig mit verschiedenen Arten von dicken Fleischeint\u00f6pfen. Sie essen es auch mit Gem\u00fcsebeilagen. Viele \u00c4thiopier verzichten auf Besteck und nehmen ihr Essen beispielsweise mit Injera in die Hand. In \u00c4thiopien ist es \u00fcblich, in einer Gruppe zu essen. In der Mitte des Tisches steht ein Teller, den sich jeder teilt. Es ist auch \u00fcblich, das Essen mit den eigenen H\u00e4nden an andere in der Gruppe weiterzugeben. Diese Tradition wird \u201eGursha\u201c genannt.<\/p>\n\n\n\n<h2 class=\"wp-block-heading\">St\u00e4rken im Markt<\/h2>\n\n\n\n<ul class=\"wp-block-list\">\n<li>Fantastische Leistungen bei Wachstum und Armutsbek\u00e4mpfung<\/li>\n\n\n\n<li>Gro\u00dfer Markt<\/li>\n\n\n\n<li>\u00d6ffentliche Investitionen in den Infrastrukturausbau<\/li>\n\n\n\n<li>Luftverkehrsknotenpunkt<\/li>\n\n\n\n<li>Wasserkraft, Bergbau (Phosphat, Kohlenwasserstoffe) und Tourismusm\u00f6glichkeiten<\/li>\n<\/ul>\n\n\n\n<h2 class=\"wp-block-heading\">Gr\u00fcnde, Ihr Gesch\u00e4ft in \u00c4thiopien auszubauen.<\/h2>\n\n\n\n<figure class=\"gb-block-image gb-block-image-bc18131f\"><img loading=\"lazy\" decoding=\"async\" width=\"1456\" height=\"816\" class=\"gb-image gb-image-bc18131f\" src=\"https:\/\/www.sisinternational.com\/wp-content\/uploads\/2025\/08\/Ethiopia-1.jpg\" alt=\"SIS International Marktforschung &amp; Strategie\" title=\"Ethiopia (1)\" srcset=\"https:\/\/www.sisinternational.com\/wp-content\/uploads\/2025\/08\/Ethiopia-1.jpg 1456w, https:\/\/www.sisinternational.com\/wp-content\/uploads\/2025\/08\/Ethiopia-1-300x168.jpg 300w, https:\/\/www.sisinternational.com\/wp-content\/uploads\/2025\/08\/Ethiopia-1-1024x574.jpg 1024w, https:\/\/www.sisinternational.com\/wp-content\/uploads\/2025\/08\/Ethiopia-1-768x430.jpg 768w, https:\/\/www.sisinternational.com\/wp-content\/uploads\/2025\/08\/Ethiopia-1-18x10.jpg 18w\" sizes=\"auto, (max-width: 1456px) 100vw, 1456px\"><\/figure>\n\n\n\n<ul class=\"wp-block-list\">\n<li>Seine Lage zwischen Asien und Europa ist ein Vorteil, weshalb \u00c4thiopien zu einem Produktionsstandort geworden ist. Im Bereich Konfektionskleidung (RMG) l\u00e4uft es sehr gut.<\/li>\n\n\n\n<li>Vollst\u00e4ndige und teilweise Privatisierung staatlicher Unternehmen<\/li>\n\n\n\n<li>Einf\u00fchrung und Umsetzung lokaler Wirtschaftsreformen<\/li>\n\n\n\n<li>Liberalisierung der Luftfahrt-, Logistik- und Telekommunikationsbranche<\/li>\n<\/ul>\n\n\n\n<h2 class=\"wp-block-heading\">\u00dcber Marktforschung in \u00c4thiopien<\/h2>\n\n\n\n<p>M\u00f6chten Sie ein Unternehmen gr\u00fcnden? Klingt \u00c4thiopien wie der ideale Ort? Wenn ja, ist dieser Artikel f\u00fcr Sie. SIS bereitet Fokusgruppen f\u00fcr kommerzielle Unternehmen in Afrika vor. Wir k\u00f6nnen durchf\u00fchren <a href=\"https:\/\/www.sisinternational.com\/de\/was-ist-quantitative-forschung-2\/\" target=\"_blank\" rel=\"noopener\">Quantitativ<\/a>, <a href=\"https:\/\/www.sisinternational.com\/de\/was-ist-qualitative-forschung\/\" target=\"_blank\" rel=\"noopener\">Qualitativ<\/a>, Und <a href=\"https:\/\/www.sisinternational.com\/de\/losungen\/strategieberatung\/wie-strategieforschung-ihre-leistung-steigern-kann\/\" target=\"_blank\" rel=\"noopener\">Strategische Forschung<\/a> f\u00fcr Ihr Unternehmen, sodass Sie die beste Branche f\u00fcr die Gr\u00fcndung Ihres Unternehmens ausw\u00e4hlen k\u00f6nnen. SIS kann auch wichtige Unterlagen f\u00fcr Sie und Ihr Unternehmen zusammenstellen, um dessen Erfolg sicherzustellen.<\/p>\n\n\n\n<p>Wir hoffen, dass dieser Artikel Ihnen die n\u00f6tige Anleitung f\u00fcr einen finanziellen Erfolg in \u00c4thiopien bietet.<\/p>","protected":false},"excerpt":{"rendered":"<p>In den letzten Jahren hat der bilaterale Handel zwischen \u00c4thiopien und China zugenommen. \u00c4thiopien ist eines der am schnellsten wachsenden afrikanischen L\u00e4nder.<\/p>","protected":false},"author":1,"featured_media":65188,"parent":14281,"menu_order":19,"comment_status":"closed","ping_status":"closed","template":"","meta":{"footnotes":""},"class_list":["post-37829","page","type-page","status-publish","has-post-thumbnail"],"_links":{"self":[{"href":"https:\/\/www.sisinternational.com\/de\/wp-json\/wp\/v2\/pages\/37829","targetHints":{"allow":["GET"]}}],"collection":[{"href":"https:\/\/www.sisinternational.com\/de\/wp-json\/wp\/v2\/pages"}],"about":[{"href":"https:\/\/www.sisinternational.com\/de\/wp-json\/wp\/v2\/types\/page"}],"author":[{"embeddable":true,"href":"https:\/\/www.sisinternational.com\/de\/wp-json\/wp\/v2\/users\/1"}],"replies":[{"embeddable":true,"href":"https:\/\/www.sisinternational.com\/de\/wp-json\/wp\/v2\/comments?post=37829"}],"version-history":[{"count":3,"href":"https:\/\/www.sisinternational.com\/de\/wp-json\/wp\/v2\/pages\/37829\/revisions"}],"predecessor-version":[{"id":80982,"href":"https:\/\/www.sisinternational.com\/de\/wp-json\/wp\/v2\/pages\/37829\/revisions\/80982"}],"up":[{"embeddable":true,"href":"https:\/\/www.sisinternational.com\/de\/wp-json\/wp\/v2\/pages\/14281"}],"wp:featuredmedia":[{"embeddable":true,"href":"https:\/\/www.sisinternational.com\/de\/wp-json\/wp\/v2\/media\/65188"}],"wp:attachment":[{"href":"https:\/\/www.sisinternational.com\/de\/wp-json\/wp\/v2\/media?parent=37829"}],"curies":[{"name":"wp","href":"https:\/\/api.w.org\/{rel}","templated":true}]}}