{"id":37827,"date":"2021-06-15T05:19:21","date_gmt":"2021-06-15T05:19:21","guid":{"rendered":"https:\/\/www.sisinternational.com\/?page_id=37827"},"modified":"2026-01-25T19:05:52","modified_gmt":"2026-01-26T00:05:52","slug":"marktforschung-in-eswatini-afrika","status":"publish","type":"page","link":"https:\/\/www.sisinternational.com\/de\/abdeckung\/marktforschung-afrika\/marktforschung-in-eswatini-afrika\/","title":{"rendered":"Marktforschung in Eswatini, Afrika"},"content":{"rendered":"<h1 class=\"wp-block-heading\">Marktforschung in Eswatini<\/h1>\n\n\n\n<figure class=\"gb-block-image gb-block-image-fa00031d\"><img loading=\"lazy\" decoding=\"async\" width=\"1456\" height=\"816\" class=\"gb-image gb-image-fa00031d\" src=\"https:\/\/www.sisinternational.com\/wp-content\/uploads\/2025\/08\/Eswatini-1.jpg\" alt=\"SIS International Marktforschung &amp; Strategie\" title=\"Eswatini, (1)\" srcset=\"https:\/\/www.sisinternational.com\/wp-content\/uploads\/2025\/08\/Eswatini-1.jpg 1456w, https:\/\/www.sisinternational.com\/wp-content\/uploads\/2025\/08\/Eswatini-1-300x168.jpg 300w, https:\/\/www.sisinternational.com\/wp-content\/uploads\/2025\/08\/Eswatini-1-1024x574.jpg 1024w, https:\/\/www.sisinternational.com\/wp-content\/uploads\/2025\/08\/Eswatini-1-768x430.jpg 768w, https:\/\/www.sisinternational.com\/wp-content\/uploads\/2025\/08\/Eswatini-1-18x10.jpg 18w\" sizes=\"auto, (max-width: 1456px) 100vw, 1456px\"><\/figure>\n\n\n\n<p><\/p>\n\n\n\n<p>Die Winzige <a href=\"https:\/\/oec.world\/en\/profile\/country\/swz\" target=\"_blank\" rel=\"noopener\">K\u00f6nigreich Eswatini oder Swasiland<\/a> liegt im S\u00fcden des afrikanischen Kontinents. Die Republiken Mosambik und S\u00fcdafrika umgeben diesen Binnenstaat. Eswatini fasziniert Geologen und Besucher, da es einzigartige Felsformationen und eine wundersch\u00f6ne Berglandschaft beherbergt. Das K\u00f6nigreich beherbergt auch Naturschutzgebiete mit vielf\u00e4ltiger Tierwelt, V\u00f6geln und Flora.<\/p>\n\n\n\n<p>Die Amtssprachen von Eswatini sind SiSwati und Englisch. Die Religion des Landes basiert auf den Geistern seiner Vorfahren und die Einwohner Swasilands verehren einen Sch\u00f6pfer und h\u00f6chsten Gott namens Mvelincanti.<\/p>\n\n\n\n<h2 class=\"wp-block-heading\">Schl\u00fcsselindustrien<\/h2>\n\n\n\n<p>Die wichtigsten Industriezweige des K\u00f6nigreichs Eswatini sind Landwirtschaft und Tourismus. Die Landwirtschaft liefert daher die meisten Rohstoffe f\u00fcr die lokale verarbeitende Industrie und bringt dem Land das h\u00f6chste Einkommen. Die COVID-19-Pandemie hat jedoch die Spielregeln ge\u00e4ndert und zu erzwungenen K\u00fcrzungen der Staatsausgaben gef\u00fchrt.<\/p>\n\n\n\n<p>South <a href=\"https:\/\/www.sisinternational.com\/de\/der-afrikanische-markt-im-wandel\/\" title=\"Marktchancenforschung in Afrika\" data-wpil-monitor-id=\"2810\">Africa provides the primary market<\/a> for Swazi products. It buys Swazi sugar, cotton, citrus fruits, corn, and canned products.<\/p>\n\n\n\n<p>Der Tourismus ist ebenfalls ein wichtiger Aspekt der Wirtschaft. Das reiche Kulturerbe Eswatinis zieht Besucher aus aller Welt an und viele nehmen an Touren und Besuchen von Wildreservaten teil. Weitere Attraktionen sind:<\/p>\n\n\n\n<ul class=\"wp-block-list\">\n<li>Steinformationen.<\/li>\n\n\n\n<li>Die traditionellen Swasiland-Kunsthandwerksm\u00e4rkte.<\/li>\n\n\n\n<li>Das Mlilwane Wildschutzgebiet.<\/li>\n\n\n\n<li>Das Swasiland-Kulturdorf.<\/li>\n<\/ul>\n\n\n\n<h2 class=\"wp-block-heading\">Nachbarschaften<\/h2>\n\n\n\n<p>Die Hauptstadt von Eswatini ist Mbabane und das wichtigste Industriegebiet ist Matsapa. Das Land hat vier Hauptgebiete: Hhohho, Lubombo, Manzini und Shiselweni. Die bev\u00f6lkerungsreichsten Regionen sind Manzini und Hhohho und die am wenigsten besiedelten sind Shiselweni und Lubombo. Die kleinste Provinz in Eswatini ist Lubombo, eine malerische, bergige Gegend. Lubombo unterst\u00fctzt Natur und landwirtschaftliche Aktivit\u00e4ten.<\/p>\n\n\n\n<h2 class=\"wp-block-heading\">Trends<\/h2>\n\n\n\n<p>Unemployment in eSwatini was high even before the COVID-19 pandemic. The economy started to recover in the second half of 2020, however, the recovery was most evident in the service and industry sectors. But, domestic revenue is still on the decline. The informal sector expanded due to the effects of the pandemic. This sector is necessary for the survival of households. But many of these micro businesses have no safety net. They cannot withstand further economic losses.<\/p>\n\n\n\n<h2 class=\"wp-block-heading\">St\u00e4rken des Marktes in Eswatini<\/h2>\n\n\n\n<p>What makes the market of Eswatini strong? Above all, it&#8217;s the country\u2019s natural resources. These resources include sugar, food products, wood pulp, and wildlife, and provide a solid basis for its lucrative trade and exports to South Africa.<\/p>\n\n\n\n<h2 class=\"wp-block-heading\">Verbraucherbasis<\/h2>\n\n\n\n<p>Subsistence farming is a massive aspect of Eswatini\u2019s economy, and over 70 percent of the country\u2019s population relies on it. In recent times, The Swaziland Agricultural Project has moved to improve food security because it wants to transform agriculture into a more robust sector.<\/p>\n\n\n\n<h2 class=\"wp-block-heading\">Gr\u00fcnde f\u00fcr den Ausbau Ihres Gesch\u00e4fts in Eswatini (Swasiland)<\/h2>\n\n\n\n<p>There are a few reasons to grow your business in Eswatini, and quality infrastructure and peace and safety are two of them. Quality infrastructure includes electricity, roads, water, and telecommunications, and is an essential aspect of a strong market. It indicates the potential future development of the country.<\/p>\n\n\n\n<p>The country\u2019s safe and peaceful environment is a much-desired ingredient; therefore, it makes for a strong market. Investors can feel confident in their prospects.<\/p>\n\n\n\n<h2 class=\"wp-block-heading\">\u00dcber Marktforschung in Eswatini<\/h2>\n\n\n\n<p>The initial thought of growing your business in Eswatini seems daunting, so given the current trends, future growth and development may seem limited. That\u2019s why we\u2019re here: to put your mind at ease. Our method is sure with the use of Focus Groups in the different African markets. At SIS, we can present you with the bare facts and figures of the economy because <a href=\"https:\/\/www.sisinternational.com\/de\/sachverstand\/branchen\/gaming-und-glucksspielmarktforschung\/\" title=\"Gaming- und Gl\u00fccksspiel-Marktforschung\" data-wpil-monitor-id=\"5408\">research is our main game<\/a>.<\/p>\n\n\n\n<p>SIS verwendet <a href=\"https:\/\/www.sisinternational.com\/de\/was-ist-quantitative-forschung-2\/\" target=\"_blank\" rel=\"noopener\">Quantitativ<\/a>, <a href=\"https:\/\/www.sisinternational.com\/de\/was-ist-qualitative-forschung\/\" target=\"_blank\" rel=\"noopener\">Qualitativ<\/a>, Und <a href=\"https:\/\/www.sisinternational.com\/de\/losungen\/strategieberatung\/wie-strategieforschung-ihre-leistung-steigern-kann\/\" target=\"_blank\" rel=\"noopener\">Strategie Forschung<\/a> for your company. We also create surveys and compile the data that you need. We can help you make the right decision for your business.<\/p>\n\n\n\n<p><\/p>","protected":false},"excerpt":{"rendered":"<p>Die wichtigsten Wirtschaftszweige des K\u00f6nigreichs Eswatini sind Landwirtschaft und Tourismus. Das reiche Kulturerbe Eswatinis zieht Besucher aus aller Welt an.<\/p>","protected":false},"author":1,"featured_media":65185,"parent":14281,"menu_order":18,"comment_status":"closed","ping_status":"closed","template":"","meta":{"footnotes":""},"class_list":["post-37827","page","type-page","status-publish","has-post-thumbnail"],"_links":{"self":[{"href":"https:\/\/www.sisinternational.com\/de\/wp-json\/wp\/v2\/pages\/37827","targetHints":{"allow":["GET"]}}],"collection":[{"href":"https:\/\/www.sisinternational.com\/de\/wp-json\/wp\/v2\/pages"}],"about":[{"href":"https:\/\/www.sisinternational.com\/de\/wp-json\/wp\/v2\/types\/page"}],"author":[{"embeddable":true,"href":"https:\/\/www.sisinternational.com\/de\/wp-json\/wp\/v2\/users\/1"}],"replies":[{"embeddable":true,"href":"https:\/\/www.sisinternational.com\/de\/wp-json\/wp\/v2\/comments?post=37827"}],"version-history":[{"count":6,"href":"https:\/\/www.sisinternational.com\/de\/wp-json\/wp\/v2\/pages\/37827\/revisions"}],"predecessor-version":[{"id":79189,"href":"https:\/\/www.sisinternational.com\/de\/wp-json\/wp\/v2\/pages\/37827\/revisions\/79189"}],"up":[{"embeddable":true,"href":"https:\/\/www.sisinternational.com\/de\/wp-json\/wp\/v2\/pages\/14281"}],"wp:featuredmedia":[{"embeddable":true,"href":"https:\/\/www.sisinternational.com\/de\/wp-json\/wp\/v2\/media\/65185"}],"wp:attachment":[{"href":"https:\/\/www.sisinternational.com\/de\/wp-json\/wp\/v2\/media?parent=37827"}],"curies":[{"name":"wp","href":"https:\/\/api.w.org\/{rel}","templated":true}]}}