{"id":37825,"date":"2021-06-15T05:16:57","date_gmt":"2021-06-15T05:16:57","guid":{"rendered":"https:\/\/www.sisinternational.com\/?page_id=37825"},"modified":"2026-01-24T20:41:08","modified_gmt":"2026-01-25T01:41:08","slug":"marktforschung-in-aquatorialguinea-afrika","status":"publish","type":"page","link":"https:\/\/www.sisinternational.com\/de\/abdeckung\/marktforschung-afrika\/marktforschung-in-aquatorialguinea-afrika\/","title":{"rendered":"Marktforschung in \u00c4quatorialguinea, Afrika"},"content":{"rendered":"<h1 class=\"wp-block-heading\">Marktforschung in \u00c4quatorialguinea<\/h1>\n\n\n\n<figure class=\"gb-block-image gb-block-image-b3658b80\"><img loading=\"lazy\" decoding=\"async\" width=\"1456\" height=\"816\" class=\"gb-image gb-image-b3658b80\" src=\"https:\/\/www.sisinternational.com\/wp-content\/uploads\/2025\/08\/Equatorial-Guinea-2.jpg\" alt=\"SIS International Marktforschung &amp; Strategie\" title=\"Equatorial Guinea (2)\" srcset=\"https:\/\/www.sisinternational.com\/wp-content\/uploads\/2025\/08\/Equatorial-Guinea-2.jpg 1456w, https:\/\/www.sisinternational.com\/wp-content\/uploads\/2025\/08\/Equatorial-Guinea-2-300x168.jpg 300w, https:\/\/www.sisinternational.com\/wp-content\/uploads\/2025\/08\/Equatorial-Guinea-2-1024x574.jpg 1024w, https:\/\/www.sisinternational.com\/wp-content\/uploads\/2025\/08\/Equatorial-Guinea-2-768x430.jpg 768w, https:\/\/www.sisinternational.com\/wp-content\/uploads\/2025\/08\/Equatorial-Guinea-2-18x10.jpg 18w\" sizes=\"auto, (max-width: 1456px) 100vw, 1456px\"><\/figure>\n\n\n\n<p><\/p>\n\n\n\n<p><a href=\"https:\/\/oec.world\/en\/profile\/country\/gnq\" target=\"_blank\" rel=\"noopener\">\u00c4quatorialguinea liegt an der Westk\u00fcste Afrikas.<\/a> Mit seiner Natursch\u00f6nheit, seinem ausgezeichneten Stra\u00dfennetz und seinen beeindruckenden neuen Geb\u00e4uden erlebt \u00c4quatorialguinea ein unglaubliches Entwicklungs- und Transformationstempo. Der wichtigste Wirtschaftszweig des Landes ist die Fischerei, w\u00e4hrend Kaffee und Kakao die traditionellen Hauptexportprodukte sind. Die Entdeckung von \u00d6l in den 1980er Jahren war ein Wendepunkt.<\/p>\n\n\n\n<h2 class=\"wp-block-heading\">Nachbarl\u00e4nder<\/h2>\n\n\n\n<p>\u00c4quatorialguinea umfasst Gebiete auf dem Festland und drei gro\u00dfen Inseln und ist das einzige spanischsprachige Land auf dem afrikanischen Kontinent.<\/p>\n\n\n\n<p>Vor zwei Jahrzehnten war \u00c4quatorialguinea eines der \u00e4rmsten L\u00e4nder Afrikas; heute jedoch ist es eine der sich am schnellsten entwickelnden Volkswirtschaften des Landes.<\/p>\n\n\n\n<p>Die Hauptstadt ist Malabo und Bata ist die gr\u00f6\u00dfte Stadt. Malabo hat etwa 300.000 Einwohner. Die Amtssprache der Stadt ist Spanisch. In Malabo werden auch Franz\u00f6sisch und Portugiesisch gesprochen.<\/p>\n\n\n\n<p>\u00c4quatorialguinea hat ein tropisches Klima. Von Dezember bis Februar herrscht eine dreimonatige Trockenzeit, die restlichen neun Monate sind Regenzeit. Nachts sinkt die Temperatur auf 20 bis 21 Grad Celsius. Dieser Durchschnitt gilt nicht f\u00fcr Januar bis April, da die Temperaturen dann etwas h\u00f6her sind.<\/p>\n\n\n\n<p>In den 1980er Jahren wurden mehrere Agenturen f\u00fcr internationale Zusammenarbeit und Entwicklung gegr\u00fcndet. Seitdem hat das Land mehrere nationale und regionale Entwicklungsprojekte erlebt. Der Hauptsitz dieser Agenturen befindet sich im B\u00fcro f\u00fcr technische Zusammenarbeit in Malabo.<\/p>\n\n\n\n<h2 class=\"wp-block-heading\">Trends in \u00c4quatorialguinea<\/h2>\n\n\n\n<p>Die Kultur, das Gesundheitswesen und das Bildungswesen des Landes wurden institutionell gest\u00e4rkt und entwickeln sich in rasantem Tempo.<\/p>\n\n\n\n<p>Dieser Antrieb erm\u00f6glicht es jungen Menschen, ihrer kreativen Freiheit freien Lauf zu lassen, und eine M\u00f6glichkeit f\u00fcr diesen k\u00fcnstlerischen Ausdruck ist das spanische Kulturzentrum in Malabo. Das 2003 gegr\u00fcndete Zentrum verf\u00fcgt \u00fcber drei geografische Zugangspunkte und zielt darauf ab, so viele Menschen wie m\u00f6glich in der Region anzusprechen und zu ihrer Entwicklung beizutragen. Eine weitere wichtige M\u00f6glichkeit ist das hispanisch-guineische Kulturzentrum.<\/p>\n\n\n\n<p>Zu den Aktivit\u00e4ten geh\u00f6ren Kunst, Film, Theater, Musik und Spiele. Es gibt zwei Hauptfestivals:<\/p>\n\n\n\n<ul class=\"wp-block-list\">\n<li>MIFF \u2013 Malabo Internationales Musik- und Filmfestival und<\/li>\n\n\n\n<li>Internationales Malabo Hip Hop Festival<\/li>\n<\/ul>\n\n\n\n<p>Der Tourismussektor hat seit der Entdeckung von \u00d6l ein sehr starkes Wachstum erlebt. Diese Entdeckung hat es dem Land erm\u00f6glicht, seine Infrastruktur zu verbessern. Die Stadt ist aufgrund ihrer direkten Verbindung zu den Hauptattraktionen der Insel Beoco ein Anziehungspunkt f\u00fcr den Tourismus.<\/p>\n\n\n\n<p>\u00c4quatorialguinea verf\u00fcgt \u00fcber eine gro\u00dfe Auswahl an Hotels, insbesondere in den St\u00e4dten. Au\u00dferdem gibt es ein hervorragendes Tourismusangebot f\u00fcr die zahlreichen Besucher. Es gibt viele Touristenziele. Einige davon sind Eureka Springs, Ciudad de la Paz und San Antonio de Ureca.<\/p>\n\n\n\n<p>Der Handel stellt eine der wichtigsten und am weitesten verbreiteten Wirtschaftsaktivit\u00e4ten dar und daher sind mehrere US-Unternehmen in \u00c4quatorialguinea t\u00e4tig.<\/p>\n\n\n\n<h2 class=\"wp-block-heading\">Schl\u00fcsselbranchen und Gr\u00fcnde f\u00fcr den Ausbau Ihres Gesch\u00e4fts auf dem Markt<\/h2>\n\n\n\n<p>\u00c4quatorialguinea ist der drittgr\u00f6\u00dfte \u00d6lproduzent Afrikas. Die durchschnittliche Produktion lag 2005 bei 360.000 Barrel pro Tag. Mit der steigenden Produktion wuchs auch die Bev\u00f6lkerung in den \u00d6l produzierenden Regionen.<\/p>\n\n\n\n<p>\u00c4quatorialguinea floriert im Tourismus, Handel und Kultur, und seine junge Bev\u00f6lkerung ist ein weiterer Baustein f\u00fcr einen aufstrebenden Riesen. \u00c4quatorialguinea k\u00f6nnte bald eines der reichsten L\u00e4nder Afrikas werden.<\/p>\n\n\n\n<p>In \u00c4quatorialguinea zu investieren ist ein toller Schachzug, da die Tourismusbranche boomt und das Land \u00fcber reichlich \u00d6lreserven verf\u00fcgt. Sie haben eine ausgezeichnete Chance, gro\u00dfe Gewinne einzufahren. Unternehmen wie Hotels und Ferienh\u00e4user sind gro\u00dfartige Investitionsm\u00f6glichkeiten.<\/p>\n\n\n\n<h2 class=\"wp-block-heading\">\u00dcber Marktforschung in \u00c4quatorialguinea<\/h2>\n\n\n\n<p>Are you looking for a country in which to invest? Well, Equatorial Guinea is a great pick. With loaded oil reserves and a burgeoning tourism industry, you can profit from your investments. SIS arranges Focus Groups in individual <a href=\"https:\/\/www.sisinternational.com\/de\/fusball-in-afrika-marktforschung\/\" title=\"Fu\u00dfball in Afrika Marktforschung\" data-wpil-monitor-id=\"2812\">markets in Africa<\/a>. We can do <a href=\"https:\/\/www.sisinternational.com\/de\/losungen\/strategieberatung\/wie-strategieforschung-ihre-leistung-steigern-kann\/\" target=\"_blank\" rel=\"noopener\">Strategie Forschung<\/a> und bekomme <a href=\"https:\/\/www.sisinternational.com\/de\/was-ist-qualitative-forschung\/\" target=\"_blank\" rel=\"noopener\">Qualitativ<\/a> Und <a href=\"https:\/\/www.sisinternational.com\/de\/was-ist-quantitative-forschung-2\/\" target=\"_blank\" rel=\"noopener\">Quantitativ<\/a> Informationen f\u00fcr Sie.<\/p>\n\n\n\n<p>SIS International Market Research kann Ihnen dabei helfen, die beste Entscheidung dar\u00fcber zu treffen, wo Sie Ihr Geld investieren. Wir holen Informationen aus allen m\u00f6glichen Quellen ein, um die besten Forschungsartikel zusammenzustellen. Wir hoffen, dass dieser Artikel Ihre Fragen beantwortet und dass Sie eine Investition in \u00c4quatorialguinea in Erw\u00e4gung ziehen.<\/p>","protected":false},"excerpt":{"rendered":"<p>\u00c4quatorialguinea verzeichnet einen Aufschwung im Tourismus, Handel und Kultur und seine junge Bev\u00f6lkerung ist ein weiterer Baustein f\u00fcr die Entstehung des Landes.<\/p>","protected":false},"author":1,"featured_media":65182,"parent":14281,"menu_order":17,"comment_status":"closed","ping_status":"closed","template":"","meta":{"footnotes":""},"class_list":["post-37825","page","type-page","status-publish","has-post-thumbnail"],"_links":{"self":[{"href":"https:\/\/www.sisinternational.com\/de\/wp-json\/wp\/v2\/pages\/37825","targetHints":{"allow":["GET"]}}],"collection":[{"href":"https:\/\/www.sisinternational.com\/de\/wp-json\/wp\/v2\/pages"}],"about":[{"href":"https:\/\/www.sisinternational.com\/de\/wp-json\/wp\/v2\/types\/page"}],"author":[{"embeddable":true,"href":"https:\/\/www.sisinternational.com\/de\/wp-json\/wp\/v2\/users\/1"}],"replies":[{"embeddable":true,"href":"https:\/\/www.sisinternational.com\/de\/wp-json\/wp\/v2\/comments?post=37825"}],"version-history":[{"count":3,"href":"https:\/\/www.sisinternational.com\/de\/wp-json\/wp\/v2\/pages\/37825\/revisions"}],"predecessor-version":[{"id":77146,"href":"https:\/\/www.sisinternational.com\/de\/wp-json\/wp\/v2\/pages\/37825\/revisions\/77146"}],"up":[{"embeddable":true,"href":"https:\/\/www.sisinternational.com\/de\/wp-json\/wp\/v2\/pages\/14281"}],"wp:featuredmedia":[{"embeddable":true,"href":"https:\/\/www.sisinternational.com\/de\/wp-json\/wp\/v2\/media\/65182"}],"wp:attachment":[{"href":"https:\/\/www.sisinternational.com\/de\/wp-json\/wp\/v2\/media?parent=37825"}],"curies":[{"name":"wp","href":"https:\/\/api.w.org\/{rel}","templated":true}]}}