{"id":37823,"date":"2021-06-15T05:14:22","date_gmt":"2021-06-15T05:14:22","guid":{"rendered":"https:\/\/www.sisinternational.com\/?page_id=37823"},"modified":"2025-09-14T16:25:14","modified_gmt":"2025-09-14T20:25:14","slug":"marktforschung-in-komoren-afrika","status":"publish","type":"page","link":"https:\/\/www.sisinternational.com\/de\/abdeckung\/marktforschung-afrika\/marktforschung-in-komoren-afrika\/","title":{"rendered":"Marktforschung in Komoren, Afrika"},"content":{"rendered":"<h1 class=\"wp-block-heading\">Marktforschung in Komoren<\/h1>\n\n\n\n<figure class=\"gb-block-image gb-block-image-9deb7018\"><img loading=\"lazy\" decoding=\"async\" width=\"1456\" height=\"816\" class=\"gb-image gb-image-9deb7018\" src=\"https:\/\/www.sisinternational.com\/wp-content\/uploads\/2025\/08\/Comoros-3.jpg\" alt=\"SIS International Marktforschung &amp; Strategie\" title=\"Comoros, (3)\" srcset=\"https:\/\/www.sisinternational.com\/wp-content\/uploads\/2025\/08\/Comoros-3.jpg 1456w, https:\/\/www.sisinternational.com\/wp-content\/uploads\/2025\/08\/Comoros-3-300x168.jpg 300w, https:\/\/www.sisinternational.com\/wp-content\/uploads\/2025\/08\/Comoros-3-1024x574.jpg 1024w, https:\/\/www.sisinternational.com\/wp-content\/uploads\/2025\/08\/Comoros-3-768x430.jpg 768w, https:\/\/www.sisinternational.com\/wp-content\/uploads\/2025\/08\/Comoros-3-18x10.jpg 18w\" sizes=\"auto, (max-width: 1456px) 100vw, 1456px\"><\/figure>\n\n\n\n<p><\/p>\n\n\n\n<p>Der <a href=\"https:\/\/oec.world\/en\/profile\/country\/com\" target=\"_blank\" rel=\"noopener\">Union der Komoren<\/a> liegt im Indischen Ozean. Diese Inselkette ist ein ostafrikanischer Staat, da sie direkt vor der Ostk\u00fcste Afrikas liegt. Ihre Nachbarl\u00e4nder sind Mosambik, Madagaskar, die Seychellen, Tansania und Mayotte. Und sie ist auch Teil der Afrikanischen Union.<\/p>\n\n\n\n<p>Die offizielle Religion der Komoren ist der sunnitische Islam. Sie sind Mitglied der Arabischen Liga und die einzige arabische Nation, die vollst\u00e4ndig auf der S\u00fcdhalbkugel liegt. Die Bev\u00f6lkerung der Komoren spricht drei offizielle Sprachen: Komorisch, Franz\u00f6sisch und Arabisch. Au\u00dferdem gibt es auf den Komoren zwei ethnische Gruppen. Die Mehrheit der Bev\u00f6lkerung sind Afro-Araber, und es gibt eine kleine Gruppe Madagassen. Die W\u00e4hrung des Landes ist der Komoren-Franc.<\/p>\n\n\n\n<h2 class=\"wp-block-heading\">Schl\u00fcsselindustrien auf den Komoren<\/h2>\n\n\n\n<p>Die Landwirtschaft ist der wichtigste Wirtschaftszweig. Einige Menschen erg\u00e4nzen ihn durch Jagd, Fischerei und Subsistenzlandwirtschaft. Die Landwirtschaft besch\u00e4ftigt den Gro\u00dfteil der Arbeitskr\u00e4fte des Landes und ist f\u00fcr die Bev\u00f6lkerung und die Wirtschaft von entscheidender Bedeutung, da sie den gr\u00f6\u00dften Teil der Exporte ausmacht. Vanille, Nelken, Parf\u00fcmessenzen und Kopra sind die wichtigsten Exportg\u00fcter.<\/p>\n\n\n\n<p>Die Komoren sind der weltweit gr\u00f6\u00dfte Lieferant von Ylang-Ylang, einer Essenz, die zur Herstellung von Parf\u00fcms verwendet wird. Das Land ist der weltweit zweitgr\u00f6\u00dfte Lieferant von Vanille, und f\u00fcr den Eigenbedarf der Bev\u00f6lkerung werden Nutzpflanzen wie Bananen, Kokosn\u00fcsse und Maniok angebaut. Diese Nahrungsmittel spielen in der t\u00e4glichen K\u00fcche eine wichtige Rolle.<\/p>\n\n\n\n<h2 class=\"wp-block-heading\">Nachbarschaften<\/h2>\n\n\n\n<p>Moroni ist die Hauptstadt und gr\u00f6\u00dfte Stadt der Komoren und liegt auf der gr\u00f6\u00dften der drei Hauptinseln, Grand Comore. Moroni beherbergt einen Hafen und ein Museum, die als Touristenattraktionen dienen. Die Infrastruktur beh\u00e4lt trotz Umbauten an Geb\u00e4uden ein traditionelles arabisches Aussehen. Die Stadt hat viele Moscheen, aber Moroni hat auch christliche Kirchen und Tempel.<\/p>\n\n\n\n<h2 class=\"wp-block-heading\">Vorteile und St\u00e4rken des Marktes<\/h2>\n\n\n\n<p>Die Komoren bauen Ylang-Ylang an. Das ist eine St\u00e4rke, denn es ist besonders in der Sch\u00f6nheits- und Kosmetikindustrie gefragt. Das Land hat die Kapazit\u00e4t und die Arbeitskr\u00e4fte, um der weltweit gr\u00f6\u00dfte Produzent dieses Rohstoffs zu sein. Allerdings sind die Komoren in vielen Bereichen, darunter auch bei Lebensmitteln, stark vom Handel abh\u00e4ngig. Das Land konnte die Versorgung mit Gew\u00fcrzen und Essenzen aufrechterhalten, hat aber auch gute internationale Handelsbeziehungen aufgebaut.<\/p>\n\n\n\n<h2 class=\"wp-block-heading\">Trends auf den Komoren<\/h2>\n\n\n\n<p>Die Komoren sind ein armes Entwicklungsland. Das Land verf\u00fcgt \u00fcber nat\u00fcrliche und menschliche Ressourcen, hat aber nicht die Mittel, diese optimal zu nutzen. Wie in vielen anderen Entwicklungsl\u00e4ndern besteht Bedarf an Arbeitskr\u00e4ften, weshalb die qualifizierten und gut ausgebildeten Komoren nach Frankreich abwandern, was zu einer Abwanderung von Fachkr\u00e4ften f\u00fchrt. Aus diesem Grund entwickelt sich die Industrie nur langsam. Die Subsistenzlandwirtschaft bleibt die wichtigste Wirtschaftsaktivit\u00e4t.<\/p>\n\n\n\n<h2 class=\"wp-block-heading\">Verbraucherbasis<\/h2>\n\n\n\n<p>Etwa zwei Drittel der Bev\u00f6lkerung der Komoren leben in l\u00e4ndlichen Gebieten, der Rest in der Hauptstadt und anderen St\u00e4dten. Die Komorenbewohner kaufen an Orten wie dem Volo-Volo-Markt lokale Waren ein. Dort verkaufen H\u00e4ndler Gew\u00fcrze, \u00d6le, Stoffe, Schmuck, Kunsthandwerk und vieles mehr. Ihre K\u00e4ufer sind sowohl die Bev\u00f6lkerung der Komoren als auch Touristen, die auf der Insel vorbeikommen. Auf den Komoren gibt es auch mehrere Lebensmittelm\u00e4rkte. Hier kaufen Verbraucher Feldfr\u00fcchte, verarbeitete und importierte Lebensmittel und andere Artikel.<\/p>\n\n\n\n<h2 class=\"wp-block-heading\">\u00dcber Marktforschung auf den Komoren<\/h2>\n\n\n\n<p>Wenn Sie daran denken, auf den Komoren Gesch\u00e4fte zu machen, k\u00f6nnen wir Ihnen helfen. Bei SIS stellen wir Fokusgruppen in den verschiedenen afrikanischen M\u00e4rkten zusammen und f\u00fchren die <a href=\"https:\/\/www.sisinternational.com\/de\/was-ist-quantitative-forschung-2\/\" target=\"_blank\" rel=\"noopener\">Quantitativ<\/a>, <a href=\"https:\/\/www.sisinternational.com\/de\/was-ist-qualitative-forschung\/\" target=\"_blank\" rel=\"noopener\">Qualitativ<\/a>, Und <a href=\"https:\/\/www.sisinternational.com\/de\/losungen\/strategieberatung\/wie-strategieforschung-ihre-leistung-steigern-kann\/\" target=\"_blank\" rel=\"noopener\">Strategie Forschung<\/a> f\u00fcr Ihr Unternehmen. Wir durchforsten Informationen und Erkenntnisse und stellen sie f\u00fcr Ihr Unternehmen zusammen. Wir hoffen, dass dieser Artikel Ihnen bei Ihrem Gesch\u00e4ftsvorhaben auf den Komoren hilft.<\/p>\n\n\n\n<p><\/p>","protected":false},"excerpt":{"rendered":"<p>Die Landwirtschaft ist der wichtigste Wirtschaftszweig der Komoren. Einige Menschen erg\u00e4nzen ihn durch Jagd, Fischerei und Subsistenzlandwirtschaft.<\/p>","protected":false},"author":1,"featured_media":65166,"parent":14281,"menu_order":16,"comment_status":"closed","ping_status":"closed","template":"","meta":{"footnotes":""},"class_list":["post-37823","page","type-page","status-publish","has-post-thumbnail"],"_links":{"self":[{"href":"https:\/\/www.sisinternational.com\/de\/wp-json\/wp\/v2\/pages\/37823","targetHints":{"allow":["GET"]}}],"collection":[{"href":"https:\/\/www.sisinternational.com\/de\/wp-json\/wp\/v2\/pages"}],"about":[{"href":"https:\/\/www.sisinternational.com\/de\/wp-json\/wp\/v2\/types\/page"}],"author":[{"embeddable":true,"href":"https:\/\/www.sisinternational.com\/de\/wp-json\/wp\/v2\/users\/1"}],"replies":[{"embeddable":true,"href":"https:\/\/www.sisinternational.com\/de\/wp-json\/wp\/v2\/comments?post=37823"}],"version-history":[{"count":2,"href":"https:\/\/www.sisinternational.com\/de\/wp-json\/wp\/v2\/pages\/37823\/revisions"}],"predecessor-version":[{"id":68525,"href":"https:\/\/www.sisinternational.com\/de\/wp-json\/wp\/v2\/pages\/37823\/revisions\/68525"}],"up":[{"embeddable":true,"href":"https:\/\/www.sisinternational.com\/de\/wp-json\/wp\/v2\/pages\/14281"}],"wp:featuredmedia":[{"embeddable":true,"href":"https:\/\/www.sisinternational.com\/de\/wp-json\/wp\/v2\/media\/65166"}],"wp:attachment":[{"href":"https:\/\/www.sisinternational.com\/de\/wp-json\/wp\/v2\/media?parent=37823"}],"curies":[{"name":"wp","href":"https:\/\/api.w.org\/{rel}","templated":true}]}}