{"id":37733,"date":"2021-05-19T05:57:17","date_gmt":"2021-05-19T05:57:17","guid":{"rendered":"https:\/\/www.sisinternational.com\/?page_id=37733"},"modified":"2025-09-14T16:11:14","modified_gmt":"2025-09-14T20:11:14","slug":"marktforschung-im-kongo","status":"publish","type":"page","link":"https:\/\/www.sisinternational.com\/de\/abdeckung\/marktforschung-afrika\/marktforschung-im-kongo\/","title":{"rendered":"Marktforschung im Kongo"},"content":{"rendered":"<h1 class=\"wp-block-heading\">Marktforschung im Kongo<\/h1>\n\n\n\n<figure class=\"gb-block-image gb-block-image-24c68747\"><img loading=\"lazy\" decoding=\"async\" width=\"1456\" height=\"816\" class=\"gb-image gb-image-24c68747\" src=\"https:\/\/www.sisinternational.com\/wp-content\/uploads\/2025\/08\/Congo-1.jpg\" alt=\"SIS International Marktforschung &amp; Strategie\" title=\"Congo (1)\" srcset=\"https:\/\/www.sisinternational.com\/wp-content\/uploads\/2025\/08\/Congo-1.jpg 1456w, https:\/\/www.sisinternational.com\/wp-content\/uploads\/2025\/08\/Congo-1-300x168.jpg 300w, https:\/\/www.sisinternational.com\/wp-content\/uploads\/2025\/08\/Congo-1-1024x574.jpg 1024w, https:\/\/www.sisinternational.com\/wp-content\/uploads\/2025\/08\/Congo-1-768x430.jpg 768w, https:\/\/www.sisinternational.com\/wp-content\/uploads\/2025\/08\/Congo-1-18x10.jpg 18w\" sizes=\"auto, (max-width: 1456px) 100vw, 1456px\"><\/figure>\n\n\n\n<p><\/p>\n\n\n\n<p>Kongo-Brazzaville und Kongo-Kinshasa sind benachbarte L\u00e4nder in Afrika s\u00fcdlich der Sahara. Der Name \u201eKongo\u201c stammt von den Bakongo, einem Bantustamm, der beide L\u00e4nder bewohnt. Die L\u00e4nder teilen die Bakongo-Kultur und haben nahezu identische Namen, unterscheiden sich jedoch in mehreren Faktoren.<\/p>\n\n\n\n<p>Kongo-Kinshasa, der andere Name der Demokratischen Republik Kongo, ist riesig. Es ist das zweitgr\u00f6\u00dfte Land des Kontinents. Dort leben mehr als 80 Millionen Menschen. Die Bev\u00f6lkerung von Kongo-Brazzaville betr\u00e4gt jedoch nur 5 Millionen Menschen. Es umfasst ein winziges geografisches Gebiet.<\/p>\n\n\n\n<p>In beiden L\u00e4ndern ist Franz\u00f6sisch die Amtssprache. Dennoch wurden sie einst von zwei verschiedenen Nationen kolonisiert. Frankreich besetzte die Republik Kongo. Die Demokratische Republik Kongo war eine belgische Kolonie.<\/p>\n\n\n\n<p>Die Demokratische Republik Kongo (DR Kongo) hat eine einzigartige geografische Lage. Sie hat eine 40 Kilometer lange K\u00fcste mit Zugang zum Atlantik im Westen. Und dennoch liegt sie im Herzen Afrikas und ist der Kreuzungspunkt der Korridore, die nach Norden, S\u00fcden, Osten und Westen f\u00fchren. Die Hauptstadt von Kongo-Kinshasa, Kinshasa, ist die gr\u00f6\u00dfte Stadt des Landes.<\/p>\n\n\n\n<h2 class=\"wp-block-heading\">Nachbarschaften<\/h2>\n\n\n\n<p>Kinshasa ist eine Megapolis am S\u00fcdufer des Kongo. Zentralafrikas bedeutendstes und am schnellsten wachsendes Stadtgebiet w\u00e4chst j\u00e4hrlich um f\u00fcnf Quadratmeilen. Nach Kairo und Lagos ist Kinshasa die drittgr\u00f6\u00dfte Stadt Afrikas. Ville Basse ist der \u00e4ltere und wohlhabendere Stadtteil, der in den Ebenen in der N\u00e4he des Flusses liegt. Neuere Stadtteile Kinshasas entwickeln sich auf den umliegenden H\u00fcgeln.<\/p>\n\n\n\n<h2 class=\"wp-block-heading\">Schl\u00fcsselindustrien<\/h2>\n\n\n\n<p>Am westlichen Ufer des Kongo liegt Kongo-Brazzaville, die kleinere der beiden Regionen. In Brazzaville (ROC) sind die Erd\u00f6l-, Holz- und Bergbauindustrie die wirtschaftsst\u00e4rksten Sektoren. Der \u00d6lsektor ist der gr\u00f6\u00dfte Teil der ausl\u00e4ndischen Investitionen. Er ist nur ein kleiner Industriezweig, aber die Forstwirtschaft ist der n\u00e4chstgr\u00f6\u00dfte und expandiert.<\/p>\n\n\n\n<p>Auch der Bergbausektor der Demokratischen Republik Kongo ist reichhaltig. Es gibt riesige Mengen an Ackerland. Zu den zahlreichen Bodensch\u00e4tzen geh\u00f6ren Kupfer, Kobalt, Gold, Diamanten und Zink.<\/p>\n\n\n\n<h2 class=\"wp-block-heading\">Trends<\/h2>\n\n\n\n<p>The economy of Congo-Kinshasa has suffered from long years of political instability. Despite this, it shows a trend of upward growth, and the business climate is improving, reflecting many planned reforms aimed at strengthening governance and natural resource management. Surveys show a new environment of confidence alongside new directives to fight corruption. <a href=\"https:\/\/www.sisinternational.com\/de\/losungen\/strategieberatung\/esg-investor-marktforschung-strategieberatung\/\" title=\"ESG Investor Strategy Consulting\"  data-wpil-monitor-id=\"8779\">Investors conducting strategy<\/a> research can focus on financing agriculture, mining, energy, and infrastructure.<\/p>\n\n\n\n<h2 class=\"wp-block-heading\">Vorteile und St\u00e4rken im Markt<\/h2>\n\n\n\n<p>Die Regierung von Kongo-Brazzaville versucht, Entwicklung und Wachstum in Kongo-Brazzaville anzukurbeln. Das Land plant, seine Wirtschaft zu diversifizieren. Die Agrarindustrie in Kongo-Brazzaville bietet eine Chance. Von den Ackerfl\u00e4chen des Landes wird nicht viel bewirtschaftet. Das Land bietet auch Potenzial f\u00fcr Investitionen in den \u00d6kotourismus. Es enth\u00e4lt endlose unber\u00fchrte Waldreservate. Bauwesen, Transport und Bergbau sind ebenfalls attraktive Sektoren f\u00fcr ausl\u00e4ndische Investoren.<\/p>\n\n\n\n<p>Brazzaville ist die gr\u00f6\u00dfte Stadt von Kongo-Brazzaville, aber Pointe-Noire ist das wichtige Handelszentrum. Brazzaville ist auch die \u00e4lteste Stadt. Es ist eine K\u00fcstenstadt voller Auswanderer und \u00d6lgeld. Die Stadt ist in das europ\u00e4ische Viertel und das afrikanische Viertel (La Cit\u00e9) unterteilt und bietet unterschiedliche Erlebnisse und internationale Speisem\u00f6glichkeiten. Das afrikanische Viertel ist gesch\u00e4ftig und gesch\u00e4ftig. La Cit\u00e9 hat viele lebhafte Restaurants und Bars und ist der beste Ort, um traditionelle afrikanische K\u00fcche zu entdecken. An den Str\u00e4nden in Pointe-Noire k\u00f6nnen Sie Boote mieten und sich entspannen.<\/p>\n\n\n\n<p>There is room for internet <a href=\"https:\/\/www.sisinternational.com\/de\/losungen\/fintech-strategieberatung-forschung\/banking-as-a-service-marktforschung-und-strategieberatung\/\" title=\"Banking as a Service Marktforschung und Strategieberatung\"  data-wpil-monitor-id=\"8780\">services and mobile banking<\/a> here in the Republic of Congo, and consumers have high connectivity despite inadequate infrastructure in the telecommunications sector. The many cyber cafes are an indicator of unmet demand for reliable internet services.<\/p>\n\n\n\n<h2 class=\"wp-block-heading\">Gr\u00fcnde f\u00fcr die Expansion Ihres Unternehmens; Marktforschung im Kongo<\/h2>\n\n\n\n<p>Investoren werden bald von den Reformen profitieren, die die Republik Kongo plant. Zu den Regierungsinitiativen geh\u00f6ren der Zugang und Schutz ausl\u00e4ndischer Direktinvestitionen, die Gr\u00fcndung von Unternehmen, die Besteuerung und Humanressourcen. Die ausl\u00e4ndischen Investitionen nehmen weiter zu. Sie machen die Republik Kongo derzeit zum wichtigsten Ziel ausl\u00e4ndischer Direktinvestitionen in <a href=\"https:\/\/www.sisinternational.com\/de\/abdeckung\/marktforschung-afrika\/marktforschung-zentralafrikanische-republik\/\">Zentralafrika<\/a>. Quantitative Forschung untermauert diese Tatsachen.<\/p>\n\n\n\n<p>You\u2019ll find that there is no lesser of the two Congos but that each presents opportunities. Qualitative <a href=\"https:\/\/www.sisinternational.com\/de\/losungen\/fokusgruppen-marktforschung\/\" title=\"Fokusgruppe Marktforschung\"  data-wpil-monitor-id=\"8778\">research via focus groups<\/a> can bring further clarity for future ventures.<\/p>\n\n\n\n<p>&nbsp;<\/p>","protected":false},"excerpt":{"rendered":"<p>Marktforschung im Kongo \u2013 jede Region bietet Chancen. Qualitative Forschung \u00fcber Fokusgruppen bringt weitere Klarheit f\u00fcr zuk\u00fcnftige Unternehmungen.<\/p>","protected":false},"author":1,"featured_media":65168,"parent":14281,"menu_order":15,"comment_status":"closed","ping_status":"closed","template":"","meta":{"footnotes":""},"class_list":["post-37733","page","type-page","status-publish","has-post-thumbnail"],"_links":{"self":[{"href":"https:\/\/www.sisinternational.com\/de\/wp-json\/wp\/v2\/pages\/37733","targetHints":{"allow":["GET"]}}],"collection":[{"href":"https:\/\/www.sisinternational.com\/de\/wp-json\/wp\/v2\/pages"}],"about":[{"href":"https:\/\/www.sisinternational.com\/de\/wp-json\/wp\/v2\/types\/page"}],"author":[{"embeddable":true,"href":"https:\/\/www.sisinternational.com\/de\/wp-json\/wp\/v2\/users\/1"}],"replies":[{"embeddable":true,"href":"https:\/\/www.sisinternational.com\/de\/wp-json\/wp\/v2\/comments?post=37733"}],"version-history":[{"count":4,"href":"https:\/\/www.sisinternational.com\/de\/wp-json\/wp\/v2\/pages\/37733\/revisions"}],"predecessor-version":[{"id":81472,"href":"https:\/\/www.sisinternational.com\/de\/wp-json\/wp\/v2\/pages\/37733\/revisions\/81472"}],"up":[{"embeddable":true,"href":"https:\/\/www.sisinternational.com\/de\/wp-json\/wp\/v2\/pages\/14281"}],"wp:featuredmedia":[{"embeddable":true,"href":"https:\/\/www.sisinternational.com\/de\/wp-json\/wp\/v2\/media\/65168"}],"wp:attachment":[{"href":"https:\/\/www.sisinternational.com\/de\/wp-json\/wp\/v2\/media?parent=37733"}],"curies":[{"name":"wp","href":"https:\/\/api.w.org\/{rel}","templated":true}]}}