{"id":37731,"date":"2021-05-19T05:53:02","date_gmt":"2021-05-19T05:53:02","guid":{"rendered":"https:\/\/www.sisinternational.com\/?page_id=37731"},"modified":"2026-01-25T16:55:42","modified_gmt":"2026-01-25T21:55:42","slug":"marktforschung-dschibuti","status":"publish","type":"page","link":"https:\/\/www.sisinternational.com\/de\/abdeckung\/marktforschung-afrika\/marktforschung-dschibuti\/","title":{"rendered":"Marktforschung in Dschibuti"},"content":{"rendered":"<h1 class=\"wp-block-heading\">Marktforschung in Dschibuti<\/h1>\n\n\n\n<figure class=\"gb-block-image gb-block-image-77261c6a\"><img loading=\"lazy\" decoding=\"async\" width=\"1456\" height=\"816\" class=\"gb-image gb-image-77261c6a\" src=\"https:\/\/www.sisinternational.com\/wp-content\/uploads\/2025\/08\/Djibouti-3.jpg\" alt=\"SIS International Marktforschung &amp; Strategie\" title=\"Djibouti (3)\" srcset=\"https:\/\/www.sisinternational.com\/wp-content\/uploads\/2025\/08\/Djibouti-3.jpg 1456w, https:\/\/www.sisinternational.com\/wp-content\/uploads\/2025\/08\/Djibouti-3-300x168.jpg 300w, https:\/\/www.sisinternational.com\/wp-content\/uploads\/2025\/08\/Djibouti-3-1024x574.jpg 1024w, https:\/\/www.sisinternational.com\/wp-content\/uploads\/2025\/08\/Djibouti-3-768x430.jpg 768w, https:\/\/www.sisinternational.com\/wp-content\/uploads\/2025\/08\/Djibouti-3-18x10.jpg 18w\" sizes=\"auto, (max-width: 1456px) 100vw, 1456px\"><\/figure>\n\n\n\n<p><\/p>\n\n\n\n<p>Dschibuti ist eines der strategisch wichtigsten L\u00e4nder Afrikas. Dieses kleine Land am Horn von Afrika tr\u00e4gt den offiziellen Namen Republik Dschibuti. Dschibuti liegt an der Nordostk\u00fcste Afrikas am Roten Meer. Es ist ber\u00fchmt f\u00fcr seine einzigartigen Landschaften und seine vielf\u00e4ltige Tierwelt. Auch die Traditionen und Kulturen Dschibutis sind vielf\u00e4ltig. Nicht nur in Bezug auf die Sprache, sondern auch in Bezug auf Farben und abergl\u00e4ubische \u00dcberzeugungen.<\/p>\n\n\n\n<p>In diesem Land leben nach j\u00fcngsten Zahlen fast eine Million Menschen. Die Hauptstadt ist Dschibuti-Stadt und Franz\u00f6sisch und Arabisch sind die am h\u00e4ufigsten gesprochenen Sprachen. In Dschibuti gibt es zwei gro\u00dfe St\u00e4mme: die Somali und die Afar. Muslime machen 94 Prozent der Bev\u00f6lkerung aus und der Islam ist die vorherrschende Religion.<\/p>\n\n\n\n<p>Dschibuti hat eine Fl\u00e4che von etwas mehr als 27.000 Quadratkilometern. Es ist etwas gr\u00f6\u00dfer als Slowenien und etwas kleiner als New Jersey in den USA. Dschibuti hat eines der salzigsten Meere der Welt.<\/p>\n\n\n\n<h2 class=\"wp-block-heading\">Nachbarschaften<\/h2>\n\n\n\n<p>Zu den Nachbarl\u00e4ndern Dschibutis z\u00e4hlen Somalia, \u00c4thiopien, Eritrea und der Jemen. Diese L\u00e4nder grenzen alle an Dschibuti.<\/p>\n\n\n\n<p>Das Land ist geografisch interessant, da es bedeutende Wasserstra\u00dfen wie das Rote Meer und den Suezkanal kontrolliert. Diese Gew\u00e4sser sind zwei der wichtigsten Schifffahrtsrouten.<\/p>\n\n\n\n<h2 class=\"wp-block-heading\">Internationale Freihandelszone Dschibuti<\/h2>\n\n\n\n<p>DIFTZ (Djibouti international Free Trade Zone) is a model of China Africa cooperation. With the support of the Djibouti government, <a href=\"https:\/\/www.sisinternational.com\/de\/abdeckung\/marktforschung-asien\/fokusgruppen-marktforschung-in-china\/\" title=\"Fokusgruppen-Marktforschung in China\"  data-wpil-monitor-id=\"9315\">China and the port group<\/a> have joined forces and are collaborating to build this fantastic African project. They are transforming the Avenue General Gallieni, the location of the main port. It is already one of the most attractive areas for businesses. It can attract lots of international trade.<\/p>\n\n\n\n<h2 class=\"wp-block-heading\">Vorteile und St\u00e4rken des Dschibuti-Marktes: Warum sollten Sie Ihr Gesch\u00e4ft dort ausbauen?<\/h2>\n\n\n\n<p>Wie wir bereits gesehen haben, hat Dschibuti eine ziemlich strategische Position. Diese Lage an sich ist die St\u00e4rke des Landes. Es liegt an der Bab-el-Mandeb-Stra\u00dfe, wo der Indische Ozean endet und das Rote Meer beginnt. Die beiden Gew\u00e4sser sind etwa 15 Meilen voneinander entfernt. Diese Lage macht Dschibuti zu einem gl\u00fccklichen Land.<\/p>\n\n\n\n<p>Der Vorteil der Lage des Landes liegt darin, dass es ein Boden f\u00fcr regionalen Handel ist. Dieser Handel f\u00f6rdert den Devisenverkehr und steigert die Exportrate des Landes.<\/p>\n\n\n\n<p>The position is essential when deciding what country you would like your <a href=\"https:\/\/www.sisinternational.com\/de\/veroffentlichungen\/japans-mittelstandsexporte\/\" title=\"Ausbau Ihres Gesch\u00e4fts in Japan\"  data-wpil-monitor-id=\"9314\">business to grow<\/a> in. Ships from China, India, or anywhere in Asia to Europe or vice versa usually cross the strait.<\/p>\n\n\n\n<p>Die Region ist eine der gr\u00f6\u00dften in der Erd\u00f6lproduktion. Wenn Fracht und Schiffe durchkommen, ist die Nachfrage nach Ressourcen hoch, deshalb machen sie in Dschibuti Halt. Diese Verbindung bietet reichlich M\u00f6glichkeiten f\u00fcr Handel und Tourismus.<\/p>\n\n\n\n<p>\u00c4thiopien ist kein Land, hat aber eine der gr\u00f6\u00dften Bev\u00f6lkerungen Afrikas. Dschibuti ist seit 1999 \u00c4thiopiens Hafen. Daher ist der Hafen von Dschibuti von entscheidender Bedeutung und immer aktiv. Der Hafen ist einer der Hauptvorteile Dschibutis.<\/p>\n\n\n\n<p>In Dschibuti Gesch\u00e4fte zu machen ist eine wunderbare Investition. Obwohl der Steuersatz 10 Prozent betr\u00e4gt, k\u00f6nnen die Gewinne mehr als doppelt so hoch sein. Wenn Sie sich am perfekten Standort befinden, m\u00fcssen Sie nur mit den Anforderungen der Menschen Schritt halten. Ein Unternehmen kann leicht durchstarten, obwohl es keine Garantie gibt, da alles mit einem gewissen Risiko verbunden ist. Es ist ein ausgezeichnetes Land f\u00fcr Investitionen.<\/p>\n\n\n\n<h2 class=\"wp-block-heading\">\u00dcber Marktforschung in Dschibuti<\/h2>\n\n\n\n<p>Are you interested in owning a business in Djibouti? This article has all there is to know about this unique country. SIS International <a href=\"https:\/\/www.sisinternational.com\/de\/sachverstand\/branchen\/geopolitische-marktforschung\/\" title=\"Geopolitische Marktforschung\"  data-wpil-monitor-id=\"3821\">Research organizes Focus Groups in the markets<\/a> of Africa. We also do Qualitative, Quantitative, and Strategy Research. This <a href=\"https:\/\/www.sisinternational.com\/de\/veroffentlichungen\/skalierbare-geschaftsmarktforschung-7-moglichkeiten-zum-aufbau-eines-skalierbaren-geschafts\/\" title=\"Marktforschung f\u00fcr skalierbare Unternehmen: 7 M\u00f6glichkeiten zum Aufbau eines skalierbaren Unternehmens\"  data-wpil-monitor-id=\"9316\">research will aid in your business<\/a> inquiries and help you decide your next move. We hope that you will consider doing business and investing in Djibouti. You will not regret it!<\/p>\n\n\n\n<p><\/p>","protected":false},"excerpt":{"rendered":"<p>Marktforschung in Dschibuti Dschibuti ist eines der strategisch wichtigsten L\u00e4nder Afrikas. Dieses kleine Land am Horn von Afrika tr\u00e4gt den offiziellen Namen Republik Dschibuti. Dschibuti liegt an der Nordostk\u00fcste Afrikas am Roten Meer. Es ist ber\u00fchmt f\u00fcr seine einzigartigen Landschaften und seine vielf\u00e4ltige Tierwelt. Die Traditionen und Kulturen \u2026 <a title=\"Marktforschung in Dschibuti\" class=\"read-more\" href=\"https:\/\/www.sisinternational.com\/de\/abdeckung\/marktforschung-afrika\/marktforschung-dschibuti\/\" aria-label=\"Mehr Informationen \u00fcber Marktforschung in Dschibuti\">Weiterlesen \u2026<\/a><\/p>","protected":false},"author":1,"featured_media":65176,"parent":14281,"menu_order":14,"comment_status":"closed","ping_status":"closed","template":"","meta":{"_uag_custom_page_level_css":"","footnotes":""},"class_list":["post-37731","page","type-page","status-publish","has-post-thumbnail"],"uagb_featured_image_src":{"full":["https:\/\/www.sisinternational.com\/wp-content\/uploads\/2025\/08\/Djibouti-3.jpg",1456,816,false],"thumbnail":["https:\/\/www.sisinternational.com\/wp-content\/uploads\/2025\/08\/Djibouti-3-150x150.jpg",150,150,true],"medium":["https:\/\/www.sisinternational.com\/wp-content\/uploads\/2025\/08\/Djibouti-3-300x168.jpg",300,168,true],"medium_large":["https:\/\/www.sisinternational.com\/wp-content\/uploads\/2025\/08\/Djibouti-3-768x430.jpg",768,430,true],"large":["https:\/\/www.sisinternational.com\/wp-content\/uploads\/2025\/08\/Djibouti-3-1024x574.jpg",1024,574,true],"1536x1536":["https:\/\/www.sisinternational.com\/wp-content\/uploads\/2025\/08\/Djibouti-3.jpg",1456,816,false],"2048x2048":["https:\/\/www.sisinternational.com\/wp-content\/uploads\/2025\/08\/Djibouti-3.jpg",1456,816,false],"trp-custom-language-flag":["https:\/\/www.sisinternational.com\/wp-content\/uploads\/2025\/08\/Djibouti-3-18x10.jpg",18,10,true]},"uagb_author_info":{"display_name":"Ruth Stanat","author_link":"https:\/\/www.sisinternational.com\/de\/author\/expert\/"},"uagb_comment_info":0,"uagb_excerpt":"Market Research in Djibouti Djibouti is one of Africa\u2019s most strategic countries. This small country on the horn of Africa has the official name of the Republic of Djibouti. Djibouti is on the northeastern coast of Africa to the Red Sea. It is famous for its unique landscapes and diverse wildlife. The traditions and cultures&hellip;","_links":{"self":[{"href":"https:\/\/www.sisinternational.com\/de\/wp-json\/wp\/v2\/pages\/37731","targetHints":{"allow":["GET"]}}],"collection":[{"href":"https:\/\/www.sisinternational.com\/de\/wp-json\/wp\/v2\/pages"}],"about":[{"href":"https:\/\/www.sisinternational.com\/de\/wp-json\/wp\/v2\/types\/page"}],"author":[{"embeddable":true,"href":"https:\/\/www.sisinternational.com\/de\/wp-json\/wp\/v2\/users\/1"}],"replies":[{"embeddable":true,"href":"https:\/\/www.sisinternational.com\/de\/wp-json\/wp\/v2\/comments?post=37731"}],"version-history":[{"count":5,"href":"https:\/\/www.sisinternational.com\/de\/wp-json\/wp\/v2\/pages\/37731\/revisions"}],"predecessor-version":[{"id":81557,"href":"https:\/\/www.sisinternational.com\/de\/wp-json\/wp\/v2\/pages\/37731\/revisions\/81557"}],"up":[{"embeddable":true,"href":"https:\/\/www.sisinternational.com\/de\/wp-json\/wp\/v2\/pages\/14281"}],"wp:featuredmedia":[{"embeddable":true,"href":"https:\/\/www.sisinternational.com\/de\/wp-json\/wp\/v2\/media\/65176"}],"wp:attachment":[{"href":"https:\/\/www.sisinternational.com\/de\/wp-json\/wp\/v2\/media?parent=37731"}],"curies":[{"name":"wp","href":"https:\/\/api.w.org\/{rel}","templated":true}]}}