{"id":37729,"date":"2021-05-19T05:46:38","date_gmt":"2021-05-19T05:46:38","guid":{"rendered":"https:\/\/www.sisinternational.com\/?page_id=37729"},"modified":"2025-09-14T16:27:30","modified_gmt":"2025-09-14T20:27:30","slug":"marktforschung-tschad","status":"publish","type":"page","link":"https:\/\/www.sisinternational.com\/de\/abdeckung\/marktforschung-afrika\/marktforschung-tschad\/","title":{"rendered":"Marktforschung im Tschad"},"content":{"rendered":"<h1 class=\"wp-block-heading\">Marktforschung im Tschad<\/h1>\n\n\n\n<figure class=\"gb-block-image gb-block-image-2e41044d\"><img loading=\"lazy\" decoding=\"async\" width=\"1456\" height=\"816\" class=\"gb-image gb-image-2e41044d\" src=\"https:\/\/www.sisinternational.com\/wp-content\/uploads\/2025\/08\/Chad-1.jpg\" alt=\"SIS International Marktforschung &amp; Strategie\" title=\"Chad (1)\" srcset=\"https:\/\/www.sisinternational.com\/wp-content\/uploads\/2025\/08\/Chad-1.jpg 1456w, https:\/\/www.sisinternational.com\/wp-content\/uploads\/2025\/08\/Chad-1-300x168.jpg 300w, https:\/\/www.sisinternational.com\/wp-content\/uploads\/2025\/08\/Chad-1-1024x574.jpg 1024w, https:\/\/www.sisinternational.com\/wp-content\/uploads\/2025\/08\/Chad-1-768x430.jpg 768w, https:\/\/www.sisinternational.com\/wp-content\/uploads\/2025\/08\/Chad-1-18x10.jpg 18w\" sizes=\"auto, (max-width: 1456px) 100vw, 1456px\"><\/figure>\n\n\n\n<p><\/p>\n\n\n\n<p>Die Republik Tschad liegt in Nordzentralafrika. Dieses Binnenland grenzt im Osten an den Sudan, im Norden an Libyen und im S\u00fcdwesten an Kamerun und Nigeria. Im S\u00fcden liegt die Zentralafrikanische Republik und im Westen Niger. Die tschadische Wirtschaft leidet unter mangelnder Infrastruktur, D\u00fcrre und politischen Unruhen. Die geografische Abgelegenheit des Landes ist ebenfalls ein l\u00e4hmender Faktor.<\/p>\n\n\n\n<h2 class=\"wp-block-heading\">Schl\u00fcsselindustrien<\/h2>\n\n\n\n<p>Landwirtschaft und \u00d6l sind die treibenden Kr\u00e4fte der tschadischen Wirtschaft. \u00d6l macht den Gro\u00dfteil der Staatseinnahmen und Exporterl\u00f6se aus. Die wichtigsten Exportg\u00fcter des Tschad sind neben \u00d6l Gummi arabicum, Gold, Vieh, Sesam und Baumwolle. Weitere landwirtschaftliche Produkte sind Erdn\u00fcsse, Sorghum, Yams, Hirse, Mais, Zuckerrohr, Reis, Maniok, Bohnen und S\u00fc\u00dfkartoffeln.<\/p>\n\n\n\n<p>Ein Gro\u00dfteil der Bev\u00f6lkerung des Tschad lebt von Viehzucht und Subsistenzlandwirtschaft. Die anhaltend niedrigen \u00d6lpreise weltweit haben der Wirtschaft geschadet. Das Gleiche gilt f\u00fcr die Wirtschaftskrise 2016\/2017, die zu einem R\u00fcckgang der Investitionsausgaben f\u00fchrte. Das Land hat au\u00dferdem mit den finanziellen Folgen der weltweiten COVID-19-Pandemie zu k\u00e4mpfen.<\/p>\n\n\n\n<p>Still, the government continues its campaign for economic relief. Its goal is to increase the export of value-added products. It also aims to diversify key sectors and develop a formal economy within the <a href=\"https:\/\/www.sisinternational.com\/de\/sachverstand\/branchen\/automobilmarktforschung\/zukunft-der-elektrofahrzeuge-in-den-usa\/\" title=\"The Future of Electric Vehicles in the USA &#8211; The Next 5 Years\"  data-wpil-monitor-id=\"7943\">next ten years<\/a>.<\/p>\n\n\n\n<h2 class=\"wp-block-heading\">Nachbarschaften<\/h2>\n\n\n\n<p>Bedeutende St\u00e4dte im Tschad sind N&#039;Djamena, Koutere und Moundou. Der Tschad ist eines der 25 \u00e4rmsten L\u00e4nder der Welt. Es gibt kein stabiles, gut gef\u00fchrtes Verkehrsnetz. N&#039;Djamena ist die Hauptstadt und hat daher asphaltierte Stra\u00dfen, ebenso wie die anderen gro\u00dfen St\u00e4dte. Die Qualit\u00e4t verschlechtert sich, wenn man in l\u00e4ndliche Gebiete zieht. Die Lebenshaltungskosten in N&#039;Djamena sind astronomisch hoch. Die Mieten k\u00f6nnen es mit denen in New York und London aufnehmen, was es zur teuersten Stadt Afrikas macht, in der man leben kann.<\/p>\n\n\n\n<h2 class=\"wp-block-heading\">Trends<\/h2>\n\n\n\n<p>\u00d6konomen erwarten, dass die tschadische Wirtschaft nach Abklingen der Pandemie wieder w\u00e4chst. Sie hoffen, dass die Industrieaktivit\u00e4ten wieder auf ein normales Niveau zur\u00fcckkehren. Die \u00d6lproduktion, die Baumwollentk\u00f6rnung und die Textilindustrie d\u00fcrften bald wieder Fahrt aufnehmen. Der Tschad hat bei der Armutsbek\u00e4mpfung Fortschritte gemacht, aber die Wirtschaft bleibt fragil. Das Land ist mit vielen Risiken konfrontiert, wie etwa regionaler Instabilit\u00e4t und \u00d6lpreisvolatilit\u00e4t.<\/p>\n\n\n\n<h2 class=\"wp-block-heading\">Vorteile und St\u00e4rken auf dem tschadischen Markt<\/h2>\n\n\n\n<p>Chad cannot use its national public finance <a href=\"https:\/\/www.sisinternational.com\/de\/losungen\/sis-globales-wachstum\/globales-projektmanagement\/\" title=\"Globale Projektmanagementberatung\"  data-wpil-monitor-id=\"7941\">management system to implement projects<\/a> financed with external resources. The Paris Declaration does not allow it. This measure is due to the country\u2019s poor performance in economic governance. Still, the government is making progress in areas such as transparency. This transparency is especially evident in the management of its oil reserves.<\/p>\n\n\n\n<h2 class=\"wp-block-heading\">Verbraucherbasis<\/h2>\n\n\n\n<p>Mehr als drei Viertel der Tschader leben auf dem Land. Fast die H\u00e4lfte der Einwohner liegt unterhalb der nationalen Armutsgrenze. Der Tschad ist eine Agrargesellschaft, und die meisten Erwachsenen im arbeitsf\u00e4higen Alter sind in der Landwirtschaft besch\u00e4ftigt. Die Verbreitung des Mobilfunks hinkt anderen afrikanischen L\u00e4ndern hinterher. Dennoch haben die beiden f\u00fchrenden Anbieter auch auf dem Land erhebliche Fortschritte gemacht. Dennoch ist der Tschad laut UNDP eines der drei am wenigsten entwickelten L\u00e4nder der Welt.<\/p>\n\n\n\n<h2 class=\"wp-block-heading\">Gr\u00fcnde f\u00fcr die Expansion Ihres Unternehmens im Tschad<\/h2>\n\n\n\n<p>Chad\u2019s economic outlook may seem dismal, but things can only get better. It presents remarkable opportunities for early investors, and the investment climate is suitable for medium and large-scale projects. Opportunities exist in power generation and distribution (especially solar) and oil exploration. Investors can also do well in livestock, mining, telecommunications, agribusiness, and infrastructure. The success of several foreign <a href=\"https:\/\/www.sisinternational.com\/de\/abdeckung\/marktforschung-mittlerer-osten\/investment-opportunities-in-neom-real-estate\/\" title=\"Investment Opportunities in NEOM Real Estate\"  data-wpil-monitor-id=\"7942\">investments in Chad proves that business opportunities<\/a> exist. The country needs committed, skilled, and patient investors, despite the many challenges.<\/p>\n\n\n\n<h2 class=\"wp-block-heading\">\u00dcber Marktforschung im Tschad<\/h2>\n\n\n\n<p>Companies interested in doing business in Chad should do thorough <a href=\"https:\/\/www.sisinternational.com\/de\/sachverstand\/branchen\/marktforschung-fur-kuchenutensilien\/\" title=\"Marktforschung f\u00fcr K\u00fcchenutensilien\"  data-wpil-monitor-id=\"7939\">Market Research because it\u2019s essential<\/a> to know the business environment and the legal and regulatory frameworks. <a href=\"https:\/\/www.sisinternational.com\/de\/losungen\/fokusgruppen-marktforschung\/\" title=\"Fokusgruppe Marktforschung\"  data-wpil-monitor-id=\"7940\">Schwerpunktgruppen<\/a> can help determine the Chadian market\u2019s readiness, as can Interviews and Surveys. <a href=\"https:\/\/www.sisinternational.com\/de\/kontaktieren-sie-sis-international-market-research\/\" title=\"Kontaktiere uns\"  data-wpil-monitor-id=\"7938\">SIS International Forschung<\/a> offers Quantitative, Qualitative, and Strategy Research for Chad and other African countries. Research is not a mere option: it is a necessity for volatile countries such as Chad.<\/p>\n\n\n\n<p><\/p>","protected":false},"excerpt":{"rendered":"<p>Marktforschung im Tschad Die Republik Tschad liegt in Nordzentralafrika. Dieses Binnenland grenzt im Osten an den Sudan, im Norden an Libyen und im S\u00fcdwesten an Kamerun und Nigeria. Im S\u00fcden liegt die Zentralafrikanische Republik und im Westen Niger. Mangelnde Infrastruktur, D\u00fcrre und politische Unruhen haben dazu gef\u00fchrt \u2026 <a title=\"Marktforschung im Tschad\" class=\"read-more\" href=\"https:\/\/www.sisinternational.com\/de\/abdeckung\/marktforschung-afrika\/marktforschung-tschad\/\" aria-label=\"Mehr Informationen \u00fcber Marktforschung im Tschad\">Weiterlesen \u2026<\/a><\/p>","protected":false},"author":1,"featured_media":65281,"parent":14281,"menu_order":13,"comment_status":"closed","ping_status":"closed","template":"","meta":{"footnotes":""},"class_list":["post-37729","page","type-page","status-publish","has-post-thumbnail"],"_links":{"self":[{"href":"https:\/\/www.sisinternational.com\/de\/wp-json\/wp\/v2\/pages\/37729","targetHints":{"allow":["GET"]}}],"collection":[{"href":"https:\/\/www.sisinternational.com\/de\/wp-json\/wp\/v2\/pages"}],"about":[{"href":"https:\/\/www.sisinternational.com\/de\/wp-json\/wp\/v2\/types\/page"}],"author":[{"embeddable":true,"href":"https:\/\/www.sisinternational.com\/de\/wp-json\/wp\/v2\/users\/1"}],"replies":[{"embeddable":true,"href":"https:\/\/www.sisinternational.com\/de\/wp-json\/wp\/v2\/comments?post=37729"}],"version-history":[{"count":3,"href":"https:\/\/www.sisinternational.com\/de\/wp-json\/wp\/v2\/pages\/37729\/revisions"}],"predecessor-version":[{"id":81338,"href":"https:\/\/www.sisinternational.com\/de\/wp-json\/wp\/v2\/pages\/37729\/revisions\/81338"}],"up":[{"embeddable":true,"href":"https:\/\/www.sisinternational.com\/de\/wp-json\/wp\/v2\/pages\/14281"}],"wp:featuredmedia":[{"embeddable":true,"href":"https:\/\/www.sisinternational.com\/de\/wp-json\/wp\/v2\/media\/65281"}],"wp:attachment":[{"href":"https:\/\/www.sisinternational.com\/de\/wp-json\/wp\/v2\/media?parent=37729"}],"curies":[{"name":"wp","href":"https:\/\/api.w.org\/{rel}","templated":true}]}}