{"id":37727,"date":"2021-05-19T05:44:09","date_gmt":"2021-05-19T05:44:09","guid":{"rendered":"https:\/\/www.sisinternational.com\/?page_id=37727"},"modified":"2025-09-14T17:12:36","modified_gmt":"2025-09-14T21:12:36","slug":"marktforschung-burundi","status":"publish","type":"page","link":"https:\/\/www.sisinternational.com\/de\/abdeckung\/marktforschung-afrika\/marktforschung-burundi\/","title":{"rendered":"Marktforschung in Burundi"},"content":{"rendered":"<h1 class=\"wp-block-heading\">Marktforschung in Burundi<\/h1>\n\n\n\n<figure class=\"gb-block-image gb-block-image-3af6ae8b\"><img loading=\"lazy\" decoding=\"async\" width=\"1456\" height=\"816\" class=\"gb-image gb-image-3af6ae8b\" src=\"https:\/\/www.sisinternational.com\/wp-content\/uploads\/2025\/08\/Burundi-1.jpg\" alt=\"SIS International Marktforschung &amp; Strategie\" title=\"Burundi (1)\" srcset=\"https:\/\/www.sisinternational.com\/wp-content\/uploads\/2025\/08\/Burundi-1.jpg 1456w, https:\/\/www.sisinternational.com\/wp-content\/uploads\/2025\/08\/Burundi-1-300x168.jpg 300w, https:\/\/www.sisinternational.com\/wp-content\/uploads\/2025\/08\/Burundi-1-1024x574.jpg 1024w, https:\/\/www.sisinternational.com\/wp-content\/uploads\/2025\/08\/Burundi-1-768x430.jpg 768w, https:\/\/www.sisinternational.com\/wp-content\/uploads\/2025\/08\/Burundi-1-18x10.jpg 18w\" sizes=\"auto, (max-width: 1456px) 100vw, 1456px\"><\/figure>\n\n\n\n<p><\/p>\n\n\n\n<h2 class=\"wp-block-heading\">Schl\u00fcsselindustrien<\/h2>\n\n\n\n<p>Burundi ist ein Binnenstaat in der Region der Gro\u00dfen Seen in Ostafrika. Es grenzt an Ruanda, Tansania und die Demokratische Republik Kongo. Burundis Hauptexportg\u00fcter sind Kaffee, Tee und Zucker, und der Gro\u00dfteil der Bev\u00f6lkerung arbeitet in der Landwirtschaft, der zentralen S\u00e4ule der burundischen Wirtschaft. Die Landwirtschaft macht ein Drittel des Bruttoinlandsprodukts (BIP) und 601 t\/3 der Exporte Burundis aus.<\/p>\n\n\n\n<p>Der Gro\u00dfteil der ausl\u00e4ndischen Investitionen entf\u00e4llt auf den Agrar- und Bergbausektor. Burundi erh\u00e4lt internationale Unterst\u00fctzung f\u00fcr seine Agrarpolitik. Auch der Bau von Staud\u00e4mmen f\u00fcr Wasserkraftwerke ist beliebt. Die Erzeugung von Erdw\u00e4rme-, Wind- und Solarenergie bietet gro\u00dfes Potenzial.<\/p>\n\n\n\n<h2 class=\"wp-block-heading\">Trends<\/h2>\n\n\n\n<p>Die Welt zeigt ein zunehmendes Interesse an der Entwicklung der Produktion von Seltenen Erden. Es werden immer mehr quantitative Forschungsanstrengungen zu den unerschlossenen Mineralvorkommen unternommen. Die gr\u00f6\u00dften davon sind Kupfer, Kobalt und Nickel. Andere nat\u00fcrliche Ressourcen wie Erd\u00f6l sind wahrscheinlich profitabel.<\/p>\n\n\n\n<h2 class=\"wp-block-heading\">Vorteile und St\u00e4rken im Markt<\/h2>\n\n\n\n<p>Burundi has excellent <a href=\"https:\/\/www.sisinternational.com\/de\/marktforschung-fur-vernetzte-fahrzeuge\/\" title=\"Marktforschung f\u00fcr vernetzte Fahrzeuge\"  data-wpil-monitor-id=\"7963\">connections in the African markets<\/a>. Its geographical location positions it as a regional commercial hub. It has not yet taken advantage of its convenient location, but it has access to several neighboring countries.<\/p>\n\n\n\n<p>Das Land ist Mitglied zahlreicher Freihandelsabkommen auf dem Kontinent. Dazu geh\u00f6ren der Zentralafrikanische Wirtschaftsraum, die Ostafrikanische Gemeinschaft und die Afrikanische Kontinentale Freihandelszone. Au\u00dferdem bestehen Abkommen mit den Vereinigten Staaten und der Europ\u00e4ischen Union.<\/p>\n\n\n\n<p>Ein R\u00fcckgang der Auslandshilfe seit 2015 hat Burundis Wirtschaft in Schwierigkeiten gebracht. Dieser Verlust externer Ressourcen hat zu einem geringeren Wachstum gef\u00fchrt. Der Schock der COVID-19-Pandemie hat die Situation noch verschlimmert. Die Wirtschaft ist nicht diversifiziert und zu stark von den volatilen Weltmarktpreisen f\u00fcr Kaffee abh\u00e4ngig.<\/p>\n\n\n\n<p>The population is growing. Thus, the government has sought to meet the surge in demand for social and consumer goods. Their focus has turned to stimulate internal resources. Yet, a significant gap still exists in the <a href=\"https:\/\/www.sisinternational.com\/de\/sachverstand\/branchen\/marktforschung-zur-herstellung-von-nahrungsmitteln-und-getranken\/\" title=\"Marktforschung zur Lebensmittel- und Getr\u00e4nkeherstellung\"  data-wpil-monitor-id=\"7960\">market for locally-produced manufactured<\/a> goods. Public services make up 25% of Burundi\u2019s GDP.<\/p>\n\n\n\n<h2 class=\"wp-block-heading\">Nachbarschaften<\/h2>\n\n\n\n<p>Bujumbura ist die Wirtschaftshauptstadt Burundis. Sie liegt am Ufer des Tanganjikasees. Hier leben die Volksgruppen der Tutsi und Hutu neben kleinen Einwanderergruppen. Die Expats sind in der Regel Europ\u00e4er und S\u00fcdasiaten. In den Geb\u00e4uden von Bujumbura (ehemals Usumbura), einem \u00dcberbleibsel aus der Zeit als Kolonialhauptstadt, ist ein anhaltender europ\u00e4ischer Einfluss erkennbar.<\/p>\n\n\n\n<p>Der Kulturmix verleiht der Stadt ein kosmopolitisches Flair. Besucher k\u00f6nnen die fantastische franz\u00f6sische K\u00fcche mit ausgezeichnetem Essen und Trinken genie\u00dfen und das Nachtleben ist attraktiv. Kunstliebhaber k\u00f6nnen das Living Museum of Bujumbura besuchen, einen Zoo und ein Museum. Das Living Museum ist eines der besten in Afrika und stellt sowohl altes als auch modernes Kunsthandwerk aus.<\/p>\n\n\n\n<p>Rohero I, Heimat des Jardin Public (eines gro\u00dfen Parks), ist eines der sichersten Viertel in Bujumbura. Viele Einwohner von Bujumbura entspannen in dieser Gr\u00fcnanlage und genie\u00dfen das warme Klima des Landes. Ein weiterer, exklusiverer Vorort ist Kiriri, das Pr\u00e4sidentenviertel mit Blick auf den Tanganjikasee.<\/p>\n\n\n\n<h2 class=\"wp-block-heading\">Verbraucherbasis<\/h2>\n\n\n\n<p>Burundi\u2019s youngest generation will grow into an educated workforce. The Gross Enrollment Rate of primary education has exploded compared to twenty years ago. Most of the country speaks Kirundi, the first official language, as well as French. In the coming years, <a href=\"https:\/\/www.sisinternational.com\/de\/losungen\/ai-marktforschung-und-strategieberatung\/konsumguterservices-automatisierung-ki-beratung\/\" title=\"Beratung zu Automatisierung von Konsumg\u00fctern und Dienstleistungen sowie k\u00fcnstlicher Intelligenz\"  data-wpil-monitor-id=\"7962\">consumers will seek more online services<\/a>. The broadband internet market is untapped. With fiber optics installation, e-admin and e-banking opportunities will arise.<\/p>\n\n\n\n<h2 class=\"wp-block-heading\">Gr\u00fcnde f\u00fcr die Expansion Ihres Unternehmens in Burundi<\/h2>\n\n\n\n<p>Die Regierung hat gro\u00dfes Interesse daran, das Gesch\u00e4ftsumfeld in Burundi zu verbessern. Sie m\u00f6chte ihren niedrigen Rang von Platz 116 unter 190 Volkswirtschaften (Doing Business 2020) \u00fcberwinden. Sie hat ein neues Investitionsgesetz erlassen, das ausl\u00e4ndischen Investoren \u00e4hnliche Rechte einr\u00e4umt wie inl\u00e4ndischen. Investoren genie\u00dfen kaum Beschr\u00e4nkungen in Bezug auf Eigentum und Kontrolle sowie eine begrenzte Kontrolle.<\/p>\n\n\n\n<h2 class=\"wp-block-heading\">\u00dcber Marktforschung in Burundi<\/h2>\n\n\n\n<p>For discerning shareholders, there are many investments available in Burundi. With focus groups and surveys, investors can gain essential insights into hot industries. Such insights can prove priceless. <a href=\"https:\/\/www.sisinternational.com\/de\/sachverstand\/branchen\/industrielle-marktforschung\/\" title=\"Industrielle Marktforschung und Strategie\"  data-wpil-monitor-id=\"7959\">Strategy research on manufacturing industries<\/a> can result in critical assets for quantitative analysis. There are many <a href=\"https:\/\/www.sisinternational.com\/de\/losungen\/strategieberatung\/beratung-zur-abbildung-von-markt-und-produktchancen\/\" title=\"Beratung zur Kartierung von Markt- und Produktchancen\"  data-wpil-monitor-id=\"7961\">opportunities in manufacturing because the food products<\/a> processing, building materials, chemicals, and textiles industries are few. Burundi imports the majority of manufactured consumer goods. Hence the government is turning to foreign investors to fill the gap.<\/p>\n\n\n\n<p><\/p>","protected":false},"excerpt":{"rendered":"<p>Marktforschung in Burundi Schl\u00fcsselindustrien Burundi ist ein Binnenstaat in der Region der Gro\u00dfen Seen in Ostafrika. Es grenzt an Ruanda, Tansania und die Demokratische Republik Kongo. Burundis Hauptexportg\u00fcter sind Kaffee, Tee und Zucker, und der Gro\u00dfteil der Bev\u00f6lkerung arbeitet in der Landwirtschaft, der zentralen S\u00e4ule der burundischen Wirtschaft. \u2026 <a title=\"Marktforschung in Burundi\" class=\"read-more\" href=\"https:\/\/www.sisinternational.com\/de\/abdeckung\/marktforschung-afrika\/marktforschung-burundi\/\" aria-label=\"Mehr Informationen \u00fcber Marktforschung in Burundi\">Weiterlesen \u2026<\/a><\/p>","protected":false},"author":1,"featured_media":65265,"parent":14281,"menu_order":12,"comment_status":"closed","ping_status":"closed","template":"","meta":{"footnotes":""},"class_list":["post-37727","page","type-page","status-publish","has-post-thumbnail"],"_links":{"self":[{"href":"https:\/\/www.sisinternational.com\/de\/wp-json\/wp\/v2\/pages\/37727","targetHints":{"allow":["GET"]}}],"collection":[{"href":"https:\/\/www.sisinternational.com\/de\/wp-json\/wp\/v2\/pages"}],"about":[{"href":"https:\/\/www.sisinternational.com\/de\/wp-json\/wp\/v2\/types\/page"}],"author":[{"embeddable":true,"href":"https:\/\/www.sisinternational.com\/de\/wp-json\/wp\/v2\/users\/1"}],"replies":[{"embeddable":true,"href":"https:\/\/www.sisinternational.com\/de\/wp-json\/wp\/v2\/comments?post=37727"}],"version-history":[{"count":3,"href":"https:\/\/www.sisinternational.com\/de\/wp-json\/wp\/v2\/pages\/37727\/revisions"}],"predecessor-version":[{"id":81341,"href":"https:\/\/www.sisinternational.com\/de\/wp-json\/wp\/v2\/pages\/37727\/revisions\/81341"}],"up":[{"embeddable":true,"href":"https:\/\/www.sisinternational.com\/de\/wp-json\/wp\/v2\/pages\/14281"}],"wp:featuredmedia":[{"embeddable":true,"href":"https:\/\/www.sisinternational.com\/de\/wp-json\/wp\/v2\/media\/65265"}],"wp:attachment":[{"href":"https:\/\/www.sisinternational.com\/de\/wp-json\/wp\/v2\/media?parent=37727"}],"curies":[{"name":"wp","href":"https:\/\/api.w.org\/{rel}","templated":true}]}}