{"id":37725,"date":"2021-05-19T05:39:12","date_gmt":"2021-05-19T05:39:12","guid":{"rendered":"https:\/\/www.sisinternational.com\/?page_id=37725"},"modified":"2025-09-14T17:13:33","modified_gmt":"2025-09-14T21:13:33","slug":"marktforschung-burkina-faso","status":"publish","type":"page","link":"https:\/\/www.sisinternational.com\/de\/abdeckung\/marktforschung-afrika\/marktforschung-burkina-faso\/","title":{"rendered":"Marktforschung in Burkina Faso"},"content":{"rendered":"<h1 class=\"wp-block-heading\">Marktforschung in Burkina Faso<\/h1>\n\n\n\n<figure class=\"gb-block-image gb-block-image-1d97df6f\"><img loading=\"lazy\" decoding=\"async\" width=\"1456\" height=\"816\" class=\"gb-image gb-image-1d97df6f\" src=\"https:\/\/www.sisinternational.com\/wp-content\/uploads\/2025\/08\/Burkina-Faso-2.jpg\" alt=\"SIS International Marktforschung &amp; Strategie\" title=\"Burkina Faso (2)\" srcset=\"https:\/\/www.sisinternational.com\/wp-content\/uploads\/2025\/08\/Burkina-Faso-2.jpg 1456w, https:\/\/www.sisinternational.com\/wp-content\/uploads\/2025\/08\/Burkina-Faso-2-300x168.jpg 300w, https:\/\/www.sisinternational.com\/wp-content\/uploads\/2025\/08\/Burkina-Faso-2-1024x574.jpg 1024w, https:\/\/www.sisinternational.com\/wp-content\/uploads\/2025\/08\/Burkina-Faso-2-768x430.jpg 768w, https:\/\/www.sisinternational.com\/wp-content\/uploads\/2025\/08\/Burkina-Faso-2-18x10.jpg 18w\" sizes=\"auto, (max-width: 1456px) 100vw, 1456px\"><\/figure>\n\n\n\n<p><\/p>\n\n\n\n<h2 class=\"wp-block-heading\">Geschichte Burkina Fasos<\/h2>\n\n\n\n<p>Burkina Faso ist ein Land in Westafrika, das am 5. August 1950 seine Unabh\u00e4ngigkeit erlangte. Sein fr\u00fcherer Name war Republik Obervolta und wurde von 1958 bis 1984 verwendet. Seit dem 4. August 1984 tr\u00e4gt es den Namen Burkina Faso.<\/p>\n\n\n\n<p>Burkina Faso hat eine Fl\u00e4che von rund 470.000 Quadratkilometern. In diesem kleinen Land auf dem afrikanischen Kontinent werden drei Sprachen gesprochen. Franz\u00f6sisch ist die Hauptsprache. Burkina Faso hat 20,3 Millionen Einwohner.<\/p>\n\n\n\n<p>Burkina Faso hat die sch\u00f6nsten Ortsnamen der Welt. Wenn man sich die Namen der Orte in Burkina Faso ansieht, haben sie wundersch\u00f6ne Bedeutungen. Burkina Faso bedeutet \u201eLand der ehrlichen M\u00e4nner\u201c. Die Hauptstadt \u201eOuagadougou\u201c bedeutet \u201eSie sind hier bei uns zu Hause willkommen\u201c. Ouagadougou ist eine der \u00e4ltesten St\u00e4dte der Welt.<\/p>\n\n\n\n<h2 class=\"wp-block-heading\">Nachbarl\u00e4nder<\/h2>\n\n\n\n<p>Six countries surround Burkina Faso. Mali is to the <a href=\"https:\/\/www.sisinternational.com\/de\/abdeckung\/marktforschung-afrika\/marktforschung-in-marokko-nordafrika\/\" title=\"Marktforschung in Marokko, Nordwestafrikanischer Kontinent\"  data-wpil-monitor-id=\"7910\">north and west<\/a>, Nigeria to the east, and Benin and Togo to the southeast. Ghana is south of Burkina Faso.<\/p>\n\n\n\n<p>Das Land hat in den letzten Jahren ein beeindruckendes Wirtschaftswachstum erzielt. Sein BIP ist in den letzten f\u00fcnf Jahren gestiegen. Es konkurriert nun mit den neuen Wirtschaftsm\u00e4chten wie China, Indien und Brasilien.<\/p>\n\n\n\n<p>The spontaneous <a href=\"https:\/\/www.sisinternational.com\/de\/losungen\/fintech-strategieberatung-forschung\/kapitalmarktmarktforschung\/\" title=\"Kapitalmarktforschung\"  data-wpil-monitor-id=\"7909\">markets are everywhere in Burkina Faso&#8217;s capital<\/a>, called Ouagadougou. Vendors pop up everywhere, from government offices to banks, selling their goods around the clock. Thousands find employment through these ventures. But, some tend to be dangerous for road users while others pollute the environment.<\/p>\n\n\n\n<p>Diesen H\u00e4ndlern fehlt das Geld, um ihre L\u00e4den zu er\u00f6ffnen. Stattdessen er\u00f6ffnen viele ihre L\u00e4den an \u00f6ffentlichen Stra\u00dfen, wo Autos nicht hinkommen. Der Platzmangel und die hohen monatlichen Mieten der L\u00e4den sind ein erhebliches Hindernis.<\/p>\n\n\n\n<p>Wenn es zu Problemen mit der Regierung kommt, finden die beiden Parteien normalerweise einen gemeinsamen Nenner.<\/p>\n\n\n\n<p>The authorities are aware of the inconvenience <a href=\"https:\/\/www.sisinternational.com\/de\/losungen\/strategieberatung\/ursachenanalyse-marktforschung-und-beratung\/\" title=\"Root Cause Analysis Market Research\"  data-wpil-monitor-id=\"7911\">caused by the spontaneous markets<\/a>. They have recently designed a program of transportation and modernization to ensure better conditions for the vendors. It also removes the harassment factor, and introduces a level of legitimacy to these micro-enterprises.<\/p>\n\n\n\n<h2 class=\"wp-block-heading\">Burkina Faso Trends<\/h2>\n\n\n\n<p>Burkina Faso hat eine der h\u00f6chsten Geburtenraten der Welt. Infolgedessen ist die Bev\u00f6lkerung im letzten Jahrhundert gestiegen. Die durchschnittliche Geburtenrate pro Haushalt in Burkina Faso betr\u00e4gt sechs Kinder.<\/p>\n\n\n\n<p>Burkina Faso verf\u00fcgt nur \u00fcber wenige nat\u00fcrliche Ressourcen. Afrika ist gemeinhin als Kontinent mit vielen nat\u00fcrlichen Ressourcen bekannt. Burkina Faso ist eines der L\u00e4nder, die nicht in diese Kategorie passen.<\/p>\n\n\n\n<h2 class=\"wp-block-heading\">Gr\u00fcnde, warum Sie in Burkina Faso investieren sollten<\/h2>\n\n\n\n<ul class=\"wp-block-list\">\n<li>Bilateral Investment agreement. In August 2014, the United States signed a trade and investment framework agreement with Burkina Faso in <a href=\"https:\/\/www.sisinternational.com\/de\/abdeckung\/die-amerikaner\/usa-berichterstattung\/marktforschung-im-staat-washington\/\" title=\"Marktforschung im Staat Washington\"  data-wpil-monitor-id=\"7913\">Washington<\/a>. Burkina Faso has cooperation agreements with France and Switzerland. It provides for the free transfer of corporate earnings, interest, and dividends.<\/li>\n\n\n\n<li>Burkina Faso has signed many investment promotions and mutual protection agreements. It has contracts with Germany, Belgium, the Netherlands, Malaysia, Ghana, Taiwan, South Korea, and many more countries.<\/li>\n\n\n\n<li>Daraus wird deutlich, dass es aufgrund der bilateralen Abkommen einfach ist, in Burkina Faso Gesch\u00e4fte zu machen. Niemand m\u00f6chte in einem Land investieren, in dem man sich \u00fcber seine Investitionen nicht im Klaren ist. Burkina Faso ist ein ausgezeichneter Ort, um Gesch\u00e4fte zu machen.<\/li>\n\n\n\n<li>Transparentes Regulierungssystem. Es gibt ein Gesetz, das f\u00fcr alle Ohada-Mitgliedsstaaten gilt, darunter auch Burkina Faso. Dieses Gesetz besagt, einfach ausgedr\u00fcckt, dass Gesch\u00e4ftspraktiken fair und reguliert sein m\u00fcssen. Die Preise sollten nicht zu hoch sein. Dieses Gesetz stellt sicher, dass die Menschen das N\u00f6tigste bekommen k\u00f6nnen, ohne zu viel bezahlen zu m\u00fcssen. Es bietet Ihnen auch ein gewisses Ma\u00df an Sicherheit und Vertrauen in die Devisenpolitik des Landes.<\/li>\n\n\n\n<li>Investitionsanreize. Die Regierung von Burkina Faso unternimmt viele Anreize f\u00fcr Investoren, weil sie das Land weiterentwickeln m\u00f6chte. Sie m\u00f6chte die Investoren auch dazu nutzen, Arbeitspl\u00e4tze f\u00fcr Arbeitslose zu schaffen.<\/li>\n<\/ul>\n\n\n\n<h2 class=\"wp-block-heading\">Marktforschung in Burkina Faso<\/h2>\n\n\n\n<p>Wir bieten verschiedene Arten von Marktforschung in Burkina Faso an, darunter auch Strategieforschung. Wir k\u00f6nnen auch Fokusgruppen organisieren, um ausf\u00fchrlichere Informationen zu erhalten.<\/p>\n\n\n\n<p>Our Qualitative <a href=\"https:\/\/www.sisinternational.com\/de\/top-5-benefits-of-qualitative-market-research-for-businesses\/\" title=\"Top 5 Benefits of Qualitative Market Research for Businesses\"  data-wpil-monitor-id=\"7912\">Forschung<\/a> on Burkina Faso has led us to believe that it is a great place to do business and invest.<\/p>\n\n\n\n<p>Wir haben auch quantitative Forschung betrieben. Sie zeigt, dass der Markt in Burkina Faso st\u00e4ndig w\u00e4chst, und wir gehen davon aus, dass er bald florieren wird. Es ist ein unglaubliches Land, und mit etwas Hilfe von Investoren kann es eines der wohlhabendsten Afrikas werden.<\/p>\n\n\n\n<p><\/p>","protected":false},"excerpt":{"rendered":"<p>Marktforschung in Burkina Faso Geschichte von Burkina Faso Burkina Faso ist ein Land in Westafrika, das am 5. August 1950 seine Unabh\u00e4ngigkeit erlangte. Sein fr\u00fcherer Name war Republik Obervolta und wurde von 1958 bis 1984 verwendet. Seit dem 4. August 1984 wird der Name Burkina Faso verwendet. Burkina Faso umfasst eine Fl\u00e4che \u2026 <a title=\"Marktforschung in Burkina Faso\" class=\"read-more\" href=\"https:\/\/www.sisinternational.com\/de\/abdeckung\/marktforschung-afrika\/marktforschung-burkina-faso\/\" aria-label=\"Mehr Informationen \u00fcber Marktforschung in Burkina Faso\">Weiterlesen \u2026<\/a><\/p>","protected":false},"author":1,"featured_media":65262,"parent":14281,"menu_order":11,"comment_status":"closed","ping_status":"closed","template":"","meta":{"footnotes":""},"class_list":["post-37725","page","type-page","status-publish","has-post-thumbnail"],"_links":{"self":[{"href":"https:\/\/www.sisinternational.com\/de\/wp-json\/wp\/v2\/pages\/37725","targetHints":{"allow":["GET"]}}],"collection":[{"href":"https:\/\/www.sisinternational.com\/de\/wp-json\/wp\/v2\/pages"}],"about":[{"href":"https:\/\/www.sisinternational.com\/de\/wp-json\/wp\/v2\/types\/page"}],"author":[{"embeddable":true,"href":"https:\/\/www.sisinternational.com\/de\/wp-json\/wp\/v2\/users\/1"}],"replies":[{"embeddable":true,"href":"https:\/\/www.sisinternational.com\/de\/wp-json\/wp\/v2\/comments?post=37725"}],"version-history":[{"count":3,"href":"https:\/\/www.sisinternational.com\/de\/wp-json\/wp\/v2\/pages\/37725\/revisions"}],"predecessor-version":[{"id":81334,"href":"https:\/\/www.sisinternational.com\/de\/wp-json\/wp\/v2\/pages\/37725\/revisions\/81334"}],"up":[{"embeddable":true,"href":"https:\/\/www.sisinternational.com\/de\/wp-json\/wp\/v2\/pages\/14281"}],"wp:featuredmedia":[{"embeddable":true,"href":"https:\/\/www.sisinternational.com\/de\/wp-json\/wp\/v2\/media\/65262"}],"wp:attachment":[{"href":"https:\/\/www.sisinternational.com\/de\/wp-json\/wp\/v2\/media?parent=37725"}],"curies":[{"name":"wp","href":"https:\/\/api.w.org\/{rel}","templated":true}]}}