{"id":37722,"date":"2021-05-19T05:34:36","date_gmt":"2021-05-19T05:34:36","guid":{"rendered":"https:\/\/www.sisinternational.com\/?page_id=37722"},"modified":"2025-09-14T14:43:49","modified_gmt":"2025-09-14T18:43:49","slug":"marktforschung-botswana","status":"publish","type":"page","link":"https:\/\/www.sisinternational.com\/de\/abdeckung\/marktforschung-afrika\/marktforschung-botswana\/","title":{"rendered":"Marktforschung in Botswana"},"content":{"rendered":"<h1 class=\"wp-block-heading\">Marktforschung in Botswana<\/h1>\n\n\n\n<figure class=\"gb-block-image gb-block-image-ec92d225\"><img loading=\"lazy\" decoding=\"async\" width=\"1024\" height=\"574\" class=\"gb-image gb-image-ec92d225\" src=\"https:\/\/www.sisinternational.com\/wp-content\/uploads\/2025\/08\/Botswana-1-1024x574.jpg\" srcset=\"https:\/\/www.sisinternational.com\/wp-content\/uploads\/2025\/08\/Botswana-1-1024x574.jpg 1024w, https:\/\/www.sisinternational.com\/wp-content\/uploads\/2025\/08\/Botswana-1-300x168.jpg 300w, https:\/\/www.sisinternational.com\/wp-content\/uploads\/2025\/08\/Botswana-1-768x430.jpg 768w, https:\/\/www.sisinternational.com\/wp-content\/uploads\/2025\/08\/Botswana-1-18x10.jpg 18w, https:\/\/www.sisinternational.com\/wp-content\/uploads\/2025\/08\/Botswana-1.jpg 1456w\" sizes=\"auto, (max-width: 1024px) 100vw, 1024px\" alt=\"SIS International Marktforschung &amp; Strategie\"><\/figure>\n\n\n\n<p><\/p>\n\n\n\n<p>Die Republik Botswana ist ein Binnenstaat. Sie liegt in der s\u00fcdlichen Region Afrikas. Sie grenzt im S\u00fcden und S\u00fcdosten an S\u00fcdafrika, im Westen und Norden an Namibia und im Nordosten an Simbabwe. Die Amtssprachen sind Englisch und Setswana. Botswana ist flach und besteht zu \u00fcber 70 Prozent aus der Kalahari-W\u00fcste. 1966 erlangte es seine Unabh\u00e4ngigkeit von den Briten und den Status einer Republik.<\/p>\n\n\n\n<h2 class=\"wp-block-heading\">Schl\u00fcsselindustrien<\/h2>\n\n\n\n<p>Botswana weist ein bemerkenswertes Wirtschaftswachstum auf. Fr\u00fcher geh\u00f6rte es zu den \u00e4rmsten L\u00e4ndern der Welt, geh\u00f6rt heute aber zur Kategorie der oberen mittleren Einkommen. Der Bergbau spielt eine bedeutende Rolle bei der Entwicklung des Landes. Der Schwerpunkt des Bergbausektors liegt auf Diamanten. Botswana verf\u00fcgt \u00fcber einige der gr\u00f6\u00dften Diamantenreserven der Welt. Au\u00dferdem werden dort Gold, Soda, Kupfer, Nickel und Kohle abgebaut.<\/p>\n\n\n\n<p>Auch die Landwirtschaft tr\u00e4gt zur Wirtschaft bei. Das Klima des Landes und die W\u00fcste erlauben keine gro\u00dffl\u00e4chige Landwirtschaft. Subsistenzbauern bauen Mais, Sorghum, Hirsebohnen und Erdn\u00fcsse an. Botswaner z\u00fcchten auch Rinder, um Rindfleisch zu produzieren.<\/p>\n\n\n\n<h2 class=\"wp-block-heading\">Nachbarschaften<\/h2>\n\n\n\n<p>Gabarone ist die gr\u00f6\u00dfte Stadt Botswanas und dient als Regierungs- und Wirtschaftshauptstadt. Die Hauptstadt hat Regierungsb\u00fcros, Parlamentsgeb\u00e4ude, Gesundheitseinrichtungen und gro\u00dfe Unternehmen. Energieunternehmen und die Universit\u00e4t von Botswana befinden sich ebenfalls in der Hauptstadt. Das Museum und die Kunstgalerie sind ebenfalls dort. Die Menschen in Gaberone sprechen mehrere Sprachen, darunter Setswana, Englisch, Kalanga und Kgalagadi.<\/p>\n\n\n\n<h2 class=\"wp-block-heading\">Trends<\/h2>\n\n\n\n<p>Die Infrastruktur Botswanas ist recht interessant. In kleinen St\u00e4dten findet man oft Lehmh\u00fctten und traditionelle H\u00e4user direkt neben einem modernen Haus. Manche Menschen halten an der Tradition fest, w\u00e4hrend andere einen moderneren Lebensstil pflegen. Dieser Trend, Altes und Neues zu vermischen, findet sich auch in Politik und Religion. Viele Botswaner behalten ihre Muttersprache und Religion bei. Andere sprechen Englisch und sind zum Christentum konvertiert. Manche bef\u00fcrchten, dass die ethnischen Sprachen aufgrund der raschen Modernisierung verschwinden werden.<\/p>\n\n\n\n<h2 class=\"wp-block-heading\">Vorteile und St\u00e4rken des Marktes<\/h2>\n\n\n\n<p>Diamanten sind auf der ganzen Welt immer gefragt. Botswana hat das Gl\u00fcck, \u00fcber einen gro\u00dfen Diamantenreichtum zu verf\u00fcgen, mit dem es in gro\u00dfem Umfang handeln kann. Durch den regen Handel konnte Botswana gute Beziehungen zu anderen L\u00e4ndern pflegen. Ein solches Land sind die Vereinigten Staaten.<\/p>\n\n\n\n<h2 class=\"wp-block-heading\">Verbraucherbasis<\/h2>\n\n\n\n<p>Die meisten Menschen, die in st\u00e4dtischen Gemeinden leben, sind auf die Main Mall angewiesen, das kommerzielle Zentrum der Stadt Gaborone. Hier findet man Unternehmen, L\u00e4den, Banken und Franchiseunternehmen. Die Botswaner nutzen diesen Bereich auch, um Kunsthandwerk und Kunst auszustellen und Ausstellungen zu veranstalten. Viele Menschen, die in l\u00e4ndlichen Gebieten leben, sind auf kleine Subsistenzfarmen angewiesen. Die Produkte reichen aus, um ihren t\u00e4glichen Bedarf zu decken und zur Nahrungsmittelversorgung der Main Mall beizutragen.<\/p>\n\n\n\n<h2 class=\"wp-block-heading\">Gr\u00fcnde, Ihr Gesch\u00e4ft auf dem Markt auszubauen<\/h2>\n\n\n\n<p>The blend of urban and rural <a href=\"https:\/\/www.sisinternational.com\/de\/sachverstand\/branchen\/marktforschung-im-bereich-biowissenschaften\/\" title=\"Marktforschung im Bereich Biowissenschaften\"  data-wpil-monitor-id=\"7900\">life provides a market<\/a> for modern commodities in many parts of Botswana. Your business can add to the modernization of the city areas. Or help expand the variety of goods and services provided in underdeveloped regions. The nation\u2019s economy is on the rise, and <a href=\"https:\/\/www.sisinternational.com\/de\/future-trends-in-qualitative-market-research\/\" title=\"Future Trends in Qualitative Market Research\"  data-wpil-monitor-id=\"7899\">trends predict a lucrative future<\/a>. Investing now could be the best move for your business.<\/p>\n\n\n\n<h2 class=\"wp-block-heading\">\u00dcber Marktforschung in Botswana<\/h2>\n\n\n\n<p>Are you interested in doing business in Botswana? We\u2019re here to help. We organize <a href=\"https:\/\/www.sisinternational.com\/de\/losungen\/fokusgruppen-marktforschung\/\" title=\"Fokusgruppe Marktforschung\"  data-wpil-monitor-id=\"7896\">Focus Groups in the different African markets<\/a>. We can also undertake Quantitative, Qualitative, and <a href=\"https:\/\/www.sisinternational.com\/de\/losungen\/reise-tourismus-und-gastgewerbeberatung\/hotelmanagementunternehmen-marktforschung-strategieberatung\/\" title=\"Marktforschung und Strategieberatung f\u00fcr Hotelmanagementunternehmen\"  data-wpil-monitor-id=\"7898\">Strategy Research for your company<\/a>. We go through piles of information and findings. Then we compile information for you and your business. We hope this article helps with your business endeavors in Botswana.<\/p>","protected":false},"excerpt":{"rendered":"<p>Marktforschung in Botswana Die Republik Botswana ist ein Binnenstaat. Sie liegt in der s\u00fcdlichen Region Afrikas. Sie grenzt im S\u00fcden und S\u00fcdosten an S\u00fcdafrika, im Westen und Norden an Namibia und im Nordosten an Simbabwe. Die Amtssprachen sind Englisch und Setswana. Botswana ist flach und \u00fcber 70 Prozent davon \u2026 <a title=\"Marktforschung in Botswana\" class=\"read-more\" href=\"https:\/\/www.sisinternational.com\/de\/abdeckung\/marktforschung-afrika\/marktforschung-botswana\/\" aria-label=\"Mehr Informationen \u00fcber Marktforschung in Botswana\">Weiterlesen \u2026<\/a><\/p>","protected":false},"author":1,"featured_media":65251,"parent":14281,"menu_order":10,"comment_status":"closed","ping_status":"closed","template":"","meta":{"footnotes":""},"class_list":["post-37722","page","type-page","status-publish","has-post-thumbnail"],"_links":{"self":[{"href":"https:\/\/www.sisinternational.com\/de\/wp-json\/wp\/v2\/pages\/37722","targetHints":{"allow":["GET"]}}],"collection":[{"href":"https:\/\/www.sisinternational.com\/de\/wp-json\/wp\/v2\/pages"}],"about":[{"href":"https:\/\/www.sisinternational.com\/de\/wp-json\/wp\/v2\/types\/page"}],"author":[{"embeddable":true,"href":"https:\/\/www.sisinternational.com\/de\/wp-json\/wp\/v2\/users\/1"}],"replies":[{"embeddable":true,"href":"https:\/\/www.sisinternational.com\/de\/wp-json\/wp\/v2\/comments?post=37722"}],"version-history":[{"count":3,"href":"https:\/\/www.sisinternational.com\/de\/wp-json\/wp\/v2\/pages\/37722\/revisions"}],"predecessor-version":[{"id":81332,"href":"https:\/\/www.sisinternational.com\/de\/wp-json\/wp\/v2\/pages\/37722\/revisions\/81332"}],"up":[{"embeddable":true,"href":"https:\/\/www.sisinternational.com\/de\/wp-json\/wp\/v2\/pages\/14281"}],"wp:featuredmedia":[{"embeddable":true,"href":"https:\/\/www.sisinternational.com\/de\/wp-json\/wp\/v2\/media\/65251"}],"wp:attachment":[{"href":"https:\/\/www.sisinternational.com\/de\/wp-json\/wp\/v2\/media?parent=37722"}],"curies":[{"name":"wp","href":"https:\/\/api.w.org\/{rel}","templated":true}]}}