{"id":37720,"date":"2021-05-19T05:29:23","date_gmt":"2021-05-19T05:29:23","guid":{"rendered":"https:\/\/www.sisinternational.com\/?page_id=37720"},"modified":"2026-01-27T16:37:06","modified_gmt":"2026-01-27T21:37:06","slug":"marktforschung-cote-divoire","status":"publish","type":"page","link":"https:\/\/www.sisinternational.com\/de\/abdeckung\/marktforschung-afrika\/marktforschung-cote-divoire\/","title":{"rendered":"Marktforschung in der Elfenbeink\u00fcste"},"content":{"rendered":"<h1 class=\"wp-block-heading p1\"><span class=\"s1\">Marktforschung in der Elfenbeink\u00fcste<\/span><\/h1>\n\n\n\n<figure class=\"gb-block-image gb-block-image-2b9f1310\"><img loading=\"lazy\" decoding=\"async\" width=\"1456\" height=\"816\" class=\"gb-image gb-image-2b9f1310\" src=\"https:\/\/www.sisinternational.com\/wp-content\/uploads\/2025\/08\/Cote-dIvoire-3.jpg\" srcset=\"https:\/\/www.sisinternational.com\/wp-content\/uploads\/2025\/08\/Cote-dIvoire-3.jpg 1456w, https:\/\/www.sisinternational.com\/wp-content\/uploads\/2025\/08\/Cote-dIvoire-3-300x168.jpg 300w, https:\/\/www.sisinternational.com\/wp-content\/uploads\/2025\/08\/Cote-dIvoire-3-1024x574.jpg 1024w, https:\/\/www.sisinternational.com\/wp-content\/uploads\/2025\/08\/Cote-dIvoire-3-768x430.jpg 768w, https:\/\/www.sisinternational.com\/wp-content\/uploads\/2025\/08\/Cote-dIvoire-3-18x10.jpg 18w\" sizes=\"auto, (max-width: 1456px) 100vw, 1456px\" alt=\"SIS International Marktforschung &amp; Strategie\"><\/figure>\n\n\n\n<p><\/p>\n\n\n\n<hr class=\"wp-block-separator has-alpha-channel-opacity is-style-dots\"\/>\n\n\n\n<h2 class=\"wp-block-heading p3\">Schl\u00fcsselindustrien<\/h2>\n\n\n\n<p class=\"p5\">C\u00f4te d&#039;Ivoire ist das franz\u00f6sische Wort f\u00fcr Elfenbeink\u00fcste. Trotz der Instabilit\u00e4t seiner politischen Regierung konnte die Wirtschaft dieses Landes wachsen. Der Agrarsektor floriert. C\u00f4te d&#039;Ivoire produziert Palm\u00f6l, Kakaobohnen, Kaffee, Yams und Cashewn\u00fcsse. Weitere Exportg\u00fcter sind Roh\u00f6l, Gummi, raffiniertes Erd\u00f6l und Gold.<\/p>\n\n\n\n<p class=\"p5\">The Ivory Coast has the largest fishing port in <a href=\"https:\/\/www.sisinternational.com\/de\/abdeckung\/marktforschung-afrika\/marktforschung-in-mauritius-afrika\/\" title=\"Market Research in Mauritius \u2014 Island off Africa&#8217;s East Coast\"  data-wpil-monitor-id=\"8766\">Afrika<\/a> for tuna. Their sardines supply is also high in stock.<\/p>\n\n\n\n<p class=\"p5\">An der Elfenbeink\u00fcste wird viel Bergbau betrieben. Dieser Bergbau hat dem Land den Platz als neuntgr\u00f6\u00dfter Manganproduzent der Welt gesichert.<\/p>\n\n\n\n<h2 class=\"wp-block-heading p3\">Nachbarschaften<\/h2>\n\n\n\n<p class=\"p5\">Die Hauptstadt der Elfenbeink\u00fcste ist der Distrikt Yamoussoukro, der n\u00f6rdlich von Abidjan liegt. Dieser Distrikt ist von sanften H\u00fcgeln und Ebenen umgeben.<\/p>\n\n\n\n<p class=\"p5\">Abidjan ist die ehemalige Hauptstadt der Elfenbeink\u00fcste. Es ist die gr\u00f6\u00dfte Stadt und Sitz zahlreicher Handels- und Bankenzentren. Sie liegt auf mehreren Halbinseln und Inseln, die durch Br\u00fccken miteinander verbunden sind.<\/p>\n\n\n\n<p class=\"p5\">In der Elfenbeink\u00fcste ist es hei\u00df und feucht, und die Stra\u00dfen sind oft voller Stra\u00dfenh\u00e4ndler. Trotzdem ist Abidjan das \u201eParis Westafrikas\u201c. Diesen Titel verdankt die Stadt ihren Universit\u00e4ten, Parks und exotischen Modetrends. Au\u00dferdem gibt es breite Boulevards und Museen.<\/p>\n\n\n\n<p class=\"p5\">In der Stadt gibt es viele Regierungsbeh\u00f6rden, darunter auch eine, die f\u00fcr das nationale Stra\u00dfennetz zust\u00e4ndig ist. Hier endet auch die Eisenbahnlinie Abidjan-Niger.<\/p>\n\n\n\n<p class=\"p5\">Einst war die Elfenbeink\u00fcste ein \u00e4u\u00dferst friedliches Land auf dem besten Weg zum Wohlstand. Jetzt erholt es sich von den ivorischen B\u00fcrgerkriegen, die von 2002 bis 2011 ausgetragen wurden.<\/p>\n\n\n\n<h2 class=\"wp-block-heading p3\">Trends, Verbraucherbasis<\/h2>\n\n\n\n<h3 class=\"wp-block-heading p6\">Medien<\/h3>\n\n\n\n<p class=\"p5\">Fernsehen, Radio, Telekommunikation und Printmedien sind Eigentum der Regierung und werden von ihr kontrolliert. Meinungsfreiheit in den Medien ist an der Elfenbeink\u00fcste keine Selbstverst\u00e4ndlichkeit. Die Beh\u00f6rden bestrafen Reporter und Journalisten h\u00e4ufig, wenn sie sich nicht an die Regeln halten.<\/p>\n\n\n\n<h3 class=\"wp-block-heading p6\">K\u00fcche<\/h3>\n\n\n\n<p class=\"p5\">Die Ivorer legen gro\u00dfen Wert auf ihr Essen. Sie verwenden in ihrer K\u00fcche h\u00e4ufig Getreide und Knollen. Kochbananen und Maniok spielen eine gro\u00dfe Rolle in ihren Mahlzeiten. Aitiu, eine Art Maispaste, wird normalerweise zur Herstellung von Maisb\u00e4llchen verwendet. Eine ihrer wichtigsten Beilagen ist Atti\u00e9k\u00e9.<\/p>\n\n\n\n<p class=\"p5\">Die Ivorer essen viel H\u00fchnchen. Sie verwenden auch gerne Meeresfr\u00fcchte wie Sardinen, Bonito, Thunfisch und Garnelen.<\/p>\n\n\n\n<h3 class=\"wp-block-heading p6\">Musik<\/h3>\n\n\n\n<p class=\"p5\">Die Elfenbeink\u00fcste hat mit ihrer Musik die internationale Szene gepr\u00e4gt. K\u00fcnstler wie AfroB, Meiway und Magic Syst\u00e9me haben die Elfenbeink\u00fcste musikalisch auf die Landkarte gebracht. Die Musikgenres unterscheiden sich je nach ethnischer Gruppe. Zwei ihrer charakteristischen Merkmale sind Trommeln und Vokalpolyphonie.<\/p>\n\n\n\n<h2 class=\"wp-block-heading p6\">St\u00e4rken im Markt<\/h2>\n\n\n\n<figure class=\"gb-block-image gb-block-image-18789f0b\"><img loading=\"lazy\" decoding=\"async\" width=\"1456\" height=\"816\" class=\"gb-image gb-image-18789f0b\" src=\"https:\/\/www.sisinternational.com\/wp-content\/uploads\/2025\/08\/Cote-dIvoire-1.jpg\" alt=\"SIS International Marktforschung &amp; Strategie\" title=\"Cote d&#039;Ivoire (1)\" srcset=\"https:\/\/www.sisinternational.com\/wp-content\/uploads\/2025\/08\/Cote-dIvoire-1.jpg 1456w, https:\/\/www.sisinternational.com\/wp-content\/uploads\/2025\/08\/Cote-dIvoire-1-300x168.jpg 300w, https:\/\/www.sisinternational.com\/wp-content\/uploads\/2025\/08\/Cote-dIvoire-1-1024x574.jpg 1024w, https:\/\/www.sisinternational.com\/wp-content\/uploads\/2025\/08\/Cote-dIvoire-1-768x430.jpg 768w, https:\/\/www.sisinternational.com\/wp-content\/uploads\/2025\/08\/Cote-dIvoire-1-18x10.jpg 18w\" sizes=\"auto, (max-width: 1456px) 100vw, 1456px\"><\/figure>\n\n\n\n<ol class=\"wp-block-list ol1\">\n<li>Mehr als ein Drittel der Ivorer lebt in Armut, und Kinderarbeit ist immer noch verbreitet. Dennoch w\u00e4chst die Mittelschicht.<\/li>\n\n\n\n<li>Vielf\u00e4ltige Ressourcen: Die Elfenbeink\u00fcste ist reich an landwirtschaftlichen Erzeugnissen (Kakao, Kaffee, Zucker, Cashewn\u00fcsse. Au\u00dferdem ist sie der weltgr\u00f6\u00dfte Kautschukproduzent). Das Land produziert auch Kohlenwasserstoffe und Mineralien (Gold, Kupfer, Eisen, Mangan und Bauxit).<\/li>\n\n\n\n<li>Die Elfenbeink\u00fcste ist Teil der Westafrikanischen Wirtschafts- und W\u00e4hrungsunion (WAEMU). Diese Organisation hat eine gemeinsame W\u00e4hrung, die die Inflation in Schach h\u00e4lt.<\/li>\n\n\n\n<li>Die Infrastruktur befindet sich im Modernisierungsprozess.<\/li>\n\n\n\n<li>Das Land verbessert kontinuierlich sein Gesch\u00e4fts- und Regierungsumfeld.<\/li>\n<\/ol>\n\n\n\n<h2 class=\"wp-block-heading p6\">Gr\u00fcnde, Ihr Gesch\u00e4ft auf dem Markt auszubauen<\/h2>\n\n\n\n<ol class=\"wp-block-list ol1\">\n<li>Agrarindustrie: Die Elfenbeink\u00fcste exportiert Rohstoffe. Unternehmen, die diese Materialien im Land verarbeiten m\u00f6chten, haben die M\u00f6glichkeit, diese Materialien im Land zu verarbeiten.<\/li>\n\n\n\n<li>The region imports the vast majority of its medical supplies. Thus, this sector has many opportunities, and as the population expands, the demand for healthcare will increase. Local <a href=\"https:\/\/www.sisinternational.com\/de\/sachverstand\/branchen\/marktforschung-fur-klinische-diagnostik\/\" title=\"Marktforschung f\u00fcr klinische Diagnostik\"  data-wpil-monitor-id=\"8765\">diagnostics centers and clinics<\/a> are still scarce. Affluent people often travel abroad for treatment. There is potential for the private sector to expand healthcare capacity.<\/li>\n\n\n\n<li>Education is another area of interest for investors. There is a shortfall in capacity and growing demand in this sector. Many members of the young population leave the educational circuit early with few qualifications. There are gaps in theoretical training and business needs.&nbsp;Businesses can establish training centers to close those gaps.<\/li>\n<\/ol>\n\n\n\n<h2 class=\"wp-block-heading p3\">\u00dcber Marktforschung in der Elfenbeink\u00fcste<\/h2>\n\n\n\n<p class=\"p5\">If you&#8217;re a business visionary who wants to work in Ivory Coast, <a href=\"https:\/\/www.sisinternational.com\/de\/kontaktieren-sie-sis-international-market-research\/\" title=\"Kontaktiere uns\"  data-wpil-monitor-id=\"8763\">SIS International Forschung<\/a> is ideal for you. We arrange focus groups in different <a href=\"https:\/\/www.sisinternational.com\/de\/die-auswirkungen-der-nigerianischen-marktkultur-auf-das-geschaft\/\" title=\"Der nigerianische Markt: Der Einfluss der Kultur auf das Gesch\u00e4ft\"  data-wpil-monitor-id=\"7482\">business areas in Africa<\/a> and conduct Quantitative, Qualitative, and Strategy Research. We will collect essential information for you and your business. <a href=\"https:\/\/www.sisinternational.com\/de\/schlusselfaktoren-fur-den-erfolg-in-der-automobilmarktforschung\/\" title=\"Erfolgsfaktoren in der Automobilmarktforschung\"  data-wpil-monitor-id=\"8764\">Market Research ensures your success<\/a>.<\/p>\n\n\n\n<p class=\"p5\"><\/p>","protected":false},"excerpt":{"rendered":"<p>Marktforschung in der Elfenbeink\u00fcste \u2013 Schl\u00fcsselindustrien Die Elfenbeink\u00fcste ist das franz\u00f6sische Wort f\u00fcr die Elfenbeink\u00fcste. Dieses Land hat trotz der Instabilit\u00e4t seiner politischen Regierung ein Wirtschaftswachstum verzeichnet. Der Agrarsektor floriert. Die Elfenbeink\u00fcste produziert Palm\u00f6l, Kakaobohnen, Kaffee, Yams und Cashewn\u00fcsse. Weitere Exportg\u00fcter sind Roh\u00f6l, Gummi, \u2026 <a title=\"Marktforschung in der Elfenbeink\u00fcste\" class=\"read-more\" href=\"https:\/\/www.sisinternational.com\/de\/abdeckung\/marktforschung-afrika\/marktforschung-cote-divoire\/\" aria-label=\"Mehr Informationen \u00fcber Marktforschung in der Elfenbeink\u00fcste\">Weiterlesen \u2026<\/a><\/p>","protected":false},"author":1,"featured_media":65173,"parent":14281,"menu_order":9,"comment_status":"closed","ping_status":"closed","template":"","meta":{"footnotes":""},"class_list":["post-37720","page","type-page","status-publish","has-post-thumbnail"],"_links":{"self":[{"href":"https:\/\/www.sisinternational.com\/de\/wp-json\/wp\/v2\/pages\/37720","targetHints":{"allow":["GET"]}}],"collection":[{"href":"https:\/\/www.sisinternational.com\/de\/wp-json\/wp\/v2\/pages"}],"about":[{"href":"https:\/\/www.sisinternational.com\/de\/wp-json\/wp\/v2\/types\/page"}],"author":[{"embeddable":true,"href":"https:\/\/www.sisinternational.com\/de\/wp-json\/wp\/v2\/users\/1"}],"replies":[{"embeddable":true,"href":"https:\/\/www.sisinternational.com\/de\/wp-json\/wp\/v2\/comments?post=37720"}],"version-history":[{"count":5,"href":"https:\/\/www.sisinternational.com\/de\/wp-json\/wp\/v2\/pages\/37720\/revisions"}],"predecessor-version":[{"id":81470,"href":"https:\/\/www.sisinternational.com\/de\/wp-json\/wp\/v2\/pages\/37720\/revisions\/81470"}],"up":[{"embeddable":true,"href":"https:\/\/www.sisinternational.com\/de\/wp-json\/wp\/v2\/pages\/14281"}],"wp:featuredmedia":[{"embeddable":true,"href":"https:\/\/www.sisinternational.com\/de\/wp-json\/wp\/v2\/media\/65173"}],"wp:attachment":[{"href":"https:\/\/www.sisinternational.com\/de\/wp-json\/wp\/v2\/media?parent=37720"}],"curies":[{"name":"wp","href":"https:\/\/api.w.org\/{rel}","templated":true}]}}