{"id":37716,"date":"2021-05-19T05:18:50","date_gmt":"2021-05-19T05:18:50","guid":{"rendered":"https:\/\/www.sisinternational.com\/?page_id=37716"},"modified":"2025-11-10T22:16:27","modified_gmt":"2025-11-11T03:16:27","slug":"marktforschung-kamerun","status":"publish","type":"page","link":"https:\/\/www.sisinternational.com\/de\/abdeckung\/marktforschung-afrika\/marktforschung-kamerun\/","title":{"rendered":"Marktforschung in Kamerun"},"content":{"rendered":"<h1 class=\"wp-block-heading\">Marktforschung in Kamerun, Afrika<\/h1>\n\n\n\n<figure class=\"gb-block-image gb-block-image-5bc7228c\"><img loading=\"lazy\" decoding=\"async\" width=\"1456\" height=\"816\" class=\"gb-image gb-image-5bc7228c\" src=\"https:\/\/www.sisinternational.com\/wp-content\/uploads\/2025\/08\/Cameroon-1.jpg\" alt=\"SIS International Marktforschung &amp; Strategie\" title=\"Cameroon (1)\" srcset=\"https:\/\/www.sisinternational.com\/wp-content\/uploads\/2025\/08\/Cameroon-1.jpg 1456w, https:\/\/www.sisinternational.com\/wp-content\/uploads\/2025\/08\/Cameroon-1-300x168.jpg 300w, https:\/\/www.sisinternational.com\/wp-content\/uploads\/2025\/08\/Cameroon-1-1024x574.jpg 1024w, https:\/\/www.sisinternational.com\/wp-content\/uploads\/2025\/08\/Cameroon-1-768x430.jpg 768w, https:\/\/www.sisinternational.com\/wp-content\/uploads\/2025\/08\/Cameroon-1-18x10.jpg 18w\" sizes=\"auto, (max-width: 1456px) 100vw, 1456px\"><\/figure>\n\n\n\n<p><\/p>\n\n\n\n<hr class=\"wp-block-separator has-alpha-channel-opacity is-style-dots\"\/>\n\n\n\n<p>Am Golf von Guinea liegt das Land Kamerun, eingeklemmt zwischen Nigeria und der Zentralafrikanischen Republik. Sein Name leitet sich vom portugiesischen \u201eCamaroes\u201c (Garnelen) ab. Manche Leute betrachten es aufgrund seiner vielf\u00e4ltigen geografischen und kulturellen Zusammensetzung als \u201eAfrika im Kleinformat\u201c. Es ist ein Land mit niedrigem bis mittlerem Einkommen und einer Bev\u00f6lkerung von \u00fcber 25 Millionen (2018).<\/p>\n\n\n\n<p>Die Hauptsprachen Kameruns sind Franz\u00f6sisch und Englisch. Die vorherrschende Religion ist das Christentum. Die Hauptstadt Yaound\u00e9 liegt im s\u00fcdlichen Zentralteil des Landes. Wie in jeder anderen tropischen Region ist es in Kamerun das ganze Jahr \u00fcber feucht. In den Bergregionen sind die Temperaturen niedriger.<\/p>\n\n\n\n<h2 class=\"wp-block-heading\">Nachbarschaften<\/h2>\n\n\n\n<p>Neben der Hauptstadt Yaound\u00e9 ist Douala eine weitere bemerkenswerte Region. Die Lebensqualit\u00e4t in beiden St\u00e4dten liegt im Durchschnitt, wobei die Lebenshaltungskosten in Douala h\u00f6her sind.<\/p>\n\n\n\n<p>Die gr\u00f6\u00dfte Bedrohung f\u00fcr die Sicherheit Kameruns stellen die anhaltenden Angriffe der Boko Haram im Norden des Landes dar. Diese Angriffe haben zu einem Anstieg der Todesopfer und h\u00e4ufigen Fl\u00fcchtlingssituationen gef\u00fchrt.<\/p>\n\n\n\n<h2 class=\"wp-block-heading\">Trends<\/h2>\n\n\n\n<p>Der Agrarsektor erwirtschaftet mehr als die H\u00e4lfte der Einnahmen des Landes. Er besch\u00e4ftigt 60 Prozent der Bev\u00f6lkerung. Die wichtigsten marktwirtschaftlichen Erzeugnisse Kameruns reichen von traditionellen Nahrungsmitteln bis hin zu Exportprodukten. In jedem durchschnittlichen kamerunischen Haushalt ist mindestens ein Erwachsener in der Landwirtschaft besch\u00e4ftigt. Die H\u00e4lfte der Bev\u00f6lkerung Kameruns lebt in Armut, w\u00e4hrend die Bev\u00f6lkerungszahl steigt.<\/p>\n\n\n\n<p>Most of the country\u2019s citizens eat large quantities of fruits and vegetables since they have, over time, linked health and well-being to healthy foods. This rise in demand has increased the <a href=\"https:\/\/www.sisinternational.com\/de\/losungen\/geschmackstest\/food-product-tests-in-ny\/\" title=\"Food Product Tests In NY\"  data-wpil-monitor-id=\"7893\">production of healthier choices of food<\/a> and crops.<\/p>\n\n\n\n<h2 class=\"wp-block-heading\">Vorteile und St\u00e4rken im Markt<\/h2>\n\n\n\n<p>Cameroon has the advantage of excellent climatic conditions, resulting in fertile soil for the growth of staple food crops. Another benefit is supportive government policies. Farmers and traders have freedom of movement, which has resulted in the <a href=\"https:\/\/www.sisinternational.com\/de\/sachverstand\/branchen\/low-code-entwicklung-marktforschung\/\" title=\"Marktforschung f\u00fcr Low-Code-Entwicklung\"  data-wpil-monitor-id=\"7892\">development of the market<\/a>. Sometimes producers and farmers cannot sell their <a href=\"https:\/\/www.sisinternational.com\/de\/sachverstand\/lebenslaufe\/marktforschung-fur-korperpflegeprodukte\/\" title=\"Marktforschung f\u00fcr K\u00f6rperpflegeprodukte\"  data-wpil-monitor-id=\"7890\">products on the local market<\/a>. The government does not prevent them from doing so on the international market.<\/p>\n\n\n\n<h2 class=\"wp-block-heading\">Verbraucherbasis<\/h2>\n\n\n\n<p>Trotz aller Herausforderungen bleibt Kamerun eines der stabilsten L\u00e4nder. Seine strategische Lage verschafft ihm Zugang zum nigerianischen Markt. Es gibt auch potenzielle Verbraucher aus anderen Nachbarregionen. Seine Lage dient auch als Drehscheibe f\u00fcr gro\u00dfe zuk\u00fcnftige Projekte.<\/p>\n\n\n\n<p>Imports from the U.S., Europe, and China dominate some essential local goods. Cameroonians associate foreign products with quality. Middle-class people are the <a href=\"https:\/\/www.sisinternational.com\/de\/sachverstand\/primare-kundenspezifische-forschung-2\/\" title=\"Prim\u00e4re Marktforschung\"  data-wpil-monitor-id=\"7891\">primary consumers in this market<\/a>.<\/p>\n\n\n\n<h2 class=\"wp-block-heading\">Gr\u00fcnde, Ihr Gesch\u00e4ft auf dem Markt auszubauen.<\/h2>\n\n\n\n<figure class=\"gb-block-image gb-block-image-ceb6ccd5\"><img loading=\"lazy\" decoding=\"async\" width=\"1456\" height=\"816\" class=\"gb-image gb-image-ceb6ccd5\" src=\"https:\/\/www.sisinternational.com\/wp-content\/uploads\/2025\/08\/Cameroon-2.jpg\" alt=\"SIS International Marktforschung &amp; Strategie\" title=\"Cameroon (2)\" srcset=\"https:\/\/www.sisinternational.com\/wp-content\/uploads\/2025\/08\/Cameroon-2.jpg 1456w, https:\/\/www.sisinternational.com\/wp-content\/uploads\/2025\/08\/Cameroon-2-300x168.jpg 300w, https:\/\/www.sisinternational.com\/wp-content\/uploads\/2025\/08\/Cameroon-2-1024x574.jpg 1024w, https:\/\/www.sisinternational.com\/wp-content\/uploads\/2025\/08\/Cameroon-2-768x430.jpg 768w, https:\/\/www.sisinternational.com\/wp-content\/uploads\/2025\/08\/Cameroon-2-18x10.jpg 18w\" sizes=\"auto, (max-width: 1456px) 100vw, 1456px\"><\/figure>\n\n\n\n<p><\/p>\n\n\n\n<p>Fortschritt geschieht in Etappen, und Kamerun als Land bildet da keine Ausnahme. Ausl\u00e4ndische Investitionen in diesem Land werden viele Probleme l\u00f6sen. Solche Investitionen tragen zur Entwicklung der Infrastruktur, des Transports und der Energie bei. Alles, was das Land aufwerten und voranbringen kann, ist willkommen.<\/p>\n\n\n\n<p>With thorough market research, a <a href=\"https:\/\/www.sisinternational.com\/de\/top-5-benefits-of-qualitative-market-research-for-businesses\/\" title=\"Top 5 Benefits of Qualitative Market Research for Businesses\"  data-wpil-monitor-id=\"7895\">business will benefit<\/a> by setting roots in Cameroon. The country needs investment, and the market is ripe.<\/p>\n\n\n\n<h2 class=\"wp-block-heading\">\u00dcber Marktforschung in Kamerun<\/h2>\n\n\n\n<p>Cameroon is a market with promise. Choosing the right <a href=\"https:\/\/www.sisinternational.com\/de\/veroffentlichungen\/skalierbare-geschaftsmarktforschung-7-moglichkeiten-zum-aufbau-eines-skalierbaren-geschafts\/\" title=\"Marktforschung f\u00fcr skalierbare Unternehmen: 7 M\u00f6glichkeiten zum Aufbau eines skalierbaren Unternehmens\"  data-wpil-monitor-id=\"7894\">research group is vital for your business<\/a>. A company with a reliable <a href=\"https:\/\/www.sisinternational.com\/de\/losungen\/strategieberatung\/expertennetzwerk-marktforschung\/\" title=\"Experten-Netzwerk Marktforschung\"  data-wpil-monitor-id=\"7889\">network of experienced research experts<\/a> is the best choice\u2014our researchers will use focus groups to assist you in making the best decisions.<\/p>\n\n\n\n<p>We use Qualitative, Quantitative, and Strategy Research, Surveys, and other data analysis tools to help you decide on your investment approach. You will receive the necessary insight to offer the right <a href=\"https:\/\/www.sisinternational.com\/de\/losungen\/geschmackstest\/produkttestdienste-in-new-york\/\" title=\"Produkttestdienste in New York\"  data-wpil-monitor-id=\"7897\">services and products<\/a>. Your goal is to meet the needs of Cameroonian consumers, and we will help you reach it.<\/p>","protected":false},"excerpt":{"rendered":"<p>Marktforschung in Kamerun, Afrika Das Land Kamerun liegt am Golf von Guinea, zwischen Nigeria und der Zentralafrikanischen Republik. Sein Name leitet sich vom portugiesischen \u201eCamaroes\u201c (Garnelen) ab. Manche Leute betrachten es aufgrund seiner vielf\u00e4ltigen geografischen und kulturellen Zusammensetzung als \u201eAfrika im Kleinformat\u201c. Es ist ein Land mit niedrigem bis mittlerem Einkommen \u2026 <a title=\"Marktforschung in Kamerun\" class=\"read-more\" href=\"https:\/\/www.sisinternational.com\/de\/abdeckung\/marktforschung-afrika\/marktforschung-kamerun\/\" aria-label=\"Mehr Informationen \u00fcber Marktforschung in Kamerun\">Weiterlesen \u2026<\/a><\/p>","protected":false},"author":1,"featured_media":65272,"parent":14281,"menu_order":7,"comment_status":"closed","ping_status":"closed","template":"","meta":{"footnotes":""},"class_list":["post-37716","page","type-page","status-publish","has-post-thumbnail"],"_links":{"self":[{"href":"https:\/\/www.sisinternational.com\/de\/wp-json\/wp\/v2\/pages\/37716","targetHints":{"allow":["GET"]}}],"collection":[{"href":"https:\/\/www.sisinternational.com\/de\/wp-json\/wp\/v2\/pages"}],"about":[{"href":"https:\/\/www.sisinternational.com\/de\/wp-json\/wp\/v2\/types\/page"}],"author":[{"embeddable":true,"href":"https:\/\/www.sisinternational.com\/de\/wp-json\/wp\/v2\/users\/1"}],"replies":[{"embeddable":true,"href":"https:\/\/www.sisinternational.com\/de\/wp-json\/wp\/v2\/comments?post=37716"}],"version-history":[{"count":3,"href":"https:\/\/www.sisinternational.com\/de\/wp-json\/wp\/v2\/pages\/37716\/revisions"}],"predecessor-version":[{"id":81331,"href":"https:\/\/www.sisinternational.com\/de\/wp-json\/wp\/v2\/pages\/37716\/revisions\/81331"}],"up":[{"embeddable":true,"href":"https:\/\/www.sisinternational.com\/de\/wp-json\/wp\/v2\/pages\/14281"}],"wp:featuredmedia":[{"embeddable":true,"href":"https:\/\/www.sisinternational.com\/de\/wp-json\/wp\/v2\/media\/65272"}],"wp:attachment":[{"href":"https:\/\/www.sisinternational.com\/de\/wp-json\/wp\/v2\/media?parent=37716"}],"curies":[{"name":"wp","href":"https:\/\/api.w.org\/{rel}","templated":true}]}}