{"id":37714,"date":"2021-05-19T05:15:40","date_gmt":"2021-05-19T05:15:40","guid":{"rendered":"https:\/\/www.sisinternational.com\/?page_id=37714"},"modified":"2025-09-14T14:30:00","modified_gmt":"2025-09-14T18:30:00","slug":"marktforschung-kap-verde","status":"publish","type":"page","link":"https:\/\/www.sisinternational.com\/de\/abdeckung\/marktforschung-afrika\/marktforschung-kap-verde\/","title":{"rendered":"Marktforschung in Cabo Verde"},"content":{"rendered":"<h1 class=\"wp-block-heading\">Marktforschung in Cabo Verde, Afrika<\/h1>\n\n\n\n<figure class=\"gb-block-image gb-block-image-f976ab82\"><img loading=\"lazy\" decoding=\"async\" width=\"1456\" height=\"816\" class=\"gb-image gb-image-f976ab82\" src=\"https:\/\/www.sisinternational.com\/wp-content\/uploads\/2025\/08\/Cabo-Verde-2.jpg\" alt=\"SIS International Marktforschung &amp; Strategie\" title=\"Cabo Verde (2)\" srcset=\"https:\/\/www.sisinternational.com\/wp-content\/uploads\/2025\/08\/Cabo-Verde-2.jpg 1456w, https:\/\/www.sisinternational.com\/wp-content\/uploads\/2025\/08\/Cabo-Verde-2-300x168.jpg 300w, https:\/\/www.sisinternational.com\/wp-content\/uploads\/2025\/08\/Cabo-Verde-2-1024x574.jpg 1024w, https:\/\/www.sisinternational.com\/wp-content\/uploads\/2025\/08\/Cabo-Verde-2-768x430.jpg 768w, https:\/\/www.sisinternational.com\/wp-content\/uploads\/2025\/08\/Cabo-Verde-2-18x10.jpg 18w\" sizes=\"auto, (max-width: 1456px) 100vw, 1456px\"><\/figure>\n\n\n\n<p><\/p>\n\n\n\n<p>Vor der K\u00fcste Afrikas liegen die Cabo Verde oder Kapverden (Gr\u00fcnes Kap). Cabo Verde besteht aus einem Archipel aus f\u00fcnfzehn Inseln und Inselchen vor der Westk\u00fcste Afrikas. Sie sind nach dem westlichsten Kap Afrikas, Kap Verde, benannt und bedecken eine Fl\u00e4che von 1557 Quadratmeilen.<\/p>\n\n\n\n<p>Die Sch\u00f6nheit der Kapverden kann man gar nicht genug betonen. Die Landschaften dieser Inseln sind herrlich abwechslungsreich. Die Amtssprache ist Portugiesisch, aber es gibt auch eine Mischung afrikanischer Dialekte.<\/p>\n\n\n\n<h2 class=\"wp-block-heading\">Schl\u00fcsselindustrien<\/h2>\n\n\n\n<p>Der Tourismussektor dominiert die Wirtschaft dieser Inseln. Sie sind auch von der verarbeitenden Industrie, der Landwirtschaft, der Fischerei und der Forstwirtschaft abh\u00e4ngig. Der Tourismus tr\u00e4gt mehr als 701 TP3Billionen zum BIP bei, w\u00e4hrend Landwirtschaft und Fischerei nur 91 TP3Billionen beitragen.<\/p>\n\n\n\n<p>This country has few natural resources. Yet, it boasts high living standards, which attract thousands of international immigrants and visitors. Information and communication technology <a href=\"https:\/\/www.sisinternational.com\/de\/anstieg-im-bildungssektor-wahrend-der-rezession\/\" title=\"Wachstum im Bildungssektor w\u00e4hrend der Rezession\"  data-wpil-monitor-id=\"7764\">sectors are on the rise<\/a>. Investment in these areas will yield many benefits.<\/p>\n\n\n\n<h2 class=\"wp-block-heading\">Nachbarschaften<\/h2>\n\n\n\n<p>Cabo Verde remains a safe and peaceful country with a friendly population. It boasts a low crime rate, though there have been a few incidents of theft within the tourism belt. On the island of Boavista, violent crimes against tourists are increasing. The other islands remain crime-free for tourists, who are mainly European. We caution visiting tourists to be safe and alert as they vacation in Cabo Verde.<\/p>\n\n\n\n<p>Von allen Inseln ist Sal die sonnigste und Santa Luzia die kleinste. Die gebirgigste ist Sao Nicolau und die bev\u00f6lkerungsreichste ist Sal Rei.<\/p>\n\n\n\n<h2 class=\"wp-block-heading\">Trends<\/h2>\n\n\n\n<p>Tourists flock to the Cabo Verde Islands for the warm tropical climate, using them as a winter escape. These volcanic islands boast wonderful music and extraordinary cuisine.<\/p>\n\n\n\n<p>The current population of Cabo Verde dwindled to approximately half a million over time. This departure is due to massive immigration movements as a result of historic droughts and volcanic activity.<\/p>\n\n\n\n<p>Das tropische Klima ist das ganze Jahr \u00fcber stabil, aber k\u00fchler als in den meisten Teilen Westafrikas. Die Temperatur ist ideal f\u00fcr touristische Aktivit\u00e4ten. Besucher k\u00f6nnen wandern, Wassersport treiben und schwimmen.<\/p>\n\n\n\n<h2 class=\"wp-block-heading\">Vorteile und St\u00e4rken im Markt<\/h2>\n\n\n\n<p>Cabo Verde provides good <a href=\"https:\/\/www.sisinternational.com\/de\/neuromarketing-fur-kleine-unternehmen\/\" title=\"Neuromarketing f\u00fcr kleine Unternehmen\"  data-wpil-monitor-id=\"7761\">business opportunities for small-<\/a> or medium-sized US companies. The physical infrastructure (airports, ports, roads, and hotels) is of high quality. The islands are a one-stop shop for foreign investors.<\/p>\n\n\n\n<p>The strength of the tourism <a href=\"https:\/\/www.sisinternational.com\/de\/losungen\/branding-und-kundenforschungslosungen\/marktforschung-fur-hautpflege\/\" title=\"Marktforschung f\u00fcr Hautpflegeprodukte | Beratung f\u00fcr die Sch\u00f6nheitsindustrie\"  data-wpil-monitor-id=\"7759\">industry lies in the exquisite beauty<\/a> of Cape Verde. The best locations are on the lovely beaches of Sal, Santa Maria, Santiago, and Boavista. As the tourism industry grows, so will the economy. Cabo Verde offers efficient <a href=\"https:\/\/www.sisinternational.com\/de\/losungen\/fintech-strategieberatung-forschung\/banking-as-a-service-marktforschung-und-strategieberatung\/\" title=\"Banking as a Service Marktforschung und Strategieberatung\"  data-wpil-monitor-id=\"7763\">banking and telecommunications services<\/a>. It also has a stable political environment.<\/p>\n\n\n\n<p>Die fruchtbaren T\u00e4ler der Insel Santo Antao sind ein Muss f\u00fcr Touristen. Diese Insel ist ideal f\u00fcr die Landwirtschaft.<\/p>\n\n\n\n<h2 class=\"wp-block-heading\">Verbraucherbasis<\/h2>\n\n\n\n<figure class=\"gb-block-image gb-block-image-3e5fb44a\"><img loading=\"lazy\" decoding=\"async\" width=\"1456\" height=\"816\" class=\"gb-image gb-image-3e5fb44a\" src=\"https:\/\/www.sisinternational.com\/wp-content\/uploads\/2025\/08\/Cabo-Verde-4.jpg\" alt=\"SIS International Marktforschung &amp; Strategie\" title=\"Cabo Verde (4)\" srcset=\"https:\/\/www.sisinternational.com\/wp-content\/uploads\/2025\/08\/Cabo-Verde-4.jpg 1456w, https:\/\/www.sisinternational.com\/wp-content\/uploads\/2025\/08\/Cabo-Verde-4-300x168.jpg 300w, https:\/\/www.sisinternational.com\/wp-content\/uploads\/2025\/08\/Cabo-Verde-4-1024x574.jpg 1024w, https:\/\/www.sisinternational.com\/wp-content\/uploads\/2025\/08\/Cabo-Verde-4-768x430.jpg 768w, https:\/\/www.sisinternational.com\/wp-content\/uploads\/2025\/08\/Cabo-Verde-4-18x10.jpg 18w\" sizes=\"auto, (max-width: 1456px) 100vw, 1456px\"><\/figure>\n\n\n\n<p><\/p>\n\n\n\n<p>The economy of Cabo Verde thrives on the high consumption of its tourism services. The islands also depend on income from exports and imports. Also, the growing agriculture industry is evident. <a href=\"https:\/\/www.sisinternational.com\/de\/sachverstand\/branchen\/marktforschung-fur-die-obstindustrie\/\" title=\"Marktforschung f\u00fcr die Obstindustrie\"  data-wpil-monitor-id=\"7762\">Fruit and vegetable markets<\/a> grace almost every Cape Verde town.<\/p>\n\n\n\n<p>Die Einheimischen teilen ihren Gesamtverbrauch auf mehrere Posten auf. Zu diesen Posten geh\u00f6ren Lebensmittel, pers\u00f6nliche Gegenst\u00e4nde, Haushaltswaren, Ausr\u00fcstung, Freizeitaktivit\u00e4ten und Gesundheit.<\/p>\n\n\n\n<h2 class=\"wp-block-heading\">Gr\u00fcnde, Ihr Gesch\u00e4ft auf dem Markt auszubauen<\/h2>\n\n\n\n<p>Warum sollten Sie Kap Verde als Standort f\u00fcr Ihr Unternehmen w\u00e4hlen? Hier sind drei Gr\u00fcnde daf\u00fcr:<\/p>\n\n\n\n<ol class=\"wp-block-list\">\n<li>Der Tourismus floriert<\/li>\n\n\n\n<li>Der <a href=\"https:\/\/www.sisinternational.com\/de\/sachverstand\/branchen\/marktforschung-fur-gewerbeimmobilien\/\" title=\"Marktforschung f\u00fcr Gewerbeimmobilien\"  data-wpil-monitor-id=\"7758\">real estate market<\/a> is growing<\/li>\n\n\n\n<li>Erfolgsmodelle f\u00fcr das Investmentmanagement sind verf\u00fcgbar<\/li>\n<\/ol>\n\n\n\n<h2 class=\"wp-block-heading\">\u00dcber Marktforschung in Cabo Verde<\/h2>\n\n\n\n<p>If by now you have decided to grow your <a href=\"https:\/\/www.sisinternational.com\/de\/veroffentlichungen\/skalierbare-geschaftsmarktforschung-7-moglichkeiten-zum-aufbau-eines-skalierbaren-geschafts\/\" title=\"Marktforschung f\u00fcr skalierbare Unternehmen: 7 M\u00f6glichkeiten zum Aufbau eines skalierbaren Unternehmens\"  data-wpil-monitor-id=\"7760\">business in the Cabo Verde market<\/a>, do so without fear. Our focus groups help you to maximize your potential as you begin to operate your business. We do surveys, and we offer Qualitative, Quantity, and Strategy research.<\/p>\n\n\n\n<p>Wir verwenden Fakten und Zahlen, um die Daten zusammenzustellen, die Sie ben\u00f6tigen, um voranzukommen. Werden Sie noch heute ein kapverdischer Unternehmer!<\/p>\n\n\n\n<p><\/p>","protected":false},"excerpt":{"rendered":"<p>Marktforschung in Cabo Verde, Afrika Vor der K\u00fcste Afrikas liegen die Cabo Verde oder Kapverden (Gr\u00fcnes Kap). Cabo Verde besteht aus einem Archipel aus f\u00fcnfzehn Inseln und Inselchen vor der Westk\u00fcste Afrikas. Sie sind nach dem westlichsten Kap Afrikas, Kap Verde, benannt und umfassen eine Fl\u00e4che von 1557 \u2026 <a title=\"Marktforschung in Cabo Verde\" class=\"read-more\" href=\"https:\/\/www.sisinternational.com\/de\/abdeckung\/marktforschung-afrika\/marktforschung-kap-verde\/\" aria-label=\"Mehr Informationen \u00fcber Marktforschung in Cabo Verde\">Weiterlesen \u2026<\/a><\/p>","protected":false},"author":1,"featured_media":65269,"parent":14281,"menu_order":6,"comment_status":"closed","ping_status":"closed","template":"","meta":{"footnotes":""},"class_list":["post-37714","page","type-page","status-publish","has-post-thumbnail"],"_links":{"self":[{"href":"https:\/\/www.sisinternational.com\/de\/wp-json\/wp\/v2\/pages\/37714","targetHints":{"allow":["GET"]}}],"collection":[{"href":"https:\/\/www.sisinternational.com\/de\/wp-json\/wp\/v2\/pages"}],"about":[{"href":"https:\/\/www.sisinternational.com\/de\/wp-json\/wp\/v2\/types\/page"}],"author":[{"embeddable":true,"href":"https:\/\/www.sisinternational.com\/de\/wp-json\/wp\/v2\/users\/1"}],"replies":[{"embeddable":true,"href":"https:\/\/www.sisinternational.com\/de\/wp-json\/wp\/v2\/comments?post=37714"}],"version-history":[{"count":3,"href":"https:\/\/www.sisinternational.com\/de\/wp-json\/wp\/v2\/pages\/37714\/revisions"}],"predecessor-version":[{"id":81308,"href":"https:\/\/www.sisinternational.com\/de\/wp-json\/wp\/v2\/pages\/37714\/revisions\/81308"}],"up":[{"embeddable":true,"href":"https:\/\/www.sisinternational.com\/de\/wp-json\/wp\/v2\/pages\/14281"}],"wp:featuredmedia":[{"embeddable":true,"href":"https:\/\/www.sisinternational.com\/de\/wp-json\/wp\/v2\/media\/65269"}],"wp:attachment":[{"href":"https:\/\/www.sisinternational.com\/de\/wp-json\/wp\/v2\/media?parent=37714"}],"curies":[{"name":"wp","href":"https:\/\/api.w.org\/{rel}","templated":true}]}}