{"id":37712,"date":"2021-05-19T05:08:38","date_gmt":"2021-05-19T05:08:38","guid":{"rendered":"https:\/\/www.sisinternational.com\/?page_id=37712"},"modified":"2025-09-14T14:28:09","modified_gmt":"2025-09-14T18:28:09","slug":"marktforschung-zentralafrikanische-republik","status":"publish","type":"page","link":"https:\/\/www.sisinternational.com\/de\/abdeckung\/marktforschung-afrika\/marktforschung-zentralafrikanische-republik\/","title":{"rendered":"Marktforschung in der Zentralafrikanischen Republik"},"content":{"rendered":"<h1 class=\"wp-block-heading\">Marktforschung in der Zentralafrikanischen Republik<\/h1>\n\n\n\n<figure class=\"gb-block-image gb-block-image-074add71\"><img loading=\"lazy\" decoding=\"async\" width=\"1024\" height=\"574\" class=\"gb-image gb-image-074add71\" src=\"https:\/\/www.sisinternational.com\/wp-content\/uploads\/2025\/08\/Central-African-Republic-1-1024x574.jpg\" srcset=\"https:\/\/www.sisinternational.com\/wp-content\/uploads\/2025\/08\/Central-African-Republic-1-1024x574.jpg 1024w, https:\/\/www.sisinternational.com\/wp-content\/uploads\/2025\/08\/Central-African-Republic-1-300x168.jpg 300w, https:\/\/www.sisinternational.com\/wp-content\/uploads\/2025\/08\/Central-African-Republic-1-768x430.jpg 768w, https:\/\/www.sisinternational.com\/wp-content\/uploads\/2025\/08\/Central-African-Republic-1-18x10.jpg 18w, https:\/\/www.sisinternational.com\/wp-content\/uploads\/2025\/08\/Central-African-Republic-1.jpg 1456w\" sizes=\"auto, (max-width: 1024px) 100vw, 1024px\" alt=\"SIS International Marktforschung &amp; Strategie\"><\/figure>\n\n\n\n<p><\/p>\n\n\n\n<h2 class=\"wp-block-heading\">Schl\u00fcsselindustrien<\/h2>\n\n\n\n<p>Der wichtigste Wirtschaftsmotor der Zentralafrikanischen Republik ist die Landwirtschaft, die zum Bruttoinlandsprodukt und zum Arbeitsmarkt der Republik beitr\u00e4gt. Internationales Kapital, Forstwirtschaft und Fischerei sind ebenfalls dynamische Devisenquellen. Das Gleiche gilt f\u00fcr Diamanten, Holz und marktwirtschaftlich nutzbare Pflanzen wie Baumwolle und Kaffee.<\/p>\n\n\n\n<p>Belgien kauft den Gro\u00dfteil der Diamantenexporte der Zentralafrikanischen Republik und Frankreich den Gro\u00dfteil des Kaffees und Tabaks. China, Deutschland und Saudi-Arabien sind ebenfalls wichtige Handelspartner. Sie alle tragen zum wirtschaftlichen Aufschwung der Zentralafrikanischen Republik bei.<\/p>\n\n\n\n<h2 class=\"wp-block-heading\">Nachbarschaften<\/h2>\n\n\n\n<p>Die Zentralafrikanische Republik liegt genau dort, wo ihr Name vermuten l\u00e4sst: in der Mitte Afrikas. Sie grenzt an f\u00fcnf Nachbarl\u00e4nder: Kamerun, Tschad, Demokratische Republik Kongo, Republik Kongo und S\u00fcdsudan.<\/p>\n\n\n\n<p>Cameroon sits to the <a href=\"https:\/\/www.sisinternational.com\/de\/abdeckung\/marktforschung-afrika\/marktforschung-in-marokko-nordafrika\/\" title=\"Marktforschung in Marokko, Nordwestafrikanischer Kontinent\"  data-wpil-monitor-id=\"7715\">west of the Central African<\/a> Republic. Chad is to the north, and the Democratic Republic of Congo is to the south.<\/p>\n\n\n\n<p>Die Republik Kongo liegt s\u00fcdlich der Zentralafrikanischen Republik und im Osten an den S\u00fcdsudan.<\/p>\n\n\n\n<h2 class=\"wp-block-heading\">Trends<\/h2>\n\n\n\n<p>Die reichen Bodensch\u00e4tze der Zentralafrikanischen Republik stellen eine Chance dar: Unternehmen k\u00f6nnen den Rohstoffexport ausweiten.<\/p>\n\n\n\n<p>Ein Pipeline-Projekt ist im Bau. Nach seiner Fertigstellung wird es die M\u00f6glichkeiten der Erd\u00f6lf\u00f6rderung erh\u00f6hen. Der Export von \u00d6lreserven \u00fcber das benachbarte Kamerun wird einfacher und billiger.<\/p>\n\n\n\n<h2 class=\"wp-block-heading\">Vorteile und St\u00e4rken im Markt<\/h2>\n\n\n\n<p>Die weltweite Pandemie hat viele Volkswirtschaften lahmgelegt. Die Zentralafrikanische Republik bildet da keine Ausnahme. Mehrere L\u00e4nder haben beschlossen, ihre Grenzen zu schlie\u00dfen, um das Virus einzud\u00e4mmen. Da die Wirtschaft der Zentralafrikanischen Republik auf der Landwirtschaft basiert, k\u00f6nnte sie \u00fcberleben. Die Herausforderungen des Exports von Diamanten, Holz, Kaffee und Tabak sind \u00fcberschaubarer als der Tourismus.<\/p>\n\n\n\n<p>Allerdings ist die Zentralafrikanische Republik auch ein hervorragendes Reiseziel. Mit ihrer Natursch\u00f6nheit und Artenvielfalt ist sie der perfekte Ort f\u00fcr \u00d6kotourismus.<\/p>\n\n\n\n<p>Solche Verkn\u00fcpfungen k\u00f6nnen eine entscheidende Rolle spielen. Das Land produziert beispielsweise reichlich Holz f\u00fcr M\u00f6bel. Au\u00dferdem werden Kaffee und Kakao angebaut, die die Resortbesitzer in ihr G\u00e4steangebot integrieren k\u00f6nnen.<\/p>\n\n\n\n<p>Auch f\u00fcr andere Gesch\u00e4ftsvorhaben in der Zentralafrikanischen Republik gibt es Hoffnung. Die nat\u00fcrlichen Ressourcen des Landes werden dazu beitragen, die Gesch\u00e4fte \u00fcber Wasser zu halten.<\/p>\n\n\n\n<h2 class=\"wp-block-heading\">Gr\u00fcnde, Ihr Gesch\u00e4ft auf dem Markt auszubauen<\/h2>\n\n\n\n<p>The Central African Republic\u2019s economy is currently struggling. Once a new business gets to establish its <a href=\"https:\/\/www.sisinternational.com\/de\/sachverstand\/lebenslaufe\/marktforschung-fur-korperpflegeprodukte\/\" title=\"Marktforschung f\u00fcr K\u00f6rperpflegeprodukte\"  data-wpil-monitor-id=\"7710\">products in the market<\/a>, this will help to boost the economy.<\/p>\n\n\n\n<p>Ease of doing business. It\u2019s easy to set up a limited liability <a href=\"https:\/\/www.sisinternational.com\/de\/losungen\/branding-und-kundenforschungslosungen\/produkttests-marktforschung\/fuhrendes-unternehmen-fur-zentrale-standorttests\/\" title=\"F\u00fchrendes Unternehmen f\u00fcr zentrale Standorttests\"  data-wpil-monitor-id=\"7720\">company in the Central<\/a> African Republic. An LLC is the preferred legal entity, but the country offers other options. <a href=\"https:\/\/www.sisinternational.com\/de\/unternehmensgrundung-in-der-turkei\/\" title=\"Unternehmensgr\u00fcndung in der T\u00fcrkei\"  data-wpil-monitor-id=\"7723\">Businesses can also set<\/a> up as public limited companies, or they can open branches in the country.<\/p>\n\n\n\n<h2 class=\"wp-block-heading\">\u00dcber Marktforschung in der Zentralafrikanischen Republik<\/h2>\n\n\n\n<p>Die nat\u00fcrlichen Ressourcen der Zentralafrikanischen Republik haben Potenzial. Dennoch steht das Land vor vielen Hindernissen, wie Abholzung der W\u00e4lder und mangelnder Infrastruktur. Einige davon, wie die AIDS-Epidemie und politische Instabilit\u00e4t, k\u00f6nnen die wirtschaftliche Entwicklung behindern.<\/p>\n\n\n\n<p>Thus, focus groups play a crucial role in protecting investors. That\u2019s why it\u2019s important to conduct surveys on the <a href=\"https:\/\/www.sisinternational.com\/de\/sachverstand\/branchen\/grenzmarktlandmarktforschung\/\" title=\"Grenzmarkt-L\u00e4ndermarktforschung\"  data-wpil-monitor-id=\"7708\">country to understand the market<\/a>. The Central African Republic\u2019s economy is still vulnerable. Thus, <a href=\"https:\/\/www.sisinternational.com\/de\/losungen\/qualitative-quantitative-forschungslosungen\/qualitative-forschung-rekrutierung\/\" title=\"Qualitative Forschung Rekrutierung\"  data-wpil-monitor-id=\"7713\">qualitative and quantitative research<\/a> will also help business owners. They can determine if they will be making a worthy investment into the economy.<\/p>\n\n\n\n<p><a href=\"https:\/\/www.sisinternational.com\/de\/what-to-expect-in-your-first-year-entering-a-new-market-5-essential-strategies\/\" title=\"What to Expect in Your First Year Entering a New Market: 5 Essential Strategies\"  data-wpil-monitor-id=\"7717\">Strategy research is also essential<\/a>. It enables the investor to conduct a systematic study of the country\u2019s economy. For example, let\u2019s say the investor wants to construct a hotel. He or she will have to consider the resources that are already available in the country. They will also have to consider the timeline for the completion of the project.<\/p>\n\n\n\n<p>Denken Sie dar\u00fcber nach, in der Zentralafrikanischen Republik zu investieren? Wir bieten Ihnen quantitative, qualitative und strategische Recherchen, die Ihnen bei der Entscheidung helfen. Kontaktieren Sie uns jetzt f\u00fcr eine Beratung.<\/p>","protected":false},"excerpt":{"rendered":"<p>Marktforschung in der Zentralafrikanischen Republik: Wir bieten quantitative, qualitative und strategische Beratung. Kontaktieren Sie uns jetzt f\u00fcr eine Beratung.<\/p>","protected":false},"author":1,"featured_media":65162,"parent":14281,"menu_order":5,"comment_status":"closed","ping_status":"closed","template":"","meta":{"footnotes":""},"class_list":["post-37712","page","type-page","status-publish","has-post-thumbnail"],"_links":{"self":[{"href":"https:\/\/www.sisinternational.com\/de\/wp-json\/wp\/v2\/pages\/37712","targetHints":{"allow":["GET"]}}],"collection":[{"href":"https:\/\/www.sisinternational.com\/de\/wp-json\/wp\/v2\/pages"}],"about":[{"href":"https:\/\/www.sisinternational.com\/de\/wp-json\/wp\/v2\/types\/page"}],"author":[{"embeddable":true,"href":"https:\/\/www.sisinternational.com\/de\/wp-json\/wp\/v2\/users\/1"}],"replies":[{"embeddable":true,"href":"https:\/\/www.sisinternational.com\/de\/wp-json\/wp\/v2\/comments?post=37712"}],"version-history":[{"count":3,"href":"https:\/\/www.sisinternational.com\/de\/wp-json\/wp\/v2\/pages\/37712\/revisions"}],"predecessor-version":[{"id":81303,"href":"https:\/\/www.sisinternational.com\/de\/wp-json\/wp\/v2\/pages\/37712\/revisions\/81303"}],"up":[{"embeddable":true,"href":"https:\/\/www.sisinternational.com\/de\/wp-json\/wp\/v2\/pages\/14281"}],"wp:featuredmedia":[{"embeddable":true,"href":"https:\/\/www.sisinternational.com\/de\/wp-json\/wp\/v2\/media\/65162"}],"wp:attachment":[{"href":"https:\/\/www.sisinternational.com\/de\/wp-json\/wp\/v2\/media?parent=37712"}],"curies":[{"name":"wp","href":"https:\/\/api.w.org\/{rel}","templated":true}]}}