{"id":37710,"date":"2021-05-19T05:04:18","date_gmt":"2021-05-19T05:04:18","guid":{"rendered":"https:\/\/www.sisinternational.com\/?page_id=37710"},"modified":"2026-01-24T20:50:49","modified_gmt":"2026-01-25T01:50:49","slug":"marktforschung-in-eritrea","status":"publish","type":"page","link":"https:\/\/www.sisinternational.com\/de\/abdeckung\/marktforschung-afrika\/marktforschung-in-eritrea\/","title":{"rendered":"Marktforschung in Eritrea, Afrika"},"content":{"rendered":"<h1 class=\"wp-block-heading\">Marktforschung in Eritrea, Afrika<\/h1>\n\n\n\n<figure class=\"gb-block-image gb-block-image-d29d71b3\"><img loading=\"lazy\" decoding=\"async\" width=\"1456\" height=\"816\" class=\"gb-image gb-image-d29d71b3\" src=\"https:\/\/www.sisinternational.com\/wp-content\/uploads\/2025\/08\/Eritrea-1.jpg\" alt=\"SIS International Marktforschung &amp; Strategie\" title=\"Eritrea (1)\" srcset=\"https:\/\/www.sisinternational.com\/wp-content\/uploads\/2025\/08\/Eritrea-1.jpg 1456w, https:\/\/www.sisinternational.com\/wp-content\/uploads\/2025\/08\/Eritrea-1-300x168.jpg 300w, https:\/\/www.sisinternational.com\/wp-content\/uploads\/2025\/08\/Eritrea-1-1024x574.jpg 1024w, https:\/\/www.sisinternational.com\/wp-content\/uploads\/2025\/08\/Eritrea-1-768x430.jpg 768w, https:\/\/www.sisinternational.com\/wp-content\/uploads\/2025\/08\/Eritrea-1-18x10.jpg 18w\" sizes=\"auto, (max-width: 1456px) 100vw, 1456px\"><\/figure>\n\n\n\n<p><\/p>\n\n\n\n<p>Eritrea ist ein Wort, das vom lateinischen \u201eRotes Meer\u201c abgeleitet ist. Es ist auch der Name des kleinen K\u00fcstenstaates am Roten Meer am Horn von Afrika. Die Nachbarl\u00e4nder von Eritrea sind Sudan, \u00c4thiopien und Dschibuti.<\/p>\n\n\n\n<p>Eritrea erlangte 1993 seine Unabh\u00e4ngigkeit von \u00c4thiopien, ist seitdem aber eines der \u00e4rmsten L\u00e4nder Afrikas geblieben. Dieser Zustand ist das Ergebnis wiederkehrender D\u00fcrren, Hungersn\u00f6te und Kriege. Die Hauptsprachen sind Tigrinya, Tigre, Arabisch und Englisch, und die Hauptreligionen sind Islam und Christentum.<\/p>\n\n\n\n<h2 class=\"wp-block-heading\">Schl\u00fcsselindustrien<\/h2>\n\n\n\n<p>Eritreas wichtigste Industriezweige sind Textilien, Lebensmittelverarbeitung, Landwirtschaft, Bergbau, Fischerei und Salzgewinnung. Dar\u00fcber hinaus gibt es kaum industrielle Aktivit\u00e4ten. Die Landwirtschaft ist der Lebensunterhalt der Bev\u00f6lkerung. Andere Sektoren wie maritime Aktivit\u00e4ten und Dienstleistungen wachsen.<\/p>\n\n\n\n<h2 class=\"wp-block-heading\">Nachbarschaften<\/h2>\n\n\n\n<p>Asmara, auch Asmera genannt, ist die Hauptstadt und gr\u00f6\u00dfte Stadt Eritreas. Die Stra\u00dfen der Stadt sind sauber und frei von Verkehrsverschmutzung. Sie ist f\u00fcr ihre Sch\u00f6nheit bekannt und vermittelt den Eindruck eines Souvenirs aus dem 20. Jahrhundert. Weitere wichtige St\u00e4dte sind die H\u00e4fen von Massawa und Assab.<\/p>\n\n\n\n<h2 class=\"wp-block-heading\">Trends<\/h2>\n\n\n\n<p>Eritrea verf\u00fcgt \u00fcber wundersch\u00f6ne koloniale Architektur, die zu den besten der Welt z\u00e4hlt. Seine Kultur ist nach wie vor vielf\u00e4ltig und bietet einen Schmelztiegel aus neun verschiedenen ethnischen Gruppen, jede mit ihren eigenen Traditionen. Das Land ist harmonisch und diese verschiedenen Gruppen sch\u00e4tzen und respektieren einander.<\/p>\n\n\n\n<h2 class=\"wp-block-heading\">St\u00e4rken des Marktes<\/h2>\n\n\n\n<p>The strength of Eritrea\u2019s economy is in its unexploited natural resources. There is future <a href=\"https:\/\/www.sisinternational.com\/de\/venezuela-oil-mining-industry-potential-strategic-forecast-2026-2036\/\" title=\"Venezuela Oil &amp; Mining Industry Potential: Strategic Forecast 2026-2036\"  data-wpil-monitor-id=\"8687\">potential in the oil industry<\/a> of this country. Speculation is rife that the Red Sea has oil deposits beneath it.<\/p>\n\n\n\n<p>Another source of <a href=\"https:\/\/www.sisinternational.com\/de\/sachverstand\/branchen\/marktforschung-zum-weltraumbergbau\/\" title=\"Marktforschung zum Weltraumbergbau\"  data-wpil-monitor-id=\"8690\">market<\/a> strength comes from the Bisha copper mine. This mine also has gold deposits.<\/p>\n\n\n\n<h2 class=\"wp-block-heading\">Verbraucherbasis<\/h2>\n\n\n\n<p>In Eritrea sind lebensnotwendige Konsumg\u00fcter aufgrund der wiederholten Grenzschlie\u00dfungen zu den Nachbarl\u00e4ndern \u00c4thiopien und Sudan sowohl eine Notwendigkeit als auch ein Mangel. Die Versorgung mit lebensnotwendigen Konsumg\u00fctern wie Trinkwasser ist unzureichend. Die Eritreer leiden auch unter Engp\u00e4ssen bei Brennstoffen zum Kochen und Strom. Dennoch haben es mehr Grundnahrungsmittel \u00fcber die Grenzsperren aus \u00c4thiopien geschafft. Das Ergebnis sind niedrigere Verbraucherpreise.<\/p>\n\n\n\n<p>Die Beh\u00f6rden in Eritrea leugnen, dass es Nahrungsmittelknappheit gebe. Sie lehnen auch Hilfe von au\u00dfen ab. Daher nehmen illegale Nahrungsmittelimporte zu, die meist zu \u00fcberh\u00f6hten Preisen verkauft werden.<\/p>\n\n\n\n<h2 class=\"wp-block-heading\">Gr\u00fcnde, Ihr Gesch\u00e4ft in Eritrea auszubauen<\/h2>\n\n\n\n<figure class=\"gb-block-image gb-block-image-eb7e2c79\"><img loading=\"lazy\" decoding=\"async\" width=\"1456\" height=\"816\" class=\"gb-image gb-image-eb7e2c79\" src=\"https:\/\/www.sisinternational.com\/wp-content\/uploads\/2025\/08\/Eritrea-2.jpg\" alt=\"SIS International Marktforschung &amp; Strategie\" title=\"Eritrea (2)\" srcset=\"https:\/\/www.sisinternational.com\/wp-content\/uploads\/2025\/08\/Eritrea-2.jpg 1456w, https:\/\/www.sisinternational.com\/wp-content\/uploads\/2025\/08\/Eritrea-2-300x168.jpg 300w, https:\/\/www.sisinternational.com\/wp-content\/uploads\/2025\/08\/Eritrea-2-1024x574.jpg 1024w, https:\/\/www.sisinternational.com\/wp-content\/uploads\/2025\/08\/Eritrea-2-768x430.jpg 768w, https:\/\/www.sisinternational.com\/wp-content\/uploads\/2025\/08\/Eritrea-2-18x10.jpg 18w\" sizes=\"auto, (max-width: 1456px) 100vw, 1456px\"><\/figure>\n\n\n\n<p><\/p>\n\n\n\n<p>Basierend auf ver\u00f6ffentlichten Fakten und Zahlen gibt es viele Gr\u00fcnde, Ihr Gesch\u00e4ft in Eritrea auszubauen. Dieses Land hat aus verschiedenen Gr\u00fcnden Schwierigkeiten, ausl\u00e4ndische Investitionen anzuziehen. Es steht vor Herausforderungen wie staatlicher Kontrolle und Korruption sowie einer geringen Erwerbsbev\u00f6lkerung. Eritrea hat auch Massenmigration erlebt. Dann ist da noch der traurige Zustand, der durch wiederkehrende Grenzkonflikte verursacht wird.<\/p>\n\n\n\n<p>Dieser Zustand hat die Regierung dazu veranlasst, in Massawa eine Freihandelszone einzurichten. Ziel ist es, neue Investoren in den Bereichen Energie, Tourismus und Fischerei anzuziehen. Die Bodensch\u00e4tze des Landes bieten Investitionspotenzial. Eritrea verf\u00fcgt \u00fcber Kali, Kupfer, Gold, Silber und Zink.<\/p>\n\n\n\n<p>Are you interested in investing in <a href=\"https:\/\/www.sisinternational.com\/de\/losungen\/ai-marktforschung-und-strategieberatung\/bergbau-naturliche-ressourcen-automatisierung-kunstliche-intelligenz-beratung\/\" title=\"Automatisierung und KI-Beratung im Bergbau und in der nat\u00fcrlichen Ressourcen\"  data-wpil-monitor-id=\"8685\">mining the country\u2019s natural resources<\/a>? It carries a vast potential for business growth.<\/p>\n\n\n\n<p>Eritrea hat eine strategische Lage an der K\u00fcste des Roten Meeres. Es bietet perfekten Zugang zu einer der meistbefahrenen Schifffahrtsstra\u00dfen der Welt. Eritrea kann Verbindungen zu anderen Gebieten der Region aufbauen, was f\u00fcr den Handel ideal ist.<\/p>\n\n\n\n<h2 class=\"wp-block-heading\">\u00dcber Marktforschung in Eritrea<\/h2>\n\n\n\n<p>Have you made your decision? Have you decided to <a href=\"https:\/\/www.sisinternational.com\/de\/losungen\/fintech-strategieberatung-forschung\/hedgefonds-und-investmentmarktforschung\/\" title=\"Hedgefonds- und Investmentmarktforschung\"  data-wpil-monitor-id=\"8688\">invest in the Eritrea market<\/a>? We are here to guide you through the process. We use Qualitative, Qualitative, and Strategy Research. We also do surveys to bring you the hard facts that will assist you in making the most informed decision.<\/p>\n\n\n\n<p>Our statistic results are reliable. We give you the best Strategy <a href=\"https:\/\/www.sisinternational.com\/de\/marktforschung-in-afrika-2\/\" title=\"Marktforschung in Afrika\"  data-wpil-monitor-id=\"2937\">research on the market<\/a>. It will help you discover opportunities for your business.<\/p>\n\n\n\n<p><\/p>","protected":false},"excerpt":{"rendered":"<p>Marktforschung in Eritrea, Afrika Eritrea ist ein Wort, das vom lateinischen \u201eRotes Meer\u201c abgeleitet ist. Es ist auch der Name des kleinen K\u00fcstenstaates am Roten Meer am Horn von Afrika. Die Nachbarl\u00e4nder Eritreas sind Sudan, \u00c4thiopien und Dschibuti. Eritrea erlangte 1993 seine Unabh\u00e4ngigkeit von \u00c4thiopien, aber \u2026 <a title=\"Marktforschung in Eritrea, Afrika\" class=\"read-more\" href=\"https:\/\/www.sisinternational.com\/de\/abdeckung\/marktforschung-afrika\/marktforschung-in-eritrea\/\" aria-label=\"Mehr Informationen \u00fcber Marktforschung in Eritrea, Afrika\">Weiterlesen \u2026<\/a><\/p>","protected":false},"author":1,"featured_media":65183,"parent":14281,"menu_order":4,"comment_status":"closed","ping_status":"closed","template":"","meta":{"footnotes":""},"class_list":["post-37710","page","type-page","status-publish","has-post-thumbnail"],"_links":{"self":[{"href":"https:\/\/www.sisinternational.com\/de\/wp-json\/wp\/v2\/pages\/37710","targetHints":{"allow":["GET"]}}],"collection":[{"href":"https:\/\/www.sisinternational.com\/de\/wp-json\/wp\/v2\/pages"}],"about":[{"href":"https:\/\/www.sisinternational.com\/de\/wp-json\/wp\/v2\/types\/page"}],"author":[{"embeddable":true,"href":"https:\/\/www.sisinternational.com\/de\/wp-json\/wp\/v2\/users\/1"}],"replies":[{"embeddable":true,"href":"https:\/\/www.sisinternational.com\/de\/wp-json\/wp\/v2\/comments?post=37710"}],"version-history":[{"count":4,"href":"https:\/\/www.sisinternational.com\/de\/wp-json\/wp\/v2\/pages\/37710\/revisions"}],"predecessor-version":[{"id":81456,"href":"https:\/\/www.sisinternational.com\/de\/wp-json\/wp\/v2\/pages\/37710\/revisions\/81456"}],"up":[{"embeddable":true,"href":"https:\/\/www.sisinternational.com\/de\/wp-json\/wp\/v2\/pages\/14281"}],"wp:featuredmedia":[{"embeddable":true,"href":"https:\/\/www.sisinternational.com\/de\/wp-json\/wp\/v2\/media\/65183"}],"wp:attachment":[{"href":"https:\/\/www.sisinternational.com\/de\/wp-json\/wp\/v2\/media?parent=37710"}],"curies":[{"name":"wp","href":"https:\/\/api.w.org\/{rel}","templated":true}]}}