{"id":37708,"date":"2021-05-19T04:57:45","date_gmt":"2021-05-19T04:57:45","guid":{"rendered":"https:\/\/www.sisinternational.com\/?page_id=37708"},"modified":"2026-01-24T17:59:39","modified_gmt":"2026-01-24T22:59:39","slug":"marktforschung-in-algerien","status":"publish","type":"page","link":"https:\/\/www.sisinternational.com\/de\/abdeckung\/marktforschung-afrika\/marktforschung-in-algerien\/","title":{"rendered":"Marktforschung in Algerien, Afrika"},"content":{"rendered":"<h1 class=\"wp-block-heading\">Marktforschung in Algerien, Afrika<\/h1>\n\n\n\n<figure class=\"gb-block-image gb-block-image-12716cd4\"><img loading=\"lazy\" decoding=\"async\" width=\"1456\" height=\"816\" class=\"gb-image gb-image-12716cd4\" src=\"https:\/\/www.sisinternational.com\/wp-content\/uploads\/2025\/08\/Algeria-1.jpg\" alt=\"SIS International Marktforschung &amp; Strategie\" title=\"Algeria (1)\" srcset=\"https:\/\/www.sisinternational.com\/wp-content\/uploads\/2025\/08\/Algeria-1.jpg 1456w, https:\/\/www.sisinternational.com\/wp-content\/uploads\/2025\/08\/Algeria-1-300x168.jpg 300w, https:\/\/www.sisinternational.com\/wp-content\/uploads\/2025\/08\/Algeria-1-1024x574.jpg 1024w, https:\/\/www.sisinternational.com\/wp-content\/uploads\/2025\/08\/Algeria-1-768x430.jpg 768w, https:\/\/www.sisinternational.com\/wp-content\/uploads\/2025\/08\/Algeria-1-18x10.jpg 18w\" sizes=\"auto, (max-width: 1456px) 100vw, 1456px\"><\/figure>\n\n\n\n<p><\/p>\n\n\n\n<h2 class=\"wp-block-heading\">Schl\u00fcsselindustrien<\/h2>\n\n\n\n<p>The leading industries of Algeria are mining, food processing, natural gas, and electricity. Algeria also specializes in the light industry and the petrochemical and petroleum industries. Natural gas and petroleum are the dominant industries. They supply one-third of the country&#8217;s gross domestic product (GDP).<\/p>\n\n\n\n<p>Algeria&#8217;s primary industry before 1962 was agriculture. Then they began extracting and producing hydrocarbons, which shifted their industrial focus. The production of hydrocarbons led to the country&#8217;s industrialization.<\/p>\n\n\n\n<p>Etwa zwei Jahrzehnte lang war die Wirtschaft eine Planwirtschaft. Dann kam es zur Privatisierung, die die spezialisierte Ausrichtung ver\u00e4nderte. Der Lebensstandard stieg. Aber die Nahrungsmittelproduktion liegt unter dem Niveau, das zur Selbstversorgung erforderlich w\u00e4re.<\/p>\n\n\n\n<p>Algerien verf\u00fcgt nur \u00fcber begrenztes Ackerland. Anbau findet nur in den T\u00e4lern und K\u00fcstenebenen statt. In diesen Gebieten hatten die franz\u00f6sischen Siedler ihre Zitrusplantagen, Weinberge, Gem\u00fcseg\u00e4rten und Obstg\u00e4rten.<\/p>\n\n\n\n<p>The country&#8217;s lack of moisture in four-fifths of the land is the root cause of the lack of cultivation. Their agricultural land is suitable for pastures. The rest of their cultivated lands are for orchards and vineyards.<\/p>\n\n\n\n<p>Algeria does not have a suitable climate for vast stock raising. Still, sheep, goats, and cattle are present throughout the country. These livestock have made a significant contribution to the traditional agricultural sector.<\/p>\n\n\n\n<h2 class=\"wp-block-heading\">Nachbarschaften<\/h2>\n\n\n\n<p>Algerien ist das gr\u00f6\u00dfte Land der arabischen Welt und Afrika ist nichts weniger als gro\u00dfartig.<\/p>\n\n\n\n<p>Algeria&#8217;s location is in North <a href=\"https:\/\/www.sisinternational.com\/de\/abdeckung\/marktforschung-afrika\/marktforschung-in-mauritius-afrika\/\" title=\"Market Research in Mauritius \u2014 Island off Africa&#8217;s East Coast\"  data-wpil-monitor-id=\"9611\">Africa on the Mediterranean coast<\/a>. The Saharan Desert forms part of the country&#8217;s interior. Algeria was part of many legendary empires, as evidenced by sites such as the ancient Roman ruins in seaside Tipaza.<\/p>\n\n\n\n<p>Algiers\u00a0is the capital city and the largest; it is the center for culture, politics, and economics. Its location is on the slopes of the Sahel Hills. The\u00a0capital\u00a0is a large grouping of brilliant white structures overlooking the harbor. The word Algiers means \u201cthe island.\u201d Algiers got its name because of the small islands in the bay where it is located on the\u00a0Mediterranean Sea\u00a0coast.<\/p>\n\n\n\n<p>Hydra is one of the wealthiest places in Algeria. It is the home for the main offices of energy and mines and religious affairs. Hydra has the&nbsp;Scuola Italiana Roma di Algeri, a private Italian international school.<\/p>\n\n\n\n<p>The&nbsp;diplomatic&nbsp;community of Ben Aknoun also has foreign schools. The Lyc\u00e9e International Alexandre-Dumas d&#8217;Alger, a French school, is in this location. It has the only&nbsp;American international school. It is also the site of the head office of The Algerian&nbsp;Ministry of Finance.<\/p>\n\n\n\n<h2 class=\"wp-block-heading\">Trends, Konsum und Handel<\/h2>\n\n\n\n<p>Algeria is the European Union&#8217;s 28th biggest trade partner. The country has experienced an increase in its standard of living. Its young population has also grown, so there is now a great demand for the local shops to have international brands. Since then, there has been an increase in new shopping centers. Their growth <a href=\"https:\/\/www.sisinternational.com\/de\/sachverstand\/branchen\/low-code-entwicklung-marktforschung\/\" title=\"Marktforschung f\u00fcr Low-Code-Entwicklung\"  data-wpil-monitor-id=\"9608\">market leans toward mall development<\/a>. Consumer spending has increased with the rise in these shopping centers.<\/p>\n\n\n\n<p>Der <a href=\"https:\/\/www.sisinternational.com\/de\/sachverstand\/branchen\/marktforschung-fur-automobilbeleuchtung\/wie-wichtig-ist-adas-fur-autofahrer\/\" title=\"Wie wichtig ist ADAS f\u00fcr Autofahrer\"  data-wpil-monitor-id=\"1896\">import of cars<\/a> in Algeria has increased. The authorities have restricted loans and instituted laws to control the demand.<\/p>\n\n\n\n<h2 class=\"wp-block-heading\">St\u00e4rken im Markt<\/h2>\n\n\n\n<ol class=\"wp-block-list\">\n<li>Algeria\u2019s location is close to the <a href=\"https:\/\/www.sisinternational.com\/de\/marktforschung-in-europa-2\/\" title=\"Der europ\u00e4ische Markt\"  data-wpil-monitor-id=\"9602\">europ\u00e4ischer Markt<\/a>.<\/li>\n\n\n\n<li>Der Tourismus, die erneuerbaren Energien und der Agrarsektor bergen gro\u00dfes Potenzial.<\/li>\n\n\n\n<li>Algeria is a producer of gas and oil, so there is a <a href=\"https:\/\/www.sisinternational.com\/de\/sachverstand\/branchen\/ol-und-gasmarktforschung\/\" title=\"\u00d6l- und Gasmarktforschung\"  data-wpil-monitor-id=\"9603\">market for shale gas<\/a> development.<\/li>\n<\/ol>\n\n\n\n<h2 class=\"wp-block-heading\">Gr\u00fcnde, Ihr Gesch\u00e4ft auf dem Markt auszubauen<\/h2>\n\n\n\n<p>With a consumer base of 41 million, there is a need for economic diversification. Algeria has sizeable foreign exchange reserves arising from oil and gas and its hydrocarbons <a href=\"https:\/\/www.sisinternational.com\/de\/top-branchenanalyseunternehmen-in-new-york\/\" title=\"Top-Unternehmen f\u00fcr Branchenanalysen in NY\"  data-wpil-monitor-id=\"9610\">industry ranks among the top<\/a> ten in the world. There is also need for telecommunications systems and an advanced digital economy to provide jobs for its tech-savvy youth. The government requires technology for digital bookkeeping and modernization. There is also need for third-generation technology.<\/p>\n\n\n\n<h2 class=\"wp-block-heading\">\u00dcber Marktforschung in Algerien<\/h2>\n\n\n\n<p>Are you an entrepreneur keen on working in Algeria? You have come to the right place. We arrange Focus Groups in the diverse African business sectors. We can likewise attempt Quantitative, Qualitative, and Strategy <a href=\"https:\/\/www.sisinternational.com\/de\/sachverstand\/branchen\/auftragsforschungsinstitute-marktforschung\/\" title=\"Auftragsforschungsinstitute Marktforschung\"  data-wpil-monitor-id=\"9605\">Research for your organization<\/a>. This data is appropriate for objective decision-making. It&#8217;s the initial step for the achievement of your business in Algeria. We burrow through overview discoveries, articles, insights, and that&#8217;s only the beginning. We assemble fundamental data for you and your business.<\/p>\n\n\n\n<p>Algerien ist reif f\u00fcr Investitionen. Wir hoffen, dass dieser Artikel Ihnen die Antworten bietet, nach denen Sie suchen.<\/p>\n\n\n\n<p><\/p>","protected":false},"excerpt":{"rendered":"<p>Market Research in Algeria, Africa Key Industries The leading industries of Algeria are mining, food processing, natural gas, and electricity. Algeria also specializes in the light industry and the petrochemical and petroleum industries. Natural gas and petroleum are the dominant industries. They supply one-third of the country&#8217;s gross domestic product (GDP). Algeria&#8217;s primary industry before &#8230; <a title=\"Marktforschung in Algerien, Afrika\" class=\"read-more\" href=\"https:\/\/www.sisinternational.com\/de\/abdeckung\/marktforschung-afrika\/marktforschung-in-algerien\/\" aria-label=\"Mehr Informationen \u00fcber Marktforschung in Algerien, Afrika\">Weiterlesen \u2026<\/a><\/p>","protected":false},"author":1,"featured_media":65240,"parent":14281,"menu_order":3,"comment_status":"closed","ping_status":"closed","template":"","meta":{"footnotes":""},"class_list":["post-37708","page","type-page","status-publish","has-post-thumbnail"],"_links":{"self":[{"href":"https:\/\/www.sisinternational.com\/de\/wp-json\/wp\/v2\/pages\/37708","targetHints":{"allow":["GET"]}}],"collection":[{"href":"https:\/\/www.sisinternational.com\/de\/wp-json\/wp\/v2\/pages"}],"about":[{"href":"https:\/\/www.sisinternational.com\/de\/wp-json\/wp\/v2\/types\/page"}],"author":[{"embeddable":true,"href":"https:\/\/www.sisinternational.com\/de\/wp-json\/wp\/v2\/users\/1"}],"replies":[{"embeddable":true,"href":"https:\/\/www.sisinternational.com\/de\/wp-json\/wp\/v2\/comments?post=37708"}],"version-history":[{"count":4,"href":"https:\/\/www.sisinternational.com\/de\/wp-json\/wp\/v2\/pages\/37708\/revisions"}],"predecessor-version":[{"id":81601,"href":"https:\/\/www.sisinternational.com\/de\/wp-json\/wp\/v2\/pages\/37708\/revisions\/81601"}],"up":[{"embeddable":true,"href":"https:\/\/www.sisinternational.com\/de\/wp-json\/wp\/v2\/pages\/14281"}],"wp:featuredmedia":[{"embeddable":true,"href":"https:\/\/www.sisinternational.com\/de\/wp-json\/wp\/v2\/media\/65240"}],"wp:attachment":[{"href":"https:\/\/www.sisinternational.com\/de\/wp-json\/wp\/v2\/media?parent=37708"}],"curies":[{"name":"wp","href":"https:\/\/api.w.org\/{rel}","templated":true}]}}