{"id":37590,"date":"2021-05-08T20:51:28","date_gmt":"2021-05-08T20:51:28","guid":{"rendered":"https:\/\/www.sisinternational.com\/?page_id=37590"},"modified":"2025-09-14T00:55:55","modified_gmt":"2025-09-14T04:55:55","slug":"marktforschung-in-benin","status":"publish","type":"page","link":"https:\/\/www.sisinternational.com\/de\/abdeckung\/marktforschung-afrika\/marktforschung-in-benin\/","title":{"rendered":"Marktforschung in Benin"},"content":{"rendered":"<h1 class=\"wp-block-heading p1\"><span class=\"s1\">Marktforschung in Benin<\/span><\/h1>\n\n\n\n<figure class=\"gb-block-image gb-block-image-3b7abe27\"><img loading=\"lazy\" decoding=\"async\" width=\"1456\" height=\"816\" class=\"gb-image gb-image-3b7abe27\" src=\"https:\/\/www.sisinternational.com\/wp-content\/uploads\/2025\/08\/Benin-1.jpg\" alt=\"SIS International Marktforschung &amp; Strategie\" title=\"Benin (1)\" srcset=\"https:\/\/www.sisinternational.com\/wp-content\/uploads\/2025\/08\/Benin-1.jpg 1456w, https:\/\/www.sisinternational.com\/wp-content\/uploads\/2025\/08\/Benin-1-300x168.jpg 300w, https:\/\/www.sisinternational.com\/wp-content\/uploads\/2025\/08\/Benin-1-1024x574.jpg 1024w, https:\/\/www.sisinternational.com\/wp-content\/uploads\/2025\/08\/Benin-1-768x430.jpg 768w, https:\/\/www.sisinternational.com\/wp-content\/uploads\/2025\/08\/Benin-1-18x10.jpg 18w\" sizes=\"auto, (max-width: 1456px) 100vw, 1456px\"><\/figure>\n\n\n\n<p><\/p>\n\n\n\n<h2 class=\"wp-block-heading p1\">Benin ist eine kleine Republik in Westafrika.<\/h2>\n\n\n\n<p class=\"p1\">Seine unmittelbaren kontinentalen Nachbarn sind Togo, Nigeria, Burkina Faso und Niger. Die Amtssprache des Landes ist Franz\u00f6sisch, aber insgesamt gibt es etwa 38 Landessprachen. Dazu geh\u00f6ren beliebte Sprachen wie Englisch, Arabisch und Yoruba.<\/p>\n\n\n\n<h2 class=\"wp-block-heading p3\">Schl\u00fcsselindustrien<\/h2>\n\n\n\n<p class=\"p1\">Die Landwirtschaft ist der wichtigste Wirtschaftszweig Benins. Die Beniner betreiben Subsistenzlandwirtschaft. Die Bauern versorgen zun\u00e4chst ihre Familie und die lokalen Bed\u00fcrfnisse. Dann versorgen sie regionale oder internationale M\u00e4rkte. Diese Bauern bauen marktwirtschaftliche Nutzpflanzen an und bauen Fr\u00fcchte und N\u00fcsse an. Sie exportieren entk\u00f6rnte Baumwolle und Baumwollsamen. Weitere Exportg\u00fcter sind Cashewn\u00fcsse, Sheabutter, Speise\u00f6l und Bauholz.<\/p>\n\n\n\n<h2 class=\"wp-block-heading p1\">Nachbarschaften<\/h2>\n\n\n\n<p class=\"p2\">Porto-Novo, auch Hogbonu oder \u00c0j\u00e1sh\u00e9 Il\u00e9 genannt, ist die Hauptstadt Benins. Porto Novo kann uns so viel \u00fcber Benins Kultur und Geschichte erz\u00e4hlen. In Porto Novo finden Sie das Ethnografische Museum, das eine beeindruckende Sammlung von Yoruba-Masken besitzt. Das Museum verf\u00fcgt auch \u00fcber viele Artefakte.<\/p>\n\n\n\n<p class=\"p2\">Der Palast von K\u00f6nig Toffa zeigt, wie afrikanische K\u00f6nige lebten. Im Jardin Place Jean Bayol finden Sie eine Statue des ersten K\u00f6nigs von Porto Novo. Das Da Silva Museum und die Is\u00e9bay\u00e9-Stiftung pr\u00e4sentieren die Geschichte Benins. Au\u00dferdem gibt es Ausstellungen \u00fcber die einheimische Religion des Landes \u2013 Voodoo.<\/p>\n\n\n\n<p class=\"p2\">Cotonou ist die gr\u00f6\u00dfte Stadt Benins. Sie ist zwar nicht die Hauptstadt, doch der Regierungssitz sowie mehrere Regierungsgeb\u00e4ude und -dienste befinden sich in Cotonou. Viele betrachten diese Stadt als die \u201eWirtschaftshauptstadt\u201c Benins.<\/p>\n\n\n\n<h2 class=\"wp-block-heading p1\">Trends<\/h2>\n\n\n\n<p class=\"p2\">Kunst spielt in der beninischen Kultur eine entscheidende Rolle. In jedem Dorf finden Sie Skulpturen, T\u00f6pferwaren, Holzschnitzereien, Masken und Wandteppiche. Die Menschen in Benin bewahren ihre vorkoloniale Kultur durch Kunst. Auf diese Weise integrieren sie auch die franz\u00f6sische Kultur.<\/p>\n\n\n\n<h2 class=\"wp-block-heading p1\">Marktchancen<\/h2>\n\n\n\n<p class=\"p2\">The Autonomous Port of Cotonou is the greatest strength of Benin&#8217;s Economy. It facilitates trade with Europe and the American continent and provides a gateway to Asia and other <a href=\"https:\/\/www.sisinternational.com\/de\/abdeckung\/marktforschung-afrika\/marktforschung-in-marokko-nordafrika\/\" title=\"Marktforschung in Marokko, Nordwestafrikanischer Kontinent\"  data-wpil-monitor-id=\"7707\">African<\/a> countries. This port is the fourth most important on the entire continent of Africa. It facilitates about 90% of Benin&#8217;s international trade.<\/p>\n\n\n\n<h2 class=\"wp-block-heading p1\">Verbraucherbasis<\/h2>\n\n\n\n<p class=\"p2\">The people of Benin buy most of their meat and perishable items from <a href=\"https:\/\/www.sisinternational.com\/de\/sachverstand\/branchen\/marktforschung-fur-kleine-und-mittlere-unternehmen\/\" title=\"Marktforschung f\u00fcr kleine und mittlere Unternehmen\"  data-wpil-monitor-id=\"7705\">small wet markets<\/a>, which you will find in many of the villages. The shops and big markets or dry <a href=\"https:\/\/www.sisinternational.com\/de\/veroffentlichungen\/kauferverhalten-nach-corona-neue-verbraucher\/\" title=\"K\u00e4uferverhalten nach Corona \u2013 Verbrauchermarktforschung\"  data-wpil-monitor-id=\"7699\">markets provide consumers<\/a> with nonperishable items. Benin imports most of these nonperishable items. Because Benin is dependent on subsistence farming, these small <a href=\"https:\/\/www.sisinternational.com\/de\/sachverstand\/branchen\/marktforschung-fur-airline-essen-im-bordcatering\/\" title=\"Marktforschung f\u00fcr Flugzeugnahrung und Bordverpflegung\"  data-wpil-monitor-id=\"7701\">markets are enough to cater<\/a> to the needs of the people.<\/p>\n\n\n\n<h2 class=\"wp-block-heading p1\">Gr\u00fcnde, Ihr Gesch\u00e4ft in Benin auszubauen<\/h2>\n\n\n\n<p class=\"p2\">Benin ist ein junges Land, eigentlich eines der j\u00fcngsten auf der Weltb\u00fchne. Es erlangte 1960 seine Unabh\u00e4ngigkeit von Frankreich. Benins Bev\u00f6lkerung w\u00e4chst. Und auch seine Wirtschaft.<\/p>\n\n\n\n<p class=\"p2\">In Benin gibt es viel Raum f\u00fcr Entwicklung. Es gibt viele Waren und Dienstleistungen, die Sie den Menschen in Benin anbieten k\u00f6nnen. Sie werden Auftr\u00e4ge bekommen, insbesondere wenn Sie der einzige Anbieter dieser Dienstleistung oder Ware sind. Selbst wenn sich das Land entwickelt, haben Sie als eines der ersten Unternehmen dieser Art bereits einen treuen Kundenstamm aufgebaut. Wenn Sie der fr\u00fche Vogel sind, wird Ihr Unternehmen lange bestehen. Ihr Unternehmen wird florieren, w\u00e4hrend die Wirtschaft und Bev\u00f6lkerung Benins wachsen.<\/p>\n\n\n\n<h2 class=\"wp-block-heading\">\u00dcber Marktforschung in Benin<\/h2>\n\n\n\n<p>If you&#8217;re a business owner or executive interested in doing business in Benin, we\u2019ve got you. We organize <a href=\"https:\/\/www.sisinternational.com\/de\/losungen\/fokusgruppen-marktforschung\/\" title=\"Fokusgruppe Marktforschung\"  data-wpil-monitor-id=\"7694\">Focus Groups in the different African markets<\/a>. We can also undertake Quantitative, Qualitative, and <a href=\"https:\/\/www.sisinternational.com\/de\/losungen\/reise-tourismus-und-gastgewerbeberatung\/hotelmanagementunternehmen-marktforschung-strategieberatung\/\" title=\"Marktforschung und Strategieberatung f\u00fcr Hotelmanagementunternehmen\"  data-wpil-monitor-id=\"7697\">Strategy Research for your company<\/a>. This information is pertinent for goal-making. It&#8217;s the first step to the <a href=\"https:\/\/www.sisinternational.com\/de\/predictive-analytics\/\" title=\"Predictive Analytics: Your Crystal Ball for Business Success\"  data-wpil-monitor-id=\"7703\">success of your business<\/a> in Benin. We dig through survey findings, articles, statistics, and more, then we compile essential information for you and your business. We hope this article gives you the answers you&#8217;re looking for in your investment in Benin.<\/p>\n\n\n\n<p><\/p>","protected":false},"excerpt":{"rendered":"<p>Erweitern Sie Ihr Gesch\u00e4ft in Afrika mit Marktforschung in Benin.<\/p>","protected":false},"author":1,"featured_media":65247,"parent":14281,"menu_order":2,"comment_status":"closed","ping_status":"closed","template":"","meta":{"footnotes":""},"class_list":["post-37590","page","type-page","status-publish","has-post-thumbnail"],"_links":{"self":[{"href":"https:\/\/www.sisinternational.com\/de\/wp-json\/wp\/v2\/pages\/37590","targetHints":{"allow":["GET"]}}],"collection":[{"href":"https:\/\/www.sisinternational.com\/de\/wp-json\/wp\/v2\/pages"}],"about":[{"href":"https:\/\/www.sisinternational.com\/de\/wp-json\/wp\/v2\/types\/page"}],"author":[{"embeddable":true,"href":"https:\/\/www.sisinternational.com\/de\/wp-json\/wp\/v2\/users\/1"}],"replies":[{"embeddable":true,"href":"https:\/\/www.sisinternational.com\/de\/wp-json\/wp\/v2\/comments?post=37590"}],"version-history":[{"count":5,"href":"https:\/\/www.sisinternational.com\/de\/wp-json\/wp\/v2\/pages\/37590\/revisions"}],"predecessor-version":[{"id":81297,"href":"https:\/\/www.sisinternational.com\/de\/wp-json\/wp\/v2\/pages\/37590\/revisions\/81297"}],"up":[{"embeddable":true,"href":"https:\/\/www.sisinternational.com\/de\/wp-json\/wp\/v2\/pages\/14281"}],"wp:featuredmedia":[{"embeddable":true,"href":"https:\/\/www.sisinternational.com\/de\/wp-json\/wp\/v2\/media\/65247"}],"wp:attachment":[{"href":"https:\/\/www.sisinternational.com\/de\/wp-json\/wp\/v2\/media?parent=37590"}],"curies":[{"name":"wp","href":"https:\/\/api.w.org\/{rel}","templated":true}]}}