{"id":37390,"date":"2021-05-02T00:33:25","date_gmt":"2021-05-02T00:33:25","guid":{"rendered":"https:\/\/www.sisinternational.com\/?page_id=37390"},"modified":"2026-03-16T23:17:06","modified_gmt":"2026-03-17T03:17:06","slug":"marktforschung","status":"publish","type":"page","link":"https:\/\/www.sisinternational.com\/de\/market-entry-intelligence-page\/marktforschung\/","title":{"rendered":"Marktforschung"},"content":{"rendered":"<h2 style=\"background: linear-gradient(to right, #001f3f 0%, #003d7a 30%, #1e90ff 70%, #74c0fc 100%); background: -webkit-linear-gradient(left, #001f3f 0%, #003d7a 30%, #1e90ff 70%, #74c0fc 100%); -webkit-background-clip: text; -webkit-text-fill-color: transparent; background-clip: text; font-size: 2.5rem; font-weight: 700; line-height: 1.2; display: inline-block; margin: 0;\">Marktforschung<\/h2>\n\n\n\n<p><\/p>\n\n\n\n<figure class=\"gb-block-image gb-block-image-2cdc38c9\"><img loading=\"lazy\" decoding=\"async\" width=\"1456\" height=\"816\" class=\"gb-image gb-image-2cdc38c9\" src=\"https:\/\/www.sisinternational.com\/wp-content\/uploads\/2025\/08\/Strategy-consulting-20.jpg\" alt=\"SIS International Marktforschung &amp; Strategie\" title=\"Strategy consulting (20)\" srcset=\"https:\/\/www.sisinternational.com\/wp-content\/uploads\/2025\/08\/Strategy-consulting-20.jpg 1456w, https:\/\/www.sisinternational.com\/wp-content\/uploads\/2025\/08\/Strategy-consulting-20-300x168.jpg 300w, https:\/\/www.sisinternational.com\/wp-content\/uploads\/2025\/08\/Strategy-consulting-20-1024x574.jpg 1024w, https:\/\/www.sisinternational.com\/wp-content\/uploads\/2025\/08\/Strategy-consulting-20-768x430.jpg 768w, https:\/\/www.sisinternational.com\/wp-content\/uploads\/2025\/08\/Strategy-consulting-20-18x10.jpg 18w\" sizes=\"auto, (max-width: 1456px) 100vw, 1456px\"><\/figure>\n\n\n\n<hr class=\"wp-block-separator has-alpha-channel-opacity is-style-dots\"\/>\n\n\n\n<h2 class=\"wp-block-heading\" id=\"businesses-are-experiencing-a-lot-of-pressure-due-to-rapid-market-changes\">Unternehmen stehen aufgrund der raschen Marktver\u00e4nderungen unter gro\u00dfem Druck.<\/h2>\n\n\n\n<p>Bei der Erweiterung ihres Produktportfolios und der Erschlie\u00dfung neuer M\u00e4rkte ist die Notwendigkeit von Marktinformationen nicht zu \u00fcbersehen.<\/p>\n\n\n\n<p>Durch die Durchf\u00fchrung einer Marktbewertung k\u00f6nnen F\u00fchrungskr\u00e4fte Wachstumschancen erkennen, Risiken vermeiden und erfolgreiche Marketingstrategien entwickeln.<\/p>\n\n\n\n<p><\/p>\n\n\n\n<p><\/p>\n\n\n\n<div class=\"wp-block-columns has-global-color-9-color has-text-color has-background has-link-color wp-elements-3c95a7df760f47e3bb676623121367df is-layout-flex wp-container-core-columns-is-layout-9d6595d7 wp-block-columns-is-layout-flex\" style=\"background-color:#f7f9fa6e\">\n<div class=\"wp-block-column is-layout-flow wp-block-column-is-layout-flow\" style=\"flex-basis:18%\"><\/div>\n\n\n\n<div class=\"wp-block-column is-vertically-aligned-center is-layout-flow wp-block-column-is-layout-flow\" style=\"flex-basis:71.28%\">\n<div class=\"wp-block-rank-math-toc-block aligncenter has-global-color-9-color has-text-color has-link-color wp-elements-6a4b28161f501b837bf1ba82b4e087b0\" style=\"font-size:16px\" id=\"rank-math-toc\"><h2><br><strong>T<\/strong>able of Contents<\/h2><nav><ul><li class=\"\"><a href=\"#businesses-are-experiencing-a-lot-of-pressure-due-to-rapid-market-changes\">Unternehmen stehen aufgrund der raschen Marktver\u00e4nderungen unter gro\u00dfem Druck.<\/a><\/li><li class=\"\"><a href=\"#importance-of-conducting-market-assessment\">Bedeutung der Durchf\u00fchrung einer Marktbewertung<\/a><\/li><li class=\"\"><a href=\"#when-should-businesses-conduct-market-research\">Wann sollten Unternehmen Marktforschung betreiben?<\/a><\/li><li class=\"\"><a href=\"#what-are-the-key-success-factors-in-market-research\">Was sind die wichtigsten Erfolgsfaktoren in der Marktforschung?<\/a><\/li><li class=\"\"><a href=\"#trends-in-market-assessment\">Trends in der Markteinsch\u00e4tzung<\/a><\/li><li class=\"\"><a href=\"#benefits-of-conducting-market-assessments\">Vorteile der Durchf\u00fchrung von Marktbewertungen<\/a><\/li><\/ul><\/nav><\/div>\n<\/div>\n<\/div>\n\n\n\n<p><\/p>\n\n\n\n<h2 class=\"wp-block-heading\" id=\"importance-of-conducting-market-assessment\">Bedeutung der Durchf\u00fchrung einer Marktbewertung<\/h2>\n\n\n\n<p>Ein erfolgreiches Marktbewertungsprojekt f\u00fchrt zu einem Verst\u00e4ndnis sowohl des Marktes als auch des Kunden. Durch die Beantwortung von Fragen zu Nachfrage, Markts\u00e4ttigung, Preisgestaltung und sogar Wirtschaftsindikatoren erm\u00f6glicht die Marktbewertung Unternehmen Folgendes:<\/p>\n\n\n\n<ul class=\"wp-block-list\">\n<li>Identifizieren Sie potenzielle Kunden und deren Kaufgewohnheiten<\/li>\n\n\n\n<li>Finden Sie heraus, ob Kunden bereit sind, ein Produkt zu kaufen und es sich leisten k\u00f6nnen<\/li>\n\n\n\n<li>Bestimmen Sie die Gr\u00f6\u00dfe des Marktes und ob er w\u00e4chst oder schrumpft<\/li>\n\n\n\n<li>Identifizieren Sie vorhandene Marktsegmente und legen Sie fest, in welchen Sie konkurrieren m\u00f6chten<\/li>\n\n\n\n<li>Pr\u00fcfen Sie, ob ein Produkt oder eine Dienstleistung zum Markt passt<\/li>\n\n\n\n<li>Bewerten Sie die bestehende Konkurrenz und verstehen Sie deren St\u00e4rken und Schw\u00e4chen<\/li>\n\n\n\n<li>Nutzen Sie die Chancen, die einen hohen ROI bieten<\/li>\n<\/ul>\n\n\n\n<h2 class=\"wp-block-heading\" id=\"when-should-businesses-conduct-market-research\">Wann sollten Unternehmen Marktforschung betreiben?<\/h2>\n\n\n\n<p>Obwohl Unternehmen regelm\u00e4\u00dfig Marktforschung betreiben sollten, tun dies die meisten nur, wenn sie mit bestimmten Situationen konfrontiert sind. Hier sind einige F\u00e4lle, die Unternehmen oft dazu veranlassen, eine Marktbewertung durchzuf\u00fchren:<\/p>\n\n\n\n<ul class=\"wp-block-list\">\n<li>Wenn Sie ein Alleinstellungsmerkmal schaffen m\u00f6chten<\/li>\n\n\n\n<li>Beim Testen zuvor getroffener Annahmen<\/li>\n\n\n\n<li>Wenn Sie w\u00e4hrend oder nach einer Krise versuchen, sich neu zu etablieren<\/li>\n\n\n\n<li>Bei der Suche nach neuen Marktchancen zur F\u00f6rderung des Wachstums<\/li>\n\n\n\n<li>Wenn Sie nach objektiven Daten suchen, die Ihnen bei der Entscheidungsfindung f\u00fcr langfristige Gesch\u00e4ftsentscheidungen helfen<\/li>\n\n\n\n<li>Wenn man versucht, die Zukunft des Marktes vorherzusagen<\/li>\n<\/ul>\n\n\n\n<h2 class=\"wp-block-heading\" id=\"what-are-the-key-success-factors-in-market-research\">Was sind die wichtigsten Erfolgsfaktoren in der Marktforschung?<\/h2>\n\n\n\n<p>Wenn ein Marktbewertungsprojekt nicht gut geplant und durchgef\u00fchrt wird, kann es ein kostspieliges Unterfangen sein, das nicht einmal aussagekr\u00e4ftige Daten liefert. Um die Art von Marktinformationen zu erhalten, die F\u00fchrungskr\u00e4fte ben\u00f6tigen, um Entscheidungen sicher treffen zu k\u00f6nnen, sollten Forscher bestimmte Faktoren ber\u00fccksichtigen.<\/p>\n\n\n\n<p><strong>1. Ziele der Marktbewertung definieren<\/strong><\/p>\n\n\n\n<p>Marktbewertungsprojekte sollten ein oder zwei klare und spezifische Ziele haben. Je klarer die Ziele, desto einfacher sind sie zu verstehen und darauf hinzuarbeiten.<\/p>\n\n\n\n<p>Dies ist wichtig, da die Ziele der Marktforschung alles bestimmen, von der Forschungsmethodik bis hin zum zu bewertenden Marktsegment und Publikum.<\/p>\n\n\n\n<p><strong>2. Bestimmen Sie Ihre Kapazit\u00e4t zur Durchf\u00fchrung von Marktforschung<\/strong><\/p>\n\n\n\n<p>F\u00fchrungskr\u00e4fte sollten die F\u00e4higkeit ihrer internen Teams beurteilen, die geplante Marktanalyse durchzuf\u00fchren. Je nach Forschungszweck gibt es Situationen, in denen die Zusammenarbeit mit einem spezialisierten Forschungsinstitut am besten ist.<\/p>\n\n\n\n<p>Diese Agenturen verf\u00fcgen \u00fcber Branchenexperten auf der ganzen Welt, die wissen, worauf zu achten ist und wie sich Erkenntnisse aus prim\u00e4ren und sekund\u00e4ren Informationsquellen gewinnen lassen.<\/p>\n\n\n\n<p><strong>3. Die richtigen Daten sammeln<\/strong><\/p>\n\n\n\n<p>Die Datenerfassung ist ein wichtiger Teil der Marktforschung. Da Daten die Grundlage f\u00fcr Strategie und Entscheidungsfindung sind, ist es wichtig, dass die erfassten Daten genau sind und sich auf die definierten Ziele der Marktbewertung konzentrieren.<\/p>\n\n\n\n<p>Um qualitativ hochwertige Daten zu erhalten, m\u00fcssen Forscher Datenerfassungstools ausw\u00e4hlen, das richtige Publikum ansprechen und den geeigneten Zeitpunkt f\u00fcr die Durchf\u00fchrung der Untersuchung ermitteln.<\/p>\n\n\n\n<p><strong>4. Datenanalyse und Interpretation<\/strong><\/p>\n\n\n\n<p>Die Analyse und Interpretation von Forschungsdaten erfordert die richtigen F\u00e4higkeiten und Werkzeuge. Teams mit Gesch\u00e4ftssinn erzielen bessere Ergebnisse, da sie erkennen, wie alles zusammenh\u00e4ngt und wie alles zur Erreichung von Gesch\u00e4ftszielen eingesetzt werden kann.<\/p>\n\n\n\n<p>Um die Entscheidungsfindung zu erleichtern, sollten Marktbewertungsberichte relevante Informationen hervorheben und leicht verst\u00e4ndlich sein. Sie sollten zeigen, wie Schlussfolgerungen gezogen und Strategien aus den gewonnenen Marktinformationen entwickelt wurden.<\/p>\n\n\n\n<h2 class=\"wp-block-heading\" id=\"trends-in-market-assessment\">Trends in der Markteinsch\u00e4tzung<\/h2>\n\n\n\n<p>Neue Technologien werden f\u00fcr Forschungszwecke eingesetzt, w\u00e4hrend gleichzeitig dar\u00fcber nachgedacht wird, wie mehr Befragte an der Forschung teilnehmen k\u00f6nnen. Einige der Trends in der Marktforschung sind:<\/p>\n\n\n\n<p><strong>1. <a href=\"https:\/\/www.sisinternational.com\/de\/losungen\/innovation\/agile-marktforschung\/\" title=\"Agile Marktforschung\" data-wpil-monitor-id=\"6111\">Agile Marktforschung<\/a><\/strong><\/p>\n\n\n\n<p>Marktforschung wird iterativ, so dass das Projekt an sich nie abgeschlossen ist. Stattdessen wird es in kleinen Abschnitten fortgesetzt, wobei jede Aufgabe auf den Erkenntnissen der vorherigen aufbaut.<\/p>\n\n\n\n<p>Dies f\u00fchrt zu einem Wandel der Methoden und dem Einsatz von Tools, die bei der Datenerfassung in einem sich schnell ver\u00e4ndernden Markt helfen. Um von einem agilen Ansatz in der Marktforschung zu profitieren, m\u00fcssen Unternehmen agile Prozesse \u00fcbernehmen. So k\u00f6nnen sie die kurzen Erkenntnissch\u00fcbe problemlos f\u00fcr das Unternehmenswachstum nutzen.<\/p>\n\n\n\n<p><strong>2. Soziales Zuh\u00f6ren<\/strong><\/p>\n\n\n\n<p>Menschen verbringen einen Gro\u00dfteil ihres Lebens online, was Forschern die M\u00f6glichkeit bietet, durch Social Listening Daten zu sammeln. Da Menschen auf sozialen Plattformen offen pers\u00f6nliche Informationen und Meinungen teilen, k\u00f6nnen sich durch Social Listening gesammelte Daten als sehr authentisch erweisen.<\/p>\n\n\n\n<p>Zu den Erstanbieterdaten, die Forscher erfassen k\u00f6nnen, geh\u00f6ren unter anderem:<\/p>\n\n\n\n<ul class=\"wp-block-list\">\n<li>Kundenprobleme und Vorschl\u00e4ge zur Produktverbesserung<\/li>\n\n\n\n<li>Markenbekanntheit und (Fehl-)Wahrnehmungen<\/li>\n\n\n\n<li>Kaufverhalten<\/li>\n\n\n\n<li>Emotionale Ausl\u00f6ser, die Kundenaktionen vorantreiben<\/li>\n\n\n\n<li>Trends auf der Mikro- und Makroebene<\/li>\n<\/ul>\n\n\n\n<p><strong>3. K\u00fcnstliche Intelligenz f\u00fcr die Marktforschung nutzen<\/strong><\/p>\n\n\n\n<p>Da wir uns immer mehr dem Tracking ohne Cookies zuwenden, sammeln Unternehmen aggressiv Daten. Da die Datenverarbeitung und -analyse banal und zeitaufw\u00e4ndig ist, hat sich KI als leistungsf\u00e4hige L\u00f6sung erwiesen.<\/p>\n\n\n\n<p>Mithilfe von KI werden Daten aus verschiedenen Kan\u00e4len gesammelt, sortiert und analysiert sowie Berichte erstellt, die Entscheidungstr\u00e4gern dabei helfen, schneller Schlussfolgerungen zu ziehen und die richtigen Strategien zu entwickeln.<\/p>\n\n\n\n<p><strong>4. L\u00e4ngsschnittforschung<\/strong><\/p>\n\n\n\n<p>Durch die Beobachtung einer bestimmten Gruppe von Befragten \u00fcber einen langen Zeitraum hinweg k\u00f6nnen Forscher mithilfe der L\u00e4ngsschnittforschung Daten sammeln, die ihnen dabei helfen, ein Verst\u00e4ndnis des Marktes auf Makroebene zu entwickeln.<\/p>\n\n\n\n<p>Mithilfe der durch L\u00e4ngsschnittverfolgung gesammelten Daten k\u00f6nnen Verbindungen zwischen Ausl\u00f6sern und Aktionen sowie zwischen Ursachen und Wirkungen erkannt werden. Dar\u00fcber hinaus k\u00f6nnen Forscher k\u00fcnftige Trends problemlos vorhersagen.<\/p>\n\n\n\n<h2 class=\"wp-block-heading\" id=\"benefits-of-conducting-market-assessments\">Vorteile der Durchf\u00fchrung von Marktbewertungen<\/h2>\n\n\n\n<p>Eine Marktbewertung kann viel bringen. Umfassende Marktkenntnisse k\u00f6nnen Ihrem Unternehmen dabei helfen:<\/p>\n\n\n\n<ul class=\"wp-block-list\">\n<li>Kennen Sie Ihre Kunden und passen Sie Ihre Angebote entsprechend an<\/li>\n\n\n\n<li>Reduzieren Sie Ihr Gesch\u00e4ftsrisiko durch das Verst\u00e4ndnis von Marktdynamik, Erfolgsfaktoren und neuen Trends<\/li>\n\n\n\n<li>Branchenanomalien erkennen und deren Auswirkungen vermeiden<\/li>\n\n\n\n<li>Optimieren Sie Ihre Marketingbem\u00fchungen und -ressourcen f\u00fcr hochwertige Leads<\/li>\n\n\n\n<li>Bestimmen Sie, welche Benchmarks zur Bewertung des Gesch\u00e4ftserfolgs verwendet werden sollen<\/li>\n\n\n\n<li>Ums\u00e4tze aus neuen Produkten oder Expansionspl\u00e4nen prognostizieren und die richtigen Entscheidungen treffen<\/li>\n<\/ul>\n\n\n<h2>Unser Standort in New York<\/h2>\n<p><!-- \/wp:post-content --> <!-- wp:html --> <iframe loading=\"lazy\" src=\"https:\/\/www.google.com\/maps\/embed?pb=!1m18!1m12!1m3!1d3022.976188376966!2d-73.99130312499956!3d40.740549471389315!2m3!1f0!2f0!3f0!3m2!1i1024!2i768!4f13.1!3m3!1m2!1s0x89c259a15798c731%3A0xd695d09bdd495f25!2s11%20E%2022nd%20St%20FL%202%2C%20New%20York%2C%20NY%2010010%2C%20USA!5e0!3m2!1sen!2spe!4v1726171763526!5m2!1sen!2spe\" width=\"600\" height=\"450\" allowfullscreen=\"allowfullscreen\" data-mce-fragment=\"1\"><\/iframe> <!-- \/wp:html --> <!-- wp:paragraph --><\/p>\n<h3 class=\"wp-block-heading\">11 E 22nd Street, Floor 2, New York, NY 10010 T: +1(212) 505-6805<\/h3>\n<hr \/>\n<h2><span style=\"font-weight: 400;\">\u00dcber SIS International<\/span><\/h2>\n<p><a href=\"https:\/\/www.sisinternational.com\/de\/\"><span style=\"font-weight: 400;\">SIS International<\/span><\/a><span style=\"font-weight: 400;\"> bietet quantitative, qualitative und strategische Forschung an. Wir liefern Daten, Tools, Strategien, Berichte und Erkenntnisse zur Entscheidungsfindung. Wir f\u00fchren auch Interviews, Umfragen, Fokusgruppen und andere Methoden und Ans\u00e4tze der Marktforschung durch.<\/span><a href=\"https:\/\/www.sisinternational.com\/de\/uber-sis-international-research\/contact-sis-international-market-research\/\"><span style=\"font-weight: 400;\"> Kontakt<\/span><\/a><span style=\"font-weight: 400;\"> f\u00fcr Ihr n\u00e4chstes Marktforschungsprojekt.<\/span><\/p>\n<p><!-- wp:heading --><\/p>\n<h2 id=\"about-market-assessment-research\" class=\"wp-block-heading\">\u00a0<\/h2>\n<p><!-- \/wp:heading --><\/p>","protected":false},"excerpt":{"rendered":"<p>Entdecken Sie, wie Sie Ihr Gesch\u00e4ft mit Marktforschung ausbauen k\u00f6nnen.<\/p>","protected":false},"author":1,"featured_media":62554,"parent":84510,"menu_order":14,"comment_status":"closed","ping_status":"closed","template":"","meta":{"footnotes":""},"class_list":["post-37390","page","type-page","status-publish","has-post-thumbnail"],"_links":{"self":[{"href":"https:\/\/www.sisinternational.com\/de\/wp-json\/wp\/v2\/pages\/37390","targetHints":{"allow":["GET"]}}],"collection":[{"href":"https:\/\/www.sisinternational.com\/de\/wp-json\/wp\/v2\/pages"}],"about":[{"href":"https:\/\/www.sisinternational.com\/de\/wp-json\/wp\/v2\/types\/page"}],"author":[{"embeddable":true,"href":"https:\/\/www.sisinternational.com\/de\/wp-json\/wp\/v2\/users\/1"}],"replies":[{"embeddable":true,"href":"https:\/\/www.sisinternational.com\/de\/wp-json\/wp\/v2\/comments?post=37390"}],"version-history":[{"count":10,"href":"https:\/\/www.sisinternational.com\/de\/wp-json\/wp\/v2\/pages\/37390\/revisions"}],"predecessor-version":[{"id":84649,"href":"https:\/\/www.sisinternational.com\/de\/wp-json\/wp\/v2\/pages\/37390\/revisions\/84649"}],"up":[{"embeddable":true,"href":"https:\/\/www.sisinternational.com\/de\/wp-json\/wp\/v2\/pages\/84510"}],"wp:featuredmedia":[{"embeddable":true,"href":"https:\/\/www.sisinternational.com\/de\/wp-json\/wp\/v2\/media\/62554"}],"wp:attachment":[{"href":"https:\/\/www.sisinternational.com\/de\/wp-json\/wp\/v2\/media?parent=37390"}],"curies":[{"name":"wp","href":"https:\/\/api.w.org\/{rel}","templated":true}]}}