{"id":37069,"date":"2021-04-13T15:04:33","date_gmt":"2021-04-13T15:04:33","guid":{"rendered":"https:\/\/www.sisinternational.com\/?page_id=37069"},"modified":"2026-01-25T16:37:08","modified_gmt":"2026-01-25T21:37:08","slug":"marktforschung-im-fertigungsbereich","status":"publish","type":"page","link":"https:\/\/www.sisinternational.com\/de\/losungen\/marktforschung-im-fertigungsbereich\/","title":{"rendered":"Marktforschung im verarbeitenden Gewerbe"},"content":{"rendered":"<h1 class=\"wp-block-heading\">Marktforschung im verarbeitenden Gewerbe<\/h1>\n\n\n\n<figure class=\"gb-block-image gb-block-image-adda95e4\"><img loading=\"lazy\" decoding=\"async\" width=\"1456\" height=\"816\" class=\"gb-image gb-image-adda95e4\" src=\"https:\/\/www.sisinternational.com\/wp-content\/uploads\/2025\/08\/Manufacturing-7.jpg\" alt=\"SIS International Marktforschung &amp; Strategie\" title=\"Manufacturing (7)\" srcset=\"https:\/\/www.sisinternational.com\/wp-content\/uploads\/2025\/08\/Manufacturing-7.jpg 1456w, https:\/\/www.sisinternational.com\/wp-content\/uploads\/2025\/08\/Manufacturing-7-300x168.jpg 300w, https:\/\/www.sisinternational.com\/wp-content\/uploads\/2025\/08\/Manufacturing-7-1024x574.jpg 1024w, https:\/\/www.sisinternational.com\/wp-content\/uploads\/2025\/08\/Manufacturing-7-768x430.jpg 768w, https:\/\/www.sisinternational.com\/wp-content\/uploads\/2025\/08\/Manufacturing-7-18x10.jpg 18w\" sizes=\"auto, (max-width: 1456px) 100vw, 1456px\"><\/figure>\n\n\n\n<p><\/p>\n\n\n\n<h2 class=\"wp-block-heading\">Da der Wettbewerb zwischen den Herstellern immer h\u00e4rter wird, sind Innovationen auf Basis neuer Technologien die einzige M\u00f6glichkeit, Marktanteile zu halten und zu wachsen.<\/h2>\n\n\n\n<p>Dabei kommt es nicht wirklich darauf an, wer am schnellsten vorankommt, sondern wer den richtigen Schritt macht. Marktforschung im Fertigungsbereich wird das Wachstum und die Rentabilit\u00e4t Ihres Unternehmens optimieren.<\/p>\n\n\n\n<h2 class=\"wp-block-heading p3\">Bedeutung der Marktforschung im Fertigungsbereich<\/h2>\n\n\n\n<p class=\"p1\">Due to the effects of a global disruption in trade, more and more manufacturers are seeing the need to diversify or expand into new markets. Expanding and launching new <a href=\"https:\/\/www.sisinternational.com\/de\/sachverstand\/lebenslaufe\/marktforschung-fur-korperpflegeprodukte\/\" title=\"Marktforschung f\u00fcr K\u00f6rperpflegeprodukte\"  data-wpil-monitor-id=\"11061\">products requires market<\/a> knowledge. With a team of experts across the globe, our <a class=\"wpil_keyword_link\" href=\"https:\/\/www.sisinternational.com\/de\/losungen\/qualitative-quantitative-forschungslosungen\/marktforschung-im-fertigungsbereich\/\"   title=\"Marktforschung im verarbeitenden Gewerbe\" data-wpil-keyword-link=\"linked\"  data-wpil-monitor-id=\"427\">Marktforschung im Fertigungsbereich<\/a> initiatives help manufacturers by providing insights like:<\/p>\n\n\n\n<ul class=\"wp-block-list ul1\">\n<li>Suitable new <a href=\"https:\/\/www.sisinternational.com\/de\/losungen\/strategieberatung\/marktforschung-fur-minimal-funktionsfahige-produkte\/\" title=\"Marktforschung f\u00fcr minimal funktionsf\u00e4hige Produkte\"  data-wpil-monitor-id=\"11062\">markets for their products<\/a><\/li>\n\n\n\n<li>Datengest\u00fctzte Buyer Personas von Initiatoren und Entscheidern<\/li>\n\n\n\n<li>Marktinformationen zum Verst\u00e4ndnis der Marktdynamik<\/li>\n\n\n\n<li><a href=\"https:\/\/www.sisinternational.com\/de\/losungen\/sis-globales-wachstum\/markteintrittsstrategie\/\" title=\"Markteintrittsberatung\"  data-wpil-monitor-id=\"11057\">Markteintrittsstrategien<\/a> that guarantee a sizable market share<\/li>\n\n\n\n<li><a href=\"https:\/\/www.sisinternational.com\/de\/losungen\/qualitative-quantitative-forschungslosungen\/desk-research-for-competitive-analysis\/\" title=\"Desk Research for Competitive Analysis\"  data-wpil-monitor-id=\"11058\">Wettbewerbsforschung und -analyse<\/a><\/li>\n\n\n\n<li>Marketingkan\u00e4le und Botschaften, die bei der Zielgruppe Anklang finden<\/li>\n\n\n\n<li>Upselling- und Cross-Selling-M\u00f6glichkeiten<\/li>\n<\/ul>\n\n\n\n<h2 class=\"wp-block-heading p3\">Chancen und Trends im Fertigungssektor<\/h2>\n\n\n\n<p class=\"p1\">Die Hersteller arbeiten hart daran, ihre Produkte zu diversifizieren und alternative Lieferketten aufzubauen. Dies hat Fertigungsm\u00f6glichkeiten an neuen Standorten er\u00f6ffnet. W\u00e4hrend Indien, Malaysia, Singapur und Vietnam in der APAC-Region die F\u00fchrung \u00fcbernehmen, steigt Mexiko als potenzielles Fertigungszentrum in der LATAM-Region auf.<\/p>\n\n\n\n<p class=\"p1\">While the APAC hubs are competing against China through business-friendly government policies and cheap labor, Mexico is competing based on its proximity to the US.<\/p>\n\n\n\n<h2 class=\"wp-block-heading p5\">Top-Trends in der Fertigung<\/h2>\n\n\n\n<p class=\"p1\">Um den Umsatz zu steigern und Wachstum zu erzielen, greifen Hersteller auf neue Strategien zur\u00fcck. Diese zielen entweder auf die Kostensenkung oder die Erweiterung ihrer Umsatzkan\u00e4le ab.<\/p>\n\n\n\n<p class=\"p1\">Hier sind einige der Trends, die die Hersteller aufgreifen.<\/p>\n\n\n\n<h3 class=\"wp-block-heading p1\"><b>1. Sichtbarkeit verbessern<\/b><\/h3>\n\n\n\n<p class=\"p1\">Visibility is a critical part of the <a href=\"https:\/\/sisaisolutions.com\/application-of-ai-in-manufacturing\/\" target=\"_blank\" rel=\"noopener\">manufacturing business<\/a> as it helps in decision-making. To improve visibility, manufacturers are investing in digital solutions for data capture and analysis across the entire manufacturing ecosystem. This will help them identify breakpoints and opportunities for improvement.<\/p>\n\n\n\n<h3 class=\"wp-block-heading p1\"><b>2. Intelligente Fertigung<\/b><\/h3>\n\n\n\n<p class=\"p1\">Forward-thinking <a href=\"https:\/\/www.sisinternational.com\/de\/marktforschung-fur-intelligente-fertigung\/\" title=\"Marktforschung f\u00fcr Smart Manufacturing\" data-wpil-monitor-id=\"3628\">manufacturers<\/a> are working on \u201csmart factories\u201d where everything revolves around data. These manufacturers are moving from concept to reality by combining the power of data as well as different technologies and solutions to optimize the entire manufacturing process.<\/p>\n\n\n\n<h3 class=\"wp-block-heading p1\"><b>3. Automatisierung<\/b><\/h3>\n\n\n\n<p class=\"p1\">In der Fertigung ist Automatisierung die ultimative L\u00f6sung. Obwohl alle Anstrengungen in diese Richtung gehen, ist der Fachkr\u00e4ftemangel die gr\u00f6\u00dfte Herausforderung. Hersteller begegnen diesem Problem, indem sie ihre Mitarbeiter in neuen Technologien, Datenanalyse und Probleml\u00f6sung schulen und gleichzeitig flexible und dynamische Arbeitsumgebungen schaffen.<\/p>\n\n\n\n<h3 class=\"wp-block-heading p1\"><b>4. Vorausschauende Wartung<\/b><\/h3>\n\n\n\n<p class=\"p1\">Eine der h\u00e4ufigsten Ursachen f\u00fcr Ausfallzeiten in der Fertigung sind Ger\u00e4teausf\u00e4lle. Der Produktivit\u00e4tsverlust bringt enorme Kosten und potenzielle Verluste mit sich, w\u00e4hrend gleichzeitig die Kundenzufriedenheit aufgrund von Verz\u00f6gerungen bei der Lieferung von OEM-Teilen und Endprodukten leidet. Hersteller setzen auf pr\u00e4diktive Analysen und Wartung, um die Leistung der Ger\u00e4te zu \u00fcberwachen und ungeplante Ausf\u00e4lle zu reduzieren.<\/p>\n\n\n\n<h3 class=\"wp-block-heading p1\"><b>5. Agile Fertigung<\/b><\/h3>\n\n\n\n<p class=\"p1\">Hersteller suchen au\u00dferdem nach M\u00f6glichkeiten, schnell auf Kundenbed\u00fcrfnisse und gesch\u00e4ftliche Herausforderungen zu reagieren. Viele CIOs und CTOs haben festgestellt, dass sie schneller Ergebnisse erzielen, wenn sie ihre vorhandenen ERP-Systeme um eine Schicht agiler L\u00f6sungen erweitern. Datengesteuerte Erkenntnisse f\u00fchren zu Systemintegrationen und Prozessupgrades, was zu einer schnelleren Wertsch\u00f6pfung f\u00fchrt.<\/p>\n\n\n\n<h3 class=\"wp-block-heading p1\"><b>6. Cybersicherheit in der Fertigung<\/b><\/h3>\n\n\n\n<p class=\"p1\">Da Daten f\u00fcr Hersteller das wichtigste Kapital sind, wird der Cybersicherheit besondere Aufmerksamkeit gewidmet. Angesichts der steigenden Zahl von Ransomware-F\u00e4llen m\u00f6chten Hersteller in die richtigen L\u00f6sungen investieren. Die beste Option besteht darin, qualifizierte Cyber-Talente einzustellen und mit Anbietern zusammenzuarbeiten, die \u00fcber bew\u00e4hrte L\u00f6sungen und spezielle F&amp;E-Programme verf\u00fcgen.<\/p>\n\n\n\n<h2 class=\"wp-block-heading p5\">Neue Technologien in der Fertigung<\/h2>\n\n\n\n<p class=\"p1\">Hersteller setzen neue Technologien und L\u00f6sungen ein, um Kosten zu senken, die Effizienz zu verbessern und die Rentabilit\u00e4t zu steigern. Dazu geh\u00f6ren unter anderem:<\/p>\n\n\n\n<h3 class=\"wp-block-heading p1\"><b>1. Roboter in der Fertigung<\/b><\/h3>\n\n\n\n<p class=\"p1\">Obwohl Roboter schon seit einiger Zeit Teil der Fertigung sind, bringen einige Innovationen Ver\u00e4nderungen mit sich. So \u00fcbernehmen beispielsweise kollaborative Roboter (Cobots) gef\u00e4hrliche und sich wiederholende Aufgaben und erm\u00f6glichen es Menschen, an kreativen L\u00f6sungen und anderen erf\u00fcllenderen Aufgaben zu arbeiten.<\/p>\n\n\n\n<p class=\"p1\">Robots as a Service (RaaS) senkt die Kosten der Automatisierung, indem es Roboter zum Mieten anbietet. Durch RaaS k\u00f6nnen etablierte Hersteller mit Disruptionen durch Startups rechnen, so wie es in der Softwarewelt geschah, als PaaS und IaaS Realit\u00e4t wurden.<\/p>\n\n\n\n<h3 class=\"wp-block-heading p1\"><b>2. Blockchain in der Fertigungsindustrie<\/b><\/h3>\n\n\n\n<p class=\"p1\">Blockchain is quite a new technology in manufacturing. It is however being actively developed for use in manufacturing ecosystems by companies such as IBM, GE, and Samsung.<\/p>\n\n\n\n<p class=\"p1\">Blockchain wird zur Durchsetzung von Qualit\u00e4tskontrollvorschriften vom Rohstoff bis zum Endprodukt eingesetzt. Dar\u00fcber hinaus wird es verwendet, um den Beteiligten des \u00d6kosystems \u00fcber die gesamte Wertsch\u00f6pfungskette hinweg Transparenz und zus\u00e4tzliche Sichtbarkeit zu bieten.<\/p>\n\n\n\n<h3 class=\"wp-block-heading p1\"><b>3. K\u00fcnstliche Intelligenz in der Fertigung<\/b><\/h3>\n\n\n\n<p class=\"p1\"><a href=\"https:\/\/www.sisinternational.com\/de\/losungen\/ai-marktforschung-und-strategieberatung\/fertigungsautomatisierung-beratung-zu-kunstlicher-intelligenz\/\" title=\"Beratung zu Fertigungsautomatisierung und k\u00fcnstlicher Intelligenz\" data-wpil-monitor-id=\"11060\">Artificial Intelligence is finding applications in manufacturing<\/a> due to the availability of data. In many cases, AI is being implemented alongside robotics. Robots with AI capability will be the new frontier of competition. AI-capable robots can make perception-based decisions, making them far superior to traditional robots, which are limited to rule-based algorithms.<\/p>\n\n\n\n<h3 class=\"wp-block-heading p1\"><b>4. Industrielles Internet der Dinge (IIoT)<\/b><\/h3>\n\n\n\n<p class=\"p1\">Mit der Einf\u00fchrung von 5G-Netzen k\u00f6nnen Hersteller endlich beginnen <a href=\"https:\/\/www.zdnet.com\/article\/seven-tips-for-identifying-and-managing-iiot-deployment-costs\/\" target=\"_blank\" rel=\"noopener\">Implementierung von IIoT<\/a>Einige Hersteller beginnen bereits mit der Modernisierung ihrer internen Netzwerkinfrastruktur.<\/p>\n\n\n\n<p class=\"p1\">W\u00e4hrend Chip- und Sensorhersteller sowie Softwareentwickler daran arbeiten, IIoT Wirklichkeit werden zu lassen, werden sich die Hersteller, die vorausschauend planen, am schnellsten anpassen k\u00f6nnen, sobald alle Teile des Puzzles verf\u00fcgbar sind.<\/p>\n\n\n\n<h2 class=\"wp-block-heading p3\">Vorteile der Marktforschung im Fertigungsbereich<\/h2>\n\n\n\n<figure class=\"gb-block-image gb-block-image-a05cee9a\"><img loading=\"lazy\" decoding=\"async\" width=\"1456\" height=\"816\" class=\"gb-image gb-image-a05cee9a\" src=\"https:\/\/www.sisinternational.com\/wp-content\/uploads\/2025\/08\/Manufacturing-18.jpg\" alt=\"SIS International Marktforschung &amp; Strategie\" title=\"Manufacturing (18)\" srcset=\"https:\/\/www.sisinternational.com\/wp-content\/uploads\/2025\/08\/Manufacturing-18.jpg 1456w, https:\/\/www.sisinternational.com\/wp-content\/uploads\/2025\/08\/Manufacturing-18-300x168.jpg 300w, https:\/\/www.sisinternational.com\/wp-content\/uploads\/2025\/08\/Manufacturing-18-1024x574.jpg 1024w, https:\/\/www.sisinternational.com\/wp-content\/uploads\/2025\/08\/Manufacturing-18-768x430.jpg 768w, https:\/\/www.sisinternational.com\/wp-content\/uploads\/2025\/08\/Manufacturing-18-18x10.jpg 18w\" sizes=\"auto, (max-width: 1456px) 100vw, 1456px\"><\/figure>\n\n\n\n<p><\/p>\n\n\n\n<p class=\"p1\">Marktforschung ist der Schl\u00fcssel zum Unternehmenswachstum. Egal, ob Sie sich neu etablieren oder in neue M\u00e4rkte expandieren m\u00f6chten, das Verst\u00e4ndnis des Marktes ist ein Muss. Angesichts der sich st\u00e4ndig \u00e4ndernden Kundenbed\u00fcrfnisse und des hohen Wettbewerbs kann Ihnen Marktforschung als Hersteller beispielsweise folgende Vorteile bieten:<\/p>\n\n\n\n<ul class=\"wp-block-list ul1\">\n<li>Primary insights that cannot be attained through secondary sources<\/li>\n\n\n\n<li>Kenntnisse \u00fcber neue Branchen- und Kundentrends<\/li>\n\n\n\n<li><a href=\"https:\/\/www.sisinternational.com\/de\/losungen\/sis-globales-wachstum\/strategieberatung-fur-schwellenmarkte\/\" title=\"Strategieberatung f\u00fcr Schwellenm\u00e4rkte\" data-wpil-monitor-id=\"11063\">Strategies for market<\/a> capture by uncovering competitor strengths and weaknesses<\/li>\n\n\n\n<li>Risikominimierung<\/li>\n\n\n\n<li>Ideen zur Kundenbindung, um relevant zu bleiben<\/li>\n\n\n\n<li>Benchmarking zur Bewertung und Verbesserung von Produktivit\u00e4t und Wachstum<\/li>\n\n\n\n<li>Planung und Umsetzung einer Strategie f\u00fcr den Markteintritt und Marketingerfolg<\/li>\n<\/ul>\n\n\n\n<h2 class=\"wp-block-heading\">\u00dcber Manufacturing Market Research<\/h2>\n\n\n\n<p class=\"p1\">As an investment meant to shed light on your growth potential, market research needs to be conducted by experienced experts. At <a href=\"https:\/\/www.sisinternational.com\/de\/kontaktieren-sie-sis-international-market-research\/\" title=\"Kontaktiere uns\" data-wpil-monitor-id=\"11056\">SIS International Forschung<\/a>, we\u2019ve worked with top brands across the globe who always trust us to carry out market research for them.<\/p>\n\n\n\n<p class=\"p1\">Mit <a href=\"https:\/\/www.sisinternational.com\/de\/losungen\/fokusgruppen-marktforschung\/\" title=\"Fokusgruppe Marktforschung\" data-wpil-monitor-id=\"11059\">research strategies that include focus groups<\/a>, in-depth interviews, ethnography, market segmentation, competitive benchmarking, and choice modeling, we unearth the kind of insights you need to make the right business decision.<\/p>\n\n\n\n<p><\/p>","protected":false},"excerpt":{"rendered":"<p>SIS International Research ist ein f\u00fchrendes Unternehmen in der Marktforschung f\u00fcr das verarbeitende Gewerbe. Wir bieten Einblicke, Daten, Beratung und Strategien.<\/p>","protected":false},"author":1,"featured_media":63709,"parent":14457,"menu_order":21,"comment_status":"closed","ping_status":"closed","template":"","meta":{"footnotes":""},"class_list":["post-37069","page","type-page","status-publish","has-post-thumbnail"],"_links":{"self":[{"href":"https:\/\/www.sisinternational.com\/de\/wp-json\/wp\/v2\/pages\/37069","targetHints":{"allow":["GET"]}}],"collection":[{"href":"https:\/\/www.sisinternational.com\/de\/wp-json\/wp\/v2\/pages"}],"about":[{"href":"https:\/\/www.sisinternational.com\/de\/wp-json\/wp\/v2\/types\/page"}],"author":[{"embeddable":true,"href":"https:\/\/www.sisinternational.com\/de\/wp-json\/wp\/v2\/users\/1"}],"replies":[{"embeddable":true,"href":"https:\/\/www.sisinternational.com\/de\/wp-json\/wp\/v2\/comments?post=37069"}],"version-history":[{"count":6,"href":"https:\/\/www.sisinternational.com\/de\/wp-json\/wp\/v2\/pages\/37069\/revisions"}],"predecessor-version":[{"id":81809,"href":"https:\/\/www.sisinternational.com\/de\/wp-json\/wp\/v2\/pages\/37069\/revisions\/81809"}],"up":[{"embeddable":true,"href":"https:\/\/www.sisinternational.com\/de\/wp-json\/wp\/v2\/pages\/14457"}],"wp:featuredmedia":[{"embeddable":true,"href":"https:\/\/www.sisinternational.com\/de\/wp-json\/wp\/v2\/media\/63709"}],"wp:attachment":[{"href":"https:\/\/www.sisinternational.com\/de\/wp-json\/wp\/v2\/media?parent=37069"}],"curies":[{"name":"wp","href":"https:\/\/api.w.org\/{rel}","templated":true}]}}