{"id":36693,"date":"2021-02-12T03:58:26","date_gmt":"2021-02-12T03:58:26","guid":{"rendered":"https:\/\/www.sisinternational.com\/?page_id=36693"},"modified":"2026-01-25T18:45:32","modified_gmt":"2026-01-25T23:45:32","slug":"gaming-und-glucksspielmarktforschung","status":"publish","type":"page","link":"https:\/\/www.sisinternational.com\/de\/sachverstand\/gaming-und-glucksspielmarktforschung\/","title":{"rendered":"Gaming- und Gl\u00fccksspiel-Marktforschung"},"content":{"rendered":"<h1 class=\"wp-block-heading\">Gaming- und Gl\u00fccksspiel-Marktforschung<\/h1>\n\n\n\n<figure class=\"gb-block-image gb-block-image-030d4e83\"><img loading=\"lazy\" decoding=\"async\" width=\"1456\" height=\"816\" class=\"gb-image gb-image-030d4e83\" src=\"https:\/\/www.sisinternational.com\/wp-content\/uploads\/2025\/08\/Casino-gambling4.jpg\" alt=\"SIS International Marktforschung &amp; Strategie\" title=\"Casino gambling(4)\" srcset=\"https:\/\/www.sisinternational.com\/wp-content\/uploads\/2025\/08\/Casino-gambling4.jpg 1456w, https:\/\/www.sisinternational.com\/wp-content\/uploads\/2025\/08\/Casino-gambling4-300x168.jpg 300w, https:\/\/www.sisinternational.com\/wp-content\/uploads\/2025\/08\/Casino-gambling4-1024x574.jpg 1024w, https:\/\/www.sisinternational.com\/wp-content\/uploads\/2025\/08\/Casino-gambling4-768x430.jpg 768w, https:\/\/www.sisinternational.com\/wp-content\/uploads\/2025\/08\/Casino-gambling4-18x10.jpg 18w\" sizes=\"auto, (max-width: 1456px) 100vw, 1456px\"><\/figure>\n\n\n\n<h2 class=\"wp-block-heading\">Gl\u00fccksspiel ist eine der wenigen Branchen, die trotz schwieriger wirtschaftlicher Zeiten w\u00e4chst.<\/h2>\n\n\n\n<p>Der Adrenalinschub und das Belohnungssystem des K\u00f6rpers sorgen daf\u00fcr, dass die Spieler immer wieder neue Erfahrungen sammeln und sich f\u00fcr diejenigen, die um Geld spielen, h\u00f6here Gewinne w\u00fcnschen.<br>Doch was bedeutet dies f\u00fcr die Unternehmen der Branche?<\/p>\n\n\n\n<h2 class=\"wp-block-heading\">Das Wettbewerbsumfeld<\/h2>\n\n\n\n<p>With a growing demand comes increased activity in the market. The old players are establishing themselves even more as startups seek to disrupt the market. There is increased competition especially from businesses pushing the <a href=\"https:\/\/www.sisinternational.com\/de\/multi-channel-marketing-kampagne\/\" title=\"Optimierung von Multi-Channel-Marketingstrategien f\u00fcr eine bessere Marktdurchdringung\"  data-wpil-monitor-id=\"9098\">penetration of mobile applications across different markets<\/a>.<\/p>\n\n\n\n<p>Innovationen werden auch dazu genutzt, zwischen verschiedenen Spielern zu unterscheiden. Unternehmen wie Microsoft und Sony gehen mit der n\u00e4chsten Generation von Spielkonsolen, die das Spielerlebnis verbessern sollen, neue Wege.<\/p>\n\n\n\n<h2 class=\"wp-block-heading\">Online Gl\u00fccksspiel<\/h2>\n\n\n\n<p>Das Online-Gl\u00fccksspiel hat ein deutliches Wachstum erlebt und gewinnt in neuen M\u00e4rkten an Bedeutung. Die Nutzung von Smartphones und eine verbesserte Internetverbindung sorgen gemeinsam f\u00fcr zweistellige Wachstumszahlen beim Online-Gl\u00fccksspiel.<\/p>\n\n\n\n<h2 class=\"wp-block-heading\">Gl\u00fccksspieltechnologie<\/h2>\n\n\n\n<p>Der <a href=\"https:\/\/www.sisinternational.com\/de\/losungen\/ai-marktforschung-und-strategieberatung\/technologie-industrie-automatisierung-kunstliche-intelligenz-beratung\/\" title=\"Beratung zur Automatisierung der Technologiebranche und zu k\u00fcnstlicher Intelligenz\"  data-wpil-monitor-id=\"9099\">industry has quickly adopted technology<\/a> to help it grow both in revenue numbers and improved customer experience. Here are some of the top technological solutions embraced by the gambling industry.<\/p>\n\n\n\n<h3 class=\"wp-block-heading\">1. Verwendung von Avataren<\/h3>\n\n\n\n<p>Die meisten Menschen im Internet m\u00f6chten ihre pers\u00f6nlichen Daten geheim halten. Da Avatare diese M\u00f6glichkeit bieten, haben sie mehr Spieler ermutigt, sich am Spiel zu beteiligen, indem sie ihnen einfach ein Gef\u00fchl von mehr Privatsph\u00e4re und Sicherheit vermitteln.<\/p>\n\n\n\n<h3 class=\"wp-block-heading\">2. Verbesserte Audio-\/Videoerlebnisse<\/h3>\n\n\n\n<p>Dank verbesserter Displaytechnologie k\u00f6nnen Gamer hochaufl\u00f6sende Grafiken genie\u00dfen. Um die Spiele so realistisch wie m\u00f6glich zu gestalten, integrieren Spieleentwickler Grafiken mit 4K-Aufl\u00f6sung in Surround-Sound f\u00fcr Online-Spiele.<\/p>\n\n\n\n<h3 class=\"wp-block-heading\">3. Pr\u00e4diktive Analytik<\/h3>\n\n\n\n<p>With virtual casinos going mainstream, game developers are gathering information beyond app downloads. Casinos are using information such as app usage and player preferences to learn more about their <a href=\"https:\/\/www.sisinternational.com\/de\/verbesserung-der-kundenbeziehungen\/\" title=\"So steigern Sie die Kundenzufriedenheit und begeistern unzufriedene Kunden\"  data-wpil-monitor-id=\"9100\">customers and improve<\/a> their products.<\/p>\n\n\n\n<h3 class=\"wp-block-heading\">4. Risikoanalyse<\/h3>\n\n\n\n<p>Casinos haben Technologien implementiert, die das Verhalten der Spieler analysieren und Wettmuster verfolgen. Diese Informationen werden verwendet, um Spielerprofile f\u00fcr die Risikoanalyse zu erstellen und um zu bestimmen, wie die Gewinnchancen festgelegt und die Rentabilit\u00e4t erh\u00f6ht werden k\u00f6nnen.<\/p>\n\n\n\n<h2 class=\"wp-block-heading\">Trends und Chancen in der Gl\u00fccksspielbranche<\/h2>\n\n\n\n<p>Branchenakteure suchen nach M\u00f6glichkeiten, mehr Kunden zu gewinnen. Zu den umgesetzten M\u00f6glichkeiten geh\u00f6ren:<\/p>\n\n\n\n<h3 class=\"wp-block-heading\">1. Verwendung von Kryptow\u00e4hrung<\/h3>\n\n\n\n<p>Gl\u00fccksspielunternehmen f\u00fcgen ihren Systemen Kryptow\u00e4hrung als Zahlungsmethode hinzu. Obwohl herk\u00f6mmliche Zahlungen weiterhin akzeptiert werden, gibt es aufgrund der Vorteile von Anonymit\u00e4t und Sicherheit einen Trend hin zu Kryptow\u00e4hrungen.<\/p>\n\n\n\n<h3 class=\"wp-block-heading\">2. Verbesserung der sozialen Aspekte des Spielens<\/h3>\n\n\n\n<p>Spiele bieten heute die M\u00f6glichkeit zur Sozialisierung. Spieler k\u00f6nnen Freunde finden und innerhalb des Spiels Gemeinschaften bilden und so mehr Zeit im Spiel verbringen. Dies bietet die M\u00f6glichkeit f\u00fcr h\u00f6here Einnahmen sowie f\u00fcr die Zusammenarbeit zur Verbesserung des Spielerlebnisses.<\/p>\n\n\n\n<h3 class=\"wp-block-heading\">3. Gaming als Service (GaaS)<\/h3>\n\n\n\n<p>Die Rechenleistung verlagert sich von PCs und Smartphones auf Cloud-Server. Der Wechsel zum Cloud-Gaming schafft ein \u00e4u\u00dferst wettbewerbsintensives Umfeld, obwohl Unternehmen wie Ubisoft, Epic Games und Warner Bros mit GaaS-Plattformen f\u00fcr die Spieleverteilung zusammenarbeiten.<\/p>\n\n\n\n<h3 class=\"wp-block-heading\">4. Blockchain<\/h3>\n\n\n\n<p>Der <a href=\"https:\/\/www.sisinternational.com\/de\/losungen\/sis-blockchain-consulting\/blockchain-moglichkeiten-uber-finanzdienstleistungen-hinaus\/\" title=\"Blockchain-Chancen jenseits von Finanzdienstleistungen\"  data-wpil-monitor-id=\"9096\">blockchain technology provides a huge opportunity<\/a> of increasing revenue by attracting privacy-minded customers and eliminating fraud. With every transaction recorded on a distributed system, there is increased transparency, zero taxes as well as no third parties.<\/p>\n\n\n\n<h2 class=\"wp-block-heading\">Die Zukunft der Gl\u00fccksspielbranche<\/h2>\n\n\n\n<p>Der <a href=\"https:\/\/www.sisinternational.com\/de\/losungen\/ai-marktforschung-und-strategieberatung\/ki-einfuhrung-reise-gastgewerbe-tourismusbranche-beratung\/\" title=\"Einf\u00fchrung von KI in der Reise-, Gastgewerbe- und Tourismusbranche \u2013 Beratung\"  data-wpil-monitor-id=\"9101\">industry is adopting<\/a> a skills-based approach for new offerings. These have the potential of attracting and keeping more customers in the game. Hybrid offerings are another option.<\/p>\n\n\n\n<p>Da die Gesellschaft immer integrativer wird, k\u00f6nnte sich auch die Gl\u00fccksspielbranche in die gleiche Richtung bewegen. Dies k\u00f6nnte dazu f\u00fchren, dass Handlungsstr\u00e4nge mit Menschen unterschiedlicher Rasse und sexueller Orientierung aufgenommen werden.<\/p>\n\n\n\n<p>The North <a href=\"https:\/\/www.sisinternational.com\/de\/abdeckung\/die-amerikaner\/usa-berichterstattung\/afroamerikanische-marktforschung\/\" title=\"Marktforschung f\u00fcr Afroamerikaner\"  data-wpil-monitor-id=\"9095\">American and Chinese markets<\/a> are growing and will remain leaders for some time. Other Asian countries will provide new <a href=\"https:\/\/www.sisinternational.com\/de\/abdeckung\/marktforschung-afrika\/marktforschung-in-sambia-afrika\/\" title=\"Marktforschung in Sambia, Afrika\"  data-wpil-monitor-id=\"5132\">markets even as Africa<\/a> remains promising.<\/p>\n\n\n\n<h2 class=\"wp-block-heading\">Die Bedeutung der Marktforschung<\/h2>\n\n\n\n<p>The gambling industry is unique in that it grows even when others register declining revenues. That however doesn\u2019t mean a <a href=\"https:\/\/www.sisinternational.com\/de\/veroffentlichungen\/skalierbare-geschaftsmarktforschung-7-moglichkeiten-zum-aufbau-eines-skalierbaren-geschafts\/\" title=\"Marktforschung f\u00fcr skalierbare Unternehmen: 7 M\u00f6glichkeiten zum Aufbau eines skalierbaren Unternehmens\"  data-wpil-monitor-id=\"9097\">business can enter a new market<\/a> blindly. The increasing competition demands an understanding of the market as well as a <a href=\"https:\/\/www.sisinternational.com\/de\/die-notwendigkeit-von-wettbewerbsinformationen-in-dieser-rezession\/\" title=\"Die Notwendigkeit von Competitive Intelligence in einer Rezession\"  data-wpil-monitor-id=\"9094\">Strategie<\/a> which guarantees success.<\/p>\n\n\n\n<p><\/p>","protected":false},"excerpt":{"rendered":"<p>Gl\u00fccksspiel ist eine der wenigen Branchen, die trotz schwieriger wirtschaftlicher Zeiten w\u00e4chst. Aber was bedeutet das f\u00fcr die Unternehmen in der Branche?<\/p>","protected":false},"author":1,"featured_media":63780,"parent":14514,"menu_order":68,"comment_status":"closed","ping_status":"closed","template":"","meta":{"footnotes":""},"class_list":["post-36693","page","type-page","status-publish","has-post-thumbnail"],"_links":{"self":[{"href":"https:\/\/www.sisinternational.com\/de\/wp-json\/wp\/v2\/pages\/36693","targetHints":{"allow":["GET"]}}],"collection":[{"href":"https:\/\/www.sisinternational.com\/de\/wp-json\/wp\/v2\/pages"}],"about":[{"href":"https:\/\/www.sisinternational.com\/de\/wp-json\/wp\/v2\/types\/page"}],"author":[{"embeddable":true,"href":"https:\/\/www.sisinternational.com\/de\/wp-json\/wp\/v2\/users\/1"}],"replies":[{"embeddable":true,"href":"https:\/\/www.sisinternational.com\/de\/wp-json\/wp\/v2\/comments?post=36693"}],"version-history":[{"count":5,"href":"https:\/\/www.sisinternational.com\/de\/wp-json\/wp\/v2\/pages\/36693\/revisions"}],"predecessor-version":[{"id":81524,"href":"https:\/\/www.sisinternational.com\/de\/wp-json\/wp\/v2\/pages\/36693\/revisions\/81524"}],"up":[{"embeddable":true,"href":"https:\/\/www.sisinternational.com\/de\/wp-json\/wp\/v2\/pages\/14514"}],"wp:featuredmedia":[{"embeddable":true,"href":"https:\/\/www.sisinternational.com\/de\/wp-json\/wp\/v2\/media\/63780"}],"wp:attachment":[{"href":"https:\/\/www.sisinternational.com\/de\/wp-json\/wp\/v2\/media?parent=36693"}],"curies":[{"name":"wp","href":"https:\/\/api.w.org\/{rel}","templated":true}]}}