{"id":36637,"date":"2021-02-05T03:04:33","date_gmt":"2021-02-05T03:04:33","guid":{"rendered":"https:\/\/www.sisinternational.com\/?page_id=36637"},"modified":"2025-09-12T00:47:05","modified_gmt":"2025-09-12T04:47:05","slug":"marktforschung-in-nigeria","status":"publish","type":"page","link":"https:\/\/www.sisinternational.com\/de\/abdeckung\/marktforschung-afrika\/marktforschung-in-nigeria\/","title":{"rendered":"Marktforschung in Nigeria"},"content":{"rendered":"<h1 class=\"wp-block-heading\">Marktforschung in Nigeria<\/h1>\n\n\n\n<figure class=\"gb-block-image gb-block-image-c8f31c65\"><img loading=\"lazy\" decoding=\"async\" width=\"1456\" height=\"816\" class=\"gb-image gb-image-c8f31c65\" src=\"https:\/\/www.sisinternational.com\/wp-content\/uploads\/2025\/08\/Nigeria-3.jpg\" alt=\"SIS International Marktforschung &amp; Strategie\" title=\"Nigeria (3)\" srcset=\"https:\/\/www.sisinternational.com\/wp-content\/uploads\/2025\/08\/Nigeria-3.jpg 1456w, https:\/\/www.sisinternational.com\/wp-content\/uploads\/2025\/08\/Nigeria-3-300x168.jpg 300w, https:\/\/www.sisinternational.com\/wp-content\/uploads\/2025\/08\/Nigeria-3-1024x574.jpg 1024w, https:\/\/www.sisinternational.com\/wp-content\/uploads\/2025\/08\/Nigeria-3-768x430.jpg 768w, https:\/\/www.sisinternational.com\/wp-content\/uploads\/2025\/08\/Nigeria-3-18x10.jpg 18w\" sizes=\"auto, (max-width: 1456px) 100vw, 1456px\"><\/figure>\n\n\n\n<p><\/p>\n\n\n\n<h2 class=\"wp-block-heading\">Nigeria ist das bev\u00f6lkerungsreichste Land Afrikas und zugleich eine Wirtschaftsmacht.<\/h2>\n\n\n\n<p>With exports amounting to billions of dollars to countries like India, Spain, France and the US, Nigeria has a lot to offer investors.<\/p>\n\n\n\n<h2 class=\"wp-block-heading\">Nigerias strategische Industrien<\/h2>\n\n\n\n<p>Hier sind vier der wichtigsten Industriezweige, die die Wirtschaft Nigerias antreiben.<\/p>\n\n\n\n<h3 class=\"wp-block-heading\">1. \u00d6l und Gas<\/h3>\n\n\n\n<p>Die \u00d6l- und Gasindustrie ist Nigerias bekannteste Einnahmequelle. Die Einnahmen aus dieser Industrie haben das Land an die Spitze der afrikanischen Volkswirtschaft katapultiert. Um die \u00fcberm\u00e4\u00dfige Abh\u00e4ngigkeit vom \u00d6l zu beenden, werden Anstrengungen unternommen, die Einnahmequellen der Wirtschaft zu diversifizieren.<\/p>\n\n\n\n<h3 class=\"wp-block-heading\">2. Tourismus<\/h3>\n\n\n\n<p>Nigeria zieht Touristen aufgrund seiner Tierwelt und abwechslungsreichen Landschaft an. Es gibt auch Sandstr\u00e4nde sowie tropische Dschungel. Lokale Unterhaltungsveranstaltungen ziehen auch Touristen an, wenn nigerianische Starmusiker auftreten.<\/p>\n\n\n\n<h3 class=\"wp-block-heading\">3. Landwirtschaft<\/h3>\n\n\n\n<p>Employing over half of the labor force, the <a href=\"https:\/\/www.sisinternational.com\/de\/sachverstand\/branchen\/marktforschung-fur-landwirtschaftliche-nutzpflanzen\/\" title=\"Marktforschung f\u00fcr landwirtschaftliche Nutzpflanzen\"  data-wpil-monitor-id=\"8426\">agriculture industry produces cash crops<\/a> such as cocoa, palm oil, corn, rice, cassava, yams and rubber. Agriculture is primarily carried out in the southern parts of the country where the climatic conditions are conducive.<\/p>\n\n\n\n<h3 class=\"wp-block-heading\">4. Informationskommunikation und Technologie (IKT)<\/h3>\n\n\n\n<p>Mit einer wachsenden Zahl von IKT-Fachleuten, die Informationssysteme erstellen und unterst\u00fctzen, ist dieser Sektor einer der am schnellsten wachsenden in Nigeria. Das Land arbeitet auch daran, die Internetkonnektivit\u00e4t zu verbessern, um den Beitrag der Branche zur Wirtschaft weiter zu steigern.<\/p>\n\n\n\n<h2 class=\"wp-block-heading\">Gesch\u00e4ftsm\u00f6glichkeiten in Nigeria<\/h2>\n\n\n\n<p>Welche Branchen sind f\u00fcr Unternehmensinvestoren am vielversprechendsten?<\/p>\n\n\n\n<h3 class=\"wp-block-heading\">1. Landwirtschaft<\/h3>\n\n\n\n<p>Obwohl die Landwirtschaft seit Jahren Erfolge verzeichnet, ist die Arbeit dort immer noch Handarbeit. Dies beeintr\u00e4chtigt die Produktivit\u00e4t und eine Mechanisierung ist dringend erforderlich. Im Rahmen der Bem\u00fchungen, den Sektor auszubauen, hat die Regierung die Landwirtschaftsbank gest\u00e4rkt und finanziell unterst\u00fctzt, um die Kreditverf\u00fcgbarkeit zu verbessern.<\/p>\n\n\n\n<h3 class=\"wp-block-heading\">2. Energie<\/h3>\n\n\n\n<p>Nigeria lacks the capacity to refine its oil and exports much of it in the form of crude oil. This results in losses in potential revenue. Investing opportunities in this sector include setting up a refinery, <a href=\"https:\/\/www.sisinternational.com\/de\/sachverstand\/branchen\/ol-und-gasmarktforschung\/\" title=\"\u00d6l- und Gasmarktforschung\"  data-wpil-monitor-id=\"8427\">oil and gas<\/a> transport and even gas stations.<\/p>\n\n\n\n<h3 class=\"wp-block-heading\">3. IKT<\/h3>\n\n\n\n<p>Nigeria verzeichnet ein Wachstum im Bereich E-Commerce, Telearbeit, Nutzung von Kollaborationstools und k\u00fcnstlicher Intelligenz. Diese Aktivit\u00e4ten setzen die aktuelle IT-Infrastruktur unter Druck. Da die Regierung auf mehr Wachstum dr\u00e4ngt, k\u00f6nnen versierte Investoren von Anreizen profitieren.<\/p>\n\n\n\n<h3 class=\"wp-block-heading\">4. Unterhaltung<\/h3>\n\n\n\n<p>With many internet users looking for entertainment content, the Nigerian <a href=\"https:\/\/www.sisinternational.com\/de\/losungen\/strategieberatung\/marktchancenforschung\/\" title=\"Marktchancenforschung\"  data-wpil-monitor-id=\"8425\">market provides a huge opportunity<\/a> for content creators and distributors. Movie <a href=\"https:\/\/www.sisinternational.com\/de\/losungen\/geschmackstest\/produkttestdienste-in-new-york\/\" title=\"Produkttestdienste in New York\"  data-wpil-monitor-id=\"8428\">production and video-on-demand services<\/a> will be a welcome addition to the local entertainment offering.<\/p>\n\n\n\n<h2 class=\"wp-block-heading\">Herausforderungen f\u00fcr Nigerias Wirtschaft<\/h2>\n\n\n\n<figure class=\"gb-block-image gb-block-image-3bd6e006\"><img loading=\"lazy\" decoding=\"async\" width=\"1456\" height=\"816\" class=\"gb-image gb-image-3bd6e006\" src=\"https:\/\/www.sisinternational.com\/wp-content\/uploads\/2025\/08\/Nigeria-2.jpg\" alt=\"SIS International Marktforschung &amp; Strategie\" title=\"Nigeria (2)\" srcset=\"https:\/\/www.sisinternational.com\/wp-content\/uploads\/2025\/08\/Nigeria-2.jpg 1456w, https:\/\/www.sisinternational.com\/wp-content\/uploads\/2025\/08\/Nigeria-2-300x168.jpg 300w, https:\/\/www.sisinternational.com\/wp-content\/uploads\/2025\/08\/Nigeria-2-1024x574.jpg 1024w, https:\/\/www.sisinternational.com\/wp-content\/uploads\/2025\/08\/Nigeria-2-768x430.jpg 768w, https:\/\/www.sisinternational.com\/wp-content\/uploads\/2025\/08\/Nigeria-2-18x10.jpg 18w\" sizes=\"auto, (max-width: 1456px) 100vw, 1456px\"><\/figure>\n\n\n\n<p><\/p>\n\n\n\n<p>Trotz allem, was Nigeria zu bieten hat, gibt es einige Herausforderungen, die das Land zur\u00fcckhalten und m\u00f6glicherweise ausl\u00e4ndische Investitionen behindern.<\/p>\n\n\n\n<h3 class=\"wp-block-heading\">1. Korruption<\/h3>\n\n\n\n<p>Korruption ist ein gro\u00dfes Problem in Nigeria. Einheimische und Ausl\u00e4nder fordern mutigere Schritte im Kampf gegen dieses \u00dcbel. Trotz der Bem\u00fchungen der Regierung geht es nur langsam voran. Nahezu jeder Sektor der nigerianischen Wirtschaft, von der Politik \u00fcber den Sport bis hin zum Bildungswesen, ist von Korruption betroffen.<\/p>\n\n\n\n<h3 class=\"wp-block-heading\">2. St\u00e4ndig wechselnde Regierungspolitik<\/h3>\n\n\n\n<p>With every new administration comes a different policy on how to improve the economy. This creates confusion and slows down development. It becomes difficult to make long-term plans because <a href=\"https:\/\/www.sisinternational.com\/de\/analysis-b2b\/\" title=\"What Business Leaders Need to Know Right Now\"  data-wpil-monitor-id=\"8429\">businesses cannot know<\/a> what to expect after every election.<\/p>\n\n\n\n<h3 class=\"wp-block-heading\">3. Umweltverschmutzung<\/h3>\n\n\n\n<p>Der Umgang mit dem gr\u00f6\u00dften Devisenbringer des Landes hat zu massiver Umweltverschmutzung gef\u00fchrt. \u00d6lverschmutzungen im Nigerdelta haben Vegetation und landwirtschaftliche Fl\u00e4chen zerst\u00f6rt, ohne dass die Regierung oder die \u00d6lindustrie wirksame Anstrengungen unternommen h\u00e4tten, um das Problem zu l\u00f6sen.<\/p>\n\n\n\n<h3 class=\"wp-block-heading\">4. Terrorismus<\/h3>\n\n\n\n<p>Nigerias Wirtschaft ist durch die Aktivit\u00e4ten der Terrorgruppe Boko Haram beeintr\u00e4chtigt. Diese mit dem IS verbundene Gruppe hat zahlreiche Entf\u00fchrungen und Morde begangen, um das ganze Land zu kontrollieren. Dies hat dazu gef\u00fchrt, dass das Land als unsicher wahrgenommen wird, insbesondere f\u00fcr Ausl\u00e4nder.<\/p>\n\n\n\n<h3 class=\"wp-block-heading\">5. Stromausf\u00e4lle<\/h3>\n\n\n\n<p>Doing business can be expensive in Nigeria due to frequent power outages. These reduce the profits of small businesses as they seek expensive alternative energy sources. Big corporations also register high operating costs as they have to invest in power generators.<\/p>\n\n\n\n<h2 class=\"wp-block-heading\">Nigerias Wirtschaftsstandorte<\/h2>\n\n\n\n<p>Ganz oben auf der Liste der besten Orte, um in Nigeria ein Unternehmen zu gr\u00fcnden und zu f\u00fchren, steht Lagos. Als Handelszentrum des Landes verf\u00fcgt Lagos sowohl \u00fcber nat\u00fcrliche Ressourcen als auch eine Infrastruktur, die Unternehmen unterst\u00fctzt.<\/p>\n\n\n\n<p>As the federal capital of Nigeria, Abuja boasts of modern amenities, a growing population, and a high per-capita income. Other cities investors choose for business include Kano and Port Harcourt, a port town and capital of Rivers state.<\/p>\n\n\n\n<h2 class=\"wp-block-heading\">\u00dcber Marktforschung in Nigeria<\/h2>\n\n\n\n<p>The importance of market research cannot be overemphasized. Both investors and marketers understand this, and it\u2019s the primary reason <a href=\"https:\/\/www.sisinternational.com\/de\/kontaktieren-sie-sis-international-market-research\/\" title=\"Kontaktiere uns\"  data-wpil-monitor-id=\"8423\">SIS International Forschung<\/a> exists. With expertise in business and market research through various methods, we help businesses make the right decisions about <a href=\"https:\/\/www.sisinternational.com\/de\/us-veteranen-marktforschung-2\/\" title=\"Marktforschung f\u00fcr US-Veteranen\"  data-wpil-monitor-id=\"8424\">markets and develop a winning strategy<\/a>.<\/p>\n\n\n\n<p><\/p>","protected":false},"excerpt":{"rendered":"<p>Erweitern Sie Ihr Gesch\u00e4ft mit Marktforschung in Nigeria.<\/p>","protected":false},"author":1,"featured_media":65327,"parent":14281,"menu_order":1,"comment_status":"closed","ping_status":"closed","template":"","meta":{"footnotes":""},"class_list":["post-36637","page","type-page","status-publish","has-post-thumbnail"],"_links":{"self":[{"href":"https:\/\/www.sisinternational.com\/de\/wp-json\/wp\/v2\/pages\/36637","targetHints":{"allow":["GET"]}}],"collection":[{"href":"https:\/\/www.sisinternational.com\/de\/wp-json\/wp\/v2\/pages"}],"about":[{"href":"https:\/\/www.sisinternational.com\/de\/wp-json\/wp\/v2\/types\/page"}],"author":[{"embeddable":true,"href":"https:\/\/www.sisinternational.com\/de\/wp-json\/wp\/v2\/users\/1"}],"replies":[{"embeddable":true,"href":"https:\/\/www.sisinternational.com\/de\/wp-json\/wp\/v2\/comments?post=36637"}],"version-history":[{"count":4,"href":"https:\/\/www.sisinternational.com\/de\/wp-json\/wp\/v2\/pages\/36637\/revisions"}],"predecessor-version":[{"id":81413,"href":"https:\/\/www.sisinternational.com\/de\/wp-json\/wp\/v2\/pages\/36637\/revisions\/81413"}],"up":[{"embeddable":true,"href":"https:\/\/www.sisinternational.com\/de\/wp-json\/wp\/v2\/pages\/14281"}],"wp:featuredmedia":[{"embeddable":true,"href":"https:\/\/www.sisinternational.com\/de\/wp-json\/wp\/v2\/media\/65327"}],"wp:attachment":[{"href":"https:\/\/www.sisinternational.com\/de\/wp-json\/wp\/v2\/media?parent=36637"}],"curies":[{"name":"wp","href":"https:\/\/api.w.org\/{rel}","templated":true}]}}