{"id":36635,"date":"2021-02-05T02:55:49","date_gmt":"2021-02-05T02:55:49","guid":{"rendered":"https:\/\/www.sisinternational.com\/?page_id=36635"},"modified":"2026-02-23T18:04:07","modified_gmt":"2026-02-23T23:04:07","slug":"marktforschung-in-agypten","status":"publish","type":"page","link":"https:\/\/www.sisinternational.com\/de\/abdeckung\/marktforschung-mittlerer-osten\/marktforschung-in-agypten\/","title":{"rendered":"Marktforschung in \u00c4gypten"},"content":{"rendered":"<h1 class=\"wp-block-heading\">Marktforschung in \u00c4gypten<\/h1>\n\n\n\n<figure class=\"gb-block-image gb-block-image-615f8492\"><img loading=\"lazy\" decoding=\"async\" width=\"1456\" height=\"816\" class=\"gb-image gb-image-615f8492\" src=\"https:\/\/www.sisinternational.com\/wp-content\/uploads\/2025\/08\/Egypt-1.jpg\" alt=\"SIS International Marktforschung &amp; Strategie\" title=\"Egypt (1)\" srcset=\"https:\/\/www.sisinternational.com\/wp-content\/uploads\/2025\/08\/Egypt-1.jpg 1456w, https:\/\/www.sisinternational.com\/wp-content\/uploads\/2025\/08\/Egypt-1-300x168.jpg 300w, https:\/\/www.sisinternational.com\/wp-content\/uploads\/2025\/08\/Egypt-1-1024x574.jpg 1024w, https:\/\/www.sisinternational.com\/wp-content\/uploads\/2025\/08\/Egypt-1-768x430.jpg 768w, https:\/\/www.sisinternational.com\/wp-content\/uploads\/2025\/08\/Egypt-1-18x10.jpg 18w\" sizes=\"auto, (max-width: 1456px) 100vw, 1456px\"><\/figure>\n\n\n\n<p><\/p>\n\n\n\n<p><span style=\"font-weight: 400;\">Warum wird Marktforschung in \u00c4gypten zu einem unverzichtbaren Instrument f\u00fcr Unternehmen, die sich auf diesem Markt zurechtfinden m\u00f6chten? \u00c4gypten bietet mit seiner strategischen Lage an der Schnittstelle zwischen Afrika und dem Nahen Osten ein einzigartiges und dynamisches Marktumfeld \u2013 und das Verst\u00e4ndnis der Feinheiten dieses Marktes durch effektive Marktforschung ist eine strategische Notwendigkeit f\u00fcr jedes Unternehmen, das in dieser sich schnell entwickelnden Gesch\u00e4ftslandschaft erfolgreich sein m\u00f6chte.<\/span><\/p>\n\n\n\n<h2 class=\"wp-block-heading\">Das Land der Pharaonen hat im Laufe der Jahre einige Ver\u00e4nderungen erlebt.<\/h2>\n\n\n\n<p>However, its economic activities still revolve around the same sectors. With a huge part of the population being youthful, there is both potential and a demand for more growth.<\/p>\n\n\n\n<h2 class=\"wp-block-heading\"><strong>Marktforschung in \u00c4gypten verstehen<\/strong><\/h2>\n\n\n\n<p><span style=\"font-weight: 400;\">Egypt&#8217;s market is distinguished by its youthful demographic, with a large portion of the population under 30. This young demographic is tech-savvy and increasingly urban and is driving changes in <a href=\"https:\/\/www.sisinternational.com\/de\/veroffentlichungen\/kauferverhalten-nach-corona-neue-verbraucher\/\" title=\"K\u00e4uferverhalten nach Corona \u2013 Verbrauchermarktforschung\"  data-wpil-monitor-id=\"9106\">consumer behavior and market<\/a> trends.&nbsp;<\/span><\/p>\n\n\n\n<p><span style=\"font-weight: 400;\">Furthermore, the Egyptian <a href=\"https:\/\/www.sisinternational.com\/de\/losungen\/branding-und-kundenforschungslosungen\/influencer-marktforschung\/\" title=\"Influencer Marktforschung\"  data-wpil-monitor-id=\"9107\">market is influenced<\/a> by a blend of traditional values and modern influences. Traditional markets, or souks, coexist with modern shopping malls, and local <a href=\"https:\/\/www.sisinternational.com\/de\/losungen\/qualitative-quantitative-forschungslosungen\/markentest-marktforschung\/\" title=\"Marktforschung zum Testen von Markennamen\"  data-wpil-monitor-id=\"9108\">brands compete alongside international names<\/a>. Therefore, effective market research in Egypt must capture these diverse market aspects to offer a holistic view of the opportunities and challenges within the market.<\/span><\/p>\n\n\n\n<h2 class=\"wp-block-heading\"><strong>Vorteile der Marktforschung in \u00c4gypten<\/strong><\/h2>\n\n\n\n<p><span style=\"font-weight: 400;\">Die Durchf\u00fchrung von Marktforschung in \u00c4gypten bietet erhebliche Vorteile f\u00fcr Unternehmen, die diesen besonderen Markt verstehen und dort erfolgreich sein m\u00f6chten. Die Vorteile einer gr\u00fcndlichen Marktforschung in \u00c4gypten sind zahlreich und tragen zu fundierteren Entscheidungen und strategischer Planung bei. Hier ein \u00dcberblick \u00fcber die wichtigsten Vorteile:<\/span><\/p>\n\n\n\n<p><b>\u2022 Marktchancen erkennen:<\/b><span style=\"font-weight: 400;\"> Egypt\u2019s evolving market landscape presents numerous opportunities, and market research helps identify them, whether in emerging consumer trends, unmet needs, or new market segments.<\/span><\/p>\n\n\n\n<p><b>\u2022 Ma\u00dfgeschneiderte Marketingstrategien: <\/b><span style=\"font-weight: 400;\">Erkenntnisse aus der Marktforschung dienen der Entwicklung von Marketingstrategien, die beim \u00e4gyptischen Publikum Anklang finden und kulturelle Relevanz und Wirksamkeit gew\u00e4hrleisten.<\/span><\/p>\n\n\n\n<p><b>\u2022 Produktentwicklung und Innovation: <\/b><span style=\"font-weight: 400;\">Marktforschung flie\u00dft in den Produktentwicklungsprozess ein und stellt sicher, dass neue Produkte oder Dienstleistungen gut auf die Vorlieben und Bed\u00fcrfnisse des \u00e4gyptischen Marktes zugeschnitten sind.<\/span><\/p>\n\n\n\n<p><b>\u2022 Einhaltung und Verst\u00e4ndnis von Vorschriften: <\/b><span style=\"font-weight: 400;\">Die Navigation durch das regulatorische Umfeld in \u00c4gypten kann komplex sein. Marktforschung hilft daher dabei, diese Vorschriften zu verstehen und die Einhaltung und betriebliche Effizienz sicherzustellen.<\/span><\/p>\n\n\n\n<p><b>\u2022 Verst\u00e4ndnis f\u00fcr die vielf\u00e4ltige Verbraucherbasis:<\/b><span style=\"font-weight: 400;\"> Die Bev\u00f6lkerung \u00c4gyptens ist vielf\u00e4ltig und weist unterschiedliche Lebensstile, Einkommensniveaus und Verbraucherverhaltensweisen auf. Marktforschung hilft dabei, diese unterschiedlichen Verbrauchersegmente zu verstehen, was f\u00fcr die Anpassung von Produkten und Dienstleistungen von entscheidender Bedeutung ist.<\/span><\/p>\n\n\n\n<p><b>\u2022 Wettbewerbslandschaft: <\/b><span style=\"font-weight: 400;\">The Egyptian market is becoming increasingly competitive with the entry of new local and international players. Research helps in understanding the competitive environment, allowing businesses to strategize effectively.<\/span><\/p>\n\n\n\n<p><b>\u2022 Konjunkturschwankungen meistern: <\/b><span style=\"font-weight: 400;\">Die \u00e4gyptische Wirtschaft hat zahlreiche Schwankungen erlebt. Marktforschung hilft dabei, diese Wirtschaftsmuster und ihre Auswirkungen auf die Verbraucherausgaben und Gesch\u00e4ftsm\u00f6glichkeiten zu verstehen.<\/span><\/p>\n\n\n\n<p><b>\u2022 Ma\u00dfgeschneiderte Marketingstrategien:<\/b><span style=\"font-weight: 400;\"> The insights gained from <a href=\"https:\/\/www.sisinternational.com\/de\/sachverstand\/branchen\/low-code-entwicklung-marktforschung\/\" title=\"Marktforschung f\u00fcr Low-Code-Entwicklung\"  data-wpil-monitor-id=\"9104\">market research are invaluable in developing<\/a> effective marketing strategies that resonate with the Egyptian audience, ensuring better engagement and ROI.<\/span><\/p>\n\n\n\n<h2 class=\"wp-block-heading\">Welche Industrien sind f\u00fcr \u00c4gypten von strategischer Bedeutung?<\/h2>\n\n\n\n<figure class=\"gb-block-image gb-block-image-1db7e132\"><img loading=\"lazy\" decoding=\"async\" width=\"1456\" height=\"816\" class=\"gb-image gb-image-1db7e132\" src=\"https:\/\/www.sisinternational.com\/wp-content\/uploads\/2025\/08\/Egypt-2.jpg\" alt=\"SIS International Marktforschung &amp; Strategie\" title=\"Egypt (2)\" srcset=\"https:\/\/www.sisinternational.com\/wp-content\/uploads\/2025\/08\/Egypt-2.jpg 1456w, https:\/\/www.sisinternational.com\/wp-content\/uploads\/2025\/08\/Egypt-2-300x168.jpg 300w, https:\/\/www.sisinternational.com\/wp-content\/uploads\/2025\/08\/Egypt-2-1024x574.jpg 1024w, https:\/\/www.sisinternational.com\/wp-content\/uploads\/2025\/08\/Egypt-2-768x430.jpg 768w, https:\/\/www.sisinternational.com\/wp-content\/uploads\/2025\/08\/Egypt-2-18x10.jpg 18w\" sizes=\"auto, (max-width: 1456px) 100vw, 1456px\"><\/figure>\n\n\n\n<p><\/p>\n\n\n\n<p>Despite being mostly a desert country, Egypt has several industries driving its economy. Here are the top three.<\/p>\n\n\n\n<h3 class=\"wp-block-heading\">1. \u00d6l und Gas<\/h3>\n\n\n\n<p>Als bedeutender Akteur in der globalen \u00d6lproduktion und mit gesch\u00e4tzten 4 Milliarden Barrel \u00d6lreserven ist \u00c4gypten stark von dieser Industrie abh\u00e4ngig. Die zw\u00f6lf \u00d6lraffinerien des Landes sollen das Land bei der \u00d6lverarbeitung autark machen.<\/p>\n\n\n\n<p>Egypt is also a producer of natural gas and exports some of it to the <a href=\"https:\/\/www.sisinternational.com\/de\/ein-blick-auf-die-arabische-welt-von-ahmed-nassef-prasident-von-maktoob-research\/\" title=\"Ein Blick auf die arabische Welt von Ahmed Nassef, Pr\u00e4sident von Maktoob Research\"  data-wpil-monitor-id=\"4419\">Middle East through the 1,200 km Arab<\/a> Gas Pipeline.<\/p>\n\n\n\n<h3 class=\"wp-block-heading\">2. Tourismus<\/h3>\n\n\n\n<p>Tourism is a big part of Egypt\u2019s economy, and the Pyramids of Giza are the main attractions. Other tourist attractions in Egypt include the Egyptian Museum, which houses at least 120,000 Egyptian antiquities; Abu Simbel, an archaeological site with two rock-cut temples; and cruising the Nile.<\/p>\n\n\n\n<h3 class=\"wp-block-heading\">3. Landwirtschaft<\/h3>\n\n\n\n<p>The vast desert of Egypt gets some relief from the Nile River. The country\u2019s agricultural sector thrives on the fertile grounds of the Nile valley and delta.<\/p>\n\n\n\n<p>With millions of acres of productive land, Egypt produces rice, wheat, cotton, sugarcane, tobacco, and onions. However, as impressive as the industry is, it doesn\u2019t satisfy the local demand.<\/p>\n\n\n\n<h2 class=\"wp-block-heading\"><strong>Hauptakteure in \u00c4gypten<\/strong><\/h2>\n\n\n\n<p><span style=\"font-weight: 400;\">F\u00fcr Unternehmen, die in \u00c4gypten Marktforschung betreiben, ist es von entscheidender Bedeutung, die wichtigsten Akteure in den verschiedenen Marktsektoren \u00c4gyptens zu identifizieren. Diese Unternehmen beeinflussen verschiedene Industriezweige in \u00c4gypten erheblich. Hier ist ein \u00dcberblick \u00fcber die wichtigsten Akteure in den wichtigsten Sektoren:<\/span><\/p>\n\n\n\n<p><b>\u2022 Vodafone \u00c4gypten: <\/b><span style=\"font-weight: 400;\">Ein f\u00fchrender Mobilfunkanbieter in \u00c4gypten, bekannt f\u00fcr sein umfangreiches Netzwerk und sein Leistungsangebot.<\/span><\/p>\n\n\n\n<p><b>\u2022 Nationalbank von \u00c4gypten: <\/b><span style=\"font-weight: 400;\">Die gr\u00f6\u00dfte und \u00e4lteste Bank des Landes spielt eine zentrale Rolle in der \u00e4gyptischen Finanzlandschaft.<\/span><\/p>\n\n\n\n<p><b>\u2022 Commercial International Bank (CIB):<\/b><span style=\"font-weight: 400;\"> Eine gro\u00dfe Privatbank, bekannt f\u00fcr ihre innovativen Bankdienstleistungen.<\/span><\/p>\n\n\n\n<p><b>\u2022 Talaat Moustafa-Gruppe:<\/b><span style=\"font-weight: 400;\"> Ein f\u00fchrender Immobilienentwickler, der an gro\u00dfen Wohn- und Gewerbeprojekten beteiligt ist.<\/span><\/p>\n\n\n\n<p><b>\u2022 Orascom Bau: <\/b><span style=\"font-weight: 400;\">Ein globales Ingenieur- und Bauunternehmen mit bedeutenden Niederlassungen in \u00c4gypten.<\/span><\/p>\n\n\n\n<p><b>\u2022 \u00c4gyptische St\u00e4rke- und Glukosegesellschaft: <\/b><span style=\"font-weight: 400;\">Die Spezialisierung auf die Produktion von St\u00e4rke und Glukose spiegelt die Bedeutung der Landwirtschaft in der \u00e4gyptischen Wirtschaft wider.<\/span><\/p>\n\n\n\n<p><b>\u2022 El Sewedy Electric:<\/b><span style=\"font-weight: 400;\"> Ein wichtiger Akteur in der Herstellung elektrischer Ger\u00e4te und der Bereitstellung integrierter Energiel\u00f6sungen.<\/span><\/p>\n\n\n\n<p><b>\u2022 El Araby-Gruppe:<\/b><span style=\"font-weight: 400;\"> Ein f\u00fchrender Hersteller von Elektronik und Haushaltsger\u00e4ten mit starker Pr\u00e4senz auf dem \u00e4gyptischen Markt.<\/span><\/p>\n\n\n\n<p><b>\u2022 Majid Al Futtaim: <\/b><span style=\"font-weight: 400;\">Betreibt wichtige Einkaufszentren und Hyperm\u00e4rkte und pr\u00e4gt die Einzelhandelslandschaft in \u00c4gypten.<\/span><\/p>\n\n\n\n<h2 class=\"wp-block-heading\"><strong>Wichtigste Touristenattraktionen in \u00c4gypten<\/strong><\/h2>\n\n\n\n<p><span style=\"font-weight: 400;\">Der Tourismus ist ein wichtiger Sektor der \u00e4gyptischen Wirtschaft und die Kenntnis der wichtigsten Touristenattraktionen ist f\u00fcr Unternehmen, die Marktforschung in \u00c4gypten betreiben, von entscheidender Bedeutung, insbesondere f\u00fcr Unternehmen in den Bereichen Reisen, Gastgewerbe und Dienstleistung. Hier ist ein \u00dcberblick \u00fcber einige der wichtigsten Touristenattraktionen:<\/span><\/p>\n\n\n\n<p><b>\u2022 Die gro\u00dfen Pyramiden von Gizeh und die Sphinx:<\/b><span style=\"font-weight: 400;\"> Ikonische Wunder der Antike, die Millionen von Touristen aus der ganzen Welt anziehen.<\/span><\/p>\n\n\n\n<p><b>\u2022 Das \u00c4gyptische Museum:<\/b><span style=\"font-weight: 400;\"> Heimat einer umfangreichen Sammlung alt\u00e4gyptischer Artefakte, darunter die Sch\u00e4tze von Tutanchamun.<\/span><\/p>\n\n\n\n<p><b>\u2022 Tal der K\u00f6nige: <\/b><span style=\"font-weight: 400;\">Ber\u00fchmt f\u00fcr seine Gr\u00e4ber und Grabkammern der alten \u00e4gyptischen Pharaonen.<\/span><\/p>\n\n\n\n<p><b>\u2022 Karnak-Tempel: <\/b><span style=\"font-weight: 400;\">Eines der gr\u00f6\u00dften religi\u00f6sen Geb\u00e4ude der Welt, bekannt f\u00fcr seine atemberaubende Architektur.<\/span><\/p>\n\n\n\n<p><b>\u2022 Tempel von Abu Simbel:<\/b><span style=\"font-weight: 400;\"> Massive Felsentempel, die urspr\u00fcnglich w\u00e4hrend der Herrschaft von Pharao Ramses II. gehauen wurden.<\/span><\/p>\n\n\n\n<p><b>\u2022 Der Assuan-Staudamm und der Nassersee:<\/b><span style=\"font-weight: 400;\"> Wunderwerke der modernen Technik mit gro\u00dfer historischer Bedeutung.<\/span><\/p>\n\n\n\n<p><b>\u2022 Die Bibliotheca Alexandrina:<\/b><span style=\"font-weight: 400;\"> Eine moderne Bibliothek und ein Kulturzentrum als Hommage an die antike Bibliothek von Alexandria.<\/span><\/p>\n\n\n\n<p><b>\u2022 Scharm El-Scheich und Hurghada: <\/b><span style=\"font-weight: 400;\">Beliebte Badeorte sind f\u00fcr ihre wundersch\u00f6nen Str\u00e4nde, Korallenriffe und Wassersportarten wie Tauchen und Schnorcheln bekannt.<\/span><\/p>\n\n\n\n<h2 class=\"wp-block-heading\"><strong>Aktuelle Trends in \u00c4gypten<\/strong><\/h2>\n\n\n\n<p><span style=\"font-weight: 400;\">Das Verst\u00e4ndnis der Gesch\u00e4ftstrends in \u00c4gypten hilft Unternehmen, ihre Strategien an die einzigartigen Merkmale des \u00e4gyptischen Marktes anzupassen. Hier sind einige der wichtigsten aktuellen Trends in \u00c4gypten:<\/span><\/p>\n\n\n\n<p><b>\u2022 Digitale Transformation: <\/b>Egypt is experiencing a significant shift towards digitalization<span style=\"font-weight: 400;\">, with increased online activity, e-commerce growth, and digital payment adoption. This trend affects consumer shopping habits, media consumption, and business operations.<\/span><\/p>\n\n\n\n<p><b>\u2022 Entwicklung des Einzelhandelssektors: <\/b>The retail landscape is evolving with the integration of online and offline channels, leading to the growth of omnichannel retailing and <a href=\"https:\/\/www.sisinternational.com\/de\/qualitative-research-to-enhance-customer-experience\/\" title=\"Qualitative Research to Enhance Customer Experience\"  data-wpil-monitor-id=\"9103\">enhanced customer experiences<\/a>.<\/span><\/p>\n\n\n\n<p><b>\u2022 Einfluss der Jugend auf Markttrends: <\/b>Egypt has a large youth population, and <span style=\"font-weight: 400;\">trends among young Egyptians, particularly in technology use, fashion, and entertainment, are significantly influencing market dynamics.<\/span><\/p>\n\n\n\n<p><b>\u2022 Zunehmender Fokus auf lokale Fertigung: <\/b>Government initiatives and policies are driving a trend toward boosting local manufacturing across various industries<span style=\"font-weight: 400;\">.<\/span><\/p>\n\n\n\n<h2 class=\"wp-block-heading\">Gesch\u00e4ftsm\u00f6glichkeiten in \u00c4gypten<\/h2>\n\n\n\n<p>Egypt offers unique opportunities for business investors, although these might not be the same in traditional fields.<\/p>\n\n\n\n<h3 class=\"wp-block-heading\">1. Touren und Reisen<\/h3>\n\n\n\n<p>Da der Tourismus einen gro\u00dfen Beitrag zum BIP des Landes leistet, kann jedes tourismusbezogene Unternehmen mit Sicherheit gute Ertr\u00e4ge erzielen. Eine sehr lohnende Investitionsm\u00f6glichkeit ist der Untersektor Reisen und Touren.<\/p>\n\n\n\n<p>A smart way to win the game would be to advertise in countries like Russia, Saudi Arabia, and Europe, where most tourists come from. Businesses can also partner with international tours and travel companies and \u201cexchange\u201d tourists to guarantee business flow.<\/p>\n\n\n\n<h3 class=\"wp-block-heading\">2. Landwirtschaft<\/h3>\n\n\n\n<p>There is a huge demand for <a href=\"https:\/\/www.sisinternational.com\/de\/sachverstand\/branchen\/marktforschung-fur-tiefkuhlkost\/\" title=\"Marktforschung f\u00fcr Tiefk\u00fchlkost\"  data-wpil-monitor-id=\"9109\">food in the local market<\/a>. Grains are a staple among Egyptian households, so investors who can produce them with minimum water resources can thrive.<\/p>\n\n\n\n<p>Es besteht nicht nur ein aufnahmebereiter Markt f\u00fcr diese Produkte, auch die Unterst\u00fctzung der Regierung ist sicher, da ein derartiges Gesch\u00e4ft zur Gew\u00e4hrleistung der Ern\u00e4hrungssicherheit beitragen w\u00fcrde.<\/p>\n\n\n\n<h3 class=\"wp-block-heading\">3. Informations- und Kommunikationstechnologie<\/h3>\n\n\n\n<p>Over 50% of Egypt\u2019s population is under 25. This population group is tech-savvy and a potential supply of talent for tech-related businesses. Egypt is also a leader in outsourcing services in the region.<\/p>\n\n\n\n<p>The government is working to improve the country\u2019s ICT infrastructure, which will create a favorable environment for IT-related businesses to grow.<\/p>\n\n\n\n<h3 class=\"wp-block-heading\">4. Finanzdienstleistungen<\/h3>\n\n\n\n<p>Financial services are necessary to grow the economy. From banking and insurance to leasing, providing funding and financial advice encourages innovation.<\/p>\n\n\n\n<p>Financial assets also need to be priced, and the overall economic development must be determined. Since capital markets accurately reflect an economy\u2019s performance, providing these services makes business sense.<\/p>\n\n\n\n<h2 class=\"wp-block-heading\">Herausforderungen f\u00fcr die \u00e4gyptische Wirtschaft<\/h2>\n\n\n\n<p>Die gr\u00f6\u00dfte Herausforderung f\u00fcr \u00c4gyptens Wirtschaft ist die W\u00fcstenbildung. Sch\u00e4tzungsweise gehen jedes Jahr \u00fcber zehntausend Hektar Ackerland durch W\u00fcstenbildung verloren. Dies f\u00fchrt zu einem Anstieg der Nahrungsmittelimporte und wirkt sich negativ auf die Handelsbilanz des Landes aus.<\/p>\n\n\n\n<p>Corruption has also affected businesses in Egypt. Favoritism pushes businesses to engage in corruption so as to survive. Middlemen provide \u201cconnections\u201d to help navigate the complex government bureaucracy, which makes it challenging for new or small businesses to succeed. <span style=\"font-weight: 400;\">Zu den weiteren Herausforderungen geh\u00f6ren:<\/span><\/p>\n\n\n\n<p><b>\u2022 Wirtschaftliche Volatilit\u00e4t: <\/b>Egypt&#8217;s economy can be subject to fluctuations, which may affect <a href=\"https:\/\/www.sisinternational.com\/de\/global-beverage-market\/\" title=\"Global Beverage Market: Market Dynamics, Growth Projections &amp; Consumer Insights\"  data-wpil-monitor-id=\"9105\">consumer spending habits and market dynamics<\/a>.<\/span><\/p>\n\n\n\n<p><b>\u2022 Politische Instabilit\u00e4t:<\/b><span style=\"font-weight: 400;\"> Zeiten politischer Instabilit\u00e4t k\u00f6nnen den Gesch\u00e4ftsbetrieb und das Investitionsklima beeintr\u00e4chtigen.<\/span><\/p>\n\n\n\n<p><b>\u2022 Infrastrukturelle Herausforderungen: <\/b><span style=\"font-weight: 400;\">In einigen Gebieten kann es zu Infrastruktureinschr\u00e4nkungen kommen, die Logistik und Vertrieb beeintr\u00e4chtigen.<\/span><\/p>\n\n\n\n<p><b>\u2022 Sicherheitsbedenken: <\/b><span style=\"font-weight: 400;\">Insbesondere in bestimmten Regionen k\u00f6nnen Sicherheitsprobleme auftreten, die den Gesch\u00e4ftsbetrieb beeintr\u00e4chtigen k\u00f6nnen.<\/span><\/p>\n\n\n\n<p><b>\u2022 Zugriff auf Daten: <\/b><span style=\"font-weight: 400;\">Der Zugriff auf zuverl\u00e4ssige und aktuelle Daten kann eine Herausforderung sein und erfordert gr\u00fcndliche Recherche und lokale Partnerschaften.<\/span><\/p>\n\n\n\n<p><b>\u2022 Talent und F\u00e4higkeiten: <\/b><span style=\"font-weight: 400;\">In bestimmten Branchen kann es eine Herausforderung sein, vor Ort qualifizierte Talente f\u00fcr Marktforschung und Gesch\u00e4ftsbetrieb zu finden.<\/span><\/p>\n\n\n\n<h2 class=\"wp-block-heading\">\u00c4gyptens Wirtschaftsstandorte<\/h2>\n\n\n\n<figure class=\"gb-block-image gb-block-image-4fa9ef2c\"><img loading=\"lazy\" decoding=\"async\" width=\"1456\" height=\"816\" class=\"gb-image gb-image-4fa9ef2c\" src=\"https:\/\/www.sisinternational.com\/wp-content\/uploads\/2025\/08\/Egypt-44-.jpg\" alt=\"SIS International Marktforschung &amp; Strategie\" title=\"Egypt 44\" srcset=\"https:\/\/www.sisinternational.com\/wp-content\/uploads\/2025\/08\/Egypt-44-.jpg 1456w, https:\/\/www.sisinternational.com\/wp-content\/uploads\/2025\/08\/Egypt-44--300x168.jpg 300w, https:\/\/www.sisinternational.com\/wp-content\/uploads\/2025\/08\/Egypt-44--1024x574.jpg 1024w, https:\/\/www.sisinternational.com\/wp-content\/uploads\/2025\/08\/Egypt-44--768x430.jpg 768w, https:\/\/www.sisinternational.com\/wp-content\/uploads\/2025\/08\/Egypt-44--18x10.jpg 18w\" sizes=\"auto, (max-width: 1456px) 100vw, 1456px\"><\/figure>\n\n\n\n<p><\/p>\n\n\n\n<p>Egypt&#8217;s businesses thrive in the tourism and agriculture sectors. The best areas for tourism-related businesses are Cairo, Giza, and Luxor. Sugarcane production is also a business option in Luxor.<\/p>\n\n\n\n<p>Suez&#8217;s refineries are good for oil-related businesses. Tanta and El-Mahalla El-Kubra are the best locations for agriculture and textile manufacturing businesses.<\/p>\n\n\n\n<h2 class=\"wp-block-heading\">\u00dcber Marktforschung in \u00c4gypten<\/h2>\n\n\n\n<p>Businesses must unlock key insights about a market before investing. At <a href=\"https:\/\/www.sisinternational.com\/de\/kontaktieren-sie-sis-international-market-research\/\" title=\"Kontaktiere uns\"  data-wpil-monitor-id=\"9102\">SIS International Forschung<\/a>, we help businesses conduct market research through methods such as surveys, focus groups, online communities, and voice-of-the-customer research.<\/p>\n\n\n\n<p>We aim to empower businesses to start well and have a growth strategy in place.<\/p>\n\n\n\n<p><\/p>","protected":false},"excerpt":{"rendered":"<p>Marktforschung in \u00c4gypten. Wir helfen Unternehmen bei der Durchf\u00fchrung von Marktforschung durch Methoden wie Umfragen, Fokusgruppen, Online-Communitys \u2026<\/p>","protected":false},"author":1,"featured_media":65178,"parent":36619,"menu_order":1,"comment_status":"closed","ping_status":"closed","template":"","meta":{"footnotes":""},"class_list":["post-36635","page","type-page","status-publish","has-post-thumbnail"],"_links":{"self":[{"href":"https:\/\/www.sisinternational.com\/de\/wp-json\/wp\/v2\/pages\/36635","targetHints":{"allow":["GET"]}}],"collection":[{"href":"https:\/\/www.sisinternational.com\/de\/wp-json\/wp\/v2\/pages"}],"about":[{"href":"https:\/\/www.sisinternational.com\/de\/wp-json\/wp\/v2\/types\/page"}],"author":[{"embeddable":true,"href":"https:\/\/www.sisinternational.com\/de\/wp-json\/wp\/v2\/users\/1"}],"replies":[{"embeddable":true,"href":"https:\/\/www.sisinternational.com\/de\/wp-json\/wp\/v2\/comments?post=36635"}],"version-history":[{"count":5,"href":"https:\/\/www.sisinternational.com\/de\/wp-json\/wp\/v2\/pages\/36635\/revisions"}],"predecessor-version":[{"id":81525,"href":"https:\/\/www.sisinternational.com\/de\/wp-json\/wp\/v2\/pages\/36635\/revisions\/81525"}],"up":[{"embeddable":true,"href":"https:\/\/www.sisinternational.com\/de\/wp-json\/wp\/v2\/pages\/36619"}],"wp:featuredmedia":[{"embeddable":true,"href":"https:\/\/www.sisinternational.com\/de\/wp-json\/wp\/v2\/media\/65178"}],"wp:attachment":[{"href":"https:\/\/www.sisinternational.com\/de\/wp-json\/wp\/v2\/media?parent=36635"}],"curies":[{"name":"wp","href":"https:\/\/api.w.org\/{rel}","templated":true}]}}