{"id":36631,"date":"2021-02-05T02:36:40","date_gmt":"2021-02-05T02:36:40","guid":{"rendered":"https:\/\/www.sisinternational.com\/?page_id=36631"},"modified":"2026-01-25T16:57:07","modified_gmt":"2026-01-25T21:57:07","slug":"marktforschung-in-taiwan","status":"publish","type":"page","link":"https:\/\/www.sisinternational.com\/de\/abdeckung\/marktforschung-asien\/marktforschung-in-taiwan\/","title":{"rendered":"Marktforschung in Taiwan"},"content":{"rendered":"<h1 class=\"wp-block-heading\">Marktforschung in Taiwan<\/h1>\n\n\n\n<figure class=\"gb-block-image gb-block-image-36b58b30\"><img loading=\"lazy\" decoding=\"async\" width=\"1456\" height=\"816\" class=\"gb-image gb-image-36b58b30\" src=\"https:\/\/www.sisinternational.com\/wp-content\/uploads\/2025\/09\/Taiwan-2.jpg\" alt=\"SIS International Marktforschung &amp; Strategie\" title=\"Taiwan (2)\" srcset=\"https:\/\/www.sisinternational.com\/wp-content\/uploads\/2025\/09\/Taiwan-2.jpg 1456w, https:\/\/www.sisinternational.com\/wp-content\/uploads\/2025\/09\/Taiwan-2-300x168.jpg 300w, https:\/\/www.sisinternational.com\/wp-content\/uploads\/2025\/09\/Taiwan-2-1024x574.jpg 1024w, https:\/\/www.sisinternational.com\/wp-content\/uploads\/2025\/09\/Taiwan-2-768x430.jpg 768w, https:\/\/www.sisinternational.com\/wp-content\/uploads\/2025\/09\/Taiwan-2-18x10.jpg 18w\" sizes=\"auto, (max-width: 1456px) 100vw, 1456px\"><\/figure>\n\n\n\n<p><\/p>\n\n\n\n<h2 class=\"wp-block-heading\">Taiwans Nachbarl\u00e4nder<\/h2>\n\n\n\n<p>Taiwan liegt s\u00fcdlich des Chinesischen Meeres und n\u00f6rdlich der Philippinen. Der Inselstaat liegt 110 Meilen von der s\u00fcdlichen Ostk\u00fcste Chinas entfernt. Die Taiwanstra\u00dfe, auch Formosastra\u00dfe genannt, trennt Taiwan vom Festland. Der Reichtum Taiwans kommt von seinen gut ausgebildeten B\u00fcrgern. Viele von ihnen sind vom chinesischen Festland nach Taiwan gezogen.<\/p>\n\n\n\n<h2 class=\"wp-block-heading\">Verbraucherbasis, Vorteile und St\u00e4rken auf dem Markt<\/h2>\n\n\n\n<p><b>Teil der Republik China:<\/b>&nbsp;Taiwan is well known for petroleum and iron refineries. Steel armaments and machinery <a href=\"https:\/\/www.sisinternational.com\/de\/losungen\/geschmackstest\/produkttestdienste-in-new-york\/\" title=\"Produkttestdienste in New York\"  data-wpil-monitor-id=\"9117\">production are among the goods and services<\/a> Taiwan offers.<\/p>\n\n\n\n<p>Seit der Amtseinf\u00fchrung von Pr\u00e4sident Chen Shui-bian und seinem anschlie\u00dfenden R\u00fccktritt herrscht in Taiwan politische Instabilit\u00e4t. Wirtschaftsexperten prognostizieren jedoch, dass die Wirtschaft des Landes wachsen wird.<span class=\"Apple-converted-space\">&nbsp;<\/span><\/p>\n\n\n\n<p>Nicht viele L\u00e4nder auf der Welt erkennen Taiwan als Staat an. Zu denen, die dies tun, geh\u00f6ren Guatemala, Haiti, die Marshallinseln und die Vatikanstadt.<span class=\"Apple-converted-space\">&nbsp;<\/span><\/p>\n\n\n\n<p><b>Taiwan \u2013 aus politischer Teilung hervorgegangen<\/b>: Das Land war mit Feindseligkeiten seitens der Superm\u00e4chte konfrontiert. Die internationale Gesch\u00e4ftswelt des Landes stellte aus verschiedenen Gr\u00fcnden den Handel ein. So gelang es Taiwan nicht einmal, Kapital aufzunehmen.<\/p>\n\n\n\n<p>Trotz dieser wirtschaftlichen Herausforderungen verf\u00fcgt Taiwan \u00fcber ein hohes Pro-Kopf-BIP. Tats\u00e4chlich werden die Pro-Kopf-BIP-Zahlen Taiwans nur von Japan und S\u00fcdkorea \u00fcbertroffen.<span class=\"Apple-converted-space\">&nbsp;<\/span><\/p>\n\n\n\n<p>Mehrere Jahre lang war Japan der Hersteller von preiswerten, hochwertigen Artikeln. Zu diesen Artikeln geh\u00f6ren Unterhaltungselektronik, Haushaltsger\u00e4te und Fertigungskomponenten. Dann geriet Japan in ein Problem. Diese Situation ist als Mitteleinkommensfalle bekannt. Im Wesentlichen wurden sie zu reich. Nach einer Weile war die kosteng\u00fcnstige Fertigung also nicht mehr ihre Dom\u00e4ne.<\/p>\n\n\n\n<p>Taiwan was ready to take up Japan\u2019s former domain and prepared to do low cost manufacturing a decade before mainland China. Mainland <a href=\"https:\/\/www.sisinternational.com\/de\/abdeckung\/marktforschung-asien\/market-research-in-china-2\/umfrage-marktforschungsunternehmen-china\/\" title=\"Umfrage Marktforschungsunternehmen in China\"  data-wpil-monitor-id=\"9116\">China wasn\u2019t even on international companies\u2019<\/a> radar as a place to do business. China got a headstart, especially since it had the right workforce. But multinational companies were always interested in Taiwan. Foxconn, IBF, and Sony corporation started a collection of well-known companies. HTC ACER and ASUS are all headquartered in Taiwan and sell products all over the world.<\/p>\n\n\n\n<p>Taiwan hat einen der st\u00e4rksten Leistungsbilanz\u00fcbersch\u00fcsse aller L\u00e4nder aufgebaut. Dazu tragen auch seine riesigen Devisenreserven bei. Das Land konnte Geld mit anderen L\u00e4ndern austauschen, um seinen Handel zu unterst\u00fctzen. Gleichzeitig konnte es seine W\u00e4hrung verfolgen und sicherstellen, dass sie wettbewerbsf\u00e4hig blieb.<\/p>\n\n\n\n<h2 class=\"wp-block-heading\">Das Tor zu S\u00fcdostasien<\/h2>\n\n\n\n<figure class=\"gb-block-image gb-block-image-61c3225a\"><img loading=\"lazy\" decoding=\"async\" width=\"1456\" height=\"816\" class=\"gb-image gb-image-61c3225a\" src=\"https:\/\/www.sisinternational.com\/wp-content\/uploads\/2025\/09\/Taiwan-1.jpg\" alt=\"SIS International Marktforschung &amp; Strategie\" title=\"Taiwan (1)\" srcset=\"https:\/\/www.sisinternational.com\/wp-content\/uploads\/2025\/09\/Taiwan-1.jpg 1456w, https:\/\/www.sisinternational.com\/wp-content\/uploads\/2025\/09\/Taiwan-1-300x168.jpg 300w, https:\/\/www.sisinternational.com\/wp-content\/uploads\/2025\/09\/Taiwan-1-1024x574.jpg 1024w, https:\/\/www.sisinternational.com\/wp-content\/uploads\/2025\/09\/Taiwan-1-768x430.jpg 768w, https:\/\/www.sisinternational.com\/wp-content\/uploads\/2025\/09\/Taiwan-1-18x10.jpg 18w\" sizes=\"auto, (max-width: 1456px) 100vw, 1456px\"><\/figure>\n\n\n\n<p><\/p>\n\n\n\n<p>Die meisten internationalen Touristen reisen zum Vergn\u00fcgen nach Taiwan. Das Land bietet zahlreiche historische Ziele und abenteuerliche Reisen.<\/p>\n\n\n\n<p>The New Southbound Policy facilitated the union between Taiwan and Southern Asia. That union that has &#8211; so far &#8211; been beneficial. It is the signature of President Tsai Ing-Wen\u2019s foreign policy. President Tsai plans to help sustain the status quo of cross-Strait relations. The main goal of the New Southbound <a href=\"https:\/\/www.sisinternational.com\/de\/sachverstand\/branchen\/politik-elite-marktforschung\/\" title=\"Policy Elite Marktforschung\u00a0\"  data-wpil-monitor-id=\"9118\">Policy<\/a> is to \u201cBid farewell to past dependency on a single market.\u201d<\/p>\n\n\n\n<p>Taiwan yearns to diminish its sole economic reliance on mainland China. That was essential to prior administrations\u2019 southbound policies.<\/p>\n\n\n\n<p>Taiwan grew between the years 2002-2008. In 2008, Taiwan rose to 10.4 billion. Nonetheless, that does not outmatch mainland China, whose growth was incomparable. As the promotional plan on Yuan\u2019s website says it best. \u201cThe essence of the New Southbound Policy is to forge a new and mutually beneficial model of cooperation and create a sense of economic community\u201d.<\/p>\n\n\n\n<h2 class=\"wp-block-heading\">Rechtsstaatlichkeit<\/h2>\n\n\n\n<p>The Taiwan Rule of Law aims to nurture the study of Taiwan\u2019s Legal evolution. Another goal is to promote a popular and academic understanding of Taiwan\u2019s achievements. The nation lived under Martial Law for over thirty years. The Martial law ended when a new president (President Chiang Ching-Kuo) came into power on 15 July 1987. The legal landscape of Taiwan has transformed since Martial law ended.<\/p>\n\n\n\n<h2 class=\"wp-block-heading\">\u00dcber Marktforschung in Taiwan<\/h2>\n\n\n\n<p>SIS International conducts Qualitative Research, Quantitative Research, and Strategy <a href=\"https:\/\/www.sisinternational.com\/de\/abdeckung\/marktforschung-afrika\/marktforschung-in-mali\/\" title=\"Marktforschung in Mali\"  data-wpil-monitor-id=\"3852\">Research in the Taiwan market<\/a>. Methods include Focus Groups, Social Media Interviews, and Surveys. Contact us now for a consultation to find out how we can help you expand your business.<\/p>\n\n\n\n<h2 class=\"wp-block-heading\">&nbsp;<\/h2>","protected":false},"excerpt":{"rendered":"<p>Erweitern Sie Ihr Gesch\u00e4ft mit Marktforschung in Taiwan.<\/p>","protected":false},"author":1,"featured_media":65724,"parent":14508,"menu_order":13,"comment_status":"closed","ping_status":"closed","template":"","meta":{"footnotes":""},"class_list":["post-36631","page","type-page","status-publish","has-post-thumbnail"],"_links":{"self":[{"href":"https:\/\/www.sisinternational.com\/de\/wp-json\/wp\/v2\/pages\/36631","targetHints":{"allow":["GET"]}}],"collection":[{"href":"https:\/\/www.sisinternational.com\/de\/wp-json\/wp\/v2\/pages"}],"about":[{"href":"https:\/\/www.sisinternational.com\/de\/wp-json\/wp\/v2\/types\/page"}],"author":[{"embeddable":true,"href":"https:\/\/www.sisinternational.com\/de\/wp-json\/wp\/v2\/users\/1"}],"replies":[{"embeddable":true,"href":"https:\/\/www.sisinternational.com\/de\/wp-json\/wp\/v2\/comments?post=36631"}],"version-history":[{"count":5,"href":"https:\/\/www.sisinternational.com\/de\/wp-json\/wp\/v2\/pages\/36631\/revisions"}],"predecessor-version":[{"id":81526,"href":"https:\/\/www.sisinternational.com\/de\/wp-json\/wp\/v2\/pages\/36631\/revisions\/81526"}],"up":[{"embeddable":true,"href":"https:\/\/www.sisinternational.com\/de\/wp-json\/wp\/v2\/pages\/14508"}],"wp:featuredmedia":[{"embeddable":true,"href":"https:\/\/www.sisinternational.com\/de\/wp-json\/wp\/v2\/media\/65724"}],"wp:attachment":[{"href":"https:\/\/www.sisinternational.com\/de\/wp-json\/wp\/v2\/media?parent=36631"}],"curies":[{"name":"wp","href":"https:\/\/api.w.org\/{rel}","templated":true}]}}