{"id":36597,"date":"2021-02-01T01:24:15","date_gmt":"2021-02-01T01:24:15","guid":{"rendered":"https:\/\/www.sisinternational.com\/?page_id=36597"},"modified":"2026-01-27T16:37:07","modified_gmt":"2026-01-27T21:37:07","slug":"marktforschung-in-sudafrika","status":"publish","type":"page","link":"https:\/\/www.sisinternational.com\/de\/abdeckung\/marktforschung-afrika\/marktforschung-in-sudafrika\/","title":{"rendered":"Marktforschung in S\u00fcdafrika"},"content":{"rendered":"<h1 class=\"wp-block-heading\">Marktforschung in S\u00fcdafrika<\/h1>\n\n\n\n<figure class=\"gb-block-image gb-block-image-21e2d778\"><img loading=\"lazy\" decoding=\"async\" width=\"1456\" height=\"816\" class=\"gb-image gb-image-21e2d778\" src=\"https:\/\/www.sisinternational.com\/wp-content\/uploads\/2025\/08\/South-Africa-5.jpg\" alt=\"SIS International Marktforschung &amp; Strategie\" title=\"South Africa (5)\" srcset=\"https:\/\/www.sisinternational.com\/wp-content\/uploads\/2025\/08\/South-Africa-5.jpg 1456w, https:\/\/www.sisinternational.com\/wp-content\/uploads\/2025\/08\/South-Africa-5-300x168.jpg 300w, https:\/\/www.sisinternational.com\/wp-content\/uploads\/2025\/08\/South-Africa-5-1024x574.jpg 1024w, https:\/\/www.sisinternational.com\/wp-content\/uploads\/2025\/08\/South-Africa-5-768x430.jpg 768w, https:\/\/www.sisinternational.com\/wp-content\/uploads\/2025\/08\/South-Africa-5-18x10.jpg 18w\" sizes=\"auto, (max-width: 1456px) 100vw, 1456px\"><\/figure>\n\n\n\n<p><\/p>\n\n\n\n<h2 class=\"wp-block-heading\">S\u00fcdafrika ist eine der f\u00fchrenden Volkswirtschaften Afrikas.<\/h2>\n\n\n\n<p>As a member of G20, this country provides opportunities for business growth and is well-positioned to influence trade beyond its borders.<\/p>\n\n\n\n<h2 class=\"wp-block-heading\">S\u00fcdafrikas strategische Industrien<\/h2>\n\n\n\n<p>S\u00fcdafrika begann als Volkswirtschaft, die auf dem Prim\u00e4rsektor basierte, und hat sich inzwischen zu einer Volkswirtschaft entwickelt, die vom Terti\u00e4rsektor angetrieben wird. Hier sind einige der strategisch wichtigsten Branchen.<\/p>\n\n\n\n<h2 class=\"wp-block-heading\">1. Herstellung<\/h2>\n\n\n\n<p>Die verarbeitende Industrie S\u00fcdafrikas wird vom Fahrzeugbau angetrieben. Internationale Marken wie BMW, Ford, Volkswagen und Daimler-Chrysler haben Produktionsst\u00e4tten im Land.<br>Ein weiterer wichtiger Fertigungssektor ist IKT und Elektronik. Mit Tausenden von Unternehmen in diesem Sektor und leichtem Zugang zu neuen Technologien hat S\u00fcdafrika ein schnelles Wirtschaftswachstum erlebt, das durch die Herstellung von Telekommunikationsausr\u00fcstung und Elektronik ausgel\u00f6st wurde.<\/p>\n\n\n\n<h2 class=\"wp-block-heading\">2. Bergbau<\/h2>\n\n\n\n<p>S\u00fcdafrika ist ein weltweiter Produzent von Edelmetallen und Mineralien, Industriemineralien, Energiemineralien sowie Eisen- und Nichteisenmineralien. Das Land verf\u00fcgt \u00fcber eine der weltweit gr\u00f6\u00dften Reserven an Gold, Diamanten, Chromit und Vanadium.<br>With an interest in mining for rare earth, the country stands to become a supplier of the components used in smartphones, electric vehicles, and high-tech weaponry.<\/p>\n\n\n\n<h2 class=\"wp-block-heading\">3. Tourismus<\/h2>\n\n\n\n<p>Der Tourismussektor ist eine gro\u00dfe Einnahmequelle des Landes. Zu den beliebtesten Touristenattraktionen S\u00fcdafrikas z\u00e4hlen Safaris, Wildtiere, Wassersport und Str\u00e4nde. Das Land genie\u00dft auch als Reiseziel f\u00fcr Gesch\u00e4ftsveranstaltungen weltweit einen hohen Stellenwert.<\/p>\n\n\n\n<h2 class=\"wp-block-heading\">4. Finanzdienstleistungen<\/h2>\n\n\n\n<p>Der s\u00fcdafrikanische Bankensektor ist gut entwickelt und beherbergt viele ausl\u00e4ndische Finanzinstitute. Der Markt ist wettbewerbsf\u00e4hig, da im Land gro\u00dfe und kleine Banken sowie Investment- und Handelsbanken t\u00e4tig sind.<\/p>\n\n\n\n<h2 class=\"wp-block-heading p1\">Gesch\u00e4ftsm\u00f6glichkeiten in S\u00fcdafrika<\/h2>\n\n\n\n<p class=\"p2\">South <a href=\"https:\/\/www.sisinternational.com\/de\/die-auswirkungen-der-nigerianischen-marktkultur-auf-das-geschaft\/\" title=\"Der nigerianische Markt: Der Einfluss der Kultur auf das Gesch\u00e4ft\"  data-wpil-monitor-id=\"7484\">Africa offers various business<\/a> opportunities. These are mainly in the following sectors.<\/p>\n\n\n\n<h2 class=\"wp-block-heading\">1. Gesundheitswesen<\/h2>\n\n\n\n<p>The need for healthcare in South Africa is huge. Setting up a healthcare business in South Africa will however, go beyond serving the locals only. With the whole continent importing medication and South Africa having a strong manufacturing base, it\u2019s possible to start an export-focused medical business in the country.<\/p>\n\n\n\n<h2 class=\"wp-block-heading\">2. Bildung<\/h2>\n\n\n\n<p>Viele gebildete S\u00fcdafrikaner wandern auf der Suche nach besseren Lebensbedingungen nach Neuseeland, Australien, Europa und in die USA aus. Da die Zur\u00fcckgebliebenen f\u00fcr einige High-Tech-Jobs nicht geeignet sind, k\u00f6nnen Investoren diese L\u00fccke f\u00fcllen, indem sie Privatschulen betreiben.<br>Da die Mehrheit \u00fcber einen Internetzugang verf\u00fcgt, kann E-Learning eine lukrative Option sein.<\/p>\n\n\n\n<h2 class=\"wp-block-heading\">3. Immobilien<\/h2>\n\n\n\n<p>W\u00e4hrend andere L\u00e4nder nur wenige junge Immobilienk\u00e4ufer melden, hat S\u00fcdafrika eine Rekordzahl von Millennials erlebt, die Eigenheime kaufen. Die gr\u00f6\u00dfte Nachfrage besteht nach erschwinglichen Immobilien. Trends bei den Immobilienverk\u00e4ufen zeigen, dass Investoren, die neue Marketingkan\u00e4le nutzen, mehr K\u00e4ufe verzeichnen als solche, die sich an traditionelle Werbung halten.<\/p>\n\n\n\n<h2 class=\"wp-block-heading p1\">4. Technologie<\/h2>\n\n\n\n<p class=\"p2\">Technologische Innovationen haben zu einem Wachstum des Online-Shoppings und von Fintech gef\u00fchrt. Da Verbraucher Technologie in ihren Alltag integrieren, wird die Nachfrage nach technologischen L\u00f6sungen nur noch weiter steigen.<\/p>\n\n\n\n<h2 class=\"wp-block-heading p1\">5. Energie<\/h2>\n\n\n\n<p class=\"p2\">There has been an uptake of renewable energy, and corporate customers have shown a willingness to pay more for green energy. With Energy as a Service (EaaS) gaining acceptance and the cost of storage technology reducing, the energy sector is a strong candidate for profitable business.<\/p>\n\n\n\n<h2 class=\"wp-block-heading p5\">Herausforderungen f\u00fcr S\u00fcdafrikas Wirtschaft<\/h2>\n\n\n\n<p class=\"p2\">S\u00fcdafrika k\u00e4mpft mit Arbeitslosigkeit, was zu einer hohen Kriminalit\u00e4tsrate f\u00fchrt. Auch andere sozio\u00f6konomische Probleme wie Korruption, politische Instabilit\u00e4t, schlechte Gesundheitsversorgung und Teenager-Elternschaft sind hieraus erwachsen.<\/p>\n\n\n\n<h2 class=\"wp-block-heading p1\">S\u00fcdafrikas Wirtschaftsstandortzentren<\/h2>\n\n\n\n<figure class=\"gb-block-image gb-block-image-93ddd45d\"><img loading=\"lazy\" decoding=\"async\" width=\"1456\" height=\"816\" class=\"gb-image gb-image-93ddd45d\" src=\"https:\/\/www.sisinternational.com\/wp-content\/uploads\/2025\/08\/South-Africa-3.jpg\" alt=\"SIS International Marktforschung &amp; Strategie\" title=\"South Africa (3)\" srcset=\"https:\/\/www.sisinternational.com\/wp-content\/uploads\/2025\/08\/South-Africa-3.jpg 1456w, https:\/\/www.sisinternational.com\/wp-content\/uploads\/2025\/08\/South-Africa-3-300x168.jpg 300w, https:\/\/www.sisinternational.com\/wp-content\/uploads\/2025\/08\/South-Africa-3-1024x574.jpg 1024w, https:\/\/www.sisinternational.com\/wp-content\/uploads\/2025\/08\/South-Africa-3-768x430.jpg 768w, https:\/\/www.sisinternational.com\/wp-content\/uploads\/2025\/08\/South-Africa-3-18x10.jpg 18w\" sizes=\"auto, (max-width: 1456px) 100vw, 1456px\"><\/figure>\n\n\n\n<p><\/p>\n\n\n\n<p class=\"p2\">Verschiedene St\u00e4dte und Regionen in S\u00fcdafrika bieten ein sehr f\u00f6rderliches Umfeld f\u00fcr Unternehmen. Eine dieser St\u00e4dte ist Johannesburg, das weltweit als hervorragender Standort f\u00fcr Startups gilt. Auch Kapstadt hat einen hohen Stellenwert und ist Heimat vieler Startups und Risikokapitalfirmen.<\/p>\n\n\n\n<p class=\"p2\">Die Gemeinde Stellenbosch ist aufgrund ihrer N\u00e4he zum Gro\u00dfraum Kapstadt auch ein Wirtschaftszentrum. Sie verf\u00fcgt \u00fcber komparative Vorteile in den Bereichen Fertigung, Finanzdienstleistungen, Gro\u00df- und Einzelhandel sowie Gastgewerbe.<\/p>\n\n\n\n<h2 class=\"wp-block-heading p1\">\u00dcber Marktforschung in S\u00fcdafrika<\/h2>\n\n\n\n<p class=\"p2\">South <a href=\"https:\/\/www.sisinternational.com\/de\/der-afrikanische-markt-im-wandel\/\" title=\"Marktchancenforschung in Afrika\"  data-wpil-monitor-id=\"2794\">Afrika<\/a> provides many opportunities for entry into the African market. A thorough market research is however needed to understand the trends, customer dynamics, corporate intelligence and other market insights so as to create a winning strategy.<\/p>\n\n\n\n<p class=\"p2\">SIS International Research has been conducting detailed <a href=\"https:\/\/www.sisinternational.com\/de\/marktforschung-in-afrika-2\/\" title=\"Marktforschung in Afrika\"  data-wpil-monitor-id=\"2941\">market<\/a> research for local and international businesses for years. We have the expertise and experience to analyze markets and advise businesses on the best way to launch and carve out a portion of the market for guaranteed business growth.<\/p>\n\n\n\n<p><\/p>","protected":false},"excerpt":{"rendered":"<p>Erweitern Sie Ihr Gesch\u00e4ft mit Marktforschung in S\u00fcdafrika.<\/p>","protected":false},"author":1,"featured_media":65225,"parent":14281,"menu_order":0,"comment_status":"closed","ping_status":"closed","template":"","meta":{"footnotes":""},"class_list":["post-36597","page","type-page","status-publish","has-post-thumbnail"],"_links":{"self":[{"href":"https:\/\/www.sisinternational.com\/de\/wp-json\/wp\/v2\/pages\/36597","targetHints":{"allow":["GET"]}}],"collection":[{"href":"https:\/\/www.sisinternational.com\/de\/wp-json\/wp\/v2\/pages"}],"about":[{"href":"https:\/\/www.sisinternational.com\/de\/wp-json\/wp\/v2\/types\/page"}],"author":[{"embeddable":true,"href":"https:\/\/www.sisinternational.com\/de\/wp-json\/wp\/v2\/users\/1"}],"replies":[{"embeddable":true,"href":"https:\/\/www.sisinternational.com\/de\/wp-json\/wp\/v2\/comments?post=36597"}],"version-history":[{"count":9,"href":"https:\/\/www.sisinternational.com\/de\/wp-json\/wp\/v2\/pages\/36597\/revisions"}],"predecessor-version":[{"id":81111,"href":"https:\/\/www.sisinternational.com\/de\/wp-json\/wp\/v2\/pages\/36597\/revisions\/81111"}],"up":[{"embeddable":true,"href":"https:\/\/www.sisinternational.com\/de\/wp-json\/wp\/v2\/pages\/14281"}],"wp:featuredmedia":[{"embeddable":true,"href":"https:\/\/www.sisinternational.com\/de\/wp-json\/wp\/v2\/media\/65225"}],"wp:attachment":[{"href":"https:\/\/www.sisinternational.com\/de\/wp-json\/wp\/v2\/media?parent=36597"}],"curies":[{"name":"wp","href":"https:\/\/api.w.org\/{rel}","templated":true}]}}