{"id":35478,"date":"2020-06-07T02:36:30","date_gmt":"2020-06-07T02:36:30","guid":{"rendered":"https:\/\/www.sisinternational.com\/?page_id=35478"},"modified":"2026-03-12T12:46:44","modified_gmt":"2026-03-12T16:46:44","slug":"marktforschung-zur-patientenreise","status":"publish","type":"page","link":"https:\/\/www.sisinternational.com\/de\/losungen\/marktforschung-im-gesundheitswesen-2\/marktforschung-zur-patientenreise\/","title":{"rendered":"Marktforschung zur Patientenreise"},"content":{"rendered":"<h1 class=\"wp-block-heading\">Marktforschung zur Patientenreise<\/h1>\n\n\n\n<figure class=\"gb-block-image gb-block-image-d4b7c36f\"><img loading=\"lazy\" decoding=\"async\" width=\"1456\" height=\"816\" class=\"gb-image gb-image-d4b7c36f\" src=\"https:\/\/www.sisinternational.com\/wp-content\/uploads\/2025\/08\/Healthcare-13.jpg\" alt=\"SIS International Marktforschung &amp; Strategie\" title=\"Healthcare (13)\" srcset=\"https:\/\/www.sisinternational.com\/wp-content\/uploads\/2025\/08\/Healthcare-13.jpg 1456w, https:\/\/www.sisinternational.com\/wp-content\/uploads\/2025\/08\/Healthcare-13-300x168.jpg 300w, https:\/\/www.sisinternational.com\/wp-content\/uploads\/2025\/08\/Healthcare-13-1024x574.jpg 1024w, https:\/\/www.sisinternational.com\/wp-content\/uploads\/2025\/08\/Healthcare-13-768x430.jpg 768w, https:\/\/www.sisinternational.com\/wp-content\/uploads\/2025\/08\/Healthcare-13-18x10.jpg 18w\" sizes=\"auto, (max-width: 1456px) 100vw, 1456px\"><\/figure>\n\n\n\n<p><\/p>\n\n\n\n<h2 class=\"wp-block-heading p2\"><span class=\"s2\">Die Patient Journey deckt alle Ber\u00fchrungspunkte auf, die Patienten auf der Suche nach neuen Behandlungen durchlaufen<\/span><\/h2>\n\n\n\n<p class=\"p2\"><span class=\"s2\">Patients more than ever have information and options at their fingertips.&nbsp; With access to knowledge and alternatives, it&#8217;s important for Pharmaceutical and healthcare companies to understand patients. <\/span><\/p>\n\n\n\n<p class=\"p2\"><span class=\"s2\">Herauszufinden, was sie wollen, ist ebenfalls ein wichtiger Bestandteil des Marketings. In der Pharmabranche sind diese Bem\u00fchungen in die Patientenerfahrung eingebettet und in die Marktforschung eingebunden. Sie sind heute wichtiger denn je. <\/span><\/p>\n\n\n\n<p class=\"p4\"><span class=\"s2\">It\u2019s not enough that <a href=\"https:\/\/www.sisinternational.com\/de\/sachverstand\/branchen\/pharmamarktforschung-2\/\" title=\"Pharmazeutische Marktforschung\"  data-wpil-monitor-id=\"3473\">pharmaceutical companies conduct patient journey market research<\/a>. They need to incorporate all elements of the <a href=\"https:\/\/www.sisinternational.com\/de\/abdeckung\/marktforschung-afrika\/marktforschung-in-mali\/\" title=\"Marktforschung in Mali\"  data-wpil-monitor-id=\"3860\">marketing process into that research<\/a>. They must develop methods that can create a real competitive advantage.<\/span><\/p>\n\n\n\n<h2 class=\"wp-block-heading p5\"><span class=\"s2\">Kartierung der Patientenreise<\/span><\/h2>\n\n\n\n<p class=\"p2\"><span class=\"s2\">Die meisten Amerikaner nehmen mindestens ein verschreibungspflichtiges Medikament ein. Mehr als die H\u00e4lfte sogar zwei. Doch die Hersteller dieser lebensrettenden Medikamente haben nur minimalen Kontakt zu den Patienten. Diese Patienten sind auf die Anweisungen der Anbieter angewiesen, wie sie die Therapien und Medikamente anwenden sollen. Sie haben oft nur wenige oder gar keine Informationen dar\u00fcber, wer ihnen die Genesung von ihren verschiedenen Krankheiten erm\u00f6glicht. Die Frage ist nun: K\u00f6nnen Pharmaunternehmen in diesen Vertrauensring eintreten? K\u00f6nnen sie Teil der Patientenreise sein? Die Antwort ist ein klares Ja.<\/span><\/p>\n\n\n\n<h2 class=\"wp-block-heading\">Innovationsmarktforschung<\/h2>\n\n\n\n<p class=\"p2\"><span class=\"s2\">Markt <a href=\"https:\/\/www.sisinternational.com\/de\/sachverstand\/branchen\/pharmamarktforschung\/\" title=\"Pharmazeutische Marktforschung\"  data-wpil-monitor-id=\"6313\">Forschung<\/a> is of tremendous benefit to innovators at pharmaceutical companies. A patient journey map lays out these benefits in a visual format, describing the typical routes consumers take from the start. It shows how they seek to improve their health outcomes as they do the tasks that denote the significant steps in the journey. It describes the different phases of care, starting with the onset of symptoms. It then goes to when the doctor diagnoses the patient, then to therapy, and it ends with either full recovery or adapting to a new way of living.<\/span><\/p>\n\n\n\n<p class=\"p2\"><span class=\"s2\">Die Reise umfasst Geschichten \u00fcber den Weg eines Patienten. Sie hebt die wichtigsten Probleme des Patienten mit Pflegepersonal, \u00c4rzten und Medikamenten hervor. Au\u00dferdem wird seine Meinung zum Gesundheitssystem im Allgemeinen eingeholt. Dank Empowerment-Programmen lernen Marken die Ansichten der Verbraucher kennen. Dieses Wissen erm\u00f6glicht es ihnen, die Patientenergebnisse zu untersuchen und zu verbessern. Die Verwendung von Patientenreisen f\u00fcr das Pharmamarketing verbessert die Kommunikation. Alle am Prozess beteiligten Parteien, von Patienten bis zu Pharmamarken, haben ein Mitspracherecht. Auch die Meinungen von Anbietern, Angeh\u00f6rigen und Vertriebsmitarbeitern werden ber\u00fccksichtigt.<\/span><\/p>\n\n\n\n<h2 class=\"wp-block-heading\">Patientenzentrierung<\/h2>\n\n\n\n<p class=\"p2\"><span class=\"s2\">Die heutige medizinische Umgebung ist patientenzentriert. Ein grober \u00dcberblick \u00fcber die Reise ist f\u00fcr die Kommerzialisierung der Biowissenschaften von entscheidender Bedeutung. Er beeinflusst alles von der Produktentwicklung \u00fcber den Marktzugang bis hin zum Management nach der Markteinf\u00fchrung. Forscher f\u00fchren die Bem\u00fchungen zur Patientenreise jedoch oft unzusammenh\u00e4ngend durch. Verschiedene Teams verwenden oft unterschiedliche Datenquellen und Methoden. Dieser Ansatz raubt den Unternehmen einen umfassenderen \u00dcberblick. Sie k\u00f6nnen die Treiber und Hindernisse, die ihre Marken beeinflussen, nicht erkennen.<\/span><\/p>\n\n\n\n<h2 class=\"wp-block-heading p5\"><span class=\"s2\">Den Weg des Patienten verstehen<\/span><\/h2>\n\n\n\n<p class=\"p4\"><span class=\"s2\">Der Patientenverlauf ver\u00e4ndert sich und wird komplexer, da Patienten besser informiert und engagierter werden. Sie haben Zugang zu Informationen. Sie m\u00f6chten auch an allen Entscheidungen \u00fcber ihre Behandlungsprogramme beteiligt sein. Es ist leicht zu erkennen, wie wichtig es ist, den Patientenverlauf gr\u00fcndlich zu verstehen. Durch dieses Verst\u00e4ndnis k\u00f6nnen Pharmavermarkter erkennen, wo die Hindernisse liegen. Es hilft ihnen zu entscheiden, was sie tun k\u00f6nnen, um diese zu beseitigen.<\/span><\/p>\n\n\n\n<h2 class=\"wp-block-heading p5\"><span class=\"s2\">Management der Patientenreise<\/span><\/h2>\n\n\n\n<p class=\"p2\"><span class=\"s2\">Offline-Medien bleiben unverzichtbar. Dennoch verlagern Pharmaunternehmen ihre Werbe- und Marketingausgaben auf digitale Kan\u00e4le. Diese Unternehmen m\u00fcssen \u00fcber alle Kan\u00e4le hinweg ein einheitliches Markenerlebnis bieten. Ein einheitliches Erlebnis \u00fcber virtuelle und physische Kan\u00e4le hinweg f\u00f6rdert die Kundenzufriedenheit. Und zwar \u00fcber alle verschiedenen Wege hinweg, auf denen sie mit der Marke in Kontakt kommen. Dar\u00fcber hinaus ist die Verbesserung des Kundenerlebnisses f\u00fcr alle Patientengruppen von entscheidender Bedeutung. Es hilft Marken, relevant zu bleiben und anhaltenden Erfolg zu erzielen.<\/span><\/p>\n\n\n\n<h2 class=\"wp-block-heading\">\u00dcber Patient Journey Market Research<\/h2>\n\n\n\n<p class=\"p2\"><span class=\"s2\">SIS International Research bietet ma\u00dfgeschneiderte L\u00f6sungen und Einblicke in die Patientenreise. Da die Branche immer mehr auf den Patienten ausgerichtet ist, k\u00f6nnen wir Sie bei der Forschung unterst\u00fctzen. Wir beziehen alle relevanten Interessengruppen ein. Wir beziehen Patienten sogar in die fr\u00fchen Phasen des Produktlebenszyklus ein. Wir k\u00f6nnen auch bei der Rekrutierung schwer erreichbarer Patienten helfen. Beispielsweise k\u00f6nnen wir Ihnen helfen, Testpersonen mit seltenen Krankheiten zu finden.<\/span><\/p>\n\n\n\n<p><\/p>","protected":false},"excerpt":{"rendered":"<p>SIS ist ein globales Marktforschungs- und Strategieberatungsunternehmen. Entdecken Sie Erkenntnisse und Vorteile mit Patient Journey Market Research.<\/p>","protected":false},"author":1,"featured_media":62431,"parent":11294,"menu_order":66,"comment_status":"closed","ping_status":"closed","template":"","meta":{"footnotes":""},"class_list":["post-35478","page","type-page","status-publish","has-post-thumbnail"],"_links":{"self":[{"href":"https:\/\/www.sisinternational.com\/de\/wp-json\/wp\/v2\/pages\/35478","targetHints":{"allow":["GET"]}}],"collection":[{"href":"https:\/\/www.sisinternational.com\/de\/wp-json\/wp\/v2\/pages"}],"about":[{"href":"https:\/\/www.sisinternational.com\/de\/wp-json\/wp\/v2\/types\/page"}],"author":[{"embeddable":true,"href":"https:\/\/www.sisinternational.com\/de\/wp-json\/wp\/v2\/users\/1"}],"replies":[{"embeddable":true,"href":"https:\/\/www.sisinternational.com\/de\/wp-json\/wp\/v2\/comments?post=35478"}],"version-history":[{"count":6,"href":"https:\/\/www.sisinternational.com\/de\/wp-json\/wp\/v2\/pages\/35478\/revisions"}],"predecessor-version":[{"id":79896,"href":"https:\/\/www.sisinternational.com\/de\/wp-json\/wp\/v2\/pages\/35478\/revisions\/79896"}],"up":[{"embeddable":true,"href":"https:\/\/www.sisinternational.com\/de\/wp-json\/wp\/v2\/pages\/11294"}],"wp:featuredmedia":[{"embeddable":true,"href":"https:\/\/www.sisinternational.com\/de\/wp-json\/wp\/v2\/media\/62431"}],"wp:attachment":[{"href":"https:\/\/www.sisinternational.com\/de\/wp-json\/wp\/v2\/media?parent=35478"}],"curies":[{"name":"wp","href":"https:\/\/api.w.org\/{rel}","templated":true}]}}