{"id":35208,"date":"2020-05-02T04:06:54","date_gmt":"2020-05-02T04:06:54","guid":{"rendered":"https:\/\/www.sisinternational.com\/?page_id=35208"},"modified":"2025-09-12T20:47:32","modified_gmt":"2025-09-13T00:47:32","slug":"marktforschung-fur-schwermaschinen","status":"publish","type":"page","link":"https:\/\/www.sisinternational.com\/de\/sachverstand\/marktforschung-fur-schwermaschinen\/","title":{"rendered":"Marktforschung f\u00fcr Schwermaschinen"},"content":{"rendered":"<h1 class=\"wp-block-heading\">Marktforschung f\u00fcr Schwermaschinen<\/h1>\n\n\n\n<figure class=\"gb-block-image gb-block-image-de1f325b\"><img loading=\"lazy\" decoding=\"async\" width=\"1456\" height=\"816\" class=\"gb-image gb-image-de1f325b\" src=\"https:\/\/www.sisinternational.com\/wp-content\/uploads\/2025\/08\/Industrial-3-1.jpg\" alt=\"SIS International Marktforschung &amp; Strategie\" title=\"Industrial (3)\" srcset=\"https:\/\/www.sisinternational.com\/wp-content\/uploads\/2025\/08\/Industrial-3-1.jpg 1456w, https:\/\/www.sisinternational.com\/wp-content\/uploads\/2025\/08\/Industrial-3-1-300x168.jpg 300w, https:\/\/www.sisinternational.com\/wp-content\/uploads\/2025\/08\/Industrial-3-1-1024x574.jpg 1024w, https:\/\/www.sisinternational.com\/wp-content\/uploads\/2025\/08\/Industrial-3-1-768x430.jpg 768w, https:\/\/www.sisinternational.com\/wp-content\/uploads\/2025\/08\/Industrial-3-1-18x10.jpg 18w\" sizes=\"auto, (max-width: 1456px) 100vw, 1456px\"><\/figure>\n\n\n\n<p><\/p>\n\n\n\n<h2 class=\"wp-block-heading p2\"><span class=\"s2\">Marktanalysten erwarten Wachstum im Schwermaschinenbau. <\/span><\/h2>\n\n\n\n<p class=\"p2\"><span class=\"s2\">They project that this growth will occur over the next seven or so years. Several key factors drive the growth of the industrial equipment market. Examples are growth in real estate and more involvement in the private sector. Residential and commercial infrastructure set-up in emerging economies also drives growth, as do <a href=\"https:\/\/www.sisinternational.com\/de\/sachverstand\/branchen\/baumarkt-marktforschung\/\" title=\"Marktforschung f\u00fcr Baum\u00e4rkte und Heimwerkerbedarf\"  data-wpil-monitor-id=\"9044\">improved economic conditions in a market<\/a>.<\/span><\/p>\n\n\n\n<h2 class=\"wp-block-heading\">Arten von Schwermaschinen<\/h2>\n\n\n\n<ul class=\"wp-block-list\">\n<li>Bulldozer<\/li>\n\n\n\n<li>Verdichter<\/li>\n\n\n\n<li>Bagger<\/li>\n\n\n\n<li>Baggerlader<\/li>\n\n\n\n<li>Teleskoplader<\/li>\n\n\n\n<li>Radtraktor-Schaber<\/li>\n\n\n\n<li>Feller Buncher<\/li>\n\n\n\n<li>Lader<\/li>\n\n\n\n<li>Grader<\/li>\n\n\n\n<li>Grabenfr\u00e4se<\/li>\n\n\n\n<li>Fertiger<\/li>\n\n\n\n<li>Kipper<\/li>\n\n\n\n<li>Gabelstapler<\/li>\n\n\n\n<li>Kr\u00e4ne<\/li>\n\n\n\n<li>Speditionsversand<\/li>\n\n\n\n<li>R\u00fcckezugmaschine<\/li>\n\n\n\n<li>M\u00e4hdrescher<\/li>\n<\/ul>\n\n\n\n<h2 class=\"wp-block-heading p3\"><span class=\"s2\">Globale Marktgr\u00f6\u00dfe f\u00fcr Baumaschinen<\/span><\/h2>\n\n\n\n<p class=\"p4\"><span class=\"s2\">COVID-19 has slowed down the economy. This slowdown is affecting sales in the <a href=\"https:\/\/www.sisinternational.com\/de\/sachverstand\/branchen\/baumarktforschung\/\" title=\"Baumarktforschung\"  data-wpil-monitor-id=\"9045\">construction and mining equipment market<\/a>. Still, analysts expect a recovery once the situation improves. The <a href=\"https:\/\/www.sisinternational.com\/de\/top-unternehmen-fur-marketingstrategien\/\" title=\"Top-Unternehmen f\u00fcr Marketingstrategien\"  data-wpil-monitor-id=\"9043\">top company in the heavy machinery market<\/a> is Caterpillar Inc. AB Volvo, CNH Industrial NV, Hitachi Ltd., Doosan Infracore Co. Ltd., Komatsu Ltd., Deere &amp; Company, and J C Bamford Excavators Ltd are also heavy-hitters.<\/span><\/p>\n\n\n\n<p class=\"p4\"><span class=\"s2\">Analysts have uncovered several construction equipment trends. Of significance is the ongoing shift from traditional to automated. Global demand for more upgraded, fuel-efficient equipment is on the increase. The Asia-Pacific region may emerge dominant in the worldwide heavy machinery market share. Analysts also expect the <a href=\"https:\/\/www.sisinternational.com\/de\/marktforschung-in-europa-2\/\" title=\"Der europ\u00e4ische Markt\"  data-wpil-monitor-id=\"9041\">europ\u00e4ischer Markt<\/a> to grow due to improving employment levels. That market also had an increasing demand for new housing units (pre-COVID).<\/span><\/p>\n\n\n\n<h2 class=\"wp-block-heading p3\"><span class=\"s2\">Marktanteil der Baumaschinenhersteller<\/span><\/h2>\n\n\n\n<p class=\"p4\"><span class=\"s2\">Viele Gro\u00dfst\u00e4dte weltweit durchlaufen eine rasante Industrialisierung. Dies, gepaart mit lukrativen Besch\u00e4ftigungsm\u00f6glichkeiten, unterst\u00fctzt die Bev\u00f6lkerungsverschiebung vom Land in die Stadt. Dies ist einer der Wachstumsmotoren der Baumaschinenindustrie (Indien und China sind Beispiele). Der Baumaschinenmarkt in Indien w\u00e4chst auch aufgrund von Smart-City-Projekten. Der Bedarf an Baumaschinen ist im Wohnungsbausektor hoch. Diese Projekte steigern die Nachfrage nach hochwertigen Schwermaschinen.<\/span><\/p>\n\n\n\n<p class=\"p4\"><span class=\"s2\">Der <a href=\"https:\/\/www.sisinternational.com\/de\/sachverstand\/branchen\/marktforschung-fur-die-schwerindustrie-2\/\" title=\"Marktforschung f\u00fcr die Schwerindustrie\"  data-wpil-monitor-id=\"9046\">heavy equipment industry<\/a> is also seeing an increase in public-private partnerships. Many of these partnerships are for installing infrastructure work. There has also been wide-scale adoption of the rental business model. Many companies are entering the construction equipment rental business. They are finding the profitability of the rental model to be attractive. These factors have increased demand for heavy machinery over the past few years. <\/span><\/p>\n\n\n\n<h2 class=\"wp-block-heading p3\"><span class=\"s2\">Marktanteil von Cat bei Baumaschinen<\/span><\/h2>\n\n\n\n<p class=\"p2\"><span class=\"s2\">Fast jeder Bericht \u00fcber Baumaschinen zeigt Caterpillar Inc. als Marktf\u00fchrer. Die Produktlinie von Cat umfasst mehr als 300 Maschinen. Sie setzt den Standard f\u00fcr die Schwermaschinenindustrie. Cat dominiert auch den Markt f\u00fcr Schwermaschinenvermietung und Gebrauchtmaschinen. Das Unternehmen stellt auch Schuhe, Kleidung, ma\u00dfstabsgetreue Modelle, Spielzeug, Zubeh\u00f6r und mehr her.<\/span><\/p>\n\n\n\n<h2 class=\"wp-block-heading p3\"><span class=\"s2\">Die Auswirkungen von COVID-19 auf den Markt f\u00fcr Bau- und Bergbaumaschinen<\/span><\/h2>\n\n\n\n<p class=\"p4\"><span class=\"s2\">COVID-19 has hurt construction equipment <a href=\"https:\/\/www.sisinternational.com\/de\/losungen\/b2b-unternehmensvertriebsmarktforschung\/\" title=\"B2B Enterprise Sales Marktforschung\"  data-wpil-monitor-id=\"9047\">marketing and sales<\/a>. Caterpillar has reported declining sales, which, of course, has led to a drop in profits. The industry will feel the impact of the continued global economic uncertainty. Some companies are not even providing a financial outlook for the near future. Still, many governments have classed heavy machinery as an essential activity. They need equipment for the support of critical infrastructure. Thus, equipment manufacturers can continue to operate in those countries.<\/span><\/p>\n\n\n\n<p class=\"p2\"><span class=\"s2\">Im Zuge der Krise implementieren Hersteller neue Methoden. Sie f\u00fcgen auch Sicherheitsverfahren hinzu, um die Produktion, soweit m\u00f6glich, fortzusetzen. Einige Unternehmen haben ihren Schwerpunkt verlagert. Sie haben begonnen, lebensrettende pers\u00f6nliche Schutzausr\u00fcstung herzustellen und zu verteilen. Andere sahen sich gezwungen, einige Einrichtungen zu schlie\u00dfen, um die Sicherheit der Mitarbeiter zu gew\u00e4hrleisten. Auch Fabriken werden wegen der gesunkenen Nachfrage geschlossen.<\/span><\/p>\n\n\n\n<h2 class=\"wp-block-heading p3\"><span class=\"s2\">Warum ist die Marktforschung im Bereich Schwermaschinen so wichtig?<\/span><\/h2>\n\n\n\n<p class=\"p4\"><span class=\"s2\">Heavy Machinery Market Research is essential. It is invaluable for stakeholders in the construction and mining industries and crucial for a better understanding of your customers. It also gives you knowledge about your competitors and how they approach the market. <a href=\"https:\/\/www.sisinternational.com\/de\/kontaktieren-sie-sis-international-market-research\/\" title=\"Kontaktiere uns\"  data-wpil-monitor-id=\"9040\">SIS International Forschung<\/a> provides insights into the heavy machinery industry. We help you identify and analyze the needs of your market. In that way, you can improve your efficiency and profitability.<\/span><\/p>\n\n\n\n<h3 class=\"wp-block-heading\">Zu den Marktforschungsmethoden geh\u00f6ren:<\/h3>\n\n\n\n<ul class=\"wp-block-list\">\n<li><a href=\"https:\/\/www.sisinternational.com\/de\/losungen\/qualitative-quantitative-forschungslosungen\/online-fokusgruppen-2\/\" title=\"Online-Fokusgruppen\"  data-wpil-monitor-id=\"9042\">Online-Fokusgruppen<\/a><\/li>\n\n\n\n<li>Umfragen<\/li>\n\n\n\n<li>Tiefgr\u00fcndige Interviews<\/li>\n\n\n\n<li>Video-Interviews<\/li>\n\n\n\n<li>Ethnographie<\/li>\n\n\n\n<li>Online-Communitys<\/li>\n\n\n\n<li>Secondary Research (<a class=\"wpil_keyword_link\" href=\"https:\/\/www.sisinternational.com\/de\/tools-und-ressourcen-fur-die-schreibtischforschung\/\"   title=\"Tools und Ressourcen f\u00fcr die Schreibtischforschung\" data-wpil-keyword-link=\"linked\"  data-wpil-monitor-id=\"752\">Schreibtischrecherche<\/a>)<\/li>\n<\/ul>","protected":false},"excerpt":{"rendered":"<p>Marktforschung f\u00fcr Schwermaschinen ist f\u00fcr die Beteiligten in der Bau- und Bergbaubranche und f\u00fcr das Verst\u00e4ndnis der Kunden von entscheidender Bedeutung.<\/p>","protected":false},"author":1,"featured_media":63182,"parent":14514,"menu_order":61,"comment_status":"closed","ping_status":"closed","template":"","meta":{"footnotes":""},"class_list":["post-35208","page","type-page","status-publish","has-post-thumbnail"],"_links":{"self":[{"href":"https:\/\/www.sisinternational.com\/de\/wp-json\/wp\/v2\/pages\/35208","targetHints":{"allow":["GET"]}}],"collection":[{"href":"https:\/\/www.sisinternational.com\/de\/wp-json\/wp\/v2\/pages"}],"about":[{"href":"https:\/\/www.sisinternational.com\/de\/wp-json\/wp\/v2\/types\/page"}],"author":[{"embeddable":true,"href":"https:\/\/www.sisinternational.com\/de\/wp-json\/wp\/v2\/users\/1"}],"replies":[{"embeddable":true,"href":"https:\/\/www.sisinternational.com\/de\/wp-json\/wp\/v2\/comments?post=35208"}],"version-history":[{"count":4,"href":"https:\/\/www.sisinternational.com\/de\/wp-json\/wp\/v2\/pages\/35208\/revisions"}],"predecessor-version":[{"id":81514,"href":"https:\/\/www.sisinternational.com\/de\/wp-json\/wp\/v2\/pages\/35208\/revisions\/81514"}],"up":[{"embeddable":true,"href":"https:\/\/www.sisinternational.com\/de\/wp-json\/wp\/v2\/pages\/14514"}],"wp:featuredmedia":[{"embeddable":true,"href":"https:\/\/www.sisinternational.com\/de\/wp-json\/wp\/v2\/media\/63182"}],"wp:attachment":[{"href":"https:\/\/www.sisinternational.com\/de\/wp-json\/wp\/v2\/media?parent=35208"}],"curies":[{"name":"wp","href":"https:\/\/api.w.org\/{rel}","templated":true}]}}