{"id":35196,"date":"2020-05-02T00:01:03","date_gmt":"2020-05-02T00:01:03","guid":{"rendered":"https:\/\/www.sisinternational.com\/?page_id=35196"},"modified":"2025-09-12T20:46:08","modified_gmt":"2025-09-13T00:46:08","slug":"ingenieurmarktforschung","status":"publish","type":"page","link":"https:\/\/www.sisinternational.com\/de\/sachverstand\/ingenieurmarktforschung\/","title":{"rendered":"Technische Marktforschung"},"content":{"rendered":"<h1 class=\"wp-block-heading p1\"><span class=\"s1\">Technische Marktforschung<\/span><\/h1>\n\n\n\n<figure class=\"gb-block-image gb-block-image-ca0ed1eb\"><img loading=\"lazy\" decoding=\"async\" width=\"1456\" height=\"816\" class=\"gb-image gb-image-ca0ed1eb\" src=\"https:\/\/www.sisinternational.com\/wp-content\/uploads\/2025\/08\/Construction-30-1.jpg\" alt=\"SIS International Marktforschung &amp; Strategie\" title=\"Construction (30)\" srcset=\"https:\/\/www.sisinternational.com\/wp-content\/uploads\/2025\/08\/Construction-30-1.jpg 1456w, https:\/\/www.sisinternational.com\/wp-content\/uploads\/2025\/08\/Construction-30-1-300x168.jpg 300w, https:\/\/www.sisinternational.com\/wp-content\/uploads\/2025\/08\/Construction-30-1-1024x574.jpg 1024w, https:\/\/www.sisinternational.com\/wp-content\/uploads\/2025\/08\/Construction-30-1-768x430.jpg 768w, https:\/\/www.sisinternational.com\/wp-content\/uploads\/2025\/08\/Construction-30-1-18x10.jpg 18w\" sizes=\"auto, (max-width: 1456px) 100vw, 1456px\"><\/figure>\n\n\n\n<p><\/p>\n\n\n\n<h2 class=\"wp-block-heading p2\"><span class=\"s2\">Engineering Market Research liefert Erkenntnisse f\u00fcr das Unternehmenswachstum<\/span><\/h2>\n\n\n\n<p class=\"p2\"><span class=\"s2\">This sector has a technical nature, so it often requires<\/span> specialized market researchers. We survey engineering firms, engineering professionals, industry bodies, and those who provide design solutions. SIS International Research has extensive experience in conducting engineering market research<span class=\"s2\">.<\/span><\/p>\n\n\n\n<h3 class=\"wp-block-heading\">Arten des Ingenieurwesens:<\/h3>\n\n\n\n<ul class=\"wp-block-list\">\n<li>Elektrotechnik<\/li>\n\n\n\n<li>Chemieingenieurwesen<\/li>\n\n\n\n<li>Erd\u00f6ltechnik<\/li>\n\n\n\n<li>Bauingenieurwesen<\/li>\n\n\n\n<li>Maschinenbau<\/li>\n\n\n\n<li>Biomedizintechnik<\/li>\n\n\n\n<li>Agrartechnik<\/li>\n\n\n\n<li>Raumfahrttechnik<\/li>\n\n\n\n<li>Umwelttechnik<\/li>\n<\/ul>\n\n\n\n<h2 class=\"wp-block-heading p3\"><span class=\"s2\">Branchentrends<\/span><\/h2>\n\n\n\n<p class=\"p4\"><span class=\"s2\">The first industrial revolution took place hundreds of years ago, therefore experts describe today&#8217;s industrial revolution as Industry 4.0, as a result, they adopted a change to a more self-aware and digitized system of work that will use Big Data and the <a href=\"https:\/\/www.sisinternational.com\/de\/losungen\/sis-blockchain-consulting\/blockchain-internet-der-dinge\/\" title=\"Blockchain und das Internet der Dinge\"  data-wpil-monitor-id=\"9007\">Internet der Dinge<\/a>.<span class=\"s2\"> Zudem wird die neue Kommunikationsinfrastruktur genutzt. Damit wird Industrie 4.0 zu einem bedeutenden und disruptiven Trend im Maschinenbau. <\/span><\/p>\n\n\n\n<p class=\"p4\"><span class=\"s2\">Trotz Arbeitskr\u00e4ftemangel und Kostendruck kam es im Ingenieur- und Baugewerbe zu Marktwachstum. Der Sektor erlebte auch einen Trend zu Projekten mit Festpreisangeboten. Diese Herausforderungen werden sich wahrscheinlich auch in Zukunft fortsetzen. Allerdings werden sich f\u00fcr E&amp;C-Unternehmen in dieser Branche einige bedeutende Chancen ergeben. Der Anstieg der <\/span>intelligente Stadt <span class=\"s2\">Megaprojekte sind eine dieser M\u00f6glichkeiten, und die US-Transport- und Infrastrukturinitiative ist eine andere<\/span><span class=\"s2\">.<\/span><\/p>\n\n\n\n<p>Der <a href=\"https:\/\/www.sisinternational.com\/de\/sachverstand\/branchen\/energiemarktforschung\/\" title=\"Energiemarktforschung\"  data-wpil-monitor-id=\"9004\">energy sector is another new market<\/a> to observe. As a result, many countries should see sustainable energy getting a bigger bite of the pie. These energy sources include solar, wind, utility-scale renewable fuels, and hydropower. Innovations may also occur in:<\/p>\n\n\n\n<ul class=\"wp-block-list\">\n<li><a href=\"https:\/\/www.sisinternational.com\/de\/losungen\/ai-marktforschung-und-strategieberatung\/umwelt-nachhaltigkeit-automatisierung-kunstliche-intelligenz-beratung\/\" title=\"Umwelt &amp; Nachhaltigkeit Automatisierung und K\u00fcnstliche Intelligenz Beratung\"  data-wpil-monitor-id=\"9003\">Nachhaltige Energie und k\u00fcnstliche Intelligenz<\/a><\/li>\n\n\n\n<li>Energiespeicherung, einschlie\u00dflich Batterien<\/li>\n\n\n\n<li>Netzparit\u00e4t<\/li>\n\n\n\n<li>Blockchain<\/li>\n\n\n\n<li>Verteilte Energieressource<\/li>\n\n\n\n<li>Internet-Sicherheit<\/li>\n\n\n\n<li>Das politische Klima<\/li>\n<\/ul>\n\n\n\n<h2 class=\"wp-block-heading p3\"><span class=\"s2\">Dienstleistungsmarktanalyse<\/span><\/h2>\n\n\n\n<p class=\"p4\"><span class=\"s2\">Der Anstieg der Brancheneinnahmen h\u00e4lt mit der US-Wirtschaft insgesamt Schritt. Wachstum kann durch eine Wertsteigerung des privaten Nicht-Wohnbaus entstehen. Analysten verwenden diesen Sektor h\u00e4ufig als Indikator f\u00fcr die Nachfrage nach Industriedienstleistungen, da Rohstoffpreise und Nachfrage die Rentabilit\u00e4t beeinflussen k\u00f6nnen.&nbsp;<\/span><\/p>\n\n\n\n<p class=\"p4\"><span class=\"s2\">The main driver of the engineering services <a href=\"https:\/\/www.sisinternational.com\/de\/losungen\/fintech-strategieberatung-forschung\/finanzielle-inklusion-in-schwellenlandern-marktforschungsberatung\/\" title=\"Marktforschung und Beratung zur finanziellen Inklusion in Schwellenl\u00e4ndern\"  data-wpil-monitor-id=\"9002\">market is investments in emerging economies<\/a>, and these investments are occurring in the industrial, transport, and commercial infrastructure sectors. Most engineering <a href=\"https:\/\/www.sisinternational.com\/de\/losungen\/reise-tourismus-und-gastgewerbeberatung\/hotelmanagementunternehmen-marktforschung-strategieberatung\/\" title=\"Marktforschung und Strategieberatung f\u00fcr Hotelmanagementunternehmen\"  data-wpil-monitor-id=\"9005\">companies function only in their regional\/national markets<\/a>, however, they do so for two reasons:<\/span><\/p>\n\n\n\n<ul class=\"wp-block-list\">\n<li><span class=\"s2\">Regionale Vorschriften<\/span><\/li>\n\n\n\n<li><span class=\"s2\">Kompetenz in spezialisierten Ingenieurdienstleistungen<\/span><\/li>\n<\/ul>\n\n\n\n<h2 class=\"wp-block-heading p3\"><span class=\"s2\">Ausblick f\u00fcr die Dienstleistungsbranche<\/span><\/h2>\n\n\n\n<p class=\"p4\"><span class=\"s2\">COVID-19 has had adverse effects on <a href=\"https:\/\/www.sisinternational.com\/de\/veroffentlichungen\/skalierbare-geschaftsmarktforschung-7-moglichkeiten-zum-aufbau-eines-skalierbaren-geschafts\/\" title=\"Marktforschung f\u00fcr skalierbare Unternehmen: 7 M\u00f6glichkeiten zum Aufbau eines skalierbaren Unternehmens\"  data-wpil-monitor-id=\"9006\">business activity and markets<\/a>, and consequently, it is presenting many challenges to the engineering and construction industry. These challenges can intensify depending on the length and severity of the crisis. For instance, construction jobs have already been canceled, and others suspended.<\/span><\/p>\n\n\n\n<p class=\"p4\"><span class=\"s2\">Experten gehen davon aus, dass die Auswirkungen von COVID-19 nur vor\u00fcbergehend sein werden. Wenn die Welt wieder zur Normalit\u00e4t zur\u00fcckkehrt, wird die Branche mehr Ingenieure denn je brauchen.<\/span> <a href=\"https:\/\/www.sciencedaily.com\/news\/computers_math\/robotics\/\" target=\"_blank\" rel=\"noopener\">R<\/a><a href=\"https:\/\/www.sciencedaily.com\/news\/computers_math\/robotics\/\" target=\"_blank\" rel=\"noopener\">obotics<\/a><a href=\"https:\/\/www.sciencedaily.com\/news\/computers_math\/robotics\/\" target=\"_blank\" rel=\"noopener\"> Und<\/a><a href=\"https:\/\/www.sciencedaily.com\/news\/computers_math\/robotics\/\" target=\"_blank\" rel=\"noopener\"> k\u00fcnstliche Intelligenz<\/a> <span class=\"s2\">werden dieses Nachfragewachstum ankurbeln, ebenso wie virtuelle Realit\u00e4t und additive Fertigung. Andere Technologien werden in technische Produkte wie medizinische Ger\u00e4te integriert. Experten erwarten auch eine erh\u00f6hte Produktion von Transportausr\u00fcstung. Auch die Produktion von Computer- und Elektronikprodukten sowie Maschinen wird steigen.<\/span><\/p>\n\n\n\n<h2 class=\"wp-block-heading p3\"><span class=\"s2\">Warum ist die Marktforschung im Ingenieurwesen so wichtig?<\/span><\/h2>\n\n\n\n<p class=\"p4\"><span class=\"s2\">The engineering industry is one of the most diverse in the world because it covers OEM assembly and the manufacturing of components. It also includes the maintenance of equipment and machinery after their sale. Thus, you must work with the right <a href=\"https:\/\/www.sisinternational.com\/de\/sachverstand\/lebenslaufe\/lebenslauf-mit-erfahrungen-in-der-automobilindustrie\/\" title=\"Marktforschungsunternehmen f\u00fcr die Automobilindustrie\" data-wpil-monitor-id=\"9001\">Market Research company<\/a>. <\/span><\/p>\n\n\n\n<p class=\"p4\">Technische Marktforschung<span class=\"s2\"> provides insights into the current state of the industry and also forecasts business activity in the sector. At <a href=\"https:\/\/www.sisinternational.com\/de\/kontaktieren-sie-sis-international-market-research\/\" title=\"Kontaktiere uns\" data-wpil-monitor-id=\"9000\">SIS International Forschung<\/a>, we give our clients the information they need in addition to helping them to plan for the future and to come up with effective growth strategies. To get this information, for instance, we survey:<\/span><\/p>\n\n\n\n<ul class=\"wp-block-list ul1\">\n<li><span class=\"s2\">Elektroingenieur\u00a0<\/span><\/li>\n\n\n\n<li><span class=\"s2\">Chemieingenieur<\/span><\/li>\n\n\n\n<li><span class=\"s2\">Maschinenbauingenieur\u00a0<\/span><\/li>\n\n\n\n<li><span class=\"s2\">Qualit\u00e4tsingenieur\u00a0<\/span><\/li>\n\n\n\n<li><span class=\"s2\">Wirtschaftsingenieur\u00a0<\/span><\/li>\n\n\n\n<li><span class=\"s2\">Fertigungsingenieur\u00a0<\/span><\/li>\n\n\n\n<li><span class=\"s2\">Erd\u00f6lingenieur\u00a0<\/span><\/li>\n\n\n\n<li><span class=\"s2\">Prozessingenieur\u00a0<\/span><\/li>\n\n\n\n<li><span class=\"s2\">Projektingenieur\u00a0<\/span><\/li>\n\n\n\n<li><span class=\"s2\">Softwareentwickler\u00a0<\/span><\/li>\n\n\n\n<li><span class=\"s2\">Robotikingenieur<\/span><\/li>\n\n\n\n<li><span class=\"s2\">Eink\u00e4ufer\/Planer\u00a0<\/span><\/li>\n\n\n\n<li><span class=\"s2\">Lieferkettenmanager\u00a0<\/span><\/li>\n\n\n\n<li><span class=\"s2\">Materialmanager\u00a0<\/span><\/li>\n\n\n\n<li><span class=\"s2\">Beschaffungsingenieur\u00a0<\/span><\/li>\n\n\n\n<li>F\u00fchrungskr\u00e4fte der obersten F\u00fchrungsebene<\/li>\n\n\n\n<li>Pr\u00e4sidenten<\/li>\n\n\n\n<li><span class=\"s5\">Vizepr\u00e4sidenten<\/span><\/li>\n\n\n\n<li><span class=\"s2\">Regisseure<\/span><\/li>\n\n\n\n<li><span class=\"s2\">Manager<\/span><\/li>\n\n\n\n<li><span class=\"s2\">Elektromechaniker<\/span><\/li>\n\n\n\n<li><span class=\"s2\">Qualit\u00e4tstechniker\u00a0<\/span><\/li>\n\n\n\n<li><span class=\"s2\">Pr\u00fcftechniker\u00a0<\/span><\/li>\n\n\n\n<li><span class=\"s2\">Elektroniker\u00a0<\/span><\/li>\n\n\n\n<li><span class=\"s2\">Mechatroniker<\/span><\/li>\n<\/ul>\n\n\n\n<p><\/p>","protected":false},"excerpt":{"rendered":"<p>SIS ist ein f\u00fchrendes globales Marktforschungs- und Strategieunternehmen, das sich auf Marktforschung f\u00fcr Ingenieure spezialisiert hat. Entdecken Sie, wie wir Ihre Gewinne steigern k\u00f6nnen.<\/p>","protected":false},"author":1,"featured_media":62987,"parent":14514,"menu_order":60,"comment_status":"closed","ping_status":"closed","template":"","meta":{"footnotes":""},"class_list":["post-35196","page","type-page","status-publish","has-post-thumbnail"],"_links":{"self":[{"href":"https:\/\/www.sisinternational.com\/de\/wp-json\/wp\/v2\/pages\/35196","targetHints":{"allow":["GET"]}}],"collection":[{"href":"https:\/\/www.sisinternational.com\/de\/wp-json\/wp\/v2\/pages"}],"about":[{"href":"https:\/\/www.sisinternational.com\/de\/wp-json\/wp\/v2\/types\/page"}],"author":[{"embeddable":true,"href":"https:\/\/www.sisinternational.com\/de\/wp-json\/wp\/v2\/users\/1"}],"replies":[{"embeddable":true,"href":"https:\/\/www.sisinternational.com\/de\/wp-json\/wp\/v2\/comments?post=35196"}],"version-history":[{"count":4,"href":"https:\/\/www.sisinternational.com\/de\/wp-json\/wp\/v2\/pages\/35196\/revisions"}],"predecessor-version":[{"id":81508,"href":"https:\/\/www.sisinternational.com\/de\/wp-json\/wp\/v2\/pages\/35196\/revisions\/81508"}],"up":[{"embeddable":true,"href":"https:\/\/www.sisinternational.com\/de\/wp-json\/wp\/v2\/pages\/14514"}],"wp:featuredmedia":[{"embeddable":true,"href":"https:\/\/www.sisinternational.com\/de\/wp-json\/wp\/v2\/media\/62987"}],"wp:attachment":[{"href":"https:\/\/www.sisinternational.com\/de\/wp-json\/wp\/v2\/media?parent=35196"}],"curies":[{"name":"wp","href":"https:\/\/api.w.org\/{rel}","templated":true}]}}