{"id":35160,"date":"2020-04-27T05:10:04","date_gmt":"2020-04-27T05:10:04","guid":{"rendered":"https:\/\/www.sisinternational.com\/?page_id=35160"},"modified":"2025-11-16T22:43:47","modified_gmt":"2025-11-17T03:43:47","slug":"beleuchtungsmarktforschung","status":"publish","type":"page","link":"https:\/\/www.sisinternational.com\/de\/sachverstand\/beleuchtungsmarktforschung\/","title":{"rendered":"Beleuchtungsmarktforschung"},"content":{"rendered":"<h1 class=\"wp-block-heading\">Beleuchtungsmarktforschung<\/h1>\n\n\n\n<figure class=\"gb-block-image gb-block-image-957b8140\"><img loading=\"lazy\" decoding=\"async\" width=\"1456\" height=\"816\" class=\"gb-image gb-image-957b8140\" src=\"https:\/\/www.sisinternational.com\/wp-content\/uploads\/2025\/08\/Lightning-9.jpg\" alt=\"SIS International Marktforschung &amp; Strategie\" title=\"Lightning (9)\" srcset=\"https:\/\/www.sisinternational.com\/wp-content\/uploads\/2025\/08\/Lightning-9.jpg 1456w, https:\/\/www.sisinternational.com\/wp-content\/uploads\/2025\/08\/Lightning-9-300x168.jpg 300w, https:\/\/www.sisinternational.com\/wp-content\/uploads\/2025\/08\/Lightning-9-1024x574.jpg 1024w, https:\/\/www.sisinternational.com\/wp-content\/uploads\/2025\/08\/Lightning-9-768x430.jpg 768w, https:\/\/www.sisinternational.com\/wp-content\/uploads\/2025\/08\/Lightning-9-18x10.jpg 18w\" sizes=\"auto, (max-width: 1456px) 100vw, 1456px\"><\/figure>\n\n\n\n<p><\/p>\n\n\n\n<hr class=\"wp-block-separator has-alpha-channel-opacity is-style-dots\"\/>\n\n\n\n<p><\/p>\n\n\n\n<div class=\"wp-block-columns has-global-color-9-color has-text-color has-background has-link-color wp-elements-0203c20ded8303510532e1c3a52df13b is-layout-flex wp-container-core-columns-is-layout-9d6595d7 wp-block-columns-is-layout-flex\" style=\"background-color:#f7f9fa6e\">\n<div class=\"wp-block-column is-layout-flow wp-block-column-is-layout-flow\" style=\"flex-basis:18%\"><\/div>\n\n\n\n<div class=\"wp-block-column is-vertically-aligned-center is-layout-flow wp-block-column-is-layout-flow\" style=\"flex-basis:71.28%\">\n<div class=\"wp-block-rank-math-toc-block aligncenter has-global-color-9-color has-text-color has-link-color wp-elements-828cef5d0fbb7cc609f0d9b68d63398b\" style=\"font-size:16px\" id=\"rank-math-toc\"><h2><br><strong>T<\/strong>able of Contents<\/h2><nav><ul><li class=\"\"><a href=\"#illuminating-insights-on-lighting\">Erhellende Einblicke in die Beleuchtung<\/a><\/li><li class=\"\"><a href=\"#lighting-market-research-methods\">Methoden der Beleuchtungsmarktforschung<\/a><\/li><li class=\"\"><a href=\"#new-product-concept-testing-with-lighting-market-research\">Testen neuer Produktkonzepte mit Beleuchtungsmarktforschung<\/a><\/li><li class=\"\"><a href=\"#concept-testing\">Konzepttests<\/a><\/li><li class=\"\"><a href=\"#home-lighting-product-features\">Produktmerkmale f\u00fcr die Heimbeleuchtung<\/a><\/li><li class=\"\"><a href=\"#benefits-feelings-and-associations\">Vorteile, Gef\u00fchle und Assoziationen<\/a><\/li><li class=\"\"><a href=\"#types-of-lighting\">Beleuchtungsarten<\/a><\/li><li class=\"\"><a href=\"#customer-insights\">Einblicke der Kunden<\/a><\/li><\/ul><\/nav><\/div>\n<\/div>\n<\/div>\n\n\n\n<p><\/p>\n\n\n\n<h2 class=\"wp-block-heading p1\" id=\"illuminating-insights-on-lighting\">Erhellende Einblicke in die Beleuchtung<\/h2>\n\n\n\n<p class=\"p1\">W\u00e4hrend die Welt zunehmend auf Smart-Home-Technologie setzt, bietet SIS mit der Marktforschung f\u00fcr Beleuchtung topaktuelle Kundeneinblicke.<\/p>\n\n\n\n<ul class=\"wp-block-list\">\n<li>Annahme<\/li>\n\n\n\n<li>Einkauf<\/li>\n\n\n\n<li>Einstellungen und Verhalten<\/li>\n\n\n\n<li>Kundentreue und -bindung<\/li>\n\n\n\n<li>Neue Produkteinf\u00fchrungen<\/li>\n\n\n\n<li>Kundensegmentierung<\/li>\n\n\n\n<li>Produkttest<\/li>\n\n\n\n<li>Wettbewerbsanalyse<\/li>\n<\/ul>\n\n\n\n<h2 class=\"wp-block-heading\" id=\"lighting-market-research-methods\">Methoden der Beleuchtungsmarktforschung<\/h2>\n\n\n\n<ul class=\"wp-block-list\">\n<li>Schwerpunktgruppen<\/li>\n\n\n\n<li>Tiefgr\u00fcndige Interviews<\/li>\n\n\n\n<li>Online-Fokusgruppen<\/li>\n\n\n\n<li>Online-Communitys<\/li>\n\n\n\n<li><a href=\"https:\/\/www.sisinternational.com\/de\/personliche-interviews-und-online-interviews-die-vor-und-nachteile\/\" title=\"F2F-Interviews und Online-Interviews: Die Vor- und Nachteile\"  data-wpil-monitor-id=\"7442\">Online-Video-Interviews<\/a><\/li>\n\n\n\n<li>Mobile Umfragen<\/li>\n\n\n\n<li>Ethnographie<\/li>\n\n\n\n<li>Mobile Ethnographie<\/li>\n\n\n\n<li>Homework assignments&nbsp; (e.g. photo diaries<span class=\"s1\"> und skizzieren Sie einen Plan ihres Hauses und Gartens)<\/span><\/li>\n<\/ul>\n\n\n\n<h2 class=\"wp-block-heading p1\" id=\"new-product-concept-testing-with-lighting-market-research\"><span class=\"s1\">Testen neuer Produktkonzepte mit Beleuchtungsmarktforschung<\/span><\/h2>\n\n\n\n<figure class=\"gb-block-image gb-block-image-5cf9a002\"><img loading=\"lazy\" decoding=\"async\" width=\"1456\" height=\"816\" class=\"gb-image gb-image-5cf9a002\" src=\"https:\/\/www.sisinternational.com\/wp-content\/uploads\/2025\/08\/Lightning-6.jpg\" alt=\"SIS International Marktforschung &amp; Strategie\" title=\"Lightning (6)\" srcset=\"https:\/\/www.sisinternational.com\/wp-content\/uploads\/2025\/08\/Lightning-6.jpg 1456w, https:\/\/www.sisinternational.com\/wp-content\/uploads\/2025\/08\/Lightning-6-300x168.jpg 300w, https:\/\/www.sisinternational.com\/wp-content\/uploads\/2025\/08\/Lightning-6-1024x574.jpg 1024w, https:\/\/www.sisinternational.com\/wp-content\/uploads\/2025\/08\/Lightning-6-768x430.jpg 768w, https:\/\/www.sisinternational.com\/wp-content\/uploads\/2025\/08\/Lightning-6-18x10.jpg 18w\" sizes=\"auto, (max-width: 1456px) 100vw, 1456px\"><\/figure>\n\n\n\n<p><\/p>\n\n\n\n<p><span class=\"s1\">We test products with consumers.&nbsp; Our concept testing solutions uncover spontaneous associations and expectations.&nbsp; We have conducted Concept Testing on the following:<\/span><\/p>\n\n\n\n<ul class=\"wp-block-list\">\n<li><span class=\"s1\">Au\u00dfenbewegungsmelder und seine Funktionen. Sie erkl\u00e4rten ihre ersten Eindr\u00fccke und Ideen zum Konzept.<\/span><\/li>\n\n\n\n<li>LED-Beleuchtungskonzepte f\u00fcr Zuhause<\/li>\n\n\n\n<li>Sensorbeleuchtung<\/li>\n\n\n\n<li>Sicherheit zu Hause<\/li>\n\n\n\n<li><span class=\"s1\">Au\u00dfen-Bewegungsmelder<\/span><\/li>\n<\/ul>\n\n\n\n<h2 class=\"wp-block-heading\" id=\"concept-testing\">Konzepttests<\/h2>\n\n\n\n<ul class=\"wp-block-list\">\n<li><span class=\"s1\">Gr\u00f6\u00dfe<\/span><\/li>\n\n\n\n<li><span class=\"s1\">Material<\/span><\/li>\n\n\n\n<li><span class=\"s1\">Farbe<\/span><\/li>\n\n\n\n<li><span class=\"s1\">Montage<\/span><\/li>\n\n\n\n<li><span class=\"s1\">\u00c4sthetik \/ wie es im Au\u00dfenbereich funktioniert<\/span><\/li>\n<\/ul>\n\n\n\n<h2 class=\"wp-block-heading\" id=\"home-lighting-product-features\">Produktmerkmale f\u00fcr die Heimbeleuchtung<\/h2>\n\n\n\n<ul class=\"wp-block-list\">\n<li>Timer<\/li>\n\n\n\n<li>D\u00e4mmerungs- bis Morgengrauen-Funktion<\/li>\n\n\n\n<li>Intelligente Beleuchtung<\/li>\n\n\n\n<li>Au\u00dfenleuchten<\/li>\n\n\n\n<li>Beleuchtung mit Bewegungssensor<\/li>\n\n\n\n<li>Festliche Beleuchtung<\/li>\n\n\n\n<li>T\u00fcr- und Einfahrtsbeleuchtung<\/li>\n<\/ul>\n\n\n\n<h2 class=\"wp-block-heading\" id=\"benefits-feelings-and-associations\">Vorteile, Gef\u00fchle und Assoziationen<\/h2>\n\n\n\n<figure class=\"gb-block-image gb-block-image-27074091\"><img loading=\"lazy\" decoding=\"async\" width=\"1456\" height=\"816\" class=\"gb-image gb-image-27074091\" src=\"https:\/\/www.sisinternational.com\/wp-content\/uploads\/2025\/08\/Lightning-10.jpg\" alt=\"SIS International Marktforschung &amp; Strategie\" title=\"Lightning (10)\" srcset=\"https:\/\/www.sisinternational.com\/wp-content\/uploads\/2025\/08\/Lightning-10.jpg 1456w, https:\/\/www.sisinternational.com\/wp-content\/uploads\/2025\/08\/Lightning-10-300x168.jpg 300w, https:\/\/www.sisinternational.com\/wp-content\/uploads\/2025\/08\/Lightning-10-1024x574.jpg 1024w, https:\/\/www.sisinternational.com\/wp-content\/uploads\/2025\/08\/Lightning-10-768x430.jpg 768w, https:\/\/www.sisinternational.com\/wp-content\/uploads\/2025\/08\/Lightning-10-18x10.jpg 18w\" sizes=\"auto, (max-width: 1456px) 100vw, 1456px\"><\/figure>\n\n\n\n<p><\/p>\n\n\n\n<ul class=\"wp-block-list\">\n<li>Gef\u00fchle der Kontrolle<\/li>\n\n\n\n<li>Sicherheitsgef\u00fchle<\/li>\n\n\n\n<li>Energieeinsparungen<\/li>\n\n\n\n<li>Komfort<\/li>\n\n\n\n<li>Gl\u00fcck<\/li>\n<\/ul>\n\n\n\n<h2 class=\"wp-block-heading\" id=\"types-of-lighting\">Beleuchtungsarten<\/h2>\n\n\n\n<ul class=\"wp-block-list\">\n<li>Funktionalit\u00e4t<\/li>\n\n\n\n<li>Atmosph\u00e4risch<\/li>\n\n\n\n<li>Hell<\/li>\n\n\n\n<li>Bunt<\/li>\n\n\n\n<li>Klinisch<\/li>\n\n\n\n<li>Dekorativ<\/li>\n<\/ul>\n\n\n\n<p><\/p>\n\n\n\n<!DOCTYPE html>\n<html lang=\"en\">\n<head>\n    <meta charset=\"UTF-8\">\n    <meta name=\"viewport\" content=\"width=device-width, initial-scale=1.0\">\n    <title>AI Blog Banner<\/title>\n    <style>\n        * {\n            margin: 0;\n            padding: 0;\n            box-sizing: border-box;\n        }\n\n        .banner {\n            position: relative;\n            width: 100%;\n            height: 350px;\n            overflow: hidden;\n            display: flex;\n            align-items: center;\n            justify-content: center;\n            font-family: 'Arial', sans-serif;\n            border-radius: 25px;\n        }\n\n        .animated-background {\n            position: absolute;\n            top: 0;\n            left: 0;\n            width: 100%;\n            height: 100%;\n            background: linear-gradient(45deg, #003f6b, #2d5a7b, #003f6b, #2d5a7b);\n            background-size: 400% 400%;\n            animation: gradientMove 8s ease-in-out infinite;\n        }\n\n        .ai-pattern {\n            position: absolute;\n            top: 0;\n            left: 0;\n            width: 100%;\n            height: 100%;\n            opacity: 0.1;\n            background-image: \n                radial-gradient(circle at 20% 20%, rgba(255,255,255,0.3) 2px, transparent 2px),\n                radial-gradient(circle at 80% 80%, rgba(255,255,255,0.2) 1px, transparent 1px),\n                radial-gradient(circle at 40% 60%, rgba(255,255,255,0.15) 1.5px, transparent 1.5px),\n                radial-gradient(circle at 60% 20%, rgba(255,255,255,0.25) 1px, transparent 1px),\n                radial-gradient(circle at 80% 40%, rgba(255,255,255,0.2) 2px, transparent 2px);\n            background-size: 100px 100px, 150px 150px, 80px 80px, 120px 120px, 90px 90px;\n            animation: patternFloat 12s linear infinite;\n        }\n\n        .neural-network {\n            position: absolute;\n            top: 0;\n            left: 0;\n            width: 100%;\n            height: 100%;\n            opacity: 0.08;\n        }\n\n        .neural-line {\n            position: absolute;\n            height: 1px;\n            background: linear-gradient(90deg, transparent, rgba(255,255,255,0.5), transparent);\n            animation: neuralPulse 6s ease-in-out infinite;\n        }\n\n        .neural-line:nth-child(1) {\n            top: 30%;\n            left: 0;\n            width: 60%;\n            animation-delay: 0s;\n        }\n\n        .neural-line:nth-child(2) {\n            top: 50%;\n            right: 0;\n            width: 70%;\n            animation-delay: 2s;\n        }\n\n        .neural-line:nth-child(3) {\n            top: 70%;\n            left: 20%;\n            width: 50%;\n            animation-delay: 4s;\n        }\n\n        .content {\n            position: relative;\n            z-index: 10;\n            text-align: center;\n            color: white !important;\n            max-width: 800px;\n            padding: 30px;\n        }\n\n        .content * {\n            color: white !important;\n        }\n\n        .cta-text {\n            font-size: 1.9rem;\n            font-weight: 700;\n            margin-bottom: 15px;\n            color: white !important;\n            background: linear-gradient(90deg, rgba(255,255,255,0.6), rgba(255,255,255,1), rgba(230,230,230,1), rgba(255,255,255,1), rgba(240,240,240,0.8), rgba(255,255,255,0.6));\n            background-size: 200% 100%;\n            -webkit-background-clip: text;\n            -webkit-text-fill-color: transparent;\n            background-clip: text;\n            animation: shineEffect 10s ease-in-out infinite;\n            line-height: 1.3;\n        }\n\n        .cta-subheading {\n            font-size: 1rem;\n            font-weight: 400;\n            margin-bottom: 25px;\n            color: white !important;\n            line-height: 1.6;\n            opacity: 0.95;\n        }\n\n        .cta-button {\n            background: linear-gradient(135deg, #8a6b0f, #bd9013, #d4a519);\n            border: 2px solid #8a6b0f;\n            color: white !important;\n            padding: 18px 40px;\n            font-size: 1.2rem;\n            font-weight: 600;\n            border-radius: 50px;\n            cursor: pointer;\n            transition: all 0.3s ease;\n            text-decoration: none;\n            display: inline-block;\n            position: relative;\n            overflow: hidden;\n        }\n\n        .cta-button::before {\n            content: '';\n            position: absolute;\n            top: 0;\n            left: -100%;\n            width: 100%;\n            height: 100%;\n            background: linear-gradient(90deg, \n                transparent 0%, \n                rgba(255, 255, 255, 0.3) 25%,\n                rgba(255, 255, 255, 0.6) 50%,\n                rgba(255, 255, 255, 0.3) 75%,\n                transparent 100%);\n            animation: shine 3s ease-in-out infinite;\n        }\n\n        .cta-button:hover {\n            transform: translateY(-3px);\n            box-shadow: 0 10px 25px rgba(0,0,0,0.2);\n            border-color: #bd9013;\n            background: linear-gradient(135deg, #bd9013, #d4a519, #e6b61f);\n        }\n\n        .floating-elements {\n            position: absolute;\n            top: 0;\n            left: 0;\n            width: 100%;\n            height: 100%;\n            pointer-events: none;\n        }\n\n        .floating-circle {\n            position: absolute;\n            border-radius: 50%;\n            background: rgba(255,255,255,0.1);\n            animation: float 8s ease-in-out infinite;\n        }\n\n        .floating-circle:nth-child(1) {\n            width: 80px;\n            height: 80px;\n            top: 20%;\n            left: 10%;\n            animation-delay: 0s;\n        }\n\n        .floating-circle:nth-child(2) {\n            width: 60px;\n            height: 60px;\n            top: 60%;\n            right: 15%;\n            animation-delay: 3s;\n        }\n\n        .floating-circle:nth-child(3) {\n            width: 40px;\n            height: 40px;\n            top: 80%;\n            left: 80%;\n            animation-delay: 6s;\n        }\n\n        .floating-circle:nth-child(4) {\n            width: 70px;\n            height: 70px;\n            top: 10%;\n            right: 20%;\n            animation-delay: 1.5s;\n        }\n\n        .floating-circle:nth-child(5) {\n            width: 50px;\n            height: 50px;\n            top: 75%;\n            left: 30%;\n            animation-delay: 4.5s;\n        }\n\n        @keyframes gradientMove {\n            0% { background-position: 0% 50%; }\n            25% { background-position: 100% 50%; }\n            50% { background-position: 100% 100%; }\n            75% { background-position: 0% 100%; }\n            100% { background-position: 0% 50%; }\n        }\n\n        @keyframes patternFloat {\n            0% { transform: translateX(0) translateY(0); }\n            33% { transform: translateX(30px) translateY(-20px); }\n            66% { transform: translateX(-20px) translateY(10px); }\n            100% { transform: translateX(0) translateY(0); }\n        }\n\n        @keyframes neuralPulse {\n            0%, 100% { opacity: 0.08; }\n            50% { opacity: 0.2; }\n        }\n\n        @keyframes shineEffect {\n            0% { background-position: 200% 0; }\n            100% { background-position: -200% 0; }\n        }\n\n        @keyframes shine {\n            0% {\n                left: -100%;\n            }\n            20%, 100% {\n                left: 100%;\n            }\n        }\n\n        @keyframes float {\n            0%, 100% { transform: translateY(0px) rotate(0deg); }\n            33% { transform: translateY(-30px) rotate(120deg); }\n            66% { transform: translateY(15px) rotate(240deg); }\n        }\n\n        @media (max-width: 768px) {\n            .banner {\n                height: 320px;\n                padding: 30px 0;\n            }\n            \n            .content {\n                padding: 40px 20px;\n            }\n            \n            .cta-text {\n                font-size: 1.3rem;\n                margin-bottom: 12px;\n            }\n            \n            .cta-subheading {\n                font-size: 0.85rem;\n                margin-bottom: 20px;\n            }\n            \n            .cta-button {\n                padding: 14px 28px;\n                font-size: 0.95rem;\n            }\n        }\n    <\/style>\n<\/head>\n<body>\n    <div class=\"banner\">\n        <div class=\"animated-background\"><\/div>\n        \n        <div class=\"ai-pattern\"><\/div>\n        \n        <div class=\"neural-network\">\n            <div class=\"neural-line\"><\/div>\n            <div class=\"neural-line\"><\/div>\n            <div class=\"neural-line\"><\/div>\n        <\/div>\n        \n        <div class=\"floating-elements\">\n            <div class=\"floating-circle\"><\/div>\n            <div class=\"floating-circle\"><\/div>\n            <div class=\"floating-circle\"><\/div>\n            <div class=\"floating-circle\"><\/div>\n            <div class=\"floating-circle\"><\/div>\n        <\/div>\n        \n        <div class=\"content\">\n            <div class=\"cta-text\">Ready to explore the insights that drive smarter decisions?<\/div>\n            <div class=\"cta-subheading\">Contact our Research experts today.<\/div>\n            <a href=\"mailto:Research@sisinternational.com\" class=\"cta-button\">Contact us now!<\/a>\n        <\/div>\n    <\/div>\n<\/body>\n<\/html>\n\n\n\n<p><\/p>\n\n\n\n<h2 class=\"wp-block-heading\" id=\"customer-insights\">Einblicke der Kunden<\/h2>\n\n\n\n<figure class=\"gb-block-image gb-block-image-84f79f2d\"><img loading=\"lazy\" decoding=\"async\" width=\"1456\" height=\"816\" class=\"gb-image gb-image-84f79f2d\" src=\"https:\/\/www.sisinternational.com\/wp-content\/uploads\/2025\/08\/Lightning-4.jpg\" alt=\"SIS International Marktforschung &amp; Strategie\" title=\"Lightning (4)\" srcset=\"https:\/\/www.sisinternational.com\/wp-content\/uploads\/2025\/08\/Lightning-4.jpg 1456w, https:\/\/www.sisinternational.com\/wp-content\/uploads\/2025\/08\/Lightning-4-300x168.jpg 300w, https:\/\/www.sisinternational.com\/wp-content\/uploads\/2025\/08\/Lightning-4-1024x574.jpg 1024w, https:\/\/www.sisinternational.com\/wp-content\/uploads\/2025\/08\/Lightning-4-768x430.jpg 768w, https:\/\/www.sisinternational.com\/wp-content\/uploads\/2025\/08\/Lightning-4-18x10.jpg 18w\" sizes=\"auto, (max-width: 1456px) 100vw, 1456px\"><\/figure>\n\n\n\n<p><\/p>\n\n\n\n<p>Wir k\u00f6nnen eine Reihe von Fragen stellen, um das Verhalten, die K\u00e4ufe und die Einstellungen gegen\u00fcber Produkten zur Wohnraumbeleuchtung zu verstehen:<\/p>\n\n\n\n<ul class=\"wp-block-list ul1\">\n<li><span class=\"s2\">Wo holen sich Kunden Inspiration f\u00fcr ihre Inneneinrichtung?<\/span><\/li>\n\n\n\n<li><span class=\"s2\">Wie passt die Beleuchtung zu Ihrer Einrichtung?<\/span><\/li>\n\n\n\n<li>Was m\u00fcsste ein ideales Smart Home k\u00f6nnen?<\/li>\n\n\n\n<li>Warum kaufen Menschen Leuchten? Wer trifft die Entscheidungen?<\/li>\n\n\n\n<li>Welche Informationsquellen haben Sie genutzt? Was hat Ihre Kaufentscheidung beeinflusst?<\/li>\n\n\n\n<li>Wo hast du das gekauft?<\/li>\n\n\n\n<li><span class=\"s2\">Welche anderen Produkte haben Sie in Betracht gezogen? <\/span><\/li>\n\n\n\n<li><span class=\"s2\">Wie nutzen Sie Licht f\u00fcr unterschiedliche Stimmungen?<\/span><\/li>\n\n\n\n<li><span class=\"s2\">Was tun Sie, um Stress abzubauen?<\/span><\/li>\n\n\n\n<li><span class=\"s2\">Um wie viel Uhr bist du abends ins Bett gegangen?<\/span><\/li>\n\n\n\n<li><span class=\"s2\">Wie lange brauchen Sie normalerweise, um einzuschlafen?<\/span><\/li>\n\n\n\n<li><span class=\"s2\">Wie viele Stunden haben Sie im letzten Monat nachts geschlafen?<\/span><\/li>\n\n\n\n<li><span class=\"s2\">Verwenden Sie Lichter, um eine festliche Atmosph\u00e4re zu schaffen?<\/span><\/li>\n\n\n\n<li><span class=\"s2\">Was f\u00e4llt Ihnen ein, wenn Sie das Wort \u201eNatur\u201c h\u00f6ren?<\/span><\/li>\n\n\n\n<li>Welchen Einfluss haben nat\u00fcrliche Lichteffekte (Sonnenaufgang, Sonnenuntergang, Feuerschein, Aurora Borealis) auf Ihre Stimmung?<\/li>\n\n\n\n<li><span class=\"s2\">Was f\u00e4llt Ihnen ein, wenn Sie das Wort \u201enat\u00fcrlich\u201c h\u00f6ren?<\/span><\/li>\n\n\n\n<li><span class=\"s2\">Wie ver\u00e4ndert sich das nat\u00fcrliche Licht in Ihrem Zuhause im Laufe des Tages?<\/span><\/li>\n\n\n\n<li>Wenn Sie an die Zeit zur\u00fcckdenken, als Sie um ein Feuer herumgesessen haben, k\u00f6nnen Sie drei Worte finden, um das zu beschreiben?<\/li>\n<\/ul>\n\n\n<h2>Unser Standort in New York<\/h2>\n<p><!-- \/wp:post-content --> <!-- wp:html --> <iframe loading=\"lazy\" src=\"https:\/\/www.google.com\/maps\/embed?pb=!1m18!1m12!1m3!1d3022.976188376966!2d-73.99130312499956!3d40.740549471389315!2m3!1f0!2f0!3f0!3m2!1i1024!2i768!4f13.1!3m3!1m2!1s0x89c259a15798c731%3A0xd695d09bdd495f25!2s11%20E%2022nd%20St%20FL%202%2C%20New%20York%2C%20NY%2010010%2C%20USA!5e0!3m2!1sen!2spe!4v1726171763526!5m2!1sen!2spe\" width=\"600\" height=\"450\" allowfullscreen=\"allowfullscreen\" data-mce-fragment=\"1\"><\/iframe> <!-- \/wp:html --> <!-- wp:paragraph --><\/p>\n<h3 class=\"wp-block-heading\">11 E 22nd Street, Floor 2, New York, NY 10010 T: +1(212) 505-6805<\/h3>\n<hr \/>\n<h2><span style=\"font-weight: 400;\">\u00dcber SIS International<\/span><\/h2>\n<p><a href=\"https:\/\/www.sisinternational.com\/de\/\"><span style=\"font-weight: 400;\">SIS International<\/span><\/a><span style=\"font-weight: 400;\"> bietet quantitative, qualitative und strategische Forschung an. Wir liefern Daten, Tools, Strategien, Berichte und Erkenntnisse zur Entscheidungsfindung. Wir f\u00fchren auch Interviews, Umfragen, Fokusgruppen und andere Methoden und Ans\u00e4tze der Marktforschung durch.<\/span><a href=\"https:\/\/www.sisinternational.com\/de\/uber-sis-international-research\/contact-sis-international-market-research\/\"><span style=\"font-weight: 400;\"> Kontakt<\/span><\/a><span style=\"font-weight: 400;\"> f\u00fcr Ihr n\u00e4chstes Marktforschungsprojekt.<\/span><\/p>\n<p><!-- wp:heading --><\/p>\n<h2 id=\"about-sis-international\" class=\"wp-block-heading\">\u00a0<\/h2>\n\n<!-- wp:paragraph -->\n<p><\/p>\n<!-- \/wp:paragraph --><!-- \/wp:heading -->","protected":false},"excerpt":{"rendered":"<p>W\u00e4hrend die Welt zunehmend auf Smart-Home-Technologie setzt, bietet SIS mit der Marktforschung f\u00fcr Beleuchtung topaktuelle Kundeneinblicke.<\/p>","protected":false},"author":1,"featured_media":63304,"parent":14514,"menu_order":58,"comment_status":"closed","ping_status":"closed","template":"","meta":{"footnotes":""},"class_list":["post-35160","page","type-page","status-publish","has-post-thumbnail"],"_links":{"self":[{"href":"https:\/\/www.sisinternational.com\/de\/wp-json\/wp\/v2\/pages\/35160","targetHints":{"allow":["GET"]}}],"collection":[{"href":"https:\/\/www.sisinternational.com\/de\/wp-json\/wp\/v2\/pages"}],"about":[{"href":"https:\/\/www.sisinternational.com\/de\/wp-json\/wp\/v2\/types\/page"}],"author":[{"embeddable":true,"href":"https:\/\/www.sisinternational.com\/de\/wp-json\/wp\/v2\/users\/1"}],"replies":[{"embeddable":true,"href":"https:\/\/www.sisinternational.com\/de\/wp-json\/wp\/v2\/comments?post=35160"}],"version-history":[{"count":8,"href":"https:\/\/www.sisinternational.com\/de\/wp-json\/wp\/v2\/pages\/35160\/revisions"}],"predecessor-version":[{"id":81075,"href":"https:\/\/www.sisinternational.com\/de\/wp-json\/wp\/v2\/pages\/35160\/revisions\/81075"}],"up":[{"embeddable":true,"href":"https:\/\/www.sisinternational.com\/de\/wp-json\/wp\/v2\/pages\/14514"}],"wp:featuredmedia":[{"embeddable":true,"href":"https:\/\/www.sisinternational.com\/de\/wp-json\/wp\/v2\/media\/63304"}],"wp:attachment":[{"href":"https:\/\/www.sisinternational.com\/de\/wp-json\/wp\/v2\/media?parent=35160"}],"curies":[{"name":"wp","href":"https:\/\/api.w.org\/{rel}","templated":true}]}}