{"id":35108,"date":"2020-04-25T22:14:08","date_gmt":"2020-04-25T22:14:08","guid":{"rendered":"https:\/\/www.sisinternational.com\/?page_id=35108"},"modified":"2026-01-27T15:24:07","modified_gmt":"2026-01-27T20:24:07","slug":"baumarkt-marktforschung","status":"publish","type":"page","link":"https:\/\/www.sisinternational.com\/de\/sachverstand\/baumarkt-marktforschung\/","title":{"rendered":"Marktforschung f\u00fcr Baum\u00e4rkte und Heimwerkerbedarf"},"content":{"rendered":"<h1 class=\"wp-block-heading\">Marktforschung f\u00fcr Baum\u00e4rkte und Heimwerkerbedarf<\/h1>\n\n\n\n<figure class=\"gb-block-image gb-block-image-c7f7ff23\"><img loading=\"lazy\" decoding=\"async\" width=\"1456\" height=\"816\" class=\"gb-image gb-image-c7f7ff23\" src=\"https:\/\/www.sisinternational.com\/wp-content\/uploads\/2025\/08\/Smart-home-3.jpg\" alt=\"SIS International Marktforschung &amp; Strategie\" title=\"Smart home (3)\" srcset=\"https:\/\/www.sisinternational.com\/wp-content\/uploads\/2025\/08\/Smart-home-3.jpg 1456w, https:\/\/www.sisinternational.com\/wp-content\/uploads\/2025\/08\/Smart-home-3-300x168.jpg 300w, https:\/\/www.sisinternational.com\/wp-content\/uploads\/2025\/08\/Smart-home-3-1024x574.jpg 1024w, https:\/\/www.sisinternational.com\/wp-content\/uploads\/2025\/08\/Smart-home-3-768x430.jpg 768w, https:\/\/www.sisinternational.com\/wp-content\/uploads\/2025\/08\/Smart-home-3-18x10.jpg 18w\" sizes=\"auto, (max-width: 1456px) 100vw, 1456px\"><\/figure>\n\n\n\n<p><\/p>\n\n\n\n<h2 class=\"wp-block-heading\">Baum\u00e4rkte wichtiger Bestandteil der Gesellschaft<\/h2>\n\n\n\n<p>At Hardware stores, buyers buy vital products and equipment for homes and businesses.\u00a0 Customers can efficiently buy products that improve lives and boost productivity.<\/p>\n\n\n\n<p>SIS verf\u00fcgt \u00fcber umfassende Erfahrung darin, Baumarktketten dabei zu unterst\u00fctzen, global zu expandieren, strategische Ziele zu erreichen und Kundenbed\u00fcrfnisse besser zu erf\u00fcllen.<\/p>\n\n\n\n<h2 class=\"wp-block-heading\">Marktforschung f\u00fcr Baum\u00e4rkte und Heimwerkerbedarf<\/h2>\n\n\n\n<p>Wir unterst\u00fctzen Baum\u00e4rkte bei der Pr\u00fcfung folgender Punkte:<\/p>\n\n\n\n<ul class=\"wp-block-list ul1\">\n<li><span class=\"s2\">Which categories to emphasize in store to be best aligned with consumer needs\/DIY behavior<\/span><\/li>\n\n\n\n<li><span class=\"s2\">Sortimentstiefe in verschiedenen Produktkategorien<\/span><\/li>\n\n\n\n<li><span class=\"s2\">Produktverpackung (Gro\u00dfpackungen vs. Einzelpackungen) nach Kategorie<\/span><\/li>\n\n\n\n<li><span class=\"s2\">Schwerpunkt liegt auf saisonalen Artikelsortimenten<\/span><\/li>\n\n\n\n<li>Marketing-Mix<\/li>\n<\/ul>\n\n\n\n<p class=\"p1\"><span class=\"s1\">We provide valuable insights regarding purchasing behavior, current home improvement trends, and the purchase journey. The overall project objectives are:<\/span><\/p>\n\n\n\n<ul class=\"wp-block-list ol2\">\n<li><span class=\"s1\">Develop a greater understanding of who the local home maintenance and home improvement shopper\u00a0<\/span><\/li>\n\n\n\n<li><span class=\"s1\">Bestimmen Sie, welche Projekte Kunden am wahrscheinlichsten durchf\u00fchren<\/span><\/li>\n\n\n\n<li><span class=\"s1\">Determine how customers complete projects across the 3 main project types<\/span><\/li>\n<\/ul>\n\n\n\n<h2 class=\"wp-block-heading p3\"><span class=\"s1\">Kundenverhalten<\/span><\/h2>\n\n\n\n<ul class=\"wp-block-list ol2\">\n<li><span class=\"s1\">Bestimmen Sie, wo Kunden einkaufen<\/span><\/li>\n\n\n\n<li><span class=\"s1\">Identifizieren Sie die verwendeten Informationsquellen zum Kauf von Produkten<\/span><\/li>\n\n\n\n<li><span class=\"s1\">Kurzes Einstellungsprofil<\/span><\/li>\n\n\n\n<li><span class=\"s1\">Offer in-depth analysis and reporting of the findings in a final report to be presented to the client team if requested<\/span><\/li>\n<\/ul>\n\n\n\n<h2 class=\"wp-block-heading\">Sanit\u00e4r-Kunden<\/h2>\n\n\n\n<p class=\"p1\"><span class=\"s1\">Wir definieren ein Segment als<b>\u00a0Pluming Related Projects, <\/b>Die Kategorie besteht aus Personen, die in den letzten drei Jahren eine der folgenden Handlungen vorgenommen haben oder dies voraussichtlich in den n\u00e4chsten zwei Jahren tun werden.<\/span><\/p>\n\n\n\n<p class=\"p2\"><span class=\"s1\">Diese Personen werden aufgrund ihrer Kenntnisse \u00fcber diese Art von Aufgaben gezielt angesprochen.<\/span><\/p>\n\n\n\n<ul class=\"wp-block-list ul1\">\n<li><span class=\"s1\">Reparieren eines undichten Ventils im Sp\u00fclkasten der Toilette<\/span><\/li>\n\n\n\n<li><span class=\"s1\">Reparieren einer undichten Toilette (Wasser tritt aus dem Toilettenboden aus)<\/span><\/li>\n\n\n\n<li><span class=\"s1\">Einen undichten Wasserhahn reparieren<\/span><\/li>\n\n\n\n<li><span class=\"s1\">Einen Wasserhahn austauschen<\/span><\/li>\n\n\n\n<li><span class=\"s1\">Beheben eines oder mehrerer Lecks in den Rohren unter der Sp\u00fcle<\/span><\/li>\n\n\n\n<li><span class=\"s1\">Eine verstopfte Toilette reparieren<\/span><\/li>\n\n\n\n<li><span class=\"s1\">Ein Waschbecken entstopfen<\/span><\/li>\n\n\n\n<li><span class=\"s1\">Ersetzen eines Duschkopfes<\/span><\/li>\n\n\n\n<li><span class=\"s1\">Ersetzen oder Installieren eines Warmwasserbereiters<\/span><\/li>\n<\/ul>\n\n\n\n<p class=\"p1\"><span class=\"s1\">Personen unter dem<b> Projekte im Bereich Elektrik und Beleuchtung<\/b> werden nach Personen kategorisiert, die in den letzten 3 Jahren eine der folgenden Handlungen vorgenommen haben oder dies voraussichtlich in den n\u00e4chsten 2 Jahren tun werden.<\/span><\/p>\n\n\n\n<h2 class=\"wp-block-heading\">Elektriker Kunden<\/h2>\n\n\n\n<p class=\"p1\"><span class=\"s1\">Electricians are therefore very skilled for having to protect against surges and are multi-talented.\u00a0<\/span><\/p>\n\n\n\n<ul class=\"wp-block-list ul1\">\n<li><span class=\"s3\">M\u00f6chten Sie eine verkabelte T\u00fcrklingel austauschen oder eine neue installieren?\u00a0<\/span><\/li>\n\n\n\n<li><span class=\"s3\">Deckenventilator austauschen oder neu einbauen?\u00a0<\/span><\/li>\n\n\n\n<li><span class=\"s3\">Leuchte austauschen oder neu installieren?\u00a0<\/span><\/li>\n\n\n\n<li><span class=\"s3\">Schalterplatte ersetzen oder hinzuf\u00fcgen?\u00a0<\/span><\/li>\n\n\n\n<li><span class=\"s1\">Steckdosenplatte ersetzen oder hinzuf\u00fcgen?\u00a0 <\/span><span class=\"s5\">Oder eine Wandsteckdose?<\/span><\/li>\n\n\n\n<li><span class=\"s1\">Einen M\u00fcllzerkleinerer unter der Sp\u00fcle ersetzen oder installieren?\u00a0<\/span><\/li>\n<\/ul>\n\n\n\n<h2 class=\"wp-block-heading\">Andere Kunden<\/h2>\n\n\n\n<p class=\"p1\"><span class=\"s1\">Personen unter dem<b> Weitere Projekte<\/b> werden nach Personen kategorisiert, die in den letzten 3 Jahren eine der folgenden Handlungen vorgenommen haben oder dies voraussichtlich in den n\u00e4chsten 2 Jahren tun werden.<\/span><\/p>\n\n\n\n<p class=\"p2\"><span class=\"s1\">These are all high-incidence as these DIY jobs are done by the head of the household. Even the elderly will ask a neighbor to do this job for them rather than employing a contractor. <\/span><\/p>\n\n\n\n<ul class=\"wp-block-list ul1\">\n<li><span class=\"s1\">T\u00fcrschloss austauschen oder einbauen? <\/span><\/li>\n\n\n\n<li><span class=\"s1\">Sie m\u00f6chten eine T\u00fcr in Ihrem Haus austauschen?<\/span><\/li>\n\n\n\n<li><span class=\"s1\">Einen oder mehrere R\u00e4ume in Ihrem Zuhause streichen?<\/span><\/li>\n\n\n\n<li><span class=\"s1\">Die Au\u00dfenseite Ihres Hauses streichen?<\/span><\/li>\n\n\n\n<li><span class=\"s1\">Ein undichtes Dach reparieren?<\/span><\/li>\n\n\n\n<li><span class=\"s1\">Jalousien oder Vorh\u00e4nge anbringen?<\/span><\/li>\n<\/ul>\n\n\n\n<h2 class=\"wp-block-heading\">Marktforschung zur Finanzierung von Heimwerkerarbeiten<\/h2>\n\n\n\n<p>We conduct research with contractors and lenders on the topic of Home Improvement Lending and Financing.&nbsp; For example, we conduct <a href=\"https:\/\/www.sisinternational.com\/de\/alternative-forschungsmethoden-und-hausbesuche\/\" title=\"Alternative Forschungsmethoden und Hausbesuche\u00a0\"  data-wpil-monitor-id=\"850\">research on how small-to-mid-sized home<\/a> improving and remodeling businesses finance their operations.&nbsp; We examine:<\/p>\n\n\n\n<ul class=\"wp-block-list\">\n<li>In welchem Gesch\u00e4ftsumfeld sind diese Auftragnehmer t\u00e4tig?<\/li>\n\n\n\n<li>wie hoch ihr heutiger Finanzierungsbedarf ist<\/li>\n\n\n\n<li>welche Alternativen sie zur Befriedigung dieser Bed\u00fcrfnisse nutzen<\/li>\n\n\n\n<li>Wie reagieren Bauunternehmer auf 3 neue Konzepte, die m\u00f6glicherweise ihren finanziellen Bedarf decken k\u00f6nnten?<\/li>\n<\/ul>\n\n\n\n<p>Wir decken wichtige unerf\u00fcllte Bed\u00fcrfnisse im Zusammenhang mit der Verwaltung des Cashflows, den Finanzierungsarten und den M\u00f6glichkeiten zur Einbindung von Bauunternehmern auf.<\/p>\n\n\n\n<h2 class=\"wp-block-heading\">Zentrale Standorttestmethodik<\/h2>\n\n\n\n<p class=\"p1\"><span class=\"s1\">A Central Location Test (CLT) is a face-to-face methodology in which respondents are invited to take part in research that is conducted in a public accessible place, such as a hall or specialized facility. <a class=\"wpil_keyword_link\" href=\"https:\/\/www.sisinternational.com\/de\/losungen\/branding-und-kundenforschungslosungen\/produkttests-marktforschung\/fuhrendes-unternehmen-fur-zentrale-standorttests\/\"   title=\"F\u00fchrendes Unternehmen f\u00fcr zentrale Standorttests\" data-wpil-keyword-link=\"linked\"  data-wpil-monitor-id=\"754\">Central Location Testing<\/a> thrives on showing products or stimulus to a big group of respondents that need to be carried out in standard conditions and\/or procedures. Central Location Testing typically achieves a higher response rate and better results in research that may be too long or difficult for the respondent to carry out individually. <\/span><\/p>\n\n\n\n<h2 class=\"wp-block-heading p1\"><span class=\"s1\">Beispielmethodik<\/span><\/h2>\n\n\n\n<ul class=\"wp-block-list ul1\">\n<li><span class=\"s1\">Ziel: n=450 Befragte\u00a0<\/span><\/li>\n\n\n\n<li><span class=\"s1\">Segmentiert in n=150 pro Projekttyp:<\/span>\n<ul class=\"wp-block-list\">\n<li>\n<ul class=\"wp-block-list\">\n<li><span class=\"s1\"><b>Projekte im Bereich Sanit\u00e4rinstallationen<\/b> <\/span><\/li>\n\n\n\n<li><span class=\"s1\"><b>Projekte im Bereich Elektrik und Beleuchtung<\/b> <\/span><\/li>\n\n\n\n<li><span class=\"s1\"><b>Weitere Projekte<\/b><\/span><\/li>\n<\/ul>\n<\/li>\n<\/ul>\n<\/li>\n\n\n\n<li><span class=\"s1\"> Jeder Befragte wird 20-25 Minuten damit verbringen, die Umfrage auf Tablets zu beantworten <\/span><\/li>\n\n\n\n<li><span class=\"s1\">SIS verwendet die vom Kundenteam bereitgestellten Fragen und \u00fcbersetzt und passt die Fragen bei Bedarf an den lokalen Markt an.<\/span><\/li>\n\n\n\n<li><span class=\"s1\">Es werden keine \u00c4nderungen vorgenommen, es sei denn, der Kunde genehmigt sie.<\/span><\/li>\n\n\n\n<li><span class=\"s1\">Der Fragebogen besteht zumeist aus geschlossenen Multiple-Choice-Fragen, mit bis zu 5 offenen Fragen<\/span><\/li>\n<\/ul>\n\n\n\n<h2 class=\"wp-block-heading p1\"><span class=\"s1\">Zielmarkt<\/span><\/h2>\n\n\n\n<p><span class=\"s1\">Ein gemeinsamer Zielmarkt f\u00fcr unsere Studien in diesem Sektor sind Verbraucher, die in den letzten 3 Jahren mindestens einen der oben genannten Projekttypen durchgef\u00fchrt haben oder dies in den n\u00e4chsten 2 Jahren planen:<\/span><\/p>\n\n\n\n<ul class=\"wp-block-list ul1\">\n<li><span class=\"s1\">Innenanstrich<\/span><\/li>\n\n\n\n<li><span class=\"s1\">Au\u00dfenanstrich<\/span><\/li>\n\n\n\n<li><span class=\"s1\">Leichte Sanit\u00e4rreparaturen (Toilette reparieren, Wasserhahn ersetzen usw.)<\/span><\/li>\n\n\n\n<li><span class=\"s1\">Lichtelektrik (Gl\u00fchbirnen, Schalter usw. austauschen)<\/span><\/li>\n\n\n\n<li><span class=\"s1\">Einen Garten\/Blumen anlegen<\/span><\/li>\n\n\n\n<li><span class=\"s1\">Rasenpflege (D\u00fcngung etc.)<\/span><\/li>\n\n\n\n<li><span class=\"s1\">Rekrutieren Sie f\u00fcr eine Mischung aus Projektvertretung<\/span><\/li>\n<\/ul>\n\n\n\n<p>It is important to recruit for a mix of project representation.\u00a0 We may focus on consumers who have purchased a home maintenance\/home improvement item for their home in the past year using a self-service format store.\u00a0 The age range is typically ages 30-50, and there may be a mix of 60% males\/40% female.\u00a0 Depending on which country we survey, the <a href=\"https:\/\/www.sisinternational.com\/de\/marktforschung-im-nahen-osten\/\" title=\"Marktforschung im Nahen Osten\"  data-wpil-monitor-id=\"7343\">middle class is defined by local market<\/a> standards.\u00a0 We may also examine the role of e-commerce and online research in the purchasing decision.<\/p>\n\n\n\n<p><\/p>","protected":false},"excerpt":{"rendered":"<p>Entdecken Sie, wie Marktforschung im Baumarkt- und Heimwerkerbereich Ihre Leistung steigern kann.<\/p>","protected":false},"author":1,"featured_media":64960,"parent":14514,"menu_order":57,"comment_status":"closed","ping_status":"closed","template":"","meta":{"footnotes":""},"class_list":["post-35108","page","type-page","status-publish","has-post-thumbnail"],"_links":{"self":[{"href":"https:\/\/www.sisinternational.com\/de\/wp-json\/wp\/v2\/pages\/35108","targetHints":{"allow":["GET"]}}],"collection":[{"href":"https:\/\/www.sisinternational.com\/de\/wp-json\/wp\/v2\/pages"}],"about":[{"href":"https:\/\/www.sisinternational.com\/de\/wp-json\/wp\/v2\/types\/page"}],"author":[{"embeddable":true,"href":"https:\/\/www.sisinternational.com\/de\/wp-json\/wp\/v2\/users\/1"}],"replies":[{"embeddable":true,"href":"https:\/\/www.sisinternational.com\/de\/wp-json\/wp\/v2\/comments?post=35108"}],"version-history":[{"count":6,"href":"https:\/\/www.sisinternational.com\/de\/wp-json\/wp\/v2\/pages\/35108\/revisions"}],"predecessor-version":[{"id":80986,"href":"https:\/\/www.sisinternational.com\/de\/wp-json\/wp\/v2\/pages\/35108\/revisions\/80986"}],"up":[{"embeddable":true,"href":"https:\/\/www.sisinternational.com\/de\/wp-json\/wp\/v2\/pages\/14514"}],"wp:featuredmedia":[{"embeddable":true,"href":"https:\/\/www.sisinternational.com\/de\/wp-json\/wp\/v2\/media\/64960"}],"wp:attachment":[{"href":"https:\/\/www.sisinternational.com\/de\/wp-json\/wp\/v2\/media?parent=35108"}],"curies":[{"name":"wp","href":"https:\/\/api.w.org\/{rel}","templated":true}]}}