{"id":34845,"date":"2020-04-05T00:27:21","date_gmt":"2020-04-05T00:27:21","guid":{"rendered":"https:\/\/www.sisinternational.com\/?page_id=34845"},"modified":"2025-09-13T01:18:54","modified_gmt":"2025-09-13T05:18:54","slug":"franchise-marktforschung","status":"publish","type":"page","link":"https:\/\/www.sisinternational.com\/de\/sachverstand\/franchise-marktforschung\/","title":{"rendered":"Franchise-Marktforschung"},"content":{"rendered":"<h1 class=\"wp-block-heading\">Franchise-Marktforschung<\/h1>\n\n\n\n<figure class=\"gb-block-image gb-block-image-0fa2707f\"><img loading=\"lazy\" decoding=\"async\" width=\"1456\" height=\"816\" class=\"gb-image gb-image-0fa2707f\" src=\"https:\/\/www.sisinternational.com\/wp-content\/uploads\/2025\/08\/Franchise-2.jpg\" alt=\"SIS International Marktforschung &amp; Strategie\" title=\"Franchise (2)\" srcset=\"https:\/\/www.sisinternational.com\/wp-content\/uploads\/2025\/08\/Franchise-2.jpg 1456w, https:\/\/www.sisinternational.com\/wp-content\/uploads\/2025\/08\/Franchise-2-300x168.jpg 300w, https:\/\/www.sisinternational.com\/wp-content\/uploads\/2025\/08\/Franchise-2-1024x574.jpg 1024w, https:\/\/www.sisinternational.com\/wp-content\/uploads\/2025\/08\/Franchise-2-768x430.jpg 768w, https:\/\/www.sisinternational.com\/wp-content\/uploads\/2025\/08\/Franchise-2-18x10.jpg 18w\" sizes=\"auto, (max-width: 1456px) 100vw, 1456px\"><\/figure>\n\n\n\n<p><\/p>\n\n\n\n<h2 class=\"wp-block-heading\">SIS f\u00fchrt die folgenden Franchise-Marktforschungsl\u00f6sungen durch:<\/h2>\n\n\n\n<ul class=\"wp-block-list\">\n<li>Marktforschung zur Zufriedenheit der Franchisenehmer<\/li>\n\n\n\n<li>Marktforschung zur Mitarbeiterzufriedenheit<\/li>\n\n\n\n<li>Standorteignung und Standortbewertung<\/li>\n\n\n\n<li>Marktchancen, Markteintrittsgr\u00f6\u00dfenbeurteilungen<\/li>\n\n\n\n<li>Branchenverfolgung<\/li>\n\n\n\n<li>Wettbewerbsanalyse<\/li>\n\n\n\n<li><a href=\"https:\/\/www.sisinternational.com\/de\/sachverstand\/branchen\/marktforschung-zu-stimme-des-kunden-im-lebensmittel-und-getrankebereich\/\" title=\"Marktforschung zur Stimme des Kunden im Lebensmittel- und Getr\u00e4nkebereich\"  data-wpil-monitor-id=\"9246\">Kundenmarktforschung<\/a><\/li>\n<\/ul>\n\n\n\n<h2 class=\"wp-block-heading\">Zu untersuchende strategische Themen:<\/h2>\n\n\n\n<ul class=\"wp-block-list\">\n<li><span style=\"font-weight: 400;\">Was ist die eigentliche St\u00e4rke Ihres Franchise-Unternehmens? Im Vergleich zu anderen Franchise-Unternehmen? Wettbewerbern?<\/span><\/li>\n\n\n\n<li><span style=\"font-weight: 400;\">Warum entscheiden sich Kunden f\u00fcr dieses spezielle Franchise?<\/span><\/li>\n\n\n\n<li><span style=\"font-weight: 400;\">Welchen Wert hat dieses Franchise f\u00fcr die Gemeinschaft?<\/span><\/li>\n\n\n\n<li><span style=\"font-weight: 400;\">What is the derived <a href=\"https:\/\/www.sisinternational.com\/de\/sachverstand\/branchen\/markenmessung-marktforschung\/\" title=\"Marktforschung zur Markenmessung\"  data-wpil-monitor-id=\"9252\">measurement of the franchise brand<\/a> equity at the local level?<\/span><\/li>\n\n\n\n<li><span style=\"font-weight: 400;\">Was sind die wahrgenommenen Schw\u00e4chen Ihres Franchise?<\/span><\/li>\n\n\n\n<li><span style=\"font-weight: 400;\">Was sind die wahrgenommenen St\u00e4rken Ihres Franchise?<\/span><\/li>\n\n\n\n<li><span style=\"font-weight: 400;\">Welche Eigenschaften Ihres Franchise f\u00f6rdern die Kundentreue?<\/span><\/li>\n\n\n\n<li><span style=\"font-weight: 400;\">Ist Ihr Franchise einem Wettbewerbsrisiko auf dem Markt ausgesetzt?<\/span><\/li>\n\n\n\n<li><span style=\"font-weight: 400;\">What <a href=\"https:\/\/www.sisinternational.com\/de\/sachverstand\/branchen\/k-beauty-koreanische-hautpflegetrends-und-moglichkeiten\/\" title=\"K Beauty \u2013 Koreanische Hautpflegetrends und -chancen\"  data-wpil-monitor-id=\"9256\">trends offer opportunities<\/a> to your franchise?<\/span><\/li>\n\n\n\n<li><span style=\"font-weight: 400;\">Welche Trends stellen eine Bedrohung f\u00fcr Ihr Franchise dar?<\/span><\/li>\n\n\n\n<li>Wie k\u00f6nnen Sie Ihr Franchise strategisch neu positionieren, um die Gesundheit Ihres Franchise zu st\u00e4rken?<\/li>\n<\/ul>\n\n\n\n<h2 class=\"wp-block-heading\">Strategische Entscheidungen m\u00fcssen getroffen werden<\/h2>\n\n\n\n<ul class=\"wp-block-list\">\n<li><span style=\"font-weight: 400;\">Was sind die aktuellen Trends, Einstellungen und Erwartungen der Kunden?<\/span><\/li>\n\n\n\n<li><span style=\"font-weight: 400;\">Wie hoch ist Ihre derzeitige Kundenzufriedenheit?<\/span><\/li>\n\n\n\n<li><span style=\"font-weight: 400;\">Welche Bed\u00fcrfnisse Ihrer Kunden werden erf\u00fcllt?<\/span><\/li>\n\n\n\n<li><span style=\"font-weight: 400;\">Welche unerf\u00fcllten Bed\u00fcrfnisse haben Ihre Kunden?<\/span><\/li>\n\n\n\n<li><span style=\"font-weight: 400;\">Was m\u00f6gen Ihre Kunden?<\/span><\/li>\n\n\n\n<li><span style=\"font-weight: 400;\">Was m\u00f6gen Ihre Kunden nicht?<\/span><\/li>\n\n\n\n<li><span style=\"font-weight: 400;\">Wie hoch ist Ihr Net Promoter Score f\u00fcr Franchises? Im Vergleich zu anderen Franchises? Im Vergleich zu Ihren Mitbewerbern?<\/span><\/li>\n\n\n\n<li><span style=\"font-weight: 400;\">Wie hoch ist die aktuelle Zufriedenheit Ihres Kunden?<\/span><\/li>\n\n\n\n<li><span style=\"font-weight: 400;\">Kundentreue ist eine Ableitung Ihrer Kundenzufriedenheit. Wie messen Sie Kundentreue?<\/span><\/li>\n\n\n\n<li><span style=\"font-weight: 400;\">Wie hoch ist Ihr Risiko, einen Kunden zu verlieren, wenn Sie die aktuelle Kundenzufriedenheit ber\u00fccksichtigen?<\/span><\/li>\n\n\n\n<li><span style=\"font-weight: 400;\">Welchen Einfluss hat die Kundenzufriedenheit auf Ihren Ruf?<\/span><\/li>\n\n\n\n<li><span style=\"font-weight: 400;\">What services do you need to employ to <a href=\"https:\/\/www.sisinternational.com\/de\/verbesserung-der-kundenbeziehungen\/\" title=\"So steigern Sie die Kundenzufriedenheit und begeistern unzufriedene Kunden\"  data-wpil-monitor-id=\"9248\">improve your customer satisfaction<\/a> and customer loyalty index or ratings?<\/span><\/li>\n\n\n\n<li><span style=\"font-weight: 400;\">Welche Ausbildungsm\u00f6glichkeiten gibt es f\u00fcr Franchiseunternehmen?<\/span><\/li>\n\n\n\n<li><span style=\"font-weight: 400;\">Was sind Kundenempfehlungen f\u00fcr Franchises?<\/span><\/li>\n\n\n\n<li><span style=\"font-weight: 400;\">Welchen Rang nimmt Ihr Franchise-Unternehmen im Vergleich zu anderen Franchise-Unternehmen ein? Und zu den Wettbewerbern?<\/span><\/li>\n\n\n\n<li><span style=\"font-weight: 400;\">Wo liegen f\u00fcr Ihr Franchise Verbesserungsm\u00f6glichkeiten?<\/span><\/li>\n\n\n\n<li><span style=\"font-weight: 400;\">Wie wahrscheinlich ist es, dass aktuelle Kunden Ihr Franchise weiterempfehlen?<\/span><\/li>\n<\/ul>\n\n\n\n<p><\/p>","protected":false},"excerpt":{"rendered":"<p>SIS ist ein f\u00fchrendes globales Marktforschungs- und Strategieberatungsunternehmen. Entdecken Sie M\u00f6glichkeiten, Ihr Franchise-Gesch\u00e4ft mit Einblicken und Daten auszubauen.<\/p>","protected":false},"author":1,"featured_media":63810,"parent":14514,"menu_order":55,"comment_status":"closed","ping_status":"closed","template":"","meta":{"footnotes":""},"class_list":["post-34845","page","type-page","status-publish","has-post-thumbnail"],"_links":{"self":[{"href":"https:\/\/www.sisinternational.com\/de\/wp-json\/wp\/v2\/pages\/34845","targetHints":{"allow":["GET"]}}],"collection":[{"href":"https:\/\/www.sisinternational.com\/de\/wp-json\/wp\/v2\/pages"}],"about":[{"href":"https:\/\/www.sisinternational.com\/de\/wp-json\/wp\/v2\/types\/page"}],"author":[{"embeddable":true,"href":"https:\/\/www.sisinternational.com\/de\/wp-json\/wp\/v2\/users\/1"}],"replies":[{"embeddable":true,"href":"https:\/\/www.sisinternational.com\/de\/wp-json\/wp\/v2\/comments?post=34845"}],"version-history":[{"count":4,"href":"https:\/\/www.sisinternational.com\/de\/wp-json\/wp\/v2\/pages\/34845\/revisions"}],"predecessor-version":[{"id":81547,"href":"https:\/\/www.sisinternational.com\/de\/wp-json\/wp\/v2\/pages\/34845\/revisions\/81547"}],"up":[{"embeddable":true,"href":"https:\/\/www.sisinternational.com\/de\/wp-json\/wp\/v2\/pages\/14514"}],"wp:featuredmedia":[{"embeddable":true,"href":"https:\/\/www.sisinternational.com\/de\/wp-json\/wp\/v2\/media\/63810"}],"wp:attachment":[{"href":"https:\/\/www.sisinternational.com\/de\/wp-json\/wp\/v2\/media?parent=34845"}],"curies":[{"name":"wp","href":"https:\/\/api.w.org\/{rel}","templated":true}]}}