{"id":34809,"date":"2020-03-15T22:03:10","date_gmt":"2020-03-15T22:03:10","guid":{"rendered":"https:\/\/www.sisinternational.com\/?page_id=34809"},"modified":"2026-01-26T17:13:39","modified_gmt":"2026-01-26T22:13:39","slug":"marktforschung-im-investmentmanagement","status":"publish","type":"page","link":"https:\/\/www.sisinternational.com\/de\/losungen\/fintech-strategieberatung-forschung\/marktforschung-im-investmentmanagement\/","title":{"rendered":"Marktforschung f\u00fcr Investmentmanagement"},"content":{"rendered":"<h1 class=\"wp-block-heading\">Marktforschung f\u00fcr Investmentmanagement<\/h1>\n\n\n\n<figure class=\"gb-block-image gb-block-image-16543f79\"><img loading=\"lazy\" decoding=\"async\" width=\"1456\" height=\"816\" class=\"gb-image gb-image-16543f79\" src=\"https:\/\/www.sisinternational.com\/wp-content\/uploads\/2025\/09\/Forex-6.jpg\" alt=\"SIS International Marktforschung &amp; Strategie\" title=\"Forex (6)\" srcset=\"https:\/\/www.sisinternational.com\/wp-content\/uploads\/2025\/09\/Forex-6.jpg 1456w, https:\/\/www.sisinternational.com\/wp-content\/uploads\/2025\/09\/Forex-6-300x168.jpg 300w, https:\/\/www.sisinternational.com\/wp-content\/uploads\/2025\/09\/Forex-6-1024x574.jpg 1024w, https:\/\/www.sisinternational.com\/wp-content\/uploads\/2025\/09\/Forex-6-768x430.jpg 768w, https:\/\/www.sisinternational.com\/wp-content\/uploads\/2025\/09\/Forex-6-18x10.jpg 18w\" sizes=\"auto, (max-width: 1456px) 100vw, 1456px\"><\/figure>\n\n\n\n<hr class=\"wp-block-separator has-alpha-channel-opacity is-style-dots\"\/>\n\n\n\n<p class=\"p3\"><span class=\"s1\">Beim Investmentmanagement geht es nicht nur um den Kauf und Verkauf von Finanzanlagen. <\/span><span class=\"s1\">Es bezieht sich auch auf den Umgang mit diesen Verm\u00f6genswerten und anderen Investitionen. Der Ausdruck bezieht sich meistens auf einen Investmentmanager, der die Verm\u00f6genswerte innerhalb eines Anlageportfolios \u00fcberwacht und handelt, um ein bestimmtes Ziel zu erreichen. Sie versuchen, diese Ziele zum Nutzen ihrer Kunden zu erreichen, deren Geld sie verwalten m\u00fcssen.<\/span><\/p>\n\n\n\n<h2 class=\"wp-block-heading\"><strong>Was ist Marktforschung im Investmentmanagement?<\/strong><\/h2>\n\n\n\n<p><span style=\"font-weight: 400;\">The investment management market studies the mechanisms and trends of the investment world, providing valuable insights that aid in the formulation of investment strategies and decisions. It is about interpreting market signals, understanding investor sentiments, and predicting economic trends.<\/span><\/p>\n\n\n\n<p><span style=\"font-weight: 400;\">Furthermore, investment <a href=\"https:\/\/www.sisinternational.com\/de\/sachverstand\/branchen\/pharmacy-benefit-manager-pbm-marktforschung\/\" title=\"Pharmacy Benefit Manager (PBM) Marktforschung\"  data-wpil-monitor-id=\"4249\">management market research<\/a> identifies emerging markets and sectors with high growth potential, narrowing down the choices and allowing investment managers to focus on areas with the most promising returns.<\/span><\/p>\n\n\n\n<h2 class=\"wp-block-heading\"><strong>Warum Unternehmen Marktforschung im Investmentmanagement ben\u00f6tigen<\/strong><\/h2>\n\n\n\n<figure class=\"gb-block-image gb-block-image-b1823321\"><img loading=\"lazy\" decoding=\"async\" width=\"1456\" height=\"816\" class=\"gb-image gb-image-b1823321\" src=\"https:\/\/www.sisinternational.com\/wp-content\/uploads\/2025\/09\/Money-1.jpg\" alt=\"SIS International Marktforschung &amp; Strategie\" title=\"Money (1)\" srcset=\"https:\/\/www.sisinternational.com\/wp-content\/uploads\/2025\/09\/Money-1.jpg 1456w, https:\/\/www.sisinternational.com\/wp-content\/uploads\/2025\/09\/Money-1-300x168.jpg 300w, https:\/\/www.sisinternational.com\/wp-content\/uploads\/2025\/09\/Money-1-1024x574.jpg 1024w, https:\/\/www.sisinternational.com\/wp-content\/uploads\/2025\/09\/Money-1-768x430.jpg 768w, https:\/\/www.sisinternational.com\/wp-content\/uploads\/2025\/09\/Money-1-18x10.jpg 18w\" sizes=\"auto, (max-width: 1456px) 100vw, 1456px\"><\/figure>\n\n\n\n<p><\/p>\n\n\n\n<p><span style=\"font-weight: 400;\"><a href=\"https:\/\/www.sisinternational.com\/de\/sachverstand\/branchen\/esg-investmentmarktforschung\/\" title=\"ESG-Investment-Marktforschung\"  data-wpil-monitor-id=\"4892\">Investment management market research<\/a> equips businesses with the insights to understand global investment landscape changes and their implications. This understanding is crucial for companies to stay agile and adaptive, ensuring their investment strategies are relevant and effective in the current market context.<\/span><\/p>\n\n\n\n<p><span style=\"font-weight: 400;\">Dar\u00fcber hinaus, <a href=\"https:\/\/www.sisinternational.com\/de\/sachverstand\/branchen\/chief-investment-officer-cio-fur-marktforschung\/\" title=\"Chief Investment Officer (CIO) Marktforschung\"  data-wpil-monitor-id=\"5099\">Marktforschung im Investmentmanagement<\/a> helps businesses align their investment strategies with their broader corporate objectives. It provides deeper insights into market trends, competitor movements, and investment opportunities, allowing businesses to stay one step ahead.&nbsp;<\/span><\/p>\n\n\n\n<h2 class=\"wp-block-heading\"><strong>Vorteile der Marktforschung im Investmentmanagement<\/strong><\/h2>\n\n\n\n<p><span style=\"font-weight: 400;\">Jedoch, <a href=\"https:\/\/www.sisinternational.com\/de\/return-on-investment-in-der-marktforschung\/\" title=\"Return on Investment in der Marktforschung\"  data-wpil-monitor-id=\"5483\">Marktforschung im Investmentmanagement<\/a> offers a multitude of benefits that can significantly influence their financial strategies and outcomes, including:<\/span><\/p>\n\n\n\n<ul class=\"wp-block-list\">\n<li><b>Informierte Entscheidungsfindung<\/b><span style=\"font-weight: 400;\">: Es bietet eine solide Grundlage f\u00fcr fundierte Entscheidungen. Durch den Zugriff auf umfassende Marktanalysen, Investitionstrends und Prognosen k\u00f6nnen Unternehmen und Investoren Entscheidungen auf der Grundlage empirischer Daten und Expertenwissen treffen und so die Risiken reduzieren, die mit Vermutungen oder auf Intuition basierenden Entscheidungen verbunden sind.<\/span><\/li>\n\n\n\n<li><b>Strategische Verm\u00f6gensallokation<\/b>: Investment <a href=\"https:\/\/www.sisinternational.com\/de\/sachverstand\/branchen\/marktforschung-zum-flottenmanagement\/\" title=\"Marktforschung zum Flottenmanagement\"  data-wpil-monitor-id=\"5913\">management market research<\/a> aids in effective asset allocation by providing insights into various asset classes and their performance under different market conditions.\u00a0<\/span><\/li>\n\n\n\n<li><b>Markttrendanalyse<\/b><span style=\"font-weight: 400;\">: Diese Untersuchung bietet eine eingehende Analyse aktueller und aufkommender Markttrends, sodass Unternehmen und Investoren neue Chancen nutzen und Marktver\u00e4nderungen immer einen Schritt voraus sein k\u00f6nnen.<\/span><\/li>\n<\/ul>\n\n\n\n<h2 class=\"wp-block-heading\"><strong>Wie unterscheidet sich die Marktforschung im Investmentmanagement von der traditionellen Marktforschung?<\/strong><\/h2>\n\n\n\n<figure class=\"gb-block-image gb-block-image-f060a83d\"><img loading=\"lazy\" decoding=\"async\" width=\"1456\" height=\"816\" class=\"gb-image gb-image-f060a83d\" src=\"https:\/\/www.sisinternational.com\/wp-content\/uploads\/2025\/08\/Finance-6.jpg\" alt=\"SIS International Marktforschung &amp; Strategie\" title=\"Finance (6)\" srcset=\"https:\/\/www.sisinternational.com\/wp-content\/uploads\/2025\/08\/Finance-6.jpg 1456w, https:\/\/www.sisinternational.com\/wp-content\/uploads\/2025\/08\/Finance-6-300x168.jpg 300w, https:\/\/www.sisinternational.com\/wp-content\/uploads\/2025\/08\/Finance-6-1024x574.jpg 1024w, https:\/\/www.sisinternational.com\/wp-content\/uploads\/2025\/08\/Finance-6-768x430.jpg 768w, https:\/\/www.sisinternational.com\/wp-content\/uploads\/2025\/08\/Finance-6-18x10.jpg 18w\" sizes=\"auto, (max-width: 1456px) 100vw, 1456px\"><\/figure>\n\n\n\n<p><\/p>\n\n\n\n<p><span style=\"font-weight: 400;\">Traditional market research primarily concentrates on consumer behavior, market trends, and competitive landscapes in various industries. Investment <a href=\"https:\/\/www.sisinternational.com\/de\/sachverstand\/branchen\/marktforschung-zur-abfallwirtschaft\/\" title=\"Marktforschung zur Abfallwirtschaft\"  data-wpil-monitor-id=\"5961\">management market research<\/a>, on the other hand, delves into financial markets, investment opportunities, economic trends, and investor behavior. Its focus is narrower yet deeper in the financial space, aimed at guiding investment decisions and strategies.<\/span><\/p>\n\n\n\n<p><span style=\"font-weight: 400;\">The methods used in investment <a href=\"https:\/\/www.sisinternational.com\/de\/losungen\/qualitative-quantitative-forschungslosungen\/marktforschung-zum-facility-management\/\" title=\"Marktforschung f\u00fcr das Facility Management\"  data-wpil-monitor-id=\"6448\">management market research<\/a> are more specialized and quantitative compared to traditional market research. Furthermore, the audience for investment management market research is primarily financial professionals, investors, and fund managers. In contrast, traditional market research targets a broader range of business professionals, including marketers, product managers, and executives. The utilization of investment research is more focused on guiding investment decisions, portfolio management, and risk mitigation.<\/span><\/p>\n\n\n\n<h2 class=\"wp-block-heading\"><strong>Was Sie von der Marktforschung im Investmentmanagement erwarten k\u00f6nnen<\/strong><\/h2>\n\n\n\n<p><span style=\"font-weight: 400;\">Bei der Marktforschung im Bereich Investmentmanagement k\u00f6nnen Unternehmen und Investoren verschiedene wichtige Aspekte und Ergebnisse erwarten, darunter:<\/span><\/p>\n\n\n\n<p><b>\u2022 Umfassende Marktanalyse<\/b><span style=\"font-weight: 400;\">: Es bietet eine eingehende Analyse des Investitionsmarktes, einschlie\u00dflich aktueller Trends, Zukunftsprognosen und branchenspezifischer Erkenntnisse.<\/span><\/p>\n\n\n\n<p><b>\u2022 Risikobewertung und Managementstrategien<\/b><span style=\"font-weight: 400;\">: Die Marktforschung im Investmentmanagement umfasst typischerweise eine gr\u00fcndliche Bewertung der mit verschiedenen Anlagestrategien und Anlageklassen verbundenen Risiken.<\/span><\/p>\n\n\n\n<p><b>\u2022 Identifizierung von Investitionsm\u00f6glichkeiten<\/b><span style=\"font-weight: 400;\">: Diese Recherche hebt h\u00e4ufig potenzielle Investitionsm\u00f6glichkeiten hervor, die durch Daten und Analysen untermauert werden. Diese M\u00f6glichkeiten werden anhand aktueller Markttrends, Wirtschaftsindikatoren und Finanzprognosen identifiziert.<\/span><\/p>\n\n\n\n<p><b>\u2022 Analyse der regulatorischen und wirtschaftlichen Auswirkungen<\/b><span style=\"font-weight: 400;\">: The research also covers the impact of regulatory changes and economic developments on investment strategies.&nbsp;<\/span><\/p>\n\n\n\n<p><b>\u2022 Leistungsbenchmarks und -metriken<\/b>: Investment management <a href=\"https:\/\/www.linkedin.com\/pulse\/how-market-research-enables-growth-ruth-stanat-phekf\/\" target=\"_blank\" rel=\"noopener\">Marktforschung<\/a> usually provides benchmarks and performance metrics that help in evaluating the success of investment strategies.<\/p>\n\n\n\n<h2 class=\"wp-block-heading\"><strong>Aktuelle Trends im Investmentmanagement-Markt<\/strong><\/h2>\n\n\n\n<figure class=\"gb-block-image gb-block-image-8dc9a10e\"><img loading=\"lazy\" decoding=\"async\" width=\"1456\" height=\"816\" class=\"gb-image gb-image-8dc9a10e\" src=\"https:\/\/www.sisinternational.com\/wp-content\/uploads\/2025\/08\/Finance-4.jpg\" alt=\"SIS International Marktforschung &amp; Strategie\" title=\"Finance (4)\" srcset=\"https:\/\/www.sisinternational.com\/wp-content\/uploads\/2025\/08\/Finance-4.jpg 1456w, https:\/\/www.sisinternational.com\/wp-content\/uploads\/2025\/08\/Finance-4-300x168.jpg 300w, https:\/\/www.sisinternational.com\/wp-content\/uploads\/2025\/08\/Finance-4-1024x574.jpg 1024w, https:\/\/www.sisinternational.com\/wp-content\/uploads\/2025\/08\/Finance-4-768x430.jpg 768w, https:\/\/www.sisinternational.com\/wp-content\/uploads\/2025\/08\/Finance-4-18x10.jpg 18w\" sizes=\"auto, (max-width: 1456px) 100vw, 1456px\"><\/figure>\n\n\n\n<p><\/p>\n\n\n\n<p><b>\u2022 Verst\u00e4rkter Fokus auf Nachhaltigkeit und ESG-Investitionen<\/b><span style=\"font-weight: 400;\">: Einer der wichtigsten Trends ist die zunehmende Betonung von Umwelt-, Sozial- und Governance-Faktoren (ESG) bei Anlageentscheidungen. Anleger ber\u00fccksichtigen zunehmend die Nachhaltigkeit und die ethischen Auswirkungen ihrer Investitionen, was zu einem Anstieg von ESG-fokussierten Fonds und Strategien f\u00fchrt.<\/span><\/p>\n\n\n\n<p><b>\u2022 Technologischer Fortschritt und Digitalisierung<\/b><span style=\"font-weight: 400;\">: Die Investmentmanagementbranche erlebt eine rasante Digitalisierung, wobei Technologien wie KI, maschinelles Lernen und Blockchain die Art und Weise ver\u00e4ndern, wie Investitionen verwaltet und Entscheidungen getroffen werden.<\/span><\/p>\n\n\n\n<p><b>\u2022 Personalisierung und Anpassung von Anlageprodukten<\/b><span style=\"font-weight: 400;\">: Anpassung und Personalisierung gewinnen im Investmentmanagement an Bedeutung. Anleger suchen nach ma\u00dfgeschneiderten L\u00f6sungen, die ihren spezifischen Zielen und ihrer Risikobereitschaft entsprechen.<\/span><\/p>\n\n\n\n<p><b>\u2022 Anstieg alternativer Investitionen<\/b><span style=\"font-weight: 400;\">: There is a growing interest in alternative investments like private equity, real estate, and hedge funds.&nbsp;<\/span><\/p>\n\n\n\n<h2 class=\"wp-block-heading\"><strong>Technologien und Tools in der Investment Management-Marktforschung<\/strong><\/h2>\n\n\n\n<p><span style=\"font-weight: 400;\">The adoption of advanced technologies and tools in <a href=\"https:\/\/www.sisinternational.com\/de\/sachverstand\/branchen\/medizintechnik-medtech-marktforschung\/\" title=\"Marktforschung f\u00fcr Medizintechnik (Med Tech)\" data-wpil-monitor-id=\"4217\">Marktforschung im Investmentmanagement<\/a> has been transformative. These innovations enhance the accuracy and depth of research, streamlining the entire process. Here&#8217;s an overview of some key technologies and tools currently shaping <a href=\"https:\/\/www.sisinternational.com\/de\/abdeckung\/marktforschung-afrika\/marktforschung-in-mauretanien-afrika\/\" title=\"Marktforschung in Mauretanien, Afrika \u2013 ein \u00dcberblick\" data-wpil-monitor-id=\"5287\">Marktforschung im Investmentmanagement<\/a> today:<\/span><\/p>\n\n\n\n<p><b>\u2022 K\u00fcnstliche Intelligenz und maschinelles Lernen<\/b><span style=\"font-weight: 400;\">: These technologies enable the analysis of massive datasets, uncovering patterns and insights that would be impossible to detect manually. AI algorithms can predict market trends, identify investment opportunities \u2013 and even automate certain investment decisions.<\/span><\/p>\n\n\n\n<p><b>\u2022 Blockchain-Technologie<\/b><span style=\"font-weight: 400;\">: Blockchain is increasingly being used in investment management for its security and transparency features. It offers a decentralized ledger system, which is particularly useful in verifying transactions and maintaining immutable records, reducing the risk of fraud and errors.<\/span><\/p>\n\n\n\n<p><b>\u2022 Robo-Advisor<\/b><span style=\"font-weight: 400;\">: Robo-Advisor analysieren Anlegerprofile und schlagen Anlagestrategien und Portfoliomanagementl\u00f6sungen vor, wodurch Anlageberatung zug\u00e4nglicher und kosteng\u00fcnstiger wird.<\/span><\/p>\n\n\n\n<p><b>\u2022 Finanzdatenbanken und -plattformen<\/b><span style=\"font-weight: 400;\">: Bloomberg Terminal, Eikon und andere Finanzdatenplattformen sind in der Investmentforschung unverzichtbar. Sie bieten Echtzeitzugriff auf Marktdaten, Nachrichten, Finanzberichte und Analysetools, die f\u00fcr eine umfassende Marktanalyse von entscheidender Bedeutung sind.<\/span><\/p>\n\n\n\n<h2 class=\"wp-block-heading\"><strong>M\u00f6glichkeiten der Marktforschung im Investmentmanagement f\u00fcr Unternehmen<\/strong><\/h2>\n\n\n\n<figure class=\"wp-block-image\"><img decoding=\"async\" src=\"https:\/\/www.sisinternational.com\/wp-content\/uploads\/2025\/01\/Financial-services-1.jpeg\" alt=\"SIS International Marktforschung &amp; Strategie\" class=\"wp-image-55770\"><\/figure>\n\n\n\n<p><\/p>\n\n\n\n<p><b>\u2022 Zugriff auf globale Anlageeinblicke<\/b><span style=\"font-weight: 400;\">: Investment management market research provides access to global market insights. This international perspective is invaluable for businesses looking to expand internationally or diversify their investment portfolios across different regions.<\/span><\/p>\n\n\n\n<p><b>\u2022 Identifizierung aufstrebender M\u00e4rkte und Sektoren<\/b><span style=\"font-weight: 400;\">: Through comprehensive market research, businesses can identify and capitalize on emerging markets and sectors.&nbsp;<\/span><\/p>\n\n\n\n<p><b>\u2022 Ma\u00dfgeschneiderte Anlagestrategien<\/b>: Businesses can leverage <a href=\"https:\/\/www.sisinternational.com\/de\/der-globale-talentmangel-ein-whitepaper-von-ruth-stanat\/\" title=\"Talent Management Marktforschung\" data-wpil-monitor-id=\"2199\">market research to develop customized investment strategies<\/a> that align with their specific goals and risk appetite. Personalized strategies are more likely to yield successful outcomes, as they take into account the unique aspects of each business.<\/span><\/p>\n\n\n\n<p><b>\u2022 Anpassungsf\u00e4higkeit an Marktver\u00e4nderungen<\/b><span style=\"font-weight: 400;\">: Investment management market research keeps businesses informed about market trends and economic shifts, enabling them to adapt their investment strategies accordingly.&nbsp;<\/span><\/p>\n\n\n\n<p><b>\u2022 Verbesserte Entscheidungskompetenz<\/b>: With access to detailed market analysis and forecasts, businesses can enhance their decision-making capabilities.&nbsp;<\/p>\n\n\n\n<h2 class=\"wp-block-heading\">Allgemeine Begriffe in <strong>Marktforschung f\u00fcr Investmentmanagement<\/strong><\/h2>\n\n\n\n<h2 class=\"wp-block-heading p4\"><span class=\"s1\">Verm\u00f6genswerte<\/span><\/h2>\n\n\n\n<p class=\"p3\"><span class=\"s1\">An Asset Manager is a financial services provider. Asset Managers are usually individuals or investment banks. Their job is to oversee all or part of a client\u2019s portfolio. The asset manager\u2019s job entails defining what investments to make or avoid. Their primary focus is to grow a client\u2019s portfolio. They do rigorous <a href=\"https:\/\/www.sisinternational.com\/de\/abdeckung\/marktforschung-afrika\/marktforschung-in-mali\/\" title=\"Marktforschung in Mali\" data-wpil-monitor-id=\"3867\">research to analyze market<\/a> trends to meet the goal of their job.<\/span><\/p>\n\n\n\n<h2 class=\"wp-block-heading p4\"><span class=\"s1\">Private Bankgesch\u00e4fte<\/span><\/h2>\n\n\n\n<p class=\"p3\"><span class=\"s1\">Private Banking involves institutions that deliver financial management services. Most of their clients are individuals with high net worth. These institutions offer investment-related help. They aim to tackle every client&#8217;s full financial condition. Consumer banks of every size now have Private Banking divisions. Private Banking clients don\u2019t even have to wait in line or use a teller for services. They get concierge-like service and enviable rates. They also have direct access to the employees working their accounts.<\/span><\/p>\n\n\n\n<h2 class=\"wp-block-heading p4\"><span class=\"s1\">Reibungsloser Markt<\/span><\/h2>\n\n\n\n<p class=\"p3\"><span class=\"s1\">A frictionless market is a hypothetical trading setting. There, all limitations and costs related to transactions are non-existent. Investment managers use frictionless <a href=\"https:\/\/www.sisinternational.com\/de\/sachverstand\/branchen\/okologie-marktforschung\/\" title=\"\u00d6kologie Marktforschung\" data-wpil-monitor-id=\"3883\">markets to support their research<\/a> and trading concepts. They must view both frictionless and friction analysis. It\u2019s the only way to get a correct understanding of an asset\u2019s return. The rise of new trading programs through FinTech is widening the range of activity, and helping to move toward almost frictionless markets.<\/span><\/p>\n\n\n\n<h2 class=\"wp-block-heading p4\"><span class=\"s1\">Kundenorientierung<\/span><\/h2>\n\n\n\n<p class=\"p3\"><span class=\"s1\">Kundenorientierung bedeutet, das zu entwickeln und umzusetzen, was Kunden sch\u00e4tzen. Kunden wechseln oft den Verm\u00f6gensverwaltungsanbieter auf der Suche nach einer besseren Erfahrung. Das zwingt die Unternehmen dazu, einen Gang h\u00f6her zu schalten. Sie m\u00fcssen jetzt die Bed\u00fcrfnisse des Kunden zur Priorit\u00e4t machen. Kundenorientierung bedeutet auch, dem richtigen Produkt oder der richtigen Dienstleistung Priorit\u00e4t einzur\u00e4umen. Dieses Produkt oder diese Dienstleistung muss f\u00fcr anspruchsvolle Kunden von Anfang an und jedes Mal richtig funktionieren.<\/span><\/p>\n\n\n\n<h2 class=\"wp-block-heading p4\"><span class=\"s1\">FinTech und Robo-Advisor<\/span><\/h2>\n\n\n\n<p class=\"p3\"><span class=\"s1\">FinTech is the meeting of finance and technology, and it is transforming the landscape of investment management. Artificial Intelligence is one of the new developments. Other FinTech disruptors are Machine Learning and Big Data. FinTech uses them to assess investment prospects, mitigate risks, and enhance portfolios. It involves the use of Robo-advisors or automated wealth advisors. FinTech also includes blockchain and distributed ledger technology.&nbsp;<\/span><\/p>\n\n\n\n<h2 class=\"wp-block-heading p4\"><span class=\"s1\">Makler<\/span><\/h2>\n\n\n\n<p class=\"p3\"><span class=\"s1\">Before the advent of online trading, accessing a broker used to be a luxury reserved for the rich. Individual investors no longer need a broker to trade on the stock market. Many online services even offer commission-free trading. As a result, the broker&#8217;s job has changed. Although they still execute orders, many have expanded their services. They now offer personalized investment management to justify charging high commissions.<\/span><\/p>\n\n\n\n<h2 class=\"wp-block-heading p4\"><span class=\"s1\">Institutionelle Anleger<\/span><\/h2>\n\n\n\n<p class=\"p3\"><span class=\"s1\">Institutional Investors are trusts, corporations, or other legal entities that invest in financial markets on behalf of groups or individuals. These institutions include pension plans, endowments, sovereign wealth funds, banks, foundations, and insurance companies, and they can invest funds for current and future generations.&nbsp;<\/span><\/p>\n\n\n\n<h2 class=\"wp-block-heading p4\"><span class=\"s1\">Wie SIS International Research Investmentmanagern hilft<\/span><\/h2>\n\n\n\n<p class=\"p5\"><span class=\"s1\">Wir k\u00f6nnen Investmentmanagement-Unternehmen dabei helfen, ihre verwalteten Verm\u00f6genswerte zu optimieren. Unsere erstklassigen Research-Analysten k\u00f6nnen auch bei der Diversifizierung von Portfolios helfen. Wir bieten eine breite Palette an qualitativen und quantitativen Marktforschungsoptionen. Kontaktieren Sie uns jetzt, um zu besprechen, wie wir Ihrem Investmentmanagement-Unternehmen helfen k\u00f6nnen.<\/span><\/p>\n\n\n\n<h2 class=\"wp-block-heading\">Unser Standort in New York<\/h2>\n\n\n\n<p>  <iframe loading=\"lazy\" src=\"https:\/\/www.google.com\/maps\/embed?pb=!1m18!1m12!1m3!1d3022.976188376966!2d-73.99130312499956!3d40.740549471389315!2m3!1f0!2f0!3f0!3m2!1i1024!2i768!4f13.1!3m3!1m2!1s0x89c259a15798c731%3A0xd695d09bdd495f25!2s11%20E%2022nd%20St%20FL%202%2C%20New%20York%2C%20NY%2010010%2C%20USA!5e0!3m2!1sen!2spe!4v1726171763526!5m2!1sen!2spe\" width=\"600\" height=\"450\" allowfullscreen=\"allowfullscreen\" data-mce-fragment=\"1\"><\/iframe>  <\/p>\n\n\n\n<h3 class=\"wp-block-heading\">11 E 22nd Street, Floor 2, New York, NY 10010 T: +1(212) 505-6805<\/h3>\n\n\n\n<hr class=\"wp-block-separator has-alpha-channel-opacity\"\/>\n\n\n\n<h2 class=\"wp-block-heading\"><strong>\u00dcber SIS International<\/strong><\/h2>\n\n\n\n<p><a href=\"https:\/\/www.sisinternational.com\/de\/\"><span style=\"font-weight: 400;\">SIS International<\/span><\/a><span style=\"font-weight: 400;\"> bietet quantitative, qualitative und strategische Forschung an. Wir liefern Daten, Tools, Strategien, Berichte und Erkenntnisse zur Entscheidungsfindung. Wir f\u00fchren auch Interviews, Umfragen, Fokusgruppen und andere Methoden und Ans\u00e4tze der Marktforschung durch.<\/span><a href=\"https:\/\/www.sisinternational.com\/de\/uber-sis-international-research\/contact-sis-international-market-research\/\"><span style=\"font-weight: 400;\"> Kontakt<\/span><\/a><span style=\"font-weight: 400;\"> f\u00fcr Ihr n\u00e4chstes Marktforschungsprojekt.<\/span><\/p>\n\n\n\n<p><span style=\"font-weight: 400;\">&nbsp;<\/span><\/p>\n\n\n\n<p><\/p>\n\n\n\n<p><\/p>","protected":false},"excerpt":{"rendered":"<p>SIS FinTech Strategy Consulting bietet Marktforschung im Bereich Investment Management. Entdecken Sie neue Wege, um Gewinne zu steigern und Vorteile zu erzielen.<\/p>","protected":false},"author":1,"featured_media":68135,"parent":27462,"menu_order":35,"comment_status":"closed","ping_status":"closed","template":"","meta":{"footnotes":""},"class_list":["post-34809","page","type-page","status-publish","has-post-thumbnail"],"_links":{"self":[{"href":"https:\/\/www.sisinternational.com\/de\/wp-json\/wp\/v2\/pages\/34809","targetHints":{"allow":["GET"]}}],"collection":[{"href":"https:\/\/www.sisinternational.com\/de\/wp-json\/wp\/v2\/pages"}],"about":[{"href":"https:\/\/www.sisinternational.com\/de\/wp-json\/wp\/v2\/types\/page"}],"author":[{"embeddable":true,"href":"https:\/\/www.sisinternational.com\/de\/wp-json\/wp\/v2\/users\/1"}],"replies":[{"embeddable":true,"href":"https:\/\/www.sisinternational.com\/de\/wp-json\/wp\/v2\/comments?post=34809"}],"version-history":[{"count":17,"href":"https:\/\/www.sisinternational.com\/de\/wp-json\/wp\/v2\/pages\/34809\/revisions"}],"predecessor-version":[{"id":80031,"href":"https:\/\/www.sisinternational.com\/de\/wp-json\/wp\/v2\/pages\/34809\/revisions\/80031"}],"up":[{"embeddable":true,"href":"https:\/\/www.sisinternational.com\/de\/wp-json\/wp\/v2\/pages\/27462"}],"wp:featuredmedia":[{"embeddable":true,"href":"https:\/\/www.sisinternational.com\/de\/wp-json\/wp\/v2\/media\/68135"}],"wp:attachment":[{"href":"https:\/\/www.sisinternational.com\/de\/wp-json\/wp\/v2\/media?parent=34809"}],"curies":[{"name":"wp","href":"https:\/\/api.w.org\/{rel}","templated":true}]}}