{"id":34795,"date":"2020-03-15T21:32:01","date_gmt":"2020-03-15T21:32:01","guid":{"rendered":"https:\/\/www.sisinternational.com\/?page_id=34795"},"modified":"2026-01-25T19:27:50","modified_gmt":"2026-01-26T00:27:50","slug":"marktforschung-fur-den-elektronischen-handel","status":"publish","type":"page","link":"https:\/\/www.sisinternational.com\/de\/losungen\/fintech-strategieberatung-forschung\/marktforschung-fur-den-elektronischen-handel\/","title":{"rendered":"Marktforschung f\u00fcr den elektronischen Handel"},"content":{"rendered":"<h1 class=\"wp-block-heading\">Marktforschung f\u00fcr den elektronischen Handel<\/h1>\n\n\n\n<figure class=\"gb-block-image gb-block-image-2cab3472\"><img loading=\"lazy\" decoding=\"async\" width=\"1456\" height=\"816\" class=\"gb-image gb-image-2cab3472\" src=\"https:\/\/www.sisinternational.com\/wp-content\/uploads\/2025\/09\/Forex-4.jpg\" alt=\"SIS International Marktforschung &amp; Strategie\" title=\"Forex (4)\" srcset=\"https:\/\/www.sisinternational.com\/wp-content\/uploads\/2025\/09\/Forex-4.jpg 1456w, https:\/\/www.sisinternational.com\/wp-content\/uploads\/2025\/09\/Forex-4-300x168.jpg 300w, https:\/\/www.sisinternational.com\/wp-content\/uploads\/2025\/09\/Forex-4-1024x574.jpg 1024w, https:\/\/www.sisinternational.com\/wp-content\/uploads\/2025\/09\/Forex-4-768x430.jpg 768w, https:\/\/www.sisinternational.com\/wp-content\/uploads\/2025\/09\/Forex-4-18x10.jpg 18w\" sizes=\"auto, (max-width: 1456px) 100vw, 1456px\"><\/figure>\n\n\n\n<hr class=\"wp-block-separator has-alpha-channel-opacity is-style-dots\"\/>\n\n\n\n<p><span style=\"font-weight: 400;\">Why are firms investing heavily in data analytics and market intelligence specific to electronic trading? The rationale is clear: to harness the potential of rapid execution and global connectivity, firms must understand the intricate web of market dynamics, technological advancements, and regulatory frameworks that shape the electronic trading landscape.<\/span><\/p>\n\n\n\n<h2 class=\"wp-block-heading\"><strong>Marktforschung f\u00fcr elektronischen Handel verstehen<\/strong><\/h2>\n\n\n\n<p><span style=\"font-weight: 400;\">Die Marktforschung zum elektronischen Handel umfasst eine gr\u00fcndliche Analyse der Markttrends, Handelsvolumina, technologischen Innovationen, Wettbewerbslandschaften und regulatorischen \u00c4nderungen, die sich allesamt direkt auf die Effizienz und Rentabilit\u00e4t elektronischer Handelsvorg\u00e4nge auswirken. <\/span><span style=\"font-weight: 400;\">At its core, electronic <a href=\"https:\/\/www.sisinternational.com\/de\/das-eu-emissionshandelssystem-verstehen-ein-sis-bericht\/\" title=\"Marktforschung zum Emissionshandel\"  data-wpil-monitor-id=\"1722\">trading market research<\/a> provides insights into the digital platforms where securities, including stocks, bonds, and derivatives, are bought and sold.&nbsp;<\/span><\/p>\n\n\n\n<h2 class=\"wp-block-heading\"><strong>Warum Unternehmen Marktforschung f\u00fcr den elektronischen Handel ben\u00f6tigen<\/strong><\/h2>\n\n\n\n<p><span style=\"font-weight: 400;\">Durch <a href=\"https:\/\/www.sisinternational.com\/de\/sachverstand\/branchen\/marktforschung-fur-elektronische-schaltungen\/\" title=\"Marktforschung f\u00fcr elektronische Schaltungen\"  data-wpil-monitor-id=\"5030\">Marktforschung f\u00fcr den elektronischen Handel<\/a>, businesses can gain a deeper understanding of the market, enabling them to adapt swiftly and strategically.&nbsp;<\/span><span style=\"font-weight: 400;\">Dar\u00fcber hinaus ist die Marktforschung im elektronischen Handel aus Compliance-Gr\u00fcnden von entscheidender Bedeutung. Angesichts der immer strengeren Finanzvorschriften ist ein umfassendes Verst\u00e4ndnis der regulatorischen Auswirkungen auf elektronische Handelspraktiken erforderlich, um auf der richtigen Seite des Gesetzes zu bleiben.&nbsp;<\/span><\/p>\n\n\n\n<p><span style=\"font-weight: 400;\">Lastly, the insights derived from electronic trading market research facilitate informed decision-making. However, it has many other benefits for businesses, including:&nbsp;<\/span><\/p>\n\n\n\n<p><b> \u2022 Strategische Planung: <\/b><span style=\"font-weight: 400;\">Elektronisch <\/span><b>T<\/b><span style=\"font-weight: 400;\">rading market research offers invaluable insights that aid in formulating robust strategic plans.&nbsp;<\/span><\/p>\n\n\n\n<p><b> \u2022 Wettbewerbsvorteil:<\/b><span style=\"font-weight: 400;\"> Durch Kenntnisse \u00fcber die Taktiken, Handelsvolumina und technologischen M\u00f6glichkeiten der Konkurrenz k\u00f6nnen Unternehmen ihre Leistung vergleichen und nach \u00dcberlegenheit streben.<\/span><\/p>\n\n\n\n<p><b> \u2022 Risikominderung:<\/b><span style=\"font-weight: 400;\"> Durch ein umfassendes Verst\u00e4ndnis der Marktvolatilit\u00e4t und des regulatorischen Umfelds k\u00f6nnen Unternehmen die mit dem elektronischen Handel verbundenen Risiken besser einsch\u00e4tzen und mindern.&nbsp;<\/span><\/p>\n\n\n\n<p><b> \u2022 Innovation und Anpassung: <\/b><span style=\"font-weight: 400;\">Mit der Entstehung neuer Technologien und der Weiterentwicklung von Vorschriften unterst\u00fctzt die Marktforschung im elektronischen Handel Unternehmen bei der Innovation und Anpassung an diese Ver\u00e4nderungen. Indem man mit den technologischen Fortschritten Schritt h\u00e4lt und Handelsplattformen entsprechend anpasst, sichert man sich Relevanz und Widerstandsf\u00e4higkeit auf dem Markt.<\/span><\/p>\n\n\n\n<p><b> \u2022 Investitionsentscheidungen:<\/b><span style=\"font-weight: 400;\"> Firms use electronic trading market research to underpin their investment decisions. Insights into market sentiment, liquidity, and asset valuation enable traders to make informed choices that maximize returns and minimize losses.<\/span><\/p>\n\n\n\n<h2 class=\"wp-block-heading\"><strong>Wer nutzt elektronische Handelsmarktforschung<\/strong><\/h2>\n\n\n\n<figure class=\"gb-block-image gb-block-image-9000a415\"><img loading=\"lazy\" decoding=\"async\" width=\"1456\" height=\"816\" class=\"gb-image gb-image-9000a415\" src=\"https:\/\/www.sisinternational.com\/wp-content\/uploads\/2025\/09\/Forex-7.jpg\" alt=\"SIS International Marktforschung &amp; Strategie\" title=\"Forex (7)\" srcset=\"https:\/\/www.sisinternational.com\/wp-content\/uploads\/2025\/09\/Forex-7.jpg 1456w, https:\/\/www.sisinternational.com\/wp-content\/uploads\/2025\/09\/Forex-7-300x168.jpg 300w, https:\/\/www.sisinternational.com\/wp-content\/uploads\/2025\/09\/Forex-7-1024x574.jpg 1024w, https:\/\/www.sisinternational.com\/wp-content\/uploads\/2025\/09\/Forex-7-768x430.jpg 768w, https:\/\/www.sisinternational.com\/wp-content\/uploads\/2025\/09\/Forex-7-18x10.jpg 18w\" sizes=\"auto, (max-width: 1456px) 100vw, 1456px\"><\/figure>\n\n\n\n<p><\/p>\n\n\n\n<p><span style=\"font-weight: 400;\">Many market participants turn to electronic trading market research to inform their decisions and strategies. From financial powerhouses to individual investors, the depth and breadth of this research cater to the needs of various actors within the financial ecosystem.<\/span><\/p>\n\n\n\n<p><span style=\"font-weight: 400;\">Zuerst, <\/span><b>Investmentbanken<\/b><span style=\"font-weight: 400;\"> sind bedeutende Nutzer elektronischer Handelsmarktforschung. Diese Institutionen verlassen sich auf modernste Forschung, um im Auftrag und f\u00fcr ihre Konten Handelsgesch\u00e4fte durchzuf\u00fchren, was ein detailliertes Verst\u00e4ndnis der Marktbedingungen und Ausf\u00fchrungsplattformen erfordert.&nbsp;<\/span><\/p>\n\n\n\n<p><b>Hedgefonds und Eigenhandelsunternehmen<\/b><span style=\"font-weight: 400;\"> also voraciously consume electronic trading market research. Their competitive nature drives their need for real-time data and predictive analytics to identify fleeting market opportunities and execute complex trading strategies. They require an intimate knowledge of market sentiment and liquidity patterns to make split-second decisions that could lead to significant profits or stave off substantial losses.<\/span><\/p>\n\n\n\n<p><b>Verm\u00f6gensverwalter<\/b><span style=\"font-weight: 400;\">, including pension and mutual funds, utilize electronic trading market research to efficiently manage large portfolios. The insights gained from market research enable these managers to understand the impact of their trades on the market and to navigate the intricacies of electronic trading venues to achieve the best outcomes for their investors.<\/span><\/p>\n\n\n\n<p class=\"p1\"><span style=\"font-weight: 400;\">Dar\u00fcber hinaus, <b>Aufsichtsbeh\u00f6rden und Compliance-Beauftragte <\/b>within trading firms study electronic <a href=\"https:\/\/www.sisinternational.com\/de\/sachverstand\/branchen\/chief-information-officer-cio-marktforschung\/\" title=\"Chief Information Officer (CIO) Marktforschung\"  data-wpil-monitor-id=\"5670\">trading market research<\/a> to ensure adherence to industry regulations. Understanding the market landscape helps them craft policies that protect investors and maintain market integrity without stifling innovation.<\/span><\/p>\n\n\n\n<h2 class=\"wp-block-heading\"><strong>Elektronische Handelsmarktforschung vs. traditionelle Marktforschung<\/strong><\/h2>\n\n\n\n<p><span style=\"font-weight: 400;\">Traditional market research often focuses on broader economic indicators, consumer behavior, and long-term trends. It operates on a relatively slower timeline, with data collected through surveys, focus groups, and analysis of historical market data. In contrast, electronic trading market research is characterized by its immediacy and precision. The high-frequency nature of electronic trading requires real-time data analysis and the ability to respond instantaneously to market fluctuations.&nbsp;<\/span><\/p>\n\n\n\n<p><span style=\"font-weight: 400;\">Another distinct feature of electronic trading market research is its emphasis on regulatory compliance and cybersecurity. The financial industry is one of the most heavily regulated sectors, and electronic trading platforms are prime targets for cyber threats. Market research in this field must encompass these critical areas to ensure that businesses are both compliant and secure.<\/span><\/p>\n\n\n\n<h2 class=\"wp-block-heading\"><strong>Was Sie von der Marktforschung f\u00fcr den elektronischen Handel erwarten k\u00f6nnen<\/strong><\/h2>\n\n\n\n<figure class=\"gb-block-image gb-block-image-60d0d036\"><img loading=\"lazy\" decoding=\"async\" width=\"1456\" height=\"816\" class=\"gb-image gb-image-60d0d036\" src=\"https:\/\/www.sisinternational.com\/wp-content\/uploads\/2025\/09\/Forex-6.jpg\" alt=\"SIS International Marktforschung &amp; Strategie\" title=\"Forex (6)\" srcset=\"https:\/\/www.sisinternational.com\/wp-content\/uploads\/2025\/09\/Forex-6.jpg 1456w, https:\/\/www.sisinternational.com\/wp-content\/uploads\/2025\/09\/Forex-6-300x168.jpg 300w, https:\/\/www.sisinternational.com\/wp-content\/uploads\/2025\/09\/Forex-6-1024x574.jpg 1024w, https:\/\/www.sisinternational.com\/wp-content\/uploads\/2025\/09\/Forex-6-768x430.jpg 768w, https:\/\/www.sisinternational.com\/wp-content\/uploads\/2025\/09\/Forex-6-18x10.jpg 18w\" sizes=\"auto, (max-width: 1456px) 100vw, 1456px\"><\/figure>\n\n\n\n<p><\/p>\n\n\n\n<p><span style=\"font-weight: 400;\">Die Ergebnisse dieser Forschung k\u00f6nnen sowohl tiefgreifend als auch praktisch sein und Erkenntnisse liefern, die Handelsstrategien und operative Rahmenbedingungen ver\u00e4ndern k\u00f6nnen. Die Ergebnisse umfassen typischerweise:<\/span><\/p>\n\n\n\n<p><b> \u2022 Umfassende Marktanalyse:<\/b><span style=\"font-weight: 400;\"> Electronic trading market research provides an in-depth look at market conditions, including liquidity, volatility, and order flow. Firms can expect a detailed assessment of current market trends and their influencing factors.<\/span><\/p>\n\n\n\n<p><b> \u2022 Technologische Einblicke:<\/b><span style=\"font-weight: 400;\"> Given technology&#8217;s pivotal role in electronic trading, market research delves into the latest advancements, from algorithmic trading developments to the integration of artificial intelligence in trade execution.&nbsp;<\/span><\/p>\n\n\n\n<p><b> \u2022 Wettbewerbsvergleich:<\/b><span style=\"font-weight: 400;\"> Durch die Forschung k\u00f6nnen Unternehmen ihre Handelssysteme und ihre Leistung mit denen ihrer Kollegen und Wettbewerber vergleichen und so einen Ma\u00dfstab f\u00fcr Verbesserungen und Innovationen innerhalb der Branche schaffen.<\/span><\/p>\n\n\n\n<p><b> \u2022 Anlegerverhalten und -stimmung:<\/b><span style=\"font-weight: 400;\"> Market research provides insights into traders&#8217; and investors&#8217; behavioral patterns, which can influence market movements and trading strategies.<\/span><\/p>\n\n\n\n<p><b>\u2022 Strategische Investitionsm\u00f6glichkeiten:<\/b><span style=\"font-weight: 400;\"> Die Marktforschung im elektronischen Handel deckt durch die Analyse von Marktdaten und Trends potenzielle Investitionsm\u00f6glichkeiten auf. Auf diese Weise k\u00f6nnen Unternehmen strategische Entscheidungen dar\u00fcber treffen, wo und wie sie ihre Ressourcen einsetzen, um eine maximale Kapitalrendite zu erzielen.<\/span><\/p>\n\n\n\n<h2 class=\"wp-block-heading\"><strong>Chancen im elektronischen Handelsmarkt f\u00fcr Unternehmen<\/strong><\/h2>\n\n\n\n<p><span style=\"font-weight: 400;\">The electronic trading market presents many business opportunities with the right information and strategies. As markets become more interconnected and technology advances, the potential for growth and innovation in this space is significant.<\/span><\/p>\n\n\n\n<p><b> \u2022 Globaler Marktzugang:<\/b><span style=\"font-weight: 400;\"> One of the most compelling opportunities is for businesses to easily access global financial markets. Electronic trading platforms provide the infrastructure to trade across borders, allowing firms to diversify their portfolios and tap into new revenue streams.<\/span><\/p>\n\n\n\n<p><b> \u2022 Kosteneffizienz: <\/b>Electronic trading eliminates many traditional brokerage and transaction costs, offering<span style=\"font-weight: 400;\"> a more cost-efficient way to execute trades. This cost reduction can lead to increased profitability for businesses that leverage electronic trading effectively.<\/span><\/p>\n\n\n\n<p><b> \u2022 Datengesteuerte Strategien: <\/b><span style=\"font-weight: 400;\">Die F\u00fclle an Daten, die durch den elektronischen Handel verf\u00fcgbar sind, erm\u00f6glicht es Unternehmen, ausgefeilte, datengesteuerte Handelsstrategien zu entwickeln. Durch umfassende Marktforschung im elektronischen Handel k\u00f6nnen Unternehmen ihre Handelsans\u00e4tze verfeinern und Algorithmen und Analysen einsetzen, um Entscheidungsprozesse zu verbessern.<\/span><\/p>\n\n\n\n<p><b>\u2022 Innovationspotenzial: <\/b><span style=\"font-weight: 400;\">The electronic trading market is fertile ground for innovation, particularly in fintech and trading technology. Businesses that invest in developing or adopting cutting-edge technologies can differentiate themselves and capture market share.<\/span><\/p>\n\n\n\n<h2 class=\"wp-block-heading p2\"><span class=\"s1\">Der Aufstieg von FinTech<\/span><\/h2>\n\n\n\n<figure class=\"gb-block-image gb-block-image-a9b59995\"><img loading=\"lazy\" decoding=\"async\" width=\"1456\" height=\"816\" class=\"gb-image gb-image-a9b59995\" src=\"https:\/\/www.sisinternational.com\/wp-content\/uploads\/2025\/09\/Money-3-1.jpg\" alt=\"SIS International Marktforschung &amp; Strategie\" title=\"Money 3 (1)\" srcset=\"https:\/\/www.sisinternational.com\/wp-content\/uploads\/2025\/09\/Money-3-1.jpg 1456w, https:\/\/www.sisinternational.com\/wp-content\/uploads\/2025\/09\/Money-3-1-300x168.jpg 300w, https:\/\/www.sisinternational.com\/wp-content\/uploads\/2025\/09\/Money-3-1-1024x574.jpg 1024w, https:\/\/www.sisinternational.com\/wp-content\/uploads\/2025\/09\/Money-3-1-768x430.jpg 768w, https:\/\/www.sisinternational.com\/wp-content\/uploads\/2025\/09\/Money-3-1-18x10.jpg 18w\" sizes=\"auto, (max-width: 1456px) 100vw, 1456px\"><\/figure>\n\n\n\n<p><\/p>\n\n\n\n<p class=\"p3\"><span class=\"s1\">FinTech is short for Financial Technology. The new tech seeks to automate and develop the distribution and use of financial services. At first, the term described the back-end systems of well-known financial institutions. The definition of the word is now more consumer-oriented. FinTech also includes the development and use of cryptocurrencies such as Bitcoin.<\/span><\/p>\n\n\n\n<h2 class=\"wp-block-heading p3\"><span class=\"s1\">Die FinTech-Branche entwickelt neue Apps f\u00fcr die ETF-begeisterten Millennials. <\/span><\/h2>\n\n\n\n<p class=\"p3\"><span class=\"s1\">Millennial investors face several challenges. For example, they need the ability to invest small amounts without having to pay high fees. Apps such as Stash solve that by allowing users to buy fractional shares of more than 60 curated ETFs. Robinhood is another app that introduced commission-free trading. The platform holds more than 5,000 stocks and ETFs.<\/span><\/p>\n\n\n\n<h2 class=\"wp-block-heading p3\"><span class=\"s1\">FinTech hat auch zum Algorithmic Trading gef\u00fchrt, einer modernen Methode zur Auftragsabwicklung. <\/span><\/h2>\n\n\n\n<p class=\"p3\"><span class=\"s1\">Algorithmic Trading uses automated and pre-programmed commands that account for variables such as timing, price, and volume. It also uses mathematical models and intricate formulas under human supervision. Algorithmic trading helps investors decide whether to buy or sell financial securities on an exchange. The practice of do-it-yourself Algorithmic Trading has become widespread in recent years.<\/span><\/p>\n\n\n\n<h2 class=\"wp-block-heading p3\"><span class=\"s1\">The rise of FinTech poses challenges for established companies in making profits. <\/span><\/h2>\n\n\n\n<p class=\"p3\"><span class=\"s1\">Algorithmische Handelssoftware und elektronische Ausf\u00fchrung haben die menschliche Rolle verringert. Maschinen erledigen den Gro\u00dfteil des Kaufs und Verkaufs von Wertpapieren. Die riesigen Handelsr\u00e4ume sind heute Relikte einer vergangenen \u00c4ra. Investoren nutzen heute elektronische Handelsplattformen, um t\u00e4glich Milliarden von Aktien zu handeln. <\/span><\/p>\n\n\n\n<p class=\"p3\"><span class=\"s1\">Die moderne Nutzung elektronischer Handelsplattformen bietet zahlreiche Vorteile. Hier ist eine kurze Liste elektronischer Handelsplattformen:<\/span><\/p>\n\n\n\n<ol class=\"wp-block-list ol1\">\n<li><span class=\"s1\">TD Ameritrade<\/span><\/li>\n\n\n\n<li><span class=\"s1\">Charles Schwab<\/span><\/li>\n\n\n\n<li><span class=\"s1\">Fidelity Investments<\/span><\/li>\n\n\n\n<li><span class=\"s1\">E-Handel<\/span><\/li>\n\n\n\n<li><span class=\"s1\">Merrill Edge<\/span><\/li>\n<\/ol>\n\n\n\n<h2 class=\"wp-block-heading p2\"><span class=\"s1\">Marktforschungsl\u00f6sungen f\u00fcr den elektronischen Handel<\/span><\/h2>\n\n\n\n<p class=\"p3\"><span class=\"s1\">With FinTech, it is now possible to fashion the perfect trading environment. In such a situation, transactions are not covered by costs or other limitations. This frictionless market, as it is known, is a theoretical concept. It\u2019s excellent for <a href=\"https:\/\/www.sisinternational.com\/de\/sachverstand\/branchen\/okologie-marktforschung\/\" title=\"\u00d6kologie Marktforschung\"  data-wpil-monitor-id=\"3887\">research purposes or for promoting market<\/a> concepts. It engages respondents and produces real insights.<\/span><\/p>\n\n\n\n<p class=\"p3\"><span class=\"s1\"><a href=\"https:\/\/www.linkedin.com\/company\/sisinternationalresearch\/posts\/?feedView=all\" target=\"_blank\" rel=\"noopener\">SIS International<\/a> offers frictionless market research. We work for those wishing to engage in Electronic Trading. We also provide services to electronic trading companies, giving insights into new or existing markets. SIS provides Qualitative and Quantitative Market Research. We use Focus Groups and other modern methods of data collection. Contact us today to find out how we can help with your Electronic Trading Market Research.<\/span><\/p>\n\n\n\n<h2 class=\"wp-block-heading\">Unser Standort in New York<\/h2>\n\n\n\n<p>  <iframe loading=\"lazy\" src=\"https:\/\/www.google.com\/maps\/embed?pb=!1m18!1m12!1m3!1d3022.976188376966!2d-73.99130312499956!3d40.740549471389315!2m3!1f0!2f0!3f0!3m2!1i1024!2i768!4f13.1!3m3!1m2!1s0x89c259a15798c731%3A0xd695d09bdd495f25!2s11%20E%2022nd%20St%20FL%202%2C%20New%20York%2C%20NY%2010010%2C%20USA!5e0!3m2!1sen!2spe!4v1726171763526!5m2!1sen!2spe\" width=\"600\" height=\"450\" allowfullscreen=\"allowfullscreen\" data-mce-fragment=\"1\"><\/iframe>  <\/p>\n\n\n\n<h3 class=\"wp-block-heading\">11 E 22nd Street, Floor 2, New York, NY 10010 T: +1(212) 505-6805<\/h3>\n\n\n\n<hr class=\"wp-block-separator has-alpha-channel-opacity\"\/>\n\n\n\n<h2 class=\"wp-block-heading\"><span style=\"font-weight: 400;\">\u00dcber SIS International<\/span><\/h2>\n\n\n\n<p><a href=\"https:\/\/www.sisinternational.com\/de\/\"><span style=\"font-weight: 400;\">SIS International<\/span><\/a><span style=\"font-weight: 400;\"> bietet quantitative, qualitative und strategische Forschung an. Wir liefern Daten, Tools, Strategien, Berichte und Erkenntnisse zur Entscheidungsfindung. Wir f\u00fchren auch Interviews, Umfragen, Fokusgruppen und andere Methoden und Ans\u00e4tze der Marktforschung durch.<\/span><a href=\"https:\/\/www.sisinternational.com\/de\/uber-sis-international-research\/contact-sis-international-market-research\/\"><span style=\"font-weight: 400;\"> Kontakt<\/span><\/a><span style=\"font-weight: 400;\"> f\u00fcr Ihr n\u00e4chstes Marktforschungsprojekt.<\/span><\/p>\n\n\n\n<p><\/p>","protected":false},"excerpt":{"rendered":"<p>Entdecken Sie neue Wege, um Gewinne zu erzielen und Gesch\u00e4ftsvorteile aufzubauen,<\/p>","protected":false},"author":1,"featured_media":68149,"parent":27462,"menu_order":33,"comment_status":"closed","ping_status":"closed","template":"","meta":{"footnotes":""},"class_list":["post-34795","page","type-page","status-publish","has-post-thumbnail"],"_links":{"self":[{"href":"https:\/\/www.sisinternational.com\/de\/wp-json\/wp\/v2\/pages\/34795","targetHints":{"allow":["GET"]}}],"collection":[{"href":"https:\/\/www.sisinternational.com\/de\/wp-json\/wp\/v2\/pages"}],"about":[{"href":"https:\/\/www.sisinternational.com\/de\/wp-json\/wp\/v2\/types\/page"}],"author":[{"embeddable":true,"href":"https:\/\/www.sisinternational.com\/de\/wp-json\/wp\/v2\/users\/1"}],"replies":[{"embeddable":true,"href":"https:\/\/www.sisinternational.com\/de\/wp-json\/wp\/v2\/comments?post=34795"}],"version-history":[{"count":9,"href":"https:\/\/www.sisinternational.com\/de\/wp-json\/wp\/v2\/pages\/34795\/revisions"}],"predecessor-version":[{"id":79371,"href":"https:\/\/www.sisinternational.com\/de\/wp-json\/wp\/v2\/pages\/34795\/revisions\/79371"}],"up":[{"embeddable":true,"href":"https:\/\/www.sisinternational.com\/de\/wp-json\/wp\/v2\/pages\/27462"}],"wp:featuredmedia":[{"embeddable":true,"href":"https:\/\/www.sisinternational.com\/de\/wp-json\/wp\/v2\/media\/68149"}],"wp:attachment":[{"href":"https:\/\/www.sisinternational.com\/de\/wp-json\/wp\/v2\/media?parent=34795"}],"curies":[{"name":"wp","href":"https:\/\/api.w.org\/{rel}","templated":true}]}}